{"id":3980,"date":"2024-03-19T11:19:12","date_gmt":"2024-03-19T10:19:12","guid":{"rendered":"https:\/\/alightmea.com\/alight\/?page_id=3980"},"modified":"2024-10-23T14:37:55","modified_gmt":"2024-10-23T12:37:55","slug":"vie-chez-alight-mea","status":"publish","type":"page","link":"https:\/\/alightmea.com\/en\/career\/vie-chez-alight-mea\/","title":{"rendered":"Alight MEA Life"},"content":{"rendered":"<div data-elementor-type=\"wp-page\" data-elementor-id=\"3980\" class=\"elementor elementor-3980\">\n\t\t\t\t\t\t<section class=\"elementor-section elementor-top-section elementor-element elementor-element-0decc0e elementor-section-boxed elementor-section-height-default elementor-section-height-default\" data-id=\"0decc0e\" data-element_type=\"section\">\n\t\t\t\t\t\t<div class=\"elementor-container elementor-column-gap-default\">\n\t\t\t\t\t<div class=\"elementor-column elementor-col-100 elementor-top-column elementor-element elementor-element-361b15e\" data-id=\"361b15e\" data-element_type=\"column\">\n\t\t\t<div class=\"elementor-widget-wrap elementor-element-populated\">\n\t\t\t\t\t\t<div class=\"elementor-element elementor-element-b962ab0 bloc-life  img-border elementor-widget elementor-widget-maprogress\" data-id=\"b962ab0\" data-element_type=\"widget\" data-widget_type=\"maprogress.default\">\n\t\t\t\t<div class=\"elementor-widget-container\">\n\t\t\t\t\t\n        \n    <!-- Star Choose us Area\n    ============================================= -->\n    <div class=\"choose-us-area relative\">\n        <div class=\"container-fluid\">\n            <div class=\"row\">\n                <div class=\"col-lg-6 thumb\" style=\"background-image: url(https:\/\/alightmea.com\/wp-content\/uploads\/2024\/04\/carriere_vie-chez-alight-mea1.jpg);\"><\/div>\n                <div class=\"col-lg-6 info\">\n                    <h5><\/h5>\n                    <h2>Why join Alight MEA?<\/h2>\n                    <p>\n                        We place our employees at the heart of our success. Join us to enjoy a fulfilling working environment, exceptional benefits, \n and collaborate with consultants \n around the latest technological solutions from the Microsoft ecosystem. Be part of a passionate team that values your personal and professional growth while offering you privileged access to technological excellence. \n                    <\/p>\n                    <div class=\"statistics\">\n                                                    <div class=\"item\">\n                            <div class=\"chart\" data-percent=\"\" data-track-color=\"#e7e7e7\" data-bar-color=\"#4628ba\"><span>%<\/span><\/div>\n                            <h5><\/h5>\n                        <\/div>                    <\/div>\n                <\/div>\n            <\/div>\n        <\/div>\n    <\/div>\n    <!-- End Choose us Area Area -->\n\n    \t\t\t\t<\/div>\n\t\t\t\t<\/div>\n\t\t\t\t\t<\/div>\n\t\t<\/div>\n\t\t\t\t\t<\/div>\n\t\t<\/section>\n\t\t\t\t<section class=\"elementor-section elementor-top-section elementor-element elementor-element-a1c3084 elementor-section-full_width  mb-0 prev-next-bloc elementor-section-height-default elementor-section-height-default\" data-id=\"a1c3084\" data-element_type=\"section\" data-settings=\"{&quot;background_background&quot;:&quot;classic&quot;}\">\n\t\t\t\t\t\t<div class=\"elementor-container elementor-column-gap-default\">\n\t\t\t\t\t<div class=\"elementor-column elementor-col-100 elementor-top-column elementor-element elementor-element-1bd1350 container my-0\" data-id=\"1bd1350\" data-element_type=\"column\">\n\t\t\t<div class=\"elementor-widget-wrap elementor-element-populated\">\n\t\t\t\t\t\t<div class=\"elementor-element elementor-element-0ae3456 container-slide card-serv p-60  serv text-center elementor-widget elementor-widget-ITH4Services\" data-id=\"0ae3456\" data-element_type=\"widget\" data-widget_type=\"ITH4Services.default\">\n\t\t\t\t<div class=\"elementor-widget-container\">\n\t\t\t\t\t\n        <!-- Star Services\n    ============================================= -->\n    <div class=\"services-list-area it-services carousel-shadow overflow-hidden default-padding-bottom bottom-less\">\n        <div class=\"container\">\n            <div class=\"row\">\n                <div class=\"col-lg-6 offset-lg-3\">\n                    <div class=\"heading-center text-center\">\n                        <h5>Your benefits at Alight MEA <\/h5>\n                        <h2><\/h2>\n                    <\/div>\n                <\/div>\n            <\/div>\n        <\/div>\n        <div class=\"container\">\n            <div class=\"services-list-items services-default-carousel owl-carousel owl-theme\">\n              \n                <!-- Single Item -->\n                <div class=\"item\">\n                    <div class=\"top\">\n                        <i class=\"fa fa-users\"><\/i>\n                        <h4>Professional development opportunities<\/h4>\n                    <\/div>\n                    <p>\n                        Maximize Meetups, Microsoft Certifications, and online courses for skill enhancement and career excellence.\u200b                    <\/p>\n                                    <\/div>\n                <!-- End Single Item -->  \n                <!-- Single Item -->\n                <div class=\"item\">\n                    <div class=\"top\">\n                        <i class=\"fa fa-laptop\"><\/i>\n                        <h4>Cutting-edge technology solutions<\/h4>\n                    <\/div>\n                    <p>\n                        Join exciting projects with cutting-edge tech. Innovate, stay ahead, contribute to shaping the future.\u200b                    <\/p>\n                                    <\/div>\n                <!-- End Single Item -->  \n                <!-- Single Item -->\n                <div class=\"item\">\n                    <div class=\"top\">\n                        <i class=\"fa fa-plane\"><\/i>\n                        <h4>Dynamic international environment<\/h4>\n                    <\/div>\n                    <p>\n                        Global collaboration broadens horizons, turning projects into international adventures within a diverse community.\u200b                    <\/p>\n                                    <\/div>\n                <!-- End Single Item -->  \n                <!-- Single Item -->\n                <div class=\"item\">\n                    <div class=\"top\">\n                        <i class=\"fa fa-building\"><\/i>\n                        <h4>Hybrid working style<\/h4>\n                    <\/div>\n                    <p>\n                        Hybrid work for ideal life balance, offering exceptional flexibility to manage personal and professional success.\u200b                    <\/p>\n                                    <\/div>\n                <!-- End Single Item -->  \n                <!-- Single Item -->\n                <div class=\"item\">\n                    <div class=\"top\">\n                        <i class=\"fa fa-clock\"><\/i>\n                        <h4>Flexible working hours<\/h4>\n                    <\/div>\n                    <p>\n                        Productivity-focused, flexible hours for adjusting your day, avoiding constraints\u2014embracing efficiency and freedom.                    <\/p>\n                                    <\/div>\n                <!-- End Single Item -->  \n                <!-- Single Item -->\n                <div class=\"item\">\n                    <div class=\"top\">\n                        <i class=\"fa fa-gift\"><\/i>\n                        <h4>Internal events and celebrations<\/h4>\n                    <\/div>\n                    <p>\n                        Year-round events strengthen community bonds\u2014celebrations, after-work sessions, team-building, and fun activities foster belonging.                    <\/p>\n                                    <\/div>\n                <!-- End Single Item -->  \n                <!-- Single Item -->\n                <div class=\"item\">\n                    <div class=\"top\">\n                        <i class=\"fa fa-heartbeat\"><\/i>\n                        <h4>Wellness programmes<\/h4>\n                    <\/div>\n                    <p>\n                        Our programmes include subsidies for gym memberships, supporting your physical and mental health.                    <\/p>\n                                    <\/div>\n                <!-- End Single Item -->  \n                <!-- Single Item -->\n                <div class=\"item\">\n                    <div class=\"top\">\n                        <i class=\"fa fa-map\"><\/i>\n                        <h4>International mobility<\/h4>\n                    <\/div>\n                    <p>\n                        Explore diverse horizons with our German-based company. International mobility encouraged across France, Romania, and Qatar.\n\n                    <\/p>\n                                    <\/div>\n                <!-- End Single Item -->                \n            <\/div>\n        <\/div>\n    <\/div>\n    <!-- End Services -->\n\n    \t\t\t\t<\/div>\n\t\t\t\t<\/div>\n\t\t\t\t\t<\/div>\n\t\t<\/div>\n\t\t\t\t\t<\/div>\n\t\t<\/section>\n\t\t\t\t<\/div>","protected":false},"excerpt":{"rendered":"<p>Pourquoi Rejoindre Alight MEA ? Nous pla\u00e7ons nos collaborateurs au c\u0153ur de notre succ\u00e8s. Rejoignez-nous pour b\u00e9n\u00e9ficier d&#039;un environnement de travail \u00e9panouissant, d&#039;avantages exceptionnels, et collaborer avec des consultants autour des derni\u00e8res solutions technologiques de l&#039;\u00e9cosyst\u00e8me Microsoft. Faites partie d&#039;une \u00e9quipe passionn\u00e9e qui valorise votre croissance personnelle et professionnelle tout en vous offrant un acc\u00e8s [&hellip;]<\/p>","protected":false},"author":1,"featured_media":4011,"parent":3141,"menu_order":0,"comment_status":"closed","ping_status":"closed","template":"page-templates\/pages.php","meta":{"om_disable_all_campaigns":false,"_monsterinsights_skip_tracking":false,"_monsterinsights_sitenote_active":false,"_monsterinsights_sitenote_note":"","_monsterinsights_sitenote_category":0,"footnotes":""},"class_list":["post-3980","page","type-page","status-publish","has-post-thumbnail","hentry"],"yoast_head":"<!-- This site is optimized with the Yoast SEO plugin v26.6 - https:\/\/yoast.com\/wordpress\/plugins\/seo\/ -->\n<title>Vie chez Alight MEA - Alight MEA<\/title>\n<meta name=\"robots\" content=\"index, follow, max-snippet:-1, max-image-preview:large, max-video-preview:-1\" \/>\n<link rel=\"canonical\" href=\"https:\/\/alightmea.com\/en\/career\/vie-chez-alight-mea\/\" \/>\n<meta property=\"og:locale\" content=\"en_US\" \/>\n<meta property=\"og:type\" content=\"article\" \/>\n<meta property=\"og:title\" content=\"Vie chez Alight MEA - Alight MEA\" \/>\n<meta property=\"og:description\" content=\"Pourquoi Rejoindre Alight MEA ? Nous pla\u00e7ons nos collaborateurs au c\u0153ur de notre succ\u00e8s. Rejoignez-nous pour b\u00e9n\u00e9ficier d&#039;un environnement de travail \u00e9panouissant, d&#039;avantages exceptionnels, et collaborer avec des consultants autour des derni\u00e8res solutions technologiques de l&#039;\u00e9cosyst\u00e8me Microsoft. Faites partie d&#039;une \u00e9quipe passionn\u00e9e qui valorise votre croissance personnelle et professionnelle tout en vous offrant un acc\u00e8s [&hellip;]\" \/>\n<meta property=\"og:url\" content=\"https:\/\/alightmea.com\/en\/career\/vie-chez-alight-mea\/\" \/>\n<meta property=\"og:site_name\" content=\"Alight MEA\" \/>\n<meta property=\"article:modified_time\" content=\"2024-10-23T12:37:55+00:00\" \/>\n<meta property=\"og:image\" content=\"https:\/\/i0.wp.com\/alightmea.com\/wp-content\/uploads\/2024\/03\/alight-mea-life-1.jpg?fit=1766%2C1179&ssl=1\" \/>\n\t<meta property=\"og:image:width\" content=\"1766\" \/>\n\t<meta property=\"og:image:height\" content=\"1179\" \/>\n\t<meta property=\"og:image:type\" content=\"image\/jpeg\" \/>\n<meta name=\"twitter:card\" content=\"summary_large_image\" \/>\n<meta name=\"twitter:label1\" content=\"Est. reading time\" \/>\n\t<meta name=\"twitter:data1\" content=\"2 minutes\" \/>\n<script type=\"application\/ld+json\" class=\"yoast-schema-graph\">{\"@context\":\"https:\/\/schema.org\",\"@graph\":[{\"@type\":\"WebPage\",\"@id\":\"https:\/\/alightmea.com\/career\/vie-chez-alight-mea\/\",\"url\":\"https:\/\/alightmea.com\/career\/vie-chez-alight-mea\/\",\"name\":\"Vie chez Alight MEA - Alight MEA\",\"isPartOf\":{\"@id\":\"https:\/\/alightmea.com\/#website\"},\"primaryImageOfPage\":{\"@id\":\"https:\/\/alightmea.com\/career\/vie-chez-alight-mea\/#primaryimage\"},\"image\":{\"@id\":\"https:\/\/alightmea.com\/career\/vie-chez-alight-mea\/#primaryimage\"},\"thumbnailUrl\":\"https:\/\/i0.wp.com\/alightmea.com\/wp-content\/uploads\/2024\/03\/alight-mea-life-1.jpg?fit=1766%2C1179&ssl=1\",\"datePublished\":\"2024-03-19T10:19:12+00:00\",\"dateModified\":\"2024-10-23T12:37:55+00:00\",\"breadcrumb\":{\"@id\":\"https:\/\/alightmea.com\/career\/vie-chez-alight-mea\/#breadcrumb\"},\"inLanguage\":\"en-US\",\"potentialAction\":[{\"@type\":\"ReadAction\",\"target\":[\"https:\/\/alightmea.com\/career\/vie-chez-alight-mea\/\"]}]},{\"@type\":\"ImageObject\",\"inLanguage\":\"en-US\",\"@id\":\"https:\/\/alightmea.com\/career\/vie-chez-alight-mea\/#primaryimage\",\"url\":\"https:\/\/i0.wp.com\/alightmea.com\/wp-content\/uploads\/2024\/03\/alight-mea-life-1.jpg?fit=1766%2C1179&ssl=1\",\"contentUrl\":\"https:\/\/i0.wp.com\/alightmea.com\/wp-content\/uploads\/2024\/03\/alight-mea-life-1.jpg?fit=1766%2C1179&ssl=1\",\"width\":1766,\"height\":1179,\"caption\":\"Close up of young people putting their hands together. Team with stack of hands showing unity and teamwork.\"},{\"@type\":\"BreadcrumbList\",\"@id\":\"https:\/\/alightmea.com\/career\/vie-chez-alight-mea\/#breadcrumb\",\"itemListElement\":[{\"@type\":\"ListItem\",\"position\":1,\"name\":\"ACCUEIL\",\"item\":\"https:\/\/alightmea.com\/\"},{\"@type\":\"ListItem\",\"position\":2,\"name\":\"Carri\u00e8re\",\"item\":\"https:\/\/alightmea.com\/career\/\"},{\"@type\":\"ListItem\",\"position\":3,\"name\":\"Vie chez Alight MEA\"}]},{\"@type\":\"WebSite\",\"@id\":\"https:\/\/alightmea.com\/#website\",\"url\":\"https:\/\/alightmea.com\/\",\"name\":\"Alight MEA\",\"description\":\"D\u00e9veloppement logiciels et conseil en technologie de l\u2019information des solutions bas\u00e9es sur les produits Microsoft\",\"publisher\":{\"@id\":\"https:\/\/alightmea.com\/#organization\"},\"potentialAction\":[{\"@type\":\"SearchAction\",\"target\":{\"@type\":\"EntryPoint\",\"urlTemplate\":\"https:\/\/alightmea.com\/?s={search_term_string}\"},\"query-input\":{\"@type\":\"PropertyValueSpecification\",\"valueRequired\":true,\"valueName\":\"search_term_string\"}}],\"inLanguage\":\"en-US\"},{\"@type\":\"Organization\",\"@id\":\"https:\/\/alightmea.com\/#organization\",\"name\":\"Alight MEA\",\"url\":\"https:\/\/alightmea.com\/\",\"logo\":{\"@type\":\"ImageObject\",\"inLanguage\":\"en-US\",\"@id\":\"https:\/\/alightmea.com\/#\/schema\/logo\/image\/\",\"url\":\"https:\/\/i0.wp.com\/alightmea.com\/wp-content\/uploads\/2024\/03\/header-logo-1.png?fit=229%2C77&ssl=1\",\"contentUrl\":\"https:\/\/i0.wp.com\/alightmea.com\/wp-content\/uploads\/2024\/03\/header-logo-1.png?fit=229%2C77&ssl=1\",\"width\":229,\"height\":77,\"caption\":\"Alight MEA\"},\"image\":{\"@id\":\"https:\/\/alightmea.com\/#\/schema\/logo\/image\/\"}}]}<\/script>\n<!-- \/ Yoast SEO plugin. -->","yoast_head_json":{"title":"Vie chez Alight MEA - Alight MEA","robots":{"index":"index","follow":"follow","max-snippet":"max-snippet:-1","max-image-preview":"max-image-preview:large","max-video-preview":"max-video-preview:-1"},"canonical":"https:\/\/alightmea.com\/en\/career\/vie-chez-alight-mea\/","og_locale":"en_US","og_type":"article","og_title":"Vie chez Alight MEA - Alight MEA","og_description":"Pourquoi Rejoindre Alight MEA ? Nous pla\u00e7ons nos collaborateurs au c\u0153ur de notre succ\u00e8s. Rejoignez-nous pour b\u00e9n\u00e9ficier d&#039;un environnement de travail \u00e9panouissant, d&#039;avantages exceptionnels, et collaborer avec des consultants autour des derni\u00e8res solutions technologiques de l&#039;\u00e9cosyst\u00e8me Microsoft. Faites partie d&#039;une \u00e9quipe passionn\u00e9e qui valorise votre croissance personnelle et professionnelle tout en vous offrant un acc\u00e8s [&hellip;]","og_url":"https:\/\/alightmea.com\/en\/career\/vie-chez-alight-mea\/","og_site_name":"Alight MEA","article_modified_time":"2024-10-23T12:37:55+00:00","og_image":[{"width":1766,"height":1179,"url":"https:\/\/i0.wp.com\/alightmea.com\/wp-content\/uploads\/2024\/03\/alight-mea-life-1.jpg?fit=1766%2C1179&ssl=1","type":"image\/jpeg"}],"twitter_card":"summary_large_image","twitter_misc":{"Est. reading time":"2 minutes"},"schema":{"@context":"https:\/\/schema.org","@graph":[{"@type":"WebPage","@id":"https:\/\/alightmea.com\/career\/vie-chez-alight-mea\/","url":"https:\/\/alightmea.com\/career\/vie-chez-alight-mea\/","name":"Vie chez Alight MEA - Alight MEA","isPartOf":{"@id":"https:\/\/alightmea.com\/#website"},"primaryImageOfPage":{"@id":"https:\/\/alightmea.com\/career\/vie-chez-alight-mea\/#primaryimage"},"image":{"@id":"https:\/\/alightmea.com\/career\/vie-chez-alight-mea\/#primaryimage"},"thumbnailUrl":"https:\/\/i0.wp.com\/alightmea.com\/wp-content\/uploads\/2024\/03\/alight-mea-life-1.jpg?fit=1766%2C1179&ssl=1","datePublished":"2024-03-19T10:19:12+00:00","dateModified":"2024-10-23T12:37:55+00:00","breadcrumb":{"@id":"https:\/\/alightmea.com\/career\/vie-chez-alight-mea\/#breadcrumb"},"inLanguage":"en-US","potentialAction":[{"@type":"ReadAction","target":["https:\/\/alightmea.com\/career\/vie-chez-alight-mea\/"]}]},{"@type":"ImageObject","inLanguage":"en-US","@id":"https:\/\/alightmea.com\/career\/vie-chez-alight-mea\/#primaryimage","url":"https:\/\/i0.wp.com\/alightmea.com\/wp-content\/uploads\/2024\/03\/alight-mea-life-1.jpg?fit=1766%2C1179&ssl=1","contentUrl":"https:\/\/i0.wp.com\/alightmea.com\/wp-content\/uploads\/2024\/03\/alight-mea-life-1.jpg?fit=1766%2C1179&ssl=1","width":1766,"height":1179,"caption":"Close up of young people putting their hands together. Team with stack of hands showing unity and teamwork."},{"@type":"BreadcrumbList","@id":"https:\/\/alightmea.com\/career\/vie-chez-alight-mea\/#breadcrumb","itemListElement":[{"@type":"ListItem","position":1,"name":"ACCUEIL","item":"https:\/\/alightmea.com\/"},{"@type":"ListItem","position":2,"name":"Carri\u00e8re","item":"https:\/\/alightmea.com\/career\/"},{"@type":"ListItem","position":3,"name":"Vie chez Alight MEA"}]},{"@type":"WebSite","@id":"https:\/\/alightmea.com\/#website","url":"https:\/\/alightmea.com\/","name":"Alight MEA","description":"D\u00e9veloppement logiciels et conseil en technologie de l\u2019information des solutions bas\u00e9es sur les produits Microsoft","publisher":{"@id":"https:\/\/alightmea.com\/#organization"},"potentialAction":[{"@type":"SearchAction","target":{"@type":"EntryPoint","urlTemplate":"https:\/\/alightmea.com\/?s={search_term_string}"},"query-input":{"@type":"PropertyValueSpecification","valueRequired":true,"valueName":"search_term_string"}}],"inLanguage":"en-US"},{"@type":"Organization","@id":"https:\/\/alightmea.com\/#organization","name":"Alight MEA","url":"https:\/\/alightmea.com\/","logo":{"@type":"ImageObject","inLanguage":"en-US","@id":"https:\/\/alightmea.com\/#\/schema\/logo\/image\/","url":"https:\/\/i0.wp.com\/alightmea.com\/wp-content\/uploads\/2024\/03\/header-logo-1.png?fit=229%2C77&ssl=1","contentUrl":"https:\/\/i0.wp.com\/alightmea.com\/wp-content\/uploads\/2024\/03\/header-logo-1.png?fit=229%2C77&ssl=1","width":229,"height":77,"caption":"Alight MEA"},"image":{"@id":"https:\/\/alightmea.com\/#\/schema\/logo\/image\/"}}]}},"jetpack_sharing_enabled":true,"_links":{"self":[{"href":"https:\/\/alightmea.com\/en\/wp-json\/wp\/v2\/pages\/3980","targetHints":{"allow":["GET"]}}],"collection":[{"href":"https:\/\/alightmea.com\/en\/wp-json\/wp\/v2\/pages"}],"about":[{"href":"https:\/\/alightmea.com\/en\/wp-json\/wp\/v2\/types\/page"}],"author":[{"embeddable":true,"href":"https:\/\/alightmea.com\/en\/wp-json\/wp\/v2\/users\/1"}],"replies":[{"embeddable":true,"href":"https:\/\/alightmea.com\/en\/wp-json\/wp\/v2\/comments?post=3980"}],"version-history":[{"count":295,"href":"https:\/\/alightmea.com\/en\/wp-json\/wp\/v2\/pages\/3980\/revisions"}],"predecessor-version":[{"id":17598,"href":"https:\/\/alightmea.com\/en\/wp-json\/wp\/v2\/pages\/3980\/revisions\/17598"}],"up":[{"embeddable":true,"href":"https:\/\/alightmea.com\/en\/wp-json\/wp\/v2\/pages\/3141"}],"wp:featuredmedia":[{"embeddable":true,"href":"https:\/\/alightmea.com\/en\/wp-json\/wp\/v2\/media\/4011"}],"wp:attachment":[{"href":"https:\/\/alightmea.com\/en\/wp-json\/wp\/v2\/media?parent=3980"}],"curies":[{"name":"wp","href":"https:\/\/api.w.org\/{rel}","templated":true}]}}