{"id":3639,"date":"2023-12-22T14:48:57","date_gmt":"2023-12-22T13:48:57","guid":{"rendered":"https:\/\/alightmea.com\/alight\/?page_id=3639"},"modified":"2025-07-08T10:58:25","modified_gmt":"2025-07-08T08:58:25","slug":"alight-power-kit","status":"publish","type":"page","link":"https:\/\/alightmea.com\/en\/services\/formations\/alight-power-kit\/","title":{"rendered":"Alight Power Kit"},"content":{"rendered":"<div data-elementor-type=\"wp-page\" data-elementor-id=\"3639\" class=\"elementor elementor-3639\">\n\t\t\t\t\t\t<section class=\"elementor-section elementor-top-section elementor-element elementor-element-81d8701 elementor-section-boxed elementor-section-height-default elementor-section-height-default\" data-id=\"81d8701\" data-element_type=\"section\">\n\t\t\t\t\t\t<div class=\"elementor-container elementor-column-gap-default\">\n\t\t\t\t\t<div class=\"elementor-column elementor-col-50 elementor-top-column elementor-element elementor-element-0268792\" data-id=\"0268792\" data-element_type=\"column\">\n\t\t\t<div class=\"elementor-widget-wrap elementor-element-populated\">\n\t\t\t\t\t\t<div class=\"elementor-element elementor-element-8e8f641 elementor-widget elementor-widget-image\" data-id=\"8e8f641\" data-element_type=\"widget\" data-widget_type=\"image.default\">\n\t\t\t\t<div class=\"elementor-widget-container\">\n\t\t\t\t\t\t\t\t\t\t\t\t\t\t\t<img fetchpriority=\"high\" decoding=\"async\" width=\"1024\" height=\"546\" src=\"https:\/\/i0.wp.com\/alightmea.com\/wp-content\/uploads\/2024\/04\/alight-power-kit.jpg?fit=1024%2C546&amp;ssl=1\" class=\"attachment-large size-large wp-image-5406\" alt=\"alight power kit\" srcset=\"https:\/\/i0.wp.com\/alightmea.com\/wp-content\/uploads\/2024\/04\/alight-power-kit.jpg?w=1200&amp;ssl=1 1200w, https:\/\/i0.wp.com\/alightmea.com\/wp-content\/uploads\/2024\/04\/alight-power-kit.jpg?resize=300%2C160&amp;ssl=1 300w, https:\/\/i0.wp.com\/alightmea.com\/wp-content\/uploads\/2024\/04\/alight-power-kit.jpg?resize=1024%2C546&amp;ssl=1 1024w, https:\/\/i0.wp.com\/alightmea.com\/wp-content\/uploads\/2024\/04\/alight-power-kit.jpg?resize=768%2C410&amp;ssl=1 768w, https:\/\/i0.wp.com\/alightmea.com\/wp-content\/uploads\/2024\/04\/alight-power-kit.jpg?resize=18%2C10&amp;ssl=1 18w, https:\/\/i0.wp.com\/alightmea.com\/wp-content\/uploads\/2024\/04\/alight-power-kit.jpg?resize=1000%2C533&amp;ssl=1 1000w, https:\/\/i0.wp.com\/alightmea.com\/wp-content\/uploads\/2024\/04\/alight-power-kit.jpg?resize=350%2C187&amp;ssl=1 350w, https:\/\/i0.wp.com\/alightmea.com\/wp-content\/uploads\/2024\/04\/alight-power-kit.jpg?resize=750%2C400&amp;ssl=1 750w\" sizes=\"(max-width: 1000px) 100vw, 1000px\" \/>\t\t\t\t\t\t\t\t\t\t\t\t\t\t\t<\/div>\n\t\t\t\t<\/div>\n\t\t\t\t\t<\/div>\n\t\t<\/div>\n\t\t\t\t<div class=\"elementor-column elementor-col-50 elementor-top-column elementor-element elementor-element-f320627\" data-id=\"f320627\" data-element_type=\"column\">\n\t\t\t<div class=\"elementor-widget-wrap elementor-element-populated\">\n\t\t\t\t\t\t<div class=\"elementor-element elementor-element-61ee560 elementor-widget elementor-widget-heading\" data-id=\"61ee560\" data-element_type=\"widget\" data-widget_type=\"heading.default\">\n\t\t\t\t<div class=\"elementor-widget-container\">\n\t\t\t\t\t<h4 class=\"elementor-heading-title elementor-size-default\">Alight Power Kit<\/h4>\t\t\t\t<\/div>\n\t\t\t\t<\/div>\n\t\t\t\t<div class=\"elementor-element elementor-element-d36915c text-justify elementor-widget elementor-widget-text-editor\" data-id=\"d36915c\" data-element_type=\"widget\" data-widget_type=\"text-editor.default\">\n\t\t\t\t<div class=\"elementor-widget-container\">\n\t\t\t\t\t\t\t\t\t<span class=\"s2\">Welcome to the age of automation and innovation with Microsoft Power Platform. Forget repetitive tasks and embrace a future of streamlined processes, paperless offices and cutting-edge bot technologies. Our workshop is your compass for navigating the potential of Power Platform, ensuring seamless integration into your business operations. <\/span>\t\t\t\t\t\t\t\t<\/div>\n\t\t\t\t<\/div>\n\t\t\t\t<div class=\"elementor-element elementor-element-fdff7bf elementor-align-left elementor-widget__width-auto elementor-mobile-align-left for-fr elementor-widget elementor-widget-button\" data-id=\"fdff7bf\" data-element_type=\"widget\" data-widget_type=\"button.default\">\n\t\t\t\t<div class=\"elementor-widget-container\">\n\t\t\t\t\t\t\t\t\t<div class=\"elementor-button-wrapper\">\n\t\t\t\t\t<a class=\"elementor-button elementor-button-link elementor-size-md\" href=\"https:\/\/alightmea.com\/wp-content\/uploads\/2024\/08\/Power-Kit-fr.pdf\" target=\"_blank\">\n\t\t\t\t\t\t<span class=\"elementor-button-content-wrapper\">\n\t\t\t\t\t\t<span class=\"elementor-button-icon\">\n\t\t\t\t<i aria-hidden=\"true\" class=\"fas fa-download\"><\/i>\t\t\t<\/span>\n\t\t\t\t\t\t\t\t\t<span class=\"elementor-button-text\">Download Flyer<\/span>\n\t\t\t\t\t<\/span>\n\t\t\t\t\t<\/a>\n\t\t\t\t<\/div>\n\t\t\t\t\t\t\t\t<\/div>\n\t\t\t\t<\/div>\n\t\t\t\t<div class=\"elementor-element elementor-element-5a423eb elementor-align-left elementor-widget__width-auto elementor-mobile-align-left for-en elementor-widget elementor-widget-button\" data-id=\"5a423eb\" data-element_type=\"widget\" data-widget_type=\"button.default\">\n\t\t\t\t<div class=\"elementor-widget-container\">\n\t\t\t\t\t\t\t\t\t<div class=\"elementor-button-wrapper\">\n\t\t\t\t\t<a class=\"elementor-button elementor-button-link elementor-size-md\" href=\"https:\/\/alightmea.com\/wp-content\/uploads\/2024\/08\/Power-kit.pdf\" target=\"_blank\">\n\t\t\t\t\t\t<span class=\"elementor-button-content-wrapper\">\n\t\t\t\t\t\t<span class=\"elementor-button-icon\">\n\t\t\t\t<i aria-hidden=\"true\" class=\"fas fa-download\"><\/i>\t\t\t<\/span>\n\t\t\t\t\t\t\t\t\t<span class=\"elementor-button-text\">Download Flyer<\/span>\n\t\t\t\t\t<\/span>\n\t\t\t\t\t<\/a>\n\t\t\t\t<\/div>\n\t\t\t\t\t\t\t\t<\/div>\n\t\t\t\t<\/div>\n\t\t\t\t\t<\/div>\n\t\t<\/div>\n\t\t\t\t\t<\/div>\n\t\t<\/section>\n\t\t\t\t<section class=\"elementor-section elementor-top-section elementor-element elementor-element-ac7b0ce elementor-section-full_width elementor-section-height-default elementor-section-height-default\" data-id=\"ac7b0ce\" data-element_type=\"section\">\n\t\t\t\t\t\t<div class=\"elementor-container elementor-column-gap-default\">\n\t\t\t\t\t<div class=\"elementor-column elementor-col-100 elementor-top-column elementor-element elementor-element-a0773be\" data-id=\"a0773be\" data-element_type=\"column\">\n\t\t\t<div class=\"elementor-widget-wrap elementor-element-populated\">\n\t\t\t\t\t\t<div class=\"elementor-element elementor-element-e057930 logoIcon bloc-part m-0 bloc-log elementor-widget elementor-widget-clients\" data-id=\"e057930\" data-element_type=\"widget\" data-widget_type=\"clients.default\">\n\t\t\t\t<div class=\"elementor-widget-container\">\n\t\t\t\t\t\n        <!-- Star Brand Area\n    ============================================= -->\n    <div class=\"brand-area clients-area bg-gray text-light\">\n        <div class=\"container\">\n            <div class=\"brand-items client-items\">\n                <div class=\"row align-center\">\n                    <div class=\"col-lg-6 info\">\n                        <h2><\/h2>\n                        <p>\n                            Discover the transformative power of the Microsoft Power Platform with our specialized ongoing training program. As a distinguished Microsoft Solutions Partner and leading IT consulting firm, we take pride in offering a customized training experience designed to mold your team into adept Power Platform users. Our program delves into the intricacies of Power BI, Power Apps, Power Automate, Power Pages, and Power Virtual Agents. Through hands-on expertise, we empower your team to harness the full potential of these robust tools.                        <\/p>\n                        <a class=\"btn circle btn-light effect btn-md\" href=\"\"> <i class=\"arrow_right\"><\/i><\/a>\n                    <\/div>\n                    <div class=\"col-lg-6 brand\">\n                        <div class=\"partner-box\">\n                                                    <div class=\"item\">\n                            <i class=\"fa fa-pva\"><\/i>\n                        <\/div>                        <div class=\"item\">\n                            <i class=\"fa fa-bi\"><\/i>\n                        <\/div>                        <div class=\"item\">\n                            <i class=\"fa fa-powAu\"><\/i>\n                        <\/div>                        <\/div>\n                        <div class=\"partner-box\">\n                                                            <div class=\"item\">\n                                <i class=\"fa fa-apps\"><\/i>\n                            <\/div>                                <div class=\"item\">\n                                <i class=\"fa fa-pp\"><\/i>\n                            <\/div>                        <\/div>\n                    <\/div>\n                <\/div>\n            <\/div>\n        <\/div>\n    <\/div>\n    <!-- End Brand Area -->\n\n    \t\t\t\t<\/div>\n\t\t\t\t<\/div>\n\t\t\t\t\t<\/div>\n\t\t<\/div>\n\t\t\t\t\t<\/div>\n\t\t<\/section>\n\t\t\t\t<section class=\"elementor-section elementor-top-section elementor-element elementor-element-1c2020d call-action my-0 elementor-section-full_width elementor-section-height-default elementor-section-height-default\" data-id=\"1c2020d\" data-element_type=\"section\" data-settings=\"{&quot;background_background&quot;:&quot;classic&quot;}\">\n\t\t\t\t\t\t<div class=\"elementor-container elementor-column-gap-default\">\n\t\t\t\t\t<div class=\"elementor-column elementor-col-100 elementor-top-column elementor-element elementor-element-6a712ca  container mb-0\" data-id=\"6a712ca\" data-element_type=\"column\" data-settings=\"{&quot;background_background&quot;:&quot;classic&quot;}\">\n\t\t\t<div class=\"elementor-widget-wrap elementor-element-populated\">\n\t\t\t\t\t\t<div class=\"elementor-element elementor-element-f2e2b10 mb-0 elementor-cta--skin-classic elementor-animated-content elementor-bg-transform elementor-bg-transform-zoom-in elementor-widget elementor-widget-call-to-action\" data-id=\"f2e2b10\" data-element_type=\"widget\" data-widget_type=\"call-to-action.default\">\n\t\t\t\t<div class=\"elementor-widget-container\">\n\t\t\t\t\t\t\t<div class=\"elementor-cta\">\n\t\t\t\t\t\t\t<div class=\"elementor-cta__content\">\n\t\t\t\t\n\t\t\t\t<h2 class=\"elementor-cta__title elementor-cta__content-item elementor-content-item\">Boost your team's efficiency with continuous learning, helping them thrive in the era of intelligent business solutions. <\/h2>\n\t\t\t\t\t\t\t\t\t<div class=\"elementor-cta__description elementor-cta__content-item elementor-content-item\">\n\t\t\t\t\t\tJoin us on the journey to empower your team for success with our cutting-edge Microsoft Power Platform Ongoing Training Program.\t\t\t\t\t<\/div>\n\t\t\t\t\n\t\t\t\t\t\t\t<\/div>\n\t\t\t\t\t\t<\/div>\n\t\t\t\t\t\t<\/div>\n\t\t\t\t<\/div>\n\t\t\t\t<div class=\"elementor-element elementor-element-324a301 service-btn d-flex justify-content-center elementor-widget elementor-widget-shortcode\" data-id=\"324a301\" data-element_type=\"widget\" data-widget_type=\"shortcode.default\">\n\t\t\t\t<div class=\"elementor-widget-container\">\n\t\t\t\t\t\t\t<div class=\"elementor-shortcode\"><button data-id=\"17263\" data-post_id=\"3639\" data-form_style=\"on\" data-allow_outside_click=\"\" data-width=\"700px\" class=\"wpb-pcf-form-fire wpb-pcf-btn-large wpb-pcf-btn wpb-pcf-btn-default\">Contact us !<\/button>\n<\/div>\n\t\t\t\t\t\t<\/div>\n\t\t\t\t<\/div>\n\t\t\t\t\t<\/div>\n\t\t<\/div>\n\t\t\t\t\t<\/div>\n\t\t<\/section>\n\t\t\t\t<\/div>","protected":false},"excerpt":{"rendered":"<p>Alight Power Kit Bienvenue \u00e0 l&#8217;\u00e8re de l&#8217;automatisation et de l&#8217;innovation avec Microsoft Power Platform. Oubliez les t\u00e2ches r\u00e9p\u00e9titives et embrassez un avenir o\u00f9 les processus sont simplifi\u00e9s, les bureaux sans papier, et les technologies bot \u00e0 la pointe du progr\u00e8s. Notre atelier est votre boussole pour naviguer dans le potentiel de Power Platform, assurant [&hellip;]<\/p>","protected":false},"author":1,"featured_media":4320,"parent":3474,"menu_order":0,"comment_status":"closed","ping_status":"closed","template":"page-templates\/pages.php","meta":{"om_disable_all_campaigns":false,"_monsterinsights_skip_tracking":false,"_monsterinsights_sitenote_active":false,"_monsterinsights_sitenote_note":"","_monsterinsights_sitenote_category":0,"footnotes":""},"class_list":["post-3639","page","type-page","status-publish","has-post-thumbnail","hentry"],"yoast_head":"<!-- This site is optimized with the Yoast SEO plugin v26.6 - https:\/\/yoast.com\/wordpress\/plugins\/seo\/ -->\n<title>Alight Power Kit - Alight MEA<\/title>\n<meta name=\"description\" content=\"Discover the transformative power of the Microsoft Power Platform with our specialized ongoing training program.\" \/>\n<meta name=\"robots\" content=\"index, follow, max-snippet:-1, max-image-preview:large, max-video-preview:-1\" \/>\n<link rel=\"canonical\" href=\"https:\/\/alightmea.com\/en\/services\/formations\/alight-power-kit\/\" \/>\n<meta property=\"og:locale\" content=\"en_US\" \/>\n<meta property=\"og:type\" content=\"article\" \/>\n<meta property=\"og:title\" content=\"Alight Power Kit - Alight MEA\" \/>\n<meta property=\"og:description\" content=\"Discover the transformative power of the Microsoft Power Platform with our specialized ongoing training program.\" \/>\n<meta property=\"og:url\" content=\"https:\/\/alightmea.com\/en\/services\/formations\/alight-power-kit\/\" \/>\n<meta property=\"og:site_name\" content=\"Alight MEA\" \/>\n<meta property=\"article:modified_time\" content=\"2025-07-08T08:58:25+00:00\" \/>\n<meta property=\"og:image\" content=\"https:\/\/alightmea.com\/wp-content\/uploads\/2024\/04\/training_1.jpg\" \/>\n\t<meta property=\"og:image:width\" content=\"2370\" \/>\n\t<meta property=\"og:image:height\" content=\"1577\" \/>\n\t<meta property=\"og:image:type\" content=\"image\/jpeg\" \/>\n<meta name=\"twitter:card\" content=\"summary_large_image\" \/>\n<meta name=\"twitter:label1\" content=\"Est. reading time\" \/>\n\t<meta name=\"twitter:data1\" content=\"2 minutes\" \/>\n<script type=\"application\/ld+json\" class=\"yoast-schema-graph\">{\"@context\":\"https:\/\/schema.org\",\"@graph\":[{\"@type\":\"WebPage\",\"@id\":\"https:\/\/alightmea.com\/services\/formations\/alight-power-kit\/\",\"url\":\"https:\/\/alightmea.com\/services\/formations\/alight-power-kit\/\",\"name\":\"Alight Power Kit - Alight MEA\",\"isPartOf\":{\"@id\":\"https:\/\/alightmea.com\/#website\"},\"primaryImageOfPage\":{\"@id\":\"https:\/\/alightmea.com\/services\/formations\/alight-power-kit\/#primaryimage\"},\"image\":{\"@id\":\"https:\/\/alightmea.com\/services\/formations\/alight-power-kit\/#primaryimage\"},\"thumbnailUrl\":\"https:\/\/i0.wp.com\/alightmea.com\/wp-content\/uploads\/2024\/04\/training_1.jpg?fit=2370%2C1577&ssl=1\",\"datePublished\":\"2023-12-22T13:48:57+00:00\",\"dateModified\":\"2025-07-08T08:58:25+00:00\",\"description\":\"Discover the transformative power of the Microsoft Power Platform with our specialized ongoing training program.\",\"breadcrumb\":{\"@id\":\"https:\/\/alightmea.com\/services\/formations\/alight-power-kit\/#breadcrumb\"},\"inLanguage\":\"en-US\",\"potentialAction\":[{\"@type\":\"ReadAction\",\"target\":[\"https:\/\/alightmea.com\/services\/formations\/alight-power-kit\/\"]}]},{\"@type\":\"ImageObject\",\"inLanguage\":\"en-US\",\"@id\":\"https:\/\/alightmea.com\/services\/formations\/alight-power-kit\/#primaryimage\",\"url\":\"https:\/\/i0.wp.com\/alightmea.com\/wp-content\/uploads\/2024\/04\/training_1.jpg?fit=2370%2C1577&ssl=1\",\"contentUrl\":\"https:\/\/i0.wp.com\/alightmea.com\/wp-content\/uploads\/2024\/04\/training_1.jpg?fit=2370%2C1577&ssl=1\",\"width\":2370,\"height\":1577,\"caption\":\"Alight Power Kit\"},{\"@type\":\"BreadcrumbList\",\"@id\":\"https:\/\/alightmea.com\/services\/formations\/alight-power-kit\/#breadcrumb\",\"itemListElement\":[{\"@type\":\"ListItem\",\"position\":1,\"name\":\"ACCUEIL\",\"item\":\"https:\/\/alightmea.com\/\"},{\"@type\":\"ListItem\",\"position\":2,\"name\":\"Services\",\"item\":\"https:\/\/alightmea.com\/services\/\"},{\"@type\":\"ListItem\",\"position\":3,\"name\":\"Formations\",\"item\":\"https:\/\/alightmea.com\/services\/formations\/\"},{\"@type\":\"ListItem\",\"position\":4,\"name\":\"Alight Power Kit\"}]},{\"@type\":\"WebSite\",\"@id\":\"https:\/\/alightmea.com\/#website\",\"url\":\"https:\/\/alightmea.com\/\",\"name\":\"Alight MEA\",\"description\":\"D\u00e9veloppement logiciels et conseil en technologie de l\u2019information des solutions bas\u00e9es sur les produits Microsoft\",\"publisher\":{\"@id\":\"https:\/\/alightmea.com\/#organization\"},\"potentialAction\":[{\"@type\":\"SearchAction\",\"target\":{\"@type\":\"EntryPoint\",\"urlTemplate\":\"https:\/\/alightmea.com\/?s={search_term_string}\"},\"query-input\":{\"@type\":\"PropertyValueSpecification\",\"valueRequired\":true,\"valueName\":\"search_term_string\"}}],\"inLanguage\":\"en-US\"},{\"@type\":\"Organization\",\"@id\":\"https:\/\/alightmea.com\/#organization\",\"name\":\"Alight MEA\",\"url\":\"https:\/\/alightmea.com\/\",\"logo\":{\"@type\":\"ImageObject\",\"inLanguage\":\"en-US\",\"@id\":\"https:\/\/alightmea.com\/#\/schema\/logo\/image\/\",\"url\":\"https:\/\/i0.wp.com\/alightmea.com\/wp-content\/uploads\/2024\/03\/header-logo-1.png?fit=229%2C77&ssl=1\",\"contentUrl\":\"https:\/\/i0.wp.com\/alightmea.com\/wp-content\/uploads\/2024\/03\/header-logo-1.png?fit=229%2C77&ssl=1\",\"width\":229,\"height\":77,\"caption\":\"Alight MEA\"},\"image\":{\"@id\":\"https:\/\/alightmea.com\/#\/schema\/logo\/image\/\"}}]}<\/script>\n<!-- \/ Yoast SEO plugin. -->","yoast_head_json":{"title":"Alight Power Kit - Alight MEA","description":"Discover the transformative power of the Microsoft Power Platform with our specialized ongoing training program.","robots":{"index":"index","follow":"follow","max-snippet":"max-snippet:-1","max-image-preview":"max-image-preview:large","max-video-preview":"max-video-preview:-1"},"canonical":"https:\/\/alightmea.com\/en\/services\/formations\/alight-power-kit\/","og_locale":"en_US","og_type":"article","og_title":"Alight Power Kit - Alight MEA","og_description":"Discover the transformative power of the Microsoft Power Platform with our specialized ongoing training program.","og_url":"https:\/\/alightmea.com\/en\/services\/formations\/alight-power-kit\/","og_site_name":"Alight MEA","article_modified_time":"2025-07-08T08:58:25+00:00","og_image":[{"width":2370,"height":1577,"url":"https:\/\/alightmea.com\/wp-content\/uploads\/2024\/04\/training_1.jpg","type":"image\/jpeg"}],"twitter_card":"summary_large_image","twitter_misc":{"Est. reading time":"2 minutes"},"schema":{"@context":"https:\/\/schema.org","@graph":[{"@type":"WebPage","@id":"https:\/\/alightmea.com\/services\/formations\/alight-power-kit\/","url":"https:\/\/alightmea.com\/services\/formations\/alight-power-kit\/","name":"Alight Power Kit - Alight MEA","isPartOf":{"@id":"https:\/\/alightmea.com\/#website"},"primaryImageOfPage":{"@id":"https:\/\/alightmea.com\/services\/formations\/alight-power-kit\/#primaryimage"},"image":{"@id":"https:\/\/alightmea.com\/services\/formations\/alight-power-kit\/#primaryimage"},"thumbnailUrl":"https:\/\/i0.wp.com\/alightmea.com\/wp-content\/uploads\/2024\/04\/training_1.jpg?fit=2370%2C1577&ssl=1","datePublished":"2023-12-22T13:48:57+00:00","dateModified":"2025-07-08T08:58:25+00:00","description":"Discover the transformative power of the Microsoft Power Platform with our specialized ongoing training program.","breadcrumb":{"@id":"https:\/\/alightmea.com\/services\/formations\/alight-power-kit\/#breadcrumb"},"inLanguage":"en-US","potentialAction":[{"@type":"ReadAction","target":["https:\/\/alightmea.com\/services\/formations\/alight-power-kit\/"]}]},{"@type":"ImageObject","inLanguage":"en-US","@id":"https:\/\/alightmea.com\/services\/formations\/alight-power-kit\/#primaryimage","url":"https:\/\/i0.wp.com\/alightmea.com\/wp-content\/uploads\/2024\/04\/training_1.jpg?fit=2370%2C1577&ssl=1","contentUrl":"https:\/\/i0.wp.com\/alightmea.com\/wp-content\/uploads\/2024\/04\/training_1.jpg?fit=2370%2C1577&ssl=1","width":2370,"height":1577,"caption":"Alight Power Kit"},{"@type":"BreadcrumbList","@id":"https:\/\/alightmea.com\/services\/formations\/alight-power-kit\/#breadcrumb","itemListElement":[{"@type":"ListItem","position":1,"name":"ACCUEIL","item":"https:\/\/alightmea.com\/"},{"@type":"ListItem","position":2,"name":"Services","item":"https:\/\/alightmea.com\/services\/"},{"@type":"ListItem","position":3,"name":"Formations","item":"https:\/\/alightmea.com\/services\/formations\/"},{"@type":"ListItem","position":4,"name":"Alight Power Kit"}]},{"@type":"WebSite","@id":"https:\/\/alightmea.com\/#website","url":"https:\/\/alightmea.com\/","name":"Alight MEA","description":"D\u00e9veloppement logiciels et conseil en technologie de l\u2019information des solutions bas\u00e9es sur les produits Microsoft","publisher":{"@id":"https:\/\/alightmea.com\/#organization"},"potentialAction":[{"@type":"SearchAction","target":{"@type":"EntryPoint","urlTemplate":"https:\/\/alightmea.com\/?s={search_term_string}"},"query-input":{"@type":"PropertyValueSpecification","valueRequired":true,"valueName":"search_term_string"}}],"inLanguage":"en-US"},{"@type":"Organization","@id":"https:\/\/alightmea.com\/#organization","name":"Alight MEA","url":"https:\/\/alightmea.com\/","logo":{"@type":"ImageObject","inLanguage":"en-US","@id":"https:\/\/alightmea.com\/#\/schema\/logo\/image\/","url":"https:\/\/i0.wp.com\/alightmea.com\/wp-content\/uploads\/2024\/03\/header-logo-1.png?fit=229%2C77&ssl=1","contentUrl":"https:\/\/i0.wp.com\/alightmea.com\/wp-content\/uploads\/2024\/03\/header-logo-1.png?fit=229%2C77&ssl=1","width":229,"height":77,"caption":"Alight MEA"},"image":{"@id":"https:\/\/alightmea.com\/#\/schema\/logo\/image\/"}}]}},"jetpack_sharing_enabled":true,"_links":{"self":[{"href":"https:\/\/alightmea.com\/en\/wp-json\/wp\/v2\/pages\/3639","targetHints":{"allow":["GET"]}}],"collection":[{"href":"https:\/\/alightmea.com\/en\/wp-json\/wp\/v2\/pages"}],"about":[{"href":"https:\/\/alightmea.com\/en\/wp-json\/wp\/v2\/types\/page"}],"author":[{"embeddable":true,"href":"https:\/\/alightmea.com\/en\/wp-json\/wp\/v2\/users\/1"}],"replies":[{"embeddable":true,"href":"https:\/\/alightmea.com\/en\/wp-json\/wp\/v2\/comments?post=3639"}],"version-history":[{"count":377,"href":"https:\/\/alightmea.com\/en\/wp-json\/wp\/v2\/pages\/3639\/revisions"}],"predecessor-version":[{"id":21055,"href":"https:\/\/alightmea.com\/en\/wp-json\/wp\/v2\/pages\/3639\/revisions\/21055"}],"up":[{"embeddable":true,"href":"https:\/\/alightmea.com\/en\/wp-json\/wp\/v2\/pages\/3474"}],"wp:featuredmedia":[{"embeddable":true,"href":"https:\/\/alightmea.com\/en\/wp-json\/wp\/v2\/media\/4320"}],"wp:attachment":[{"href":"https:\/\/alightmea.com\/en\/wp-json\/wp\/v2\/media?parent=3639"}],"curies":[{"name":"wp","href":"https:\/\/api.w.org\/{rel}","templated":true}]}}