{"id":3177,"date":"2023-07-14T12:04:38","date_gmt":"2023-07-14T10:04:38","guid":{"rendered":"http:\/\/localhost:8888\/wordpress\/?page_id=3177"},"modified":"2025-04-30T18:08:06","modified_gmt":"2025-04-30T16:08:06","slug":"corporate-learning-management-system-beexpert","status":"publish","type":"page","link":"https:\/\/alightmea.com\/en\/produits\/corporate-learning-management-system-beexpert\/","title":{"rendered":"Corporate learning management system: Beexpert"},"content":{"rendered":"<div data-elementor-type=\"wp-page\" data-elementor-id=\"3177\" class=\"elementor elementor-3177\">\n\t\t\t\t\t\t<section class=\"elementor-section elementor-top-section elementor-element elementor-element-622ed12 elementor-section-full_width after-before elementor-section-height-default elementor-section-height-default\" data-id=\"622ed12\" data-element_type=\"section\">\n\t\t\t\t\t\t<div class=\"elementor-container elementor-column-gap-default\">\n\t\t\t\t\t<div class=\"elementor-column elementor-col-100 elementor-top-column elementor-element elementor-element-f98214e\" data-id=\"f98214e\" data-element_type=\"column\">\n\t\t\t<div class=\"elementor-widget-wrap elementor-element-populated\">\n\t\t\t\t\t\t<div class=\"elementor-element elementor-element-bb70e94 product-bloc text-justify elementor-widget elementor-widget-ITH4about\" data-id=\"bb70e94\" data-element_type=\"widget\" data-widget_type=\"ITH4about.default\">\n\t\t\t\t<div class=\"elementor-widget-container\">\n\t\t\t\t\t\n        <!-- Start About\n    ============================================= -->\n    <div class=\"about-us-content-area overflow-hidden default-padding\">\n        <div class=\"container\">\n            <div class=\"about-items\">\n                <div class=\"row align-center\">\n\n                    <!-- Thumb -->\n                    <div class=\"col-lg-6\">\n                        <div class=\"thumb\">\n                            <img data-recalc-dims=\"1\" decoding=\"async\" src=\"https:\/\/i0.wp.com\/alightmea.com\/wp-content\/uploads\/2024\/05\/e-learning-or-home-study-concept-2023-11-27-05-27-15-utc.jpg?ssl=1\" alt=\"Thumb\">\n                            <div class=\"overlay\">\n                                <h2><strong>+20<span><\/span><\/strong> Features<\/h2>\n                            <\/div>\n                        <\/div>\n                    <\/div>\n                    <!-- End Thumb -->\n\n                    <div class=\"col-lg-6\">\n                        <div class=\"content\">\n                            <h5><\/h5>\n                            <h2>BeExpert<\/h2>\n                            <p>\n                                BeExpert,  est un Corporate learning management system. Que vous pr\u00e9f\u00e9riez une configuration \u00ab\u00a0On-Premise\u00a0\u00bb ou dans \u00ab\u00a0le Cloud\u00a0\u00bb, la solution innovante et collaborative est con\u00e7ue pour vous garantir un cycle de formation de qualit\u00e9 et facilite l&#039;acc\u00e8s aux processus d&#039;apprentissage.\n\nGr\u00e2ce \u00e0 une int\u00e9gration transparente avec Microsoft 365, SharePoint et Power BI, BeExpert offre une gestion optimis\u00e9e de vos besoins en formation, tout en vous permettant de ma\u00eetriser efficacement les co\u00fbts associ\u00e9s.\u00a0\n\nAvec BeExpert, vous pouvez exploiter pleinement le potentiel de vos plans de formations selon vos besoins sp\u00e9cifiques.                            <\/p>\n                            <ul>\n                                                            <li>\n                                    <h5><\/h5>\n                                    <p>\n                                         \n                                    <\/p>\n                                <\/li>                            <\/ul>\n                        <\/div>\n                    <\/div>\n                    \n                <\/div>\n            <\/div>\n        <\/div>\n    <\/div>\n    <!-- End About -->\n\n    \t\t\t\t<\/div>\n\t\t\t\t<\/div>\n\t\t\t\t\t<\/div>\n\t\t<\/div>\n\t\t\t\t\t<\/div>\n\t\t<\/section>\n\t\t\t\t<section class=\"elementor-section elementor-top-section elementor-element elementor-element-397b5da elementor-section-full_width elementor-section-height-default elementor-section-height-default\" data-id=\"397b5da\" data-element_type=\"section\">\n\t\t\t\t\t\t<div class=\"elementor-container elementor-column-gap-default\">\n\t\t\t\t\t<div class=\"elementor-column elementor-col-50 elementor-top-column elementor-element elementor-element-db5c566 elementor-hidden-tablet elementor-hidden-mobile\" data-id=\"db5c566\" data-element_type=\"column\">\n\t\t\t<div class=\"elementor-widget-wrap\">\n\t\t\t\t\t\t\t<\/div>\n\t\t<\/div>\n\t\t\t\t<div class=\"elementor-column elementor-col-50 elementor-top-column elementor-element elementor-element-15f9e1e b-button d-flex align-items-center\" data-id=\"15f9e1e\" data-element_type=\"column\">\n\t\t\t<div class=\"elementor-widget-wrap elementor-element-populated\">\n\t\t\t\t\t\t<div class=\"elementor-element elementor-element-18b1d9a fit-content mb-0 demo-blc elementor-widget elementor-widget-shortcode\" data-id=\"18b1d9a\" data-element_type=\"widget\" data-widget_type=\"shortcode.default\">\n\t\t\t\t<div class=\"elementor-widget-container\">\n\t\t\t\t\t\t\t<div class=\"elementor-shortcode\"><button data-id=\"12751\" data-post_id=\"3177\" data-form_style=\"on\" data-allow_outside_click=\"\" data-width=\"700px\" class=\"wpb-pcf-form-fire wpb-pcf-btn-large wpb-pcf-btn wpb-pcf-btn-default\">Ask for a Demo<\/button>\n<\/div>\n\t\t\t\t\t\t<\/div>\n\t\t\t\t<\/div>\n\t\t\t\t<div class=\"elementor-element elementor-element-f52b546 download fit-content  m-1 elementor-widget elementor-widget-shortcode\" data-id=\"f52b546\" data-element_type=\"widget\" data-widget_type=\"shortcode.default\">\n\t\t\t\t<div class=\"elementor-widget-container\">\n\t\t\t\t\t\t\t<div class=\"elementor-shortcode\">\n<button data-id=\"19004\" data-post_id=\"3177\" data-form_style=\"on\" data-allow_outside_click=\"\" data-width=\"700px\" class=\"wpb-pcf-form-fire wpb-pcf-btn-large wpb-pcf-btn wpb-pcf-btn-default\">Download Flyer<\/button>\n\n<\/div>\n\t\t\t\t\t\t<\/div>\n\t\t\t\t<\/div>\n\t\t\t\t\t<\/div>\n\t\t<\/div>\n\t\t\t\t\t<\/div>\n\t\t<\/section>\n\t\t\t\t<section class=\"elementor-section elementor-top-section elementor-element elementor-element-54da2f2 elementor-section-full_width product-size elementor-section-height-default elementor-section-height-default\" data-id=\"54da2f2\" data-element_type=\"section\">\n\t\t\t\t\t\t<div class=\"elementor-container elementor-column-gap-default\">\n\t\t\t\t\t<div class=\"elementor-column elementor-col-100 elementor-top-column elementor-element elementor-element-d8cf94c\" data-id=\"d8cf94c\" data-element_type=\"column\">\n\t\t\t<div class=\"elementor-widget-wrap elementor-element-populated\">\n\t\t\t\t\t\t<div class=\"elementor-element elementor-element-25995a2 fix-h p-60 elementor-widget elementor-widget-slh5slslider\" data-id=\"25995a2\" data-element_type=\"widget\" id=\"overview\" data-widget_type=\"slh5slslider.default\">\n\t\t\t\t<div class=\"elementor-widget-container\">\n\t\t\t\t\t\n        <!-- Start Overview Area\n    ============================================= -->\n    <div class=\"overview-area bg-gray default-padding\">\n        <div class=\"container\">\n            <div class=\"row\">\n                <div class=\"col-lg-6 offset-lg-3\">\n                    <div class=\"heading-center text-center\">\n                        <h5>Get started with BeExpert<\/h5>\n                        <h2>Optimize the management of your training needs<\/h2>\n                    <\/div>\n                <\/div>\n            <\/div>\n        <\/div>\n        <div class=\"container\">\n            <div class=\"software-overview-carousel owl-carousel owl-theme\">\n                                <!-- Single Item -->\n                <div class=\"single-item\">\n                    <div class=\"row align-center\">\n                        <div class=\"col-lg-4\">\n                            <div class=\"left-info text-light\">\n                                <span>01<\/span>\n                                <h4>Dynamic and Structured Learning Paths <\/h4>\n                                <p>\n                                    Immerse yourself in an intuitive course structure, organized into modules carefully designed to develop key skills. Navigate easily through the essential information in each module and track your progress in real time. As you learn, take advantage of a variety of formats to enrich your experience: immersive videos, hands-on documents, interactive presentations and more guide you every step of the way to mastery.                                <\/p>\n                                                        <\/div>\n                        <\/div>\n                        <div class=\"col-lg-8\">\n                            <div class=\"right-info\">\n                                <img data-recalc-dims=\"1\" decoding=\"async\" src=\"https:\/\/i0.wp.com\/alightmea.com\/wp-content\/uploads\/2024\/03\/Beexpert_1.jpg?ssl=1\" alt=\"Dashbaord\">\n                            <\/div>\n                        <\/div>\n                    <\/div>\n                <\/div>\n                <!-- End Single Item -->                <!-- Single Item -->\n                <div class=\"single-item\">\n                    <div class=\"row align-center\">\n                        <div class=\"col-lg-4\">\n                            <div class=\"left-info text-light\">\n                                <span>02<\/span>\n                                <h4>Test and Evaluation<\/h4>\n                                <p>\n                                    Our solution offers you a comprehensive means of assessing learners' knowledge and skills. Create exams with a variety of question types. Easily analyze results based on scores, to assess training effectiveness and identify potential areas for improvement.                                <\/p>\n                                                        <\/div>\n                        <\/div>\n                        <div class=\"col-lg-8\">\n                            <div class=\"right-info\">\n                                <img data-recalc-dims=\"1\" decoding=\"async\" src=\"https:\/\/i0.wp.com\/alightmea.com\/wp-content\/uploads\/2024\/03\/Beexpert_3.jpg?ssl=1\" alt=\"Dashbaord\">\n                            <\/div>\n                        <\/div>\n                    <\/div>\n                <\/div>\n                <!-- End Single Item -->                <!-- Single Item -->\n                <div class=\"single-item\">\n                    <div class=\"row align-center\">\n                        <div class=\"col-lg-4\">\n                            <div class=\"left-info text-light\">\n                                <span>03<\/span>\n                                <h4>Learners\u2019 Follow-up<\/h4>\n                                <p>\n                                    Keep a close eye on the learning rate, time spent on the app, and much more. With these detailed features, you can customize the training experience for each individual and ensure effective monitoring of their professional development.                                <\/p>\n                                                        <\/div>\n                        <\/div>\n                        <div class=\"col-lg-8\">\n                            <div class=\"right-info\">\n                                <img data-recalc-dims=\"1\" decoding=\"async\" src=\"https:\/\/i0.wp.com\/alightmea.com\/wp-content\/uploads\/2024\/03\/Beexpert_2.jpg?ssl=1\" alt=\"Dashbaord\">\n                            <\/div>\n                        <\/div>\n                    <\/div>\n                <\/div>\n                <!-- End Single Item -->            <\/div>\n        <\/div>\n    <\/div>\n    <!-- End Overview Area -->\n\n    \t\t\t\t<\/div>\n\t\t\t\t<\/div>\n\t\t\t\t\t<\/div>\n\t\t<\/div>\n\t\t\t\t\t<\/div>\n\t\t<\/section>\n\t\t\t\t<section class=\"elementor-section elementor-top-section elementor-element elementor-element-4f3a7d0 call-action my-0 elementor-section-full_width elementor-section-height-default elementor-section-height-default\" data-id=\"4f3a7d0\" data-element_type=\"section\" data-settings=\"{&quot;background_background&quot;:&quot;classic&quot;}\">\n\t\t\t\t\t\t<div class=\"elementor-container elementor-column-gap-default\">\n\t\t\t\t\t<div class=\"elementor-column elementor-col-100 elementor-top-column elementor-element elementor-element-5663ee2 container my-0\" data-id=\"5663ee2\" data-element_type=\"column\" data-settings=\"{&quot;background_background&quot;:&quot;classic&quot;}\">\n\t\t\t<div class=\"elementor-widget-wrap elementor-element-populated\">\n\t\t\t\t\t\t<div class=\"elementor-element elementor-element-096e782 elementor-cta--skin-classic elementor-animated-content elementor-bg-transform elementor-bg-transform-zoom-in elementor-widget elementor-widget-call-to-action\" data-id=\"096e782\" data-element_type=\"widget\" data-widget_type=\"call-to-action.default\">\n\t\t\t\t<div class=\"elementor-widget-container\">\n\t\t\t\t\t\t\t<div class=\"elementor-cta\">\n\t\t\t\t\t\t\t<div class=\"elementor-cta__content\">\n\t\t\t\t\n\t\t\t\t<h2 class=\"elementor-cta__title elementor-cta__content-item elementor-content-item\">BeExpert - Elevate Your Training Management <\/h2>\n\t\t\t\t\t\t\t\t\t<div class=\"elementor-cta__description elementor-cta__content-item elementor-content-item\">\n\t\t\t\t\t\tStreamline your company\u2019s training with BeExpert. Integrated with Microsoft 365, SharePoint, and Power BI, it offers a seamless training management experience, whether on-premise or in the cloud. \t\t\t\t\t<\/div>\n\t\t\t\t\n\t\t\t\t\t\t\t\t\t<div class=\"elementor-cta__button-wrapper elementor-cta__content-item elementor-content-item\">\n\t\t\t\t\t<a class=\"elementor-cta__button elementor-button elementor-size-sm\" href=\"https:\/\/alightmea.com\/en\/Beexpert\/\" target=\"_blank\">\n\t\t\t\t\t\tRead More\t\t\t\t\t<\/a>\n\t\t\t\t\t<\/div>\n\t\t\t\t\t\t\t<\/div>\n\t\t\t\t\t\t<\/div>\n\t\t\t\t\t\t<\/div>\n\t\t\t\t<\/div>\n\t\t\t\t<div class=\"elementor-element elementor-element-888343e elementor-widget elementor-widget-html\" data-id=\"888343e\" data-element_type=\"widget\" data-widget_type=\"html.default\">\n\t\t\t\t<div class=\"elementor-widget-container\">\n\t\t\t\t\t<script>\r\ndocument.addEventListener('DOMContentLoaded', function() {\r\n    var observer = new MutationObserver(function(mutations) {\r\n        var button = document.querySelector('.elementor-cta__button.elementor-button.elementor-size-sm');\r\n        if (button) {\r\n            button.href = 'https:\/\/alightmea.com\/Beexpert\/';\r\n            observer.disconnect(); \r\n        }\r\n    });\r\n\r\n    observer.observe(document.body, { childList: true, subtree: true });\r\n});\r\n\r\n<\/script>\t\t\t\t<\/div>\n\t\t\t\t<\/div>\n\t\t\t\t\t<\/div>\n\t\t<\/div>\n\t\t\t\t\t<\/div>\n\t\t<\/section>\n\t\t\t\t<\/div>","protected":false},"excerpt":{"rendered":"<p>+20 Fonctionnlit\u00e9s BeExpert BeExpert, est un Corporate learning management system. Que vous pr\u00e9f\u00e9riez une configuration \u00ab\u00a0On-Premise\u00a0\u00bb ou dans \u00ab\u00a0le Cloud\u00a0\u00bb, la solution innovante et collaborative est con\u00e7ue pour vous garantir un cycle de formation de qualit\u00e9 et facilite l&#039;acc\u00e8s aux processus d&#039;apprentissage. Gr\u00e2ce \u00e0 une int\u00e9gration transparente avec Microsoft 365, SharePoint et Power BI, BeExpert [&hellip;]<\/p>","protected":false},"author":1,"featured_media":14337,"parent":14672,"menu_order":0,"comment_status":"closed","ping_status":"closed","template":"page-templates\/pages.php","meta":{"om_disable_all_campaigns":false,"_monsterinsights_skip_tracking":false,"_monsterinsights_sitenote_active":false,"_monsterinsights_sitenote_note":"","_monsterinsights_sitenote_category":0,"footnotes":""},"class_list":["post-3177","page","type-page","status-publish","has-post-thumbnail","hentry"],"yoast_head":"<!-- This site is optimized with the Yoast SEO plugin v26.6 - https:\/\/yoast.com\/wordpress\/plugins\/seo\/ -->\n<title>Corporate learning management system: Beexpert - Alight MEA<\/title>\n<meta name=\"description\" content=\"Corporate learning management system. Whether you prefer an \u201cOn-Premise\u201d or \u201cCloud\u201d configuration, this innovative, collaborative solution..\" \/>\n<meta name=\"robots\" content=\"index, follow, max-snippet:-1, max-image-preview:large, max-video-preview:-1\" \/>\n<link rel=\"canonical\" href=\"https:\/\/alightmea.com\/en\/produits\/corporate-learning-management-system-beexpert\/\" \/>\n<meta property=\"og:locale\" content=\"en_US\" \/>\n<meta property=\"og:type\" content=\"article\" \/>\n<meta property=\"og:title\" content=\"Corporate learning management system: Beexpert - Alight MEA\" \/>\n<meta property=\"og:description\" content=\"Corporate learning management system. Whether you prefer an \u201cOn-Premise\u201d or \u201cCloud\u201d configuration, this innovative, collaborative solution..\" \/>\n<meta property=\"og:url\" content=\"https:\/\/alightmea.com\/en\/produits\/corporate-learning-management-system-beexpert\/\" \/>\n<meta property=\"og:site_name\" content=\"Alight MEA\" \/>\n<meta property=\"article:modified_time\" content=\"2025-04-30T16:08:06+00:00\" \/>\n<meta property=\"og:image\" content=\"https:\/\/i0.wp.com\/alightmea.com\/wp-content\/uploads\/2024\/09\/BeExpert.jpg?fit=1200%2C1200&ssl=1\" \/>\n\t<meta property=\"og:image:width\" content=\"1200\" \/>\n\t<meta property=\"og:image:height\" content=\"1200\" \/>\n\t<meta property=\"og:image:type\" content=\"image\/jpeg\" \/>\n<meta name=\"twitter:card\" content=\"summary_large_image\" \/>\n<meta name=\"twitter:label1\" content=\"Est. reading time\" \/>\n\t<meta name=\"twitter:data1\" content=\"3 minutes\" \/>\n<script type=\"application\/ld+json\" class=\"yoast-schema-graph\">{\"@context\":\"https:\/\/schema.org\",\"@graph\":[{\"@type\":\"WebPage\",\"@id\":\"https:\/\/alightmea.com\/produits\/corporate-learning-management-system-beexpert\/\",\"url\":\"https:\/\/alightmea.com\/produits\/corporate-learning-management-system-beexpert\/\",\"name\":\"Corporate learning management system: Beexpert - Alight MEA\",\"isPartOf\":{\"@id\":\"https:\/\/alightmea.com\/#website\"},\"primaryImageOfPage\":{\"@id\":\"https:\/\/alightmea.com\/produits\/corporate-learning-management-system-beexpert\/#primaryimage\"},\"image\":{\"@id\":\"https:\/\/alightmea.com\/produits\/corporate-learning-management-system-beexpert\/#primaryimage\"},\"thumbnailUrl\":\"https:\/\/i0.wp.com\/alightmea.com\/wp-content\/uploads\/2024\/09\/BeExpert.jpg?fit=1200%2C1200&ssl=1\",\"datePublished\":\"2023-07-14T10:04:38+00:00\",\"dateModified\":\"2025-04-30T16:08:06+00:00\",\"description\":\"Corporate learning management system. Whether you prefer an \u201cOn-Premise\u201d or \u201cCloud\u201d configuration, this innovative, collaborative solution..\",\"breadcrumb\":{\"@id\":\"https:\/\/alightmea.com\/produits\/corporate-learning-management-system-beexpert\/#breadcrumb\"},\"inLanguage\":\"en-US\",\"potentialAction\":[{\"@type\":\"ReadAction\",\"target\":[\"https:\/\/alightmea.com\/produits\/corporate-learning-management-system-beexpert\/\"]}]},{\"@type\":\"ImageObject\",\"inLanguage\":\"en-US\",\"@id\":\"https:\/\/alightmea.com\/produits\/corporate-learning-management-system-beexpert\/#primaryimage\",\"url\":\"https:\/\/i0.wp.com\/alightmea.com\/wp-content\/uploads\/2024\/09\/BeExpert.jpg?fit=1200%2C1200&ssl=1\",\"contentUrl\":\"https:\/\/i0.wp.com\/alightmea.com\/wp-content\/uploads\/2024\/09\/BeExpert.jpg?fit=1200%2C1200&ssl=1\",\"width\":1200,\"height\":1200,\"caption\":\"Laptop and books on the table. 3d render illustration.\"},{\"@type\":\"BreadcrumbList\",\"@id\":\"https:\/\/alightmea.com\/produits\/corporate-learning-management-system-beexpert\/#breadcrumb\",\"itemListElement\":[{\"@type\":\"ListItem\",\"position\":1,\"name\":\"ACCUEIL\",\"item\":\"https:\/\/alightmea.com\/\"},{\"@type\":\"ListItem\",\"position\":2,\"name\":\"produits\",\"item\":\"https:\/\/alightmea.com\/produits\/\"},{\"@type\":\"ListItem\",\"position\":3,\"name\":\"Corporate learning management system: Beexpert\"}]},{\"@type\":\"WebSite\",\"@id\":\"https:\/\/alightmea.com\/#website\",\"url\":\"https:\/\/alightmea.com\/\",\"name\":\"Alight MEA\",\"description\":\"D\u00e9veloppement logiciels et conseil en technologie de l\u2019information des solutions bas\u00e9es sur les produits Microsoft\",\"publisher\":{\"@id\":\"https:\/\/alightmea.com\/#organization\"},\"potentialAction\":[{\"@type\":\"SearchAction\",\"target\":{\"@type\":\"EntryPoint\",\"urlTemplate\":\"https:\/\/alightmea.com\/?s={search_term_string}\"},\"query-input\":{\"@type\":\"PropertyValueSpecification\",\"valueRequired\":true,\"valueName\":\"search_term_string\"}}],\"inLanguage\":\"en-US\"},{\"@type\":\"Organization\",\"@id\":\"https:\/\/alightmea.com\/#organization\",\"name\":\"Alight MEA\",\"url\":\"https:\/\/alightmea.com\/\",\"logo\":{\"@type\":\"ImageObject\",\"inLanguage\":\"en-US\",\"@id\":\"https:\/\/alightmea.com\/#\/schema\/logo\/image\/\",\"url\":\"https:\/\/i0.wp.com\/alightmea.com\/wp-content\/uploads\/2024\/03\/header-logo-1.png?fit=229%2C77&ssl=1\",\"contentUrl\":\"https:\/\/i0.wp.com\/alightmea.com\/wp-content\/uploads\/2024\/03\/header-logo-1.png?fit=229%2C77&ssl=1\",\"width\":229,\"height\":77,\"caption\":\"Alight MEA\"},\"image\":{\"@id\":\"https:\/\/alightmea.com\/#\/schema\/logo\/image\/\"}}]}<\/script>\n<!-- \/ Yoast SEO plugin. -->","yoast_head_json":{"title":"Corporate learning management system: Beexpert - Alight MEA","description":"Corporate learning management system. Whether you prefer an \u201cOn-Premise\u201d or \u201cCloud\u201d configuration, this innovative, collaborative solution..","robots":{"index":"index","follow":"follow","max-snippet":"max-snippet:-1","max-image-preview":"max-image-preview:large","max-video-preview":"max-video-preview:-1"},"canonical":"https:\/\/alightmea.com\/en\/produits\/corporate-learning-management-system-beexpert\/","og_locale":"en_US","og_type":"article","og_title":"Corporate learning management system: Beexpert - Alight MEA","og_description":"Corporate learning management system. Whether you prefer an \u201cOn-Premise\u201d or \u201cCloud\u201d configuration, this innovative, collaborative solution..","og_url":"https:\/\/alightmea.com\/en\/produits\/corporate-learning-management-system-beexpert\/","og_site_name":"Alight MEA","article_modified_time":"2025-04-30T16:08:06+00:00","og_image":[{"width":1200,"height":1200,"url":"https:\/\/i0.wp.com\/alightmea.com\/wp-content\/uploads\/2024\/09\/BeExpert.jpg?fit=1200%2C1200&ssl=1","type":"image\/jpeg"}],"twitter_card":"summary_large_image","twitter_misc":{"Est. reading time":"3 minutes"},"schema":{"@context":"https:\/\/schema.org","@graph":[{"@type":"WebPage","@id":"https:\/\/alightmea.com\/produits\/corporate-learning-management-system-beexpert\/","url":"https:\/\/alightmea.com\/produits\/corporate-learning-management-system-beexpert\/","name":"Corporate learning management system: Beexpert - Alight MEA","isPartOf":{"@id":"https:\/\/alightmea.com\/#website"},"primaryImageOfPage":{"@id":"https:\/\/alightmea.com\/produits\/corporate-learning-management-system-beexpert\/#primaryimage"},"image":{"@id":"https:\/\/alightmea.com\/produits\/corporate-learning-management-system-beexpert\/#primaryimage"},"thumbnailUrl":"https:\/\/i0.wp.com\/alightmea.com\/wp-content\/uploads\/2024\/09\/BeExpert.jpg?fit=1200%2C1200&ssl=1","datePublished":"2023-07-14T10:04:38+00:00","dateModified":"2025-04-30T16:08:06+00:00","description":"Corporate learning management system. Whether you prefer an \u201cOn-Premise\u201d or \u201cCloud\u201d configuration, this innovative, collaborative solution..","breadcrumb":{"@id":"https:\/\/alightmea.com\/produits\/corporate-learning-management-system-beexpert\/#breadcrumb"},"inLanguage":"en-US","potentialAction":[{"@type":"ReadAction","target":["https:\/\/alightmea.com\/produits\/corporate-learning-management-system-beexpert\/"]}]},{"@type":"ImageObject","inLanguage":"en-US","@id":"https:\/\/alightmea.com\/produits\/corporate-learning-management-system-beexpert\/#primaryimage","url":"https:\/\/i0.wp.com\/alightmea.com\/wp-content\/uploads\/2024\/09\/BeExpert.jpg?fit=1200%2C1200&ssl=1","contentUrl":"https:\/\/i0.wp.com\/alightmea.com\/wp-content\/uploads\/2024\/09\/BeExpert.jpg?fit=1200%2C1200&ssl=1","width":1200,"height":1200,"caption":"Laptop and books on the table. 3d render illustration."},{"@type":"BreadcrumbList","@id":"https:\/\/alightmea.com\/produits\/corporate-learning-management-system-beexpert\/#breadcrumb","itemListElement":[{"@type":"ListItem","position":1,"name":"ACCUEIL","item":"https:\/\/alightmea.com\/"},{"@type":"ListItem","position":2,"name":"produits","item":"https:\/\/alightmea.com\/produits\/"},{"@type":"ListItem","position":3,"name":"Corporate learning management system: Beexpert"}]},{"@type":"WebSite","@id":"https:\/\/alightmea.com\/#website","url":"https:\/\/alightmea.com\/","name":"Alight MEA","description":"D\u00e9veloppement logiciels et conseil en technologie de l\u2019information des solutions bas\u00e9es sur les produits Microsoft","publisher":{"@id":"https:\/\/alightmea.com\/#organization"},"potentialAction":[{"@type":"SearchAction","target":{"@type":"EntryPoint","urlTemplate":"https:\/\/alightmea.com\/?s={search_term_string}"},"query-input":{"@type":"PropertyValueSpecification","valueRequired":true,"valueName":"search_term_string"}}],"inLanguage":"en-US"},{"@type":"Organization","@id":"https:\/\/alightmea.com\/#organization","name":"Alight MEA","url":"https:\/\/alightmea.com\/","logo":{"@type":"ImageObject","inLanguage":"en-US","@id":"https:\/\/alightmea.com\/#\/schema\/logo\/image\/","url":"https:\/\/i0.wp.com\/alightmea.com\/wp-content\/uploads\/2024\/03\/header-logo-1.png?fit=229%2C77&ssl=1","contentUrl":"https:\/\/i0.wp.com\/alightmea.com\/wp-content\/uploads\/2024\/03\/header-logo-1.png?fit=229%2C77&ssl=1","width":229,"height":77,"caption":"Alight MEA"},"image":{"@id":"https:\/\/alightmea.com\/#\/schema\/logo\/image\/"}}]}},"jetpack_sharing_enabled":true,"_links":{"self":[{"href":"https:\/\/alightmea.com\/en\/wp-json\/wp\/v2\/pages\/3177","targetHints":{"allow":["GET"]}}],"collection":[{"href":"https:\/\/alightmea.com\/en\/wp-json\/wp\/v2\/pages"}],"about":[{"href":"https:\/\/alightmea.com\/en\/wp-json\/wp\/v2\/types\/page"}],"author":[{"embeddable":true,"href":"https:\/\/alightmea.com\/en\/wp-json\/wp\/v2\/users\/1"}],"replies":[{"embeddable":true,"href":"https:\/\/alightmea.com\/en\/wp-json\/wp\/v2\/comments?post=3177"}],"version-history":[{"count":549,"href":"https:\/\/alightmea.com\/en\/wp-json\/wp\/v2\/pages\/3177\/revisions"}],"predecessor-version":[{"id":19485,"href":"https:\/\/alightmea.com\/en\/wp-json\/wp\/v2\/pages\/3177\/revisions\/19485"}],"up":[{"embeddable":true,"href":"https:\/\/alightmea.com\/en\/wp-json\/wp\/v2\/pages\/14672"}],"wp:featuredmedia":[{"embeddable":true,"href":"https:\/\/alightmea.com\/en\/wp-json\/wp\/v2\/media\/14337"}],"wp:attachment":[{"href":"https:\/\/alightmea.com\/en\/wp-json\/wp\/v2\/media?parent=3177"}],"curies":[{"name":"wp","href":"https:\/\/api.w.org\/{rel}","templated":true}]}}