{"id":3136,"date":"2023-07-14T11:42:51","date_gmt":"2023-07-14T09:42:51","guid":{"rendered":"http:\/\/localhost:8888\/wordpress\/?page_id=3136"},"modified":"2025-05-02T11:30:53","modified_gmt":"2025-05-02T09:30:53","slug":"zignals-teams","status":"publish","type":"page","link":"https:\/\/alightmea.com\/en\/produits\/zignals-teams\/","title":{"rendered":"Zignals Teams"},"content":{"rendered":"<div data-elementor-type=\"wp-page\" data-elementor-id=\"3136\" class=\"elementor elementor-3136\">\n\t\t\t\t\t\t<section class=\"elementor-section elementor-top-section elementor-element elementor-element-622ed12 elementor-section-full_width after-before elementor-section-height-default elementor-section-height-default\" data-id=\"622ed12\" data-element_type=\"section\">\n\t\t\t\t\t\t<div class=\"elementor-container elementor-column-gap-default\">\n\t\t\t\t\t<div class=\"elementor-column elementor-col-100 elementor-top-column elementor-element elementor-element-f98214e\" data-id=\"f98214e\" data-element_type=\"column\">\n\t\t\t<div class=\"elementor-widget-wrap elementor-element-populated\">\n\t\t\t\t\t\t<div class=\"elementor-element elementor-element-dafc607 product-bloc text-justify elementor-widget elementor-widget-ITH4about\" data-id=\"dafc607\" data-element_type=\"widget\" data-widget_type=\"ITH4about.default\">\n\t\t\t\t<div class=\"elementor-widget-container\">\n\t\t\t\t\t\n        <!-- Start About\n    ============================================= -->\n    <div class=\"about-us-content-area overflow-hidden default-padding\">\n        <div class=\"container\">\n            <div class=\"about-items\">\n                <div class=\"row align-center\">\n\n                    <!-- Thumb -->\n                    <div class=\"col-lg-6\">\n                        <div class=\"thumb\">\n                            <img data-recalc-dims=\"1\" decoding=\"async\" src=\"https:\/\/i0.wp.com\/alightmea.com\/wp-content\/uploads\/2024\/05\/teamwork-word-on-wooden-blocks-with-business-team-2023-11-27-05-01-30-utc.jpg?ssl=1\" alt=\"Thumb\">\n                            <div class=\"overlay\">\n                                <h2><strong>+20<span><\/span><\/strong> Features<\/h2>\n                            <\/div>\n                        <\/div>\n                    <\/div>\n                    <!-- End Thumb -->\n\n                    <div class=\"col-lg-6\">\n                        <div class=\"content\">\n                            <h5><\/h5>\n                            <h2>Zignals Teams<\/h2>\n                            <p>\n                                Optimisez votre collaboration avec notre solution innovante qui transforme Microsoft Teams en une plateforme de travail avanc\u00e9e.\n\nNotre solution offre une adoption proactive de Microsoft Teams, cr\u00e9ant un environnement collaboratif dynamique. \nAcc\u00e9dez \u00e0 des informations cruciales sur les demandes et le statut des \u00e9quipes gr\u00e2ce \u00e0 des filtres temporels et par employ\u00e9, garantissant une visibilit\u00e9 claire pour des d\u00e9cisions \u00e9clair\u00e9es.\n\nOptimisez la gouvernance des \u00e9quipes et projets collaboratifs pour une organisation et une efficacit\u00e9 optimales.\n\nEn favorisant la productivit\u00e9, notre solution cr\u00e9e un environnement de travail collaboratif qui stimule l&#039;engagement des employ\u00e9s, transformant ainsi votre exp\u00e9rience avec Microsoft Teams en un espace de travail futuriste qui va au-del\u00e0 des attentes.\n\nD\u00e9couvrez comment notre solution peut r\u00e9volutionner votre mani\u00e8re de collaborer.                            <\/p>\n                            <ul>\n                                                            <li>\n                                    <h5><\/h5>\n                                    <p>\n                                         \n                                    <\/p>\n                                <\/li>                            <\/ul>\n                        <\/div>\n                    <\/div>\n                    \n                <\/div>\n            <\/div>\n        <\/div>\n    <\/div>\n    <!-- End About -->\n\n    \t\t\t\t<\/div>\n\t\t\t\t<\/div>\n\t\t\t\t\t<\/div>\n\t\t<\/div>\n\t\t\t\t\t<\/div>\n\t\t<\/section>\n\t\t\t\t<section class=\"elementor-section elementor-top-section elementor-element elementor-element-ddb5f33 elementor-section-full_width elementor-section-height-default elementor-section-height-default\" data-id=\"ddb5f33\" data-element_type=\"section\">\n\t\t\t\t\t\t<div class=\"elementor-container elementor-column-gap-default\">\n\t\t\t\t\t<div class=\"elementor-column elementor-col-50 elementor-top-column elementor-element elementor-element-483317e elementor-hidden-tablet elementor-hidden-mobile\" data-id=\"483317e\" data-element_type=\"column\">\n\t\t\t<div class=\"elementor-widget-wrap\">\n\t\t\t\t\t\t\t<\/div>\n\t\t<\/div>\n\t\t\t\t<div class=\"elementor-column elementor-col-50 elementor-top-column elementor-element elementor-element-25e9d76 b-button d-flex align-items-center\" data-id=\"25e9d76\" data-element_type=\"column\">\n\t\t\t<div class=\"elementor-widget-wrap elementor-element-populated\">\n\t\t\t\t\t\t<div class=\"elementor-element elementor-element-8c3181c fit-content mb-0 demo-blc elementor-widget elementor-widget-shortcode\" data-id=\"8c3181c\" data-element_type=\"widget\" data-widget_type=\"shortcode.default\">\n\t\t\t\t<div class=\"elementor-widget-container\">\n\t\t\t\t\t\t\t<div class=\"elementor-shortcode\"><button data-id=\"12751\" data-post_id=\"3136\" data-form_style=\"on\" data-allow_outside_click=\"\" data-width=\"700px\" class=\"wpb-pcf-form-fire wpb-pcf-btn-large wpb-pcf-btn wpb-pcf-btn-default\">Ask for a Demo<\/button>\n<\/div>\n\t\t\t\t\t\t<\/div>\n\t\t\t\t<\/div>\n\t\t\t\t<div class=\"elementor-element elementor-element-66baa79 download fit-content  m-1 elementor-widget elementor-widget-shortcode\" data-id=\"66baa79\" data-element_type=\"widget\" data-widget_type=\"shortcode.default\">\n\t\t\t\t<div class=\"elementor-widget-container\">\n\t\t\t\t\t\t\t<div class=\"elementor-shortcode\">\n<button data-id=\"19004\" data-post_id=\"3136\" data-form_style=\"on\" data-allow_outside_click=\"\" data-width=\"700px\" class=\"wpb-pcf-form-fire wpb-pcf-btn-large wpb-pcf-btn wpb-pcf-btn-default\">Download Flyer<\/button>\n\n<\/div>\n\t\t\t\t\t\t<\/div>\n\t\t\t\t<\/div>\n\t\t\t\t\t<\/div>\n\t\t<\/div>\n\t\t\t\t\t<\/div>\n\t\t<\/section>\n\t\t\t\t<section class=\"elementor-section elementor-top-section elementor-element elementor-element-54da2f2 elementor-section-full_width elementor-section-height-default elementor-section-height-default\" data-id=\"54da2f2\" data-element_type=\"section\">\n\t\t\t\t\t\t<div class=\"elementor-container elementor-column-gap-default\">\n\t\t\t\t\t<div class=\"elementor-column elementor-col-100 elementor-top-column elementor-element elementor-element-d8cf94c\" data-id=\"d8cf94c\" data-element_type=\"column\">\n\t\t\t<div class=\"elementor-widget-wrap elementor-element-populated\">\n\t\t\t\t\t\t<div class=\"elementor-element elementor-element-25995a2 p-60 elementor-widget elementor-widget-slh5slslider\" data-id=\"25995a2\" data-element_type=\"widget\" id=\"overview\" data-widget_type=\"slh5slslider.default\">\n\t\t\t\t<div class=\"elementor-widget-container\">\n\t\t\t\t\t\n        <!-- Start Overview Area\n    ============================================= -->\n    <div class=\"overview-area bg-gray default-padding\">\n        <div class=\"container\">\n            <div class=\"row\">\n                <div class=\"col-lg-6 offset-lg-3\">\n                    <div class=\"heading-center text-center\">\n                        <h5>Get started with Zignals Teams<\/h5>\n                        <h2>Manage your teams effectively <\/h2>\n                    <\/div>\n                <\/div>\n            <\/div>\n        <\/div>\n        <div class=\"container\">\n            <div class=\"software-overview-carousel owl-carousel owl-theme\">\n                                <!-- Single Item -->\n                <div class=\"single-item\">\n                    <div class=\"row align-center\">\n                        <div class=\"col-lg-4\">\n                            <div class=\"left-info text-light\">\n                                <span>01<\/span>\n                                <h4>Efficient team management on Teams\u200b<\/h4>\n                                <p>\n                                    You can easily manage your existing teams, view pending requests, and create new ones. Get quick access to the overall, see pending requests, and make informed decisions to foster collaboration.\u200b                                <\/p>\n                                                        <\/div>\n                        <\/div>\n                        <div class=\"col-lg-8\">\n                            <div class=\"right-info\">\n                                <img data-recalc-dims=\"1\" decoding=\"async\" src=\"https:\/\/i0.wp.com\/alightmea.com\/wp-content\/uploads\/2024\/04\/Interface-Dashboard.png?ssl=1\" alt=\"Dashbaord\">\n                            <\/div>\n                        <\/div>\n                    <\/div>\n                <\/div>\n                <!-- End Single Item -->                <!-- Single Item -->\n                <div class=\"single-item\">\n                    <div class=\"row align-center\">\n                        <div class=\"col-lg-4\">\n                            <div class=\"left-info text-light\">\n                                <span>02<\/span>\n                                <h4>Mastering Approvals<\/h4>\n                                <p>\n                                    Zignals Teams gives you a better grasp of the approval process within your teams. Quickly approve or reject requests and follow the history of decisions made.\u200b                                <\/p>\n                                                        <\/div>\n                        <\/div>\n                        <div class=\"col-lg-8\">\n                            <div class=\"right-info\">\n                                <img data-recalc-dims=\"1\" decoding=\"async\" src=\"https:\/\/i0.wp.com\/alightmea.com\/wp-content\/uploads\/2024\/04\/Interface-Approval-teams.png?ssl=1\" alt=\"Dashbaord\">\n                            <\/div>\n                        <\/div>\n                    <\/div>\n                <\/div>\n                <!-- End Single Item -->                <!-- Single Item -->\n                <div class=\"single-item\">\n                    <div class=\"row align-center\">\n                        <div class=\"col-lg-4\">\n                            <div class=\"left-info text-light\">\n                                <span>03<\/span>\n                                <h4>Graphical visualization of teams and projects\u200b<\/h4>\n                                <p>\n                                    You can graphically visualize your teams, their owners, as well as the start and end dates of each project. This visual representation enables you to easily monitor the progress of your projects, and make strategic decisions based on accurate data to optimize your team's performance.                                <\/p>\n                                                        <\/div>\n                        <\/div>\n                        <div class=\"col-lg-8\">\n                            <div class=\"right-info\">\n                                <img data-recalc-dims=\"1\" decoding=\"async\" src=\"https:\/\/i0.wp.com\/alightmea.com\/wp-content\/uploads\/2024\/04\/reporting.png?ssl=1\" alt=\"Dashbaord\">\n                            <\/div>\n                        <\/div>\n                    <\/div>\n                <\/div>\n                <!-- End Single Item -->            <\/div>\n        <\/div>\n    <\/div>\n    <!-- End Overview Area -->\n\n    \t\t\t\t<\/div>\n\t\t\t\t<\/div>\n\t\t\t\t\t<\/div>\n\t\t<\/div>\n\t\t\t\t\t<\/div>\n\t\t<\/section>\n\t\t\t\t<\/div>","protected":false},"excerpt":{"rendered":"<p>+20 Fonctionnlit\u00e9s Zignals Teams Optimisez votre collaboration avec notre solution innovante qui transforme Microsoft Teams en une plateforme de travail avanc\u00e9e. Notre solution offre une adoption proactive de Microsoft Teams, cr\u00e9ant un environnement collaboratif dynamique. Acc\u00e9dez \u00e0 des informations cruciales sur les demandes et le statut des \u00e9quipes gr\u00e2ce \u00e0 des filtres temporels et par [&hellip;]<\/p>","protected":false},"author":1,"featured_media":14348,"parent":14672,"menu_order":0,"comment_status":"closed","ping_status":"closed","template":"page-templates\/pages.php","meta":{"om_disable_all_campaigns":false,"_monsterinsights_skip_tracking":false,"_monsterinsights_sitenote_active":false,"_monsterinsights_sitenote_note":"","_monsterinsights_sitenote_category":0,"footnotes":""},"class_list":["post-3136","page","type-page","status-publish","has-post-thumbnail","hentry"],"yoast_head":"<!-- This site is optimized with the Yoast SEO plugin v26.6 - https:\/\/yoast.com\/wordpress\/plugins\/seo\/ -->\n<title>Zignals Teams - Alight MEA<\/title>\n<meta name=\"description\" content=\"Optimize your collaboration with our innovative solution that transforms Microsoft Teams into an advanced work platform.\" \/>\n<meta name=\"robots\" content=\"index, follow, max-snippet:-1, max-image-preview:large, max-video-preview:-1\" \/>\n<link rel=\"canonical\" href=\"https:\/\/alightmea.com\/en\/produits\/zignals-teams\/\" \/>\n<meta property=\"og:locale\" content=\"en_US\" \/>\n<meta property=\"og:type\" content=\"article\" \/>\n<meta property=\"og:title\" content=\"Zignals Teams - Alight MEA\" \/>\n<meta property=\"og:description\" content=\"Optimize your collaboration with our innovative solution that transforms Microsoft Teams into an advanced work platform.\" \/>\n<meta property=\"og:url\" content=\"https:\/\/alightmea.com\/en\/produits\/zignals-teams\/\" \/>\n<meta property=\"og:site_name\" content=\"Alight MEA\" \/>\n<meta property=\"article:modified_time\" content=\"2025-05-02T09:30:53+00:00\" \/>\n<meta property=\"og:image\" content=\"https:\/\/i0.wp.com\/alightmea.com\/wp-content\/uploads\/2024\/09\/zignals-teams--e1727343361920.jpg?fit=1766%2C974&ssl=1\" \/>\n\t<meta property=\"og:image:width\" content=\"1766\" \/>\n\t<meta property=\"og:image:height\" content=\"974\" \/>\n\t<meta property=\"og:image:type\" content=\"image\/jpeg\" \/>\n<meta name=\"twitter:card\" content=\"summary_large_image\" \/>\n<meta name=\"twitter:label1\" content=\"Est. reading time\" \/>\n\t<meta name=\"twitter:data1\" content=\"3 minutes\" \/>\n<script type=\"application\/ld+json\" class=\"yoast-schema-graph\">{\"@context\":\"https:\/\/schema.org\",\"@graph\":[{\"@type\":\"WebPage\",\"@id\":\"https:\/\/alightmea.com\/produits\/zignals-teams\/\",\"url\":\"https:\/\/alightmea.com\/produits\/zignals-teams\/\",\"name\":\"Zignals Teams - Alight MEA\",\"isPartOf\":{\"@id\":\"https:\/\/alightmea.com\/#website\"},\"primaryImageOfPage\":{\"@id\":\"https:\/\/alightmea.com\/produits\/zignals-teams\/#primaryimage\"},\"image\":{\"@id\":\"https:\/\/alightmea.com\/produits\/zignals-teams\/#primaryimage\"},\"thumbnailUrl\":\"https:\/\/i0.wp.com\/alightmea.com\/wp-content\/uploads\/2024\/09\/zignals-teams--e1727343361920.jpg?fit=1766%2C974&ssl=1\",\"datePublished\":\"2023-07-14T09:42:51+00:00\",\"dateModified\":\"2025-05-02T09:30:53+00:00\",\"description\":\"Optimize your collaboration with our innovative solution that transforms Microsoft Teams into an advanced work platform.\",\"breadcrumb\":{\"@id\":\"https:\/\/alightmea.com\/produits\/zignals-teams\/#breadcrumb\"},\"inLanguage\":\"en-US\",\"potentialAction\":[{\"@type\":\"ReadAction\",\"target\":[\"https:\/\/alightmea.com\/produits\/zignals-teams\/\"]}]},{\"@type\":\"ImageObject\",\"inLanguage\":\"en-US\",\"@id\":\"https:\/\/alightmea.com\/produits\/zignals-teams\/#primaryimage\",\"url\":\"https:\/\/i0.wp.com\/alightmea.com\/wp-content\/uploads\/2024\/09\/zignals-teams--e1727343361920.jpg?fit=1766%2C974&ssl=1\",\"contentUrl\":\"https:\/\/i0.wp.com\/alightmea.com\/wp-content\/uploads\/2024\/09\/zignals-teams--e1727343361920.jpg?fit=1766%2C974&ssl=1\",\"width\":1766,\"height\":974,\"caption\":\"Businessman hand with people icons network connection. Business communication concept.\"},{\"@type\":\"BreadcrumbList\",\"@id\":\"https:\/\/alightmea.com\/produits\/zignals-teams\/#breadcrumb\",\"itemListElement\":[{\"@type\":\"ListItem\",\"position\":1,\"name\":\"ACCUEIL\",\"item\":\"https:\/\/alightmea.com\/\"},{\"@type\":\"ListItem\",\"position\":2,\"name\":\"produits\",\"item\":\"https:\/\/alightmea.com\/produits\/\"},{\"@type\":\"ListItem\",\"position\":3,\"name\":\"Zignals Teams\"}]},{\"@type\":\"WebSite\",\"@id\":\"https:\/\/alightmea.com\/#website\",\"url\":\"https:\/\/alightmea.com\/\",\"name\":\"Alight MEA\",\"description\":\"D\u00e9veloppement logiciels et conseil en technologie de l\u2019information des solutions bas\u00e9es sur les produits Microsoft\",\"publisher\":{\"@id\":\"https:\/\/alightmea.com\/#organization\"},\"potentialAction\":[{\"@type\":\"SearchAction\",\"target\":{\"@type\":\"EntryPoint\",\"urlTemplate\":\"https:\/\/alightmea.com\/?s={search_term_string}\"},\"query-input\":{\"@type\":\"PropertyValueSpecification\",\"valueRequired\":true,\"valueName\":\"search_term_string\"}}],\"inLanguage\":\"en-US\"},{\"@type\":\"Organization\",\"@id\":\"https:\/\/alightmea.com\/#organization\",\"name\":\"Alight MEA\",\"url\":\"https:\/\/alightmea.com\/\",\"logo\":{\"@type\":\"ImageObject\",\"inLanguage\":\"en-US\",\"@id\":\"https:\/\/alightmea.com\/#\/schema\/logo\/image\/\",\"url\":\"https:\/\/i0.wp.com\/alightmea.com\/wp-content\/uploads\/2024\/03\/header-logo-1.png?fit=229%2C77&ssl=1\",\"contentUrl\":\"https:\/\/i0.wp.com\/alightmea.com\/wp-content\/uploads\/2024\/03\/header-logo-1.png?fit=229%2C77&ssl=1\",\"width\":229,\"height\":77,\"caption\":\"Alight MEA\"},\"image\":{\"@id\":\"https:\/\/alightmea.com\/#\/schema\/logo\/image\/\"}}]}<\/script>\n<!-- \/ Yoast SEO plugin. -->","yoast_head_json":{"title":"Zignals Teams - Alight MEA","description":"Optimize your collaboration with our innovative solution that transforms Microsoft Teams into an advanced work platform.","robots":{"index":"index","follow":"follow","max-snippet":"max-snippet:-1","max-image-preview":"max-image-preview:large","max-video-preview":"max-video-preview:-1"},"canonical":"https:\/\/alightmea.com\/en\/produits\/zignals-teams\/","og_locale":"en_US","og_type":"article","og_title":"Zignals Teams - Alight MEA","og_description":"Optimize your collaboration with our innovative solution that transforms Microsoft Teams into an advanced work platform.","og_url":"https:\/\/alightmea.com\/en\/produits\/zignals-teams\/","og_site_name":"Alight MEA","article_modified_time":"2025-05-02T09:30:53+00:00","og_image":[{"width":1766,"height":974,"url":"https:\/\/i0.wp.com\/alightmea.com\/wp-content\/uploads\/2024\/09\/zignals-teams--e1727343361920.jpg?fit=1766%2C974&ssl=1","type":"image\/jpeg"}],"twitter_card":"summary_large_image","twitter_misc":{"Est. reading time":"3 minutes"},"schema":{"@context":"https:\/\/schema.org","@graph":[{"@type":"WebPage","@id":"https:\/\/alightmea.com\/produits\/zignals-teams\/","url":"https:\/\/alightmea.com\/produits\/zignals-teams\/","name":"Zignals Teams - Alight MEA","isPartOf":{"@id":"https:\/\/alightmea.com\/#website"},"primaryImageOfPage":{"@id":"https:\/\/alightmea.com\/produits\/zignals-teams\/#primaryimage"},"image":{"@id":"https:\/\/alightmea.com\/produits\/zignals-teams\/#primaryimage"},"thumbnailUrl":"https:\/\/i0.wp.com\/alightmea.com\/wp-content\/uploads\/2024\/09\/zignals-teams--e1727343361920.jpg?fit=1766%2C974&ssl=1","datePublished":"2023-07-14T09:42:51+00:00","dateModified":"2025-05-02T09:30:53+00:00","description":"Optimize your collaboration with our innovative solution that transforms Microsoft Teams into an advanced work platform.","breadcrumb":{"@id":"https:\/\/alightmea.com\/produits\/zignals-teams\/#breadcrumb"},"inLanguage":"en-US","potentialAction":[{"@type":"ReadAction","target":["https:\/\/alightmea.com\/produits\/zignals-teams\/"]}]},{"@type":"ImageObject","inLanguage":"en-US","@id":"https:\/\/alightmea.com\/produits\/zignals-teams\/#primaryimage","url":"https:\/\/i0.wp.com\/alightmea.com\/wp-content\/uploads\/2024\/09\/zignals-teams--e1727343361920.jpg?fit=1766%2C974&ssl=1","contentUrl":"https:\/\/i0.wp.com\/alightmea.com\/wp-content\/uploads\/2024\/09\/zignals-teams--e1727343361920.jpg?fit=1766%2C974&ssl=1","width":1766,"height":974,"caption":"Businessman hand with people icons network connection. Business communication concept."},{"@type":"BreadcrumbList","@id":"https:\/\/alightmea.com\/produits\/zignals-teams\/#breadcrumb","itemListElement":[{"@type":"ListItem","position":1,"name":"ACCUEIL","item":"https:\/\/alightmea.com\/"},{"@type":"ListItem","position":2,"name":"produits","item":"https:\/\/alightmea.com\/produits\/"},{"@type":"ListItem","position":3,"name":"Zignals Teams"}]},{"@type":"WebSite","@id":"https:\/\/alightmea.com\/#website","url":"https:\/\/alightmea.com\/","name":"Alight MEA","description":"D\u00e9veloppement logiciels et conseil en technologie de l\u2019information des solutions bas\u00e9es sur les produits Microsoft","publisher":{"@id":"https:\/\/alightmea.com\/#organization"},"potentialAction":[{"@type":"SearchAction","target":{"@type":"EntryPoint","urlTemplate":"https:\/\/alightmea.com\/?s={search_term_string}"},"query-input":{"@type":"PropertyValueSpecification","valueRequired":true,"valueName":"search_term_string"}}],"inLanguage":"en-US"},{"@type":"Organization","@id":"https:\/\/alightmea.com\/#organization","name":"Alight MEA","url":"https:\/\/alightmea.com\/","logo":{"@type":"ImageObject","inLanguage":"en-US","@id":"https:\/\/alightmea.com\/#\/schema\/logo\/image\/","url":"https:\/\/i0.wp.com\/alightmea.com\/wp-content\/uploads\/2024\/03\/header-logo-1.png?fit=229%2C77&ssl=1","contentUrl":"https:\/\/i0.wp.com\/alightmea.com\/wp-content\/uploads\/2024\/03\/header-logo-1.png?fit=229%2C77&ssl=1","width":229,"height":77,"caption":"Alight MEA"},"image":{"@id":"https:\/\/alightmea.com\/#\/schema\/logo\/image\/"}}]}},"jetpack_sharing_enabled":true,"_links":{"self":[{"href":"https:\/\/alightmea.com\/en\/wp-json\/wp\/v2\/pages\/3136","targetHints":{"allow":["GET"]}}],"collection":[{"href":"https:\/\/alightmea.com\/en\/wp-json\/wp\/v2\/pages"}],"about":[{"href":"https:\/\/alightmea.com\/en\/wp-json\/wp\/v2\/types\/page"}],"author":[{"embeddable":true,"href":"https:\/\/alightmea.com\/en\/wp-json\/wp\/v2\/users\/1"}],"replies":[{"embeddable":true,"href":"https:\/\/alightmea.com\/en\/wp-json\/wp\/v2\/comments?post=3136"}],"version-history":[{"count":144,"href":"https:\/\/alightmea.com\/en\/wp-json\/wp\/v2\/pages\/3136\/revisions"}],"predecessor-version":[{"id":19505,"href":"https:\/\/alightmea.com\/en\/wp-json\/wp\/v2\/pages\/3136\/revisions\/19505"}],"up":[{"embeddable":true,"href":"https:\/\/alightmea.com\/en\/wp-json\/wp\/v2\/pages\/14672"}],"wp:featuredmedia":[{"embeddable":true,"href":"https:\/\/alightmea.com\/en\/wp-json\/wp\/v2\/media\/14348"}],"wp:attachment":[{"href":"https:\/\/alightmea.com\/en\/wp-json\/wp\/v2\/media?parent=3136"}],"curies":[{"name":"wp","href":"https:\/\/api.w.org\/{rel}","templated":true}]}}