{"id":3134,"date":"2023-07-14T11:42:34","date_gmt":"2023-07-14T09:42:34","guid":{"rendered":"http:\/\/localhost:8888\/wordpress\/?page_id=3134"},"modified":"2025-07-01T12:03:50","modified_gmt":"2025-07-01T10:03:50","slug":"zignals-dwp","status":"publish","type":"page","link":"https:\/\/alightmea.com\/en\/produits\/zignals-dwp\/","title":{"rendered":"Zignals Digital Workplace"},"content":{"rendered":"<div data-elementor-type=\"wp-page\" data-elementor-id=\"3134\" class=\"elementor elementor-3134\">\n\t\t\t\t\t\t<section class=\"elementor-section elementor-top-section elementor-element elementor-element-622ed12 elementor-section-full_width after-before elementor-section-height-default elementor-section-height-default\" data-id=\"622ed12\" data-element_type=\"section\">\n\t\t\t\t\t\t<div class=\"elementor-container elementor-column-gap-default\">\n\t\t\t\t\t<div class=\"elementor-column elementor-col-100 elementor-top-column elementor-element elementor-element-f98214e\" data-id=\"f98214e\" data-element_type=\"column\">\n\t\t\t<div class=\"elementor-widget-wrap elementor-element-populated\">\n\t\t\t\t\t\t<div class=\"elementor-element elementor-element-8f9e611 product-bloc text-justify elementor-widget elementor-widget-ITH4about\" data-id=\"8f9e611\" data-element_type=\"widget\" data-widget_type=\"ITH4about.default\">\n\t\t\t\t<div class=\"elementor-widget-container\">\n\t\t\t\t\t\n        <!-- Start About\n    ============================================= -->\n    <div class=\"about-us-content-area overflow-hidden default-padding\">\n        <div class=\"container\">\n            <div class=\"about-items\">\n                <div class=\"row align-center\">\n\n                    <!-- Thumb -->\n                    <div class=\"col-lg-6\">\n                        <div class=\"thumb\">\n                            <img data-recalc-dims=\"1\" decoding=\"async\" src=\"https:\/\/i0.wp.com\/alightmea.com\/wp-content\/uploads\/2024\/05\/accountants-work-analyzing-reports-on-a-digital-ta-2023-11-27-05-29-25-utc.jpg?ssl=1\" alt=\"Thumb\">\n                            <div class=\"overlay\">\n                                <h2><strong>+20<span><\/span><\/strong> Features<\/h2>\n                            <\/div>\n                        <\/div>\n                    <\/div>\n                    <!-- End Thumb -->\n\n                    <div class=\"col-lg-6\">\n                        <div class=\"content\">\n                            <h5><\/h5>\n                            <h2>Zignals Digital Workplace<\/h2>\n                            <p>\n                                Zignals Digital Workplace, est une solution qui regroupe tous vos outils et informations au m\u00eame endroit.\n\nAvec Zignals DWP, vous b\u00e9n\u00e9ficierez d&#039;un point d&#039;entr\u00e9e central pour toutes vos activit\u00e9s quotidiennes telles que: les documents, les rendez-vous, les t\u00e2ches et les applications. Gr\u00e2ce \u00e0 une vue d&#039;ensemble claire, vous pouvez organiser et rationaliser efficacement votre environnement de travail Digital.\nInt\u00e9gr\u00e9 directement \u00e0 Microsoft Teams, Zignals permet de cr\u00e9er des r\u00e9unions instantan\u00e9ment ou de rejoindre des appels en un clic, tout en offrant un aper\u00e7u des documents sur lesquels vous avez r\u00e9cemment travaill\u00e9 dans Microsoft 365. Cette int\u00e9gration fluide simplifie la collaboration et am\u00e9liore la productivit\u00e9.\nZignals est \u00e9quip\u00e9 des derni\u00e8res technologies pour aider les employ\u00e9s dans leurs t\u00e2ches quotidiennes, offrant une utilisation simplifi\u00e9e et fluide.                            <\/p>\n                            <ul>\n                                                            <li>\n                                    <h5><\/h5>\n                                    <p>\n                                         \n                                    <\/p>\n                                <\/li>                            <\/ul>\n                        <\/div>\n                    <\/div>\n                    \n                <\/div>\n            <\/div>\n        <\/div>\n    <\/div>\n    <!-- End About -->\n\n    \t\t\t\t<\/div>\n\t\t\t\t<\/div>\n\t\t\t\t\t<\/div>\n\t\t<\/div>\n\t\t\t\t\t<\/div>\n\t\t<\/section>\n\t\t\t\t<section class=\"elementor-section elementor-top-section elementor-element elementor-element-837db07 elementor-section-full_width elementor-section-height-default elementor-section-height-default\" data-id=\"837db07\" data-element_type=\"section\">\n\t\t\t\t\t\t<div class=\"elementor-container elementor-column-gap-default\">\n\t\t\t\t\t<div class=\"elementor-column elementor-col-50 elementor-top-column elementor-element elementor-element-d76d309 elementor-hidden-tablet elementor-hidden-mobile\" data-id=\"d76d309\" data-element_type=\"column\">\n\t\t\t<div class=\"elementor-widget-wrap\">\n\t\t\t\t\t\t\t<\/div>\n\t\t<\/div>\n\t\t\t\t<div class=\"elementor-column elementor-col-50 elementor-top-column elementor-element elementor-element-8dc9edb b-button d-flex align-items-center\" data-id=\"8dc9edb\" data-element_type=\"column\">\n\t\t\t<div class=\"elementor-widget-wrap elementor-element-populated\">\n\t\t\t\t\t\t<div class=\"elementor-element elementor-element-8a3dfda fit-content mb-0 demo-blc elementor-widget elementor-widget-shortcode\" data-id=\"8a3dfda\" data-element_type=\"widget\" data-widget_type=\"shortcode.default\">\n\t\t\t\t<div class=\"elementor-widget-container\">\n\t\t\t\t\t\t\t<div class=\"elementor-shortcode\"><button data-id=\"12751\" data-post_id=\"3134\" data-form_style=\"on\" data-allow_outside_click=\"\" data-width=\"700px\" class=\"wpb-pcf-form-fire wpb-pcf-btn-large wpb-pcf-btn wpb-pcf-btn-default\">Ask for a Demo<\/button>\n<\/div>\n\t\t\t\t\t\t<\/div>\n\t\t\t\t<\/div>\n\t\t\t\t<div class=\"elementor-element elementor-element-3400946 download fit-content  m-1 elementor-widget elementor-widget-shortcode\" data-id=\"3400946\" data-element_type=\"widget\" data-widget_type=\"shortcode.default\">\n\t\t\t\t<div class=\"elementor-widget-container\">\n\t\t\t\t\t\t\t<div class=\"elementor-shortcode\">\n<button data-id=\"19004\" data-post_id=\"3134\" data-form_style=\"on\" data-allow_outside_click=\"\" data-width=\"700px\" class=\"wpb-pcf-form-fire wpb-pcf-btn-large wpb-pcf-btn wpb-pcf-btn-default\">Download Flyer<\/button>\n\n<\/div>\n\t\t\t\t\t\t<\/div>\n\t\t\t\t<\/div>\n\t\t\t\t\t<\/div>\n\t\t<\/div>\n\t\t\t\t\t<\/div>\n\t\t<\/section>\n\t\t\t\t<section class=\"elementor-section elementor-top-section elementor-element elementor-element-54da2f2 elementor-section-full_width elementor-section-height-default elementor-section-height-default\" data-id=\"54da2f2\" data-element_type=\"section\">\n\t\t\t\t\t\t<div class=\"elementor-container elementor-column-gap-default\">\n\t\t\t\t\t<div class=\"elementor-column elementor-col-100 elementor-top-column elementor-element elementor-element-d8cf94c\" data-id=\"d8cf94c\" data-element_type=\"column\">\n\t\t\t<div class=\"elementor-widget-wrap elementor-element-populated\">\n\t\t\t\t\t\t<div class=\"elementor-element elementor-element-25995a2 p-60 zignals hidenumber elementor-widget elementor-widget-slh5slslider\" data-id=\"25995a2\" data-element_type=\"widget\" id=\"overview\" data-widget_type=\"slh5slslider.default\">\n\t\t\t\t<div class=\"elementor-widget-container\">\n\t\t\t\t\t\n        <!-- Start Overview Area\n    ============================================= -->\n    <div class=\"overview-area bg-gray default-padding\">\n        <div class=\"container\">\n            <div class=\"row\">\n                <div class=\"col-lg-6 offset-lg-3\">\n                    <div class=\"heading-center text-center\">\n                        <h5>Get started with Zignals DWP<\/h5>\n                        <h2>Centralise all your activities <\/h2>\n                    <\/div>\n                <\/div>\n            <\/div>\n        <\/div>\n        <div class=\"container\">\n            <div class=\"software-overview-carousel owl-carousel owl-theme\">\n                                <!-- Single Item -->\n                <div class=\"single-item\">\n                    <div class=\"row align-center\">\n                        <div class=\"col-lg-4\">\n                            <div class=\"left-info text-light\">\n                                <span>01<\/span>\n                                <h4>Centralization and Productivity\u200b<\/h4>\n                                <p>\n                                    Zignals DWP offers a seamless, integrated experience, bringing together all the essential facets of your daily work in one place. With features such as 'My Meetings', 'My Tasks', 'My Applications', 'My Documents' and 'My Teamwork', you have a central entry point for efficiently managing your working day. \u200b                                <\/p>\n                                                        <\/div>\n                        <\/div>\n                        <div class=\"col-lg-8\">\n                            <div class=\"right-info\">\n                                <img data-recalc-dims=\"1\" decoding=\"async\" src=\"https:\/\/i0.wp.com\/alightmea.com\/wp-content\/uploads\/2024\/04\/Capture-decran-2024-04-08-a-10.32.05-AM-1.png?ssl=1\" alt=\"Dashbaord\">\n                            <\/div>\n                        <\/div>\n                    <\/div>\n                <\/div>\n                <!-- End Single Item -->            <\/div>\n        <\/div>\n    <\/div>\n    <!-- End Overview Area -->\n\n    \t\t\t\t<\/div>\n\t\t\t\t<\/div>\n\t\t\t\t\t<\/div>\n\t\t<\/div>\n\t\t\t\t\t<\/div>\n\t\t<\/section>\n\t\t\t\t<section class=\"elementor-section elementor-top-section elementor-element elementor-element-e0605fd call-action my-0 elementor-section-full_width elementor-section-height-default elementor-section-height-default\" data-id=\"e0605fd\" data-element_type=\"section\" data-settings=\"{&quot;background_background&quot;:&quot;classic&quot;}\">\n\t\t\t\t\t\t<div class=\"elementor-container elementor-column-gap-default\">\n\t\t\t\t\t<div class=\"elementor-column elementor-col-100 elementor-top-column elementor-element elementor-element-bc33aff container my-0\" data-id=\"bc33aff\" data-element_type=\"column\" data-settings=\"{&quot;background_background&quot;:&quot;classic&quot;}\">\n\t\t\t<div class=\"elementor-widget-wrap elementor-element-populated\">\n\t\t\t\t\t\t<div class=\"elementor-element elementor-element-f51fe95 elementor-cta--skin-classic elementor-animated-content elementor-bg-transform elementor-bg-transform-zoom-in elementor-widget elementor-widget-call-to-action\" data-id=\"f51fe95\" data-element_type=\"widget\" data-widget_type=\"call-to-action.default\">\n\t\t\t\t<div class=\"elementor-widget-container\">\n\t\t\t\t\t\t\t<div class=\"elementor-cta\">\n\t\t\t\t\t\t\t<div class=\"elementor-cta__content\">\n\t\t\t\t\n\t\t\t\t<h2 class=\"elementor-cta__title elementor-cta__content-item elementor-content-item\">Zignals Digital Workplace - Simplify Your Digital Workspace <\/h2>\n\t\t\t\t\t\t\t\t\t<div class=\"elementor-cta__description elementor-cta__content-item elementor-content-item\">\n\t\t\t\t\t\tZignals centralizes your tools and tasks, offering a streamlined, intuitive digital workspace. Simplify your daily activities with Zignals\u2019 advanced technologies. \t\t\t\t\t<\/div>\n\t\t\t\t\n\t\t\t\t\t\t\t\t\t<div class=\"elementor-cta__button-wrapper elementor-cta__content-item elementor-content-item\">\n\t\t\t\t\t<a class=\"elementor-cta__button elementor-button elementor-size-sm\" href=\"https:\/\/zignals.eu\/en\/\" target=\"_blank\">\n\t\t\t\t\t\tRead More\t\t\t\t\t<\/a>\n\t\t\t\t\t<\/div>\n\t\t\t\t\t\t\t<\/div>\n\t\t\t\t\t\t<\/div>\n\t\t\t\t\t\t<\/div>\n\t\t\t\t<\/div>\n\t\t\t\t\t<\/div>\n\t\t<\/div>\n\t\t\t\t\t<\/div>\n\t\t<\/section>\n\t\t\t\t<\/div>","protected":false},"excerpt":{"rendered":"<p>+20 Fonctionnlit\u00e9s Zignals Digital Workplace Zignals Digital Workplace, est une solution qui regroupe tous vos outils et informations au m\u00eame endroit. Avec Zignals DWP, vous b\u00e9n\u00e9ficierez d&#039;un point d&#039;entr\u00e9e central pour toutes vos activit\u00e9s quotidiennes telles que: les documents, les rendez-vous, les t\u00e2ches et les applications. Gr\u00e2ce \u00e0 une vue d&#039;ensemble claire, vous pouvez organiser [&hellip;]<\/p>","protected":false},"author":1,"featured_media":14338,"parent":14672,"menu_order":0,"comment_status":"closed","ping_status":"closed","template":"page-templates\/pages.php","meta":{"om_disable_all_campaigns":false,"_monsterinsights_skip_tracking":false,"_monsterinsights_sitenote_active":false,"_monsterinsights_sitenote_note":"","_monsterinsights_sitenote_category":0,"footnotes":""},"class_list":["post-3134","page","type-page","status-publish","has-post-thumbnail","hentry"],"yoast_head":"<!-- This site is optimized with the Yoast SEO plugin v26.6 - https:\/\/yoast.com\/wordpress\/plugins\/seo\/ -->\n<title>Zignals Digital Workplace - Alight MEA<\/title>\n<meta name=\"description\" content=\"Zignals Digital Workplace is a solution that brings all your tools and information together in one place.\" \/>\n<meta name=\"robots\" content=\"index, follow, max-snippet:-1, max-image-preview:large, max-video-preview:-1\" \/>\n<link rel=\"canonical\" href=\"https:\/\/alightmea.com\/en\/produits\/zignals-dwp\/\" \/>\n<meta property=\"og:locale\" content=\"en_US\" \/>\n<meta property=\"og:type\" content=\"article\" \/>\n<meta property=\"og:title\" content=\"Zignals Digital Workplace - Alight MEA\" \/>\n<meta property=\"og:description\" content=\"Zignals Digital Workplace is a solution that brings all your tools and information together in one place.\" \/>\n<meta property=\"og:url\" content=\"https:\/\/alightmea.com\/en\/produits\/zignals-dwp\/\" \/>\n<meta property=\"og:site_name\" content=\"Alight MEA\" \/>\n<meta property=\"article:modified_time\" content=\"2025-07-01T10:03:50+00:00\" \/>\n<meta property=\"og:image\" content=\"https:\/\/alightmea.com\/wp-content\/uploads\/2024\/09\/DWP-e1726826805910.jpg\" \/>\n\t<meta property=\"og:image:width\" content=\"1200\" \/>\n\t<meta property=\"og:image:height\" content=\"640\" \/>\n\t<meta property=\"og:image:type\" content=\"image\/jpeg\" \/>\n<meta name=\"twitter:card\" content=\"summary_large_image\" \/>\n<meta name=\"twitter:label1\" content=\"Est. reading time\" \/>\n\t<meta name=\"twitter:data1\" content=\"2 minutes\" \/>\n<script type=\"application\/ld+json\" class=\"yoast-schema-graph\">{\"@context\":\"https:\/\/schema.org\",\"@graph\":[{\"@type\":\"WebPage\",\"@id\":\"https:\/\/alightmea.com\/produits\/zignals-dwp\/\",\"url\":\"https:\/\/alightmea.com\/produits\/zignals-dwp\/\",\"name\":\"Zignals Digital Workplace - Alight MEA\",\"isPartOf\":{\"@id\":\"https:\/\/alightmea.com\/#website\"},\"primaryImageOfPage\":{\"@id\":\"https:\/\/alightmea.com\/produits\/zignals-dwp\/#primaryimage\"},\"image\":{\"@id\":\"https:\/\/alightmea.com\/produits\/zignals-dwp\/#primaryimage\"},\"thumbnailUrl\":\"https:\/\/i0.wp.com\/alightmea.com\/wp-content\/uploads\/2024\/09\/DWP-e1726826805910.jpg?fit=1200%2C640&ssl=1\",\"datePublished\":\"2023-07-14T09:42:34+00:00\",\"dateModified\":\"2025-07-01T10:03:50+00:00\",\"description\":\"Zignals Digital Workplace is a solution that brings all your tools and information together in one place.\",\"breadcrumb\":{\"@id\":\"https:\/\/alightmea.com\/produits\/zignals-dwp\/#breadcrumb\"},\"inLanguage\":\"en-US\",\"potentialAction\":[{\"@type\":\"ReadAction\",\"target\":[\"https:\/\/alightmea.com\/produits\/zignals-dwp\/\"]}]},{\"@type\":\"ImageObject\",\"inLanguage\":\"en-US\",\"@id\":\"https:\/\/alightmea.com\/produits\/zignals-dwp\/#primaryimage\",\"url\":\"https:\/\/i0.wp.com\/alightmea.com\/wp-content\/uploads\/2024\/09\/DWP-e1726826805910.jpg?fit=1200%2C640&ssl=1\",\"contentUrl\":\"https:\/\/i0.wp.com\/alightmea.com\/wp-content\/uploads\/2024\/09\/DWP-e1726826805910.jpg?fit=1200%2C640&ssl=1\",\"width\":1200,\"height\":640,\"caption\":\"Business and technology\"},{\"@type\":\"BreadcrumbList\",\"@id\":\"https:\/\/alightmea.com\/produits\/zignals-dwp\/#breadcrumb\",\"itemListElement\":[{\"@type\":\"ListItem\",\"position\":1,\"name\":\"ACCUEIL\",\"item\":\"https:\/\/alightmea.com\/\"},{\"@type\":\"ListItem\",\"position\":2,\"name\":\"produits\",\"item\":\"https:\/\/alightmea.com\/produits\/\"},{\"@type\":\"ListItem\",\"position\":3,\"name\":\"Zignals Digital Workplace\"}]},{\"@type\":\"WebSite\",\"@id\":\"https:\/\/alightmea.com\/#website\",\"url\":\"https:\/\/alightmea.com\/\",\"name\":\"Alight MEA\",\"description\":\"D\u00e9veloppement logiciels et conseil en technologie de l\u2019information des solutions bas\u00e9es sur les produits Microsoft\",\"publisher\":{\"@id\":\"https:\/\/alightmea.com\/#organization\"},\"potentialAction\":[{\"@type\":\"SearchAction\",\"target\":{\"@type\":\"EntryPoint\",\"urlTemplate\":\"https:\/\/alightmea.com\/?s={search_term_string}\"},\"query-input\":{\"@type\":\"PropertyValueSpecification\",\"valueRequired\":true,\"valueName\":\"search_term_string\"}}],\"inLanguage\":\"en-US\"},{\"@type\":\"Organization\",\"@id\":\"https:\/\/alightmea.com\/#organization\",\"name\":\"Alight MEA\",\"url\":\"https:\/\/alightmea.com\/\",\"logo\":{\"@type\":\"ImageObject\",\"inLanguage\":\"en-US\",\"@id\":\"https:\/\/alightmea.com\/#\/schema\/logo\/image\/\",\"url\":\"https:\/\/i0.wp.com\/alightmea.com\/wp-content\/uploads\/2024\/03\/header-logo-1.png?fit=229%2C77&ssl=1\",\"contentUrl\":\"https:\/\/i0.wp.com\/alightmea.com\/wp-content\/uploads\/2024\/03\/header-logo-1.png?fit=229%2C77&ssl=1\",\"width\":229,\"height\":77,\"caption\":\"Alight MEA\"},\"image\":{\"@id\":\"https:\/\/alightmea.com\/#\/schema\/logo\/image\/\"}}]}<\/script>\n<!-- \/ Yoast SEO plugin. -->","yoast_head_json":{"title":"Zignals Digital Workplace - Alight MEA","description":"Zignals Digital Workplace is a solution that brings all your tools and information together in one place.","robots":{"index":"index","follow":"follow","max-snippet":"max-snippet:-1","max-image-preview":"max-image-preview:large","max-video-preview":"max-video-preview:-1"},"canonical":"https:\/\/alightmea.com\/en\/produits\/zignals-dwp\/","og_locale":"en_US","og_type":"article","og_title":"Zignals Digital Workplace - Alight MEA","og_description":"Zignals Digital Workplace is a solution that brings all your tools and information together in one place.","og_url":"https:\/\/alightmea.com\/en\/produits\/zignals-dwp\/","og_site_name":"Alight MEA","article_modified_time":"2025-07-01T10:03:50+00:00","og_image":[{"width":1200,"height":640,"url":"https:\/\/alightmea.com\/wp-content\/uploads\/2024\/09\/DWP-e1726826805910.jpg","type":"image\/jpeg"}],"twitter_card":"summary_large_image","twitter_misc":{"Est. reading time":"2 minutes"},"schema":{"@context":"https:\/\/schema.org","@graph":[{"@type":"WebPage","@id":"https:\/\/alightmea.com\/produits\/zignals-dwp\/","url":"https:\/\/alightmea.com\/produits\/zignals-dwp\/","name":"Zignals Digital Workplace - Alight MEA","isPartOf":{"@id":"https:\/\/alightmea.com\/#website"},"primaryImageOfPage":{"@id":"https:\/\/alightmea.com\/produits\/zignals-dwp\/#primaryimage"},"image":{"@id":"https:\/\/alightmea.com\/produits\/zignals-dwp\/#primaryimage"},"thumbnailUrl":"https:\/\/i0.wp.com\/alightmea.com\/wp-content\/uploads\/2024\/09\/DWP-e1726826805910.jpg?fit=1200%2C640&ssl=1","datePublished":"2023-07-14T09:42:34+00:00","dateModified":"2025-07-01T10:03:50+00:00","description":"Zignals Digital Workplace is a solution that brings all your tools and information together in one place.","breadcrumb":{"@id":"https:\/\/alightmea.com\/produits\/zignals-dwp\/#breadcrumb"},"inLanguage":"en-US","potentialAction":[{"@type":"ReadAction","target":["https:\/\/alightmea.com\/produits\/zignals-dwp\/"]}]},{"@type":"ImageObject","inLanguage":"en-US","@id":"https:\/\/alightmea.com\/produits\/zignals-dwp\/#primaryimage","url":"https:\/\/i0.wp.com\/alightmea.com\/wp-content\/uploads\/2024\/09\/DWP-e1726826805910.jpg?fit=1200%2C640&ssl=1","contentUrl":"https:\/\/i0.wp.com\/alightmea.com\/wp-content\/uploads\/2024\/09\/DWP-e1726826805910.jpg?fit=1200%2C640&ssl=1","width":1200,"height":640,"caption":"Business and technology"},{"@type":"BreadcrumbList","@id":"https:\/\/alightmea.com\/produits\/zignals-dwp\/#breadcrumb","itemListElement":[{"@type":"ListItem","position":1,"name":"ACCUEIL","item":"https:\/\/alightmea.com\/"},{"@type":"ListItem","position":2,"name":"produits","item":"https:\/\/alightmea.com\/produits\/"},{"@type":"ListItem","position":3,"name":"Zignals Digital Workplace"}]},{"@type":"WebSite","@id":"https:\/\/alightmea.com\/#website","url":"https:\/\/alightmea.com\/","name":"Alight MEA","description":"D\u00e9veloppement logiciels et conseil en technologie de l\u2019information des solutions bas\u00e9es sur les produits Microsoft","publisher":{"@id":"https:\/\/alightmea.com\/#organization"},"potentialAction":[{"@type":"SearchAction","target":{"@type":"EntryPoint","urlTemplate":"https:\/\/alightmea.com\/?s={search_term_string}"},"query-input":{"@type":"PropertyValueSpecification","valueRequired":true,"valueName":"search_term_string"}}],"inLanguage":"en-US"},{"@type":"Organization","@id":"https:\/\/alightmea.com\/#organization","name":"Alight MEA","url":"https:\/\/alightmea.com\/","logo":{"@type":"ImageObject","inLanguage":"en-US","@id":"https:\/\/alightmea.com\/#\/schema\/logo\/image\/","url":"https:\/\/i0.wp.com\/alightmea.com\/wp-content\/uploads\/2024\/03\/header-logo-1.png?fit=229%2C77&ssl=1","contentUrl":"https:\/\/i0.wp.com\/alightmea.com\/wp-content\/uploads\/2024\/03\/header-logo-1.png?fit=229%2C77&ssl=1","width":229,"height":77,"caption":"Alight MEA"},"image":{"@id":"https:\/\/alightmea.com\/#\/schema\/logo\/image\/"}}]}},"jetpack_sharing_enabled":true,"_links":{"self":[{"href":"https:\/\/alightmea.com\/en\/wp-json\/wp\/v2\/pages\/3134","targetHints":{"allow":["GET"]}}],"collection":[{"href":"https:\/\/alightmea.com\/en\/wp-json\/wp\/v2\/pages"}],"about":[{"href":"https:\/\/alightmea.com\/en\/wp-json\/wp\/v2\/types\/page"}],"author":[{"embeddable":true,"href":"https:\/\/alightmea.com\/en\/wp-json\/wp\/v2\/users\/1"}],"replies":[{"embeddable":true,"href":"https:\/\/alightmea.com\/en\/wp-json\/wp\/v2\/comments?post=3134"}],"version-history":[{"count":159,"href":"https:\/\/alightmea.com\/en\/wp-json\/wp\/v2\/pages\/3134\/revisions"}],"predecessor-version":[{"id":21028,"href":"https:\/\/alightmea.com\/en\/wp-json\/wp\/v2\/pages\/3134\/revisions\/21028"}],"up":[{"embeddable":true,"href":"https:\/\/alightmea.com\/en\/wp-json\/wp\/v2\/pages\/14672"}],"wp:featuredmedia":[{"embeddable":true,"href":"https:\/\/alightmea.com\/en\/wp-json\/wp\/v2\/media\/14338"}],"wp:attachment":[{"href":"https:\/\/alightmea.com\/en\/wp-json\/wp\/v2\/media?parent=3134"}],"curies":[{"name":"wp","href":"https:\/\/api.w.org\/{rel}","templated":true}]}}