{"id":3130,"date":"2023-07-14T11:41:59","date_gmt":"2023-07-14T09:41:59","guid":{"rendered":"http:\/\/localhost:8888\/wordpress\/?page_id=3130"},"modified":"2025-04-30T18:11:27","modified_gmt":"2025-04-30T16:11:27","slug":"service-management-digitence","status":"publish","type":"page","link":"https:\/\/alightmea.com\/en\/produits\/service-management-digitence\/","title":{"rendered":"Service Management: Digitence"},"content":{"rendered":"<div data-elementor-type=\"wp-page\" data-elementor-id=\"3130\" class=\"elementor elementor-3130\">\n\t\t\t\t\t\t<section class=\"elementor-section elementor-top-section elementor-element elementor-element-54da2f2 elementor-section-full_width after-before elementor-section-height-default elementor-section-height-default\" data-id=\"54da2f2\" data-element_type=\"section\">\n\t\t\t\t\t\t<div class=\"elementor-container elementor-column-gap-default\">\n\t\t\t\t\t<div class=\"elementor-column elementor-col-100 elementor-top-column elementor-element elementor-element-d8cf94c\" data-id=\"d8cf94c\" data-element_type=\"column\">\n\t\t\t<div class=\"elementor-widget-wrap elementor-element-populated\">\n\t\t\t\t\t\t<div class=\"elementor-element elementor-element-187cd6b product-bloc text-justify elementor-widget elementor-widget-ITH4about\" data-id=\"187cd6b\" data-element_type=\"widget\" data-widget_type=\"ITH4about.default\">\n\t\t\t\t<div class=\"elementor-widget-container\">\n\t\t\t\t\t\n        <!-- Start About\n    ============================================= -->\n    <div class=\"about-us-content-area overflow-hidden default-padding\">\n        <div class=\"container\">\n            <div class=\"about-items\">\n                <div class=\"row align-center\">\n\n                    <!-- Thumb -->\n                    <div class=\"col-lg-6\">\n                        <div class=\"thumb\">\n                            <img data-recalc-dims=\"1\" decoding=\"async\" src=\"https:\/\/i0.wp.com\/alightmea.com\/wp-content\/uploads\/2024\/05\/global-business-and-finance-2023-11-27-05-30-48-utc.jpg?ssl=1\" alt=\"Thumb\">\n                            <div class=\"overlay\">\n                                <h2><strong>+20<span><\/span><\/strong> Features<\/h2>\n                            <\/div>\n                        <\/div>\n                    <\/div>\n                    <!-- End Thumb -->\n\n                    <div class=\"col-lg-6\">\n                        <div class=\"content\">\n                            <h5><\/h5>\n                            <h2>Digitence<\/h2>\n                            <p>\n                                Digitence est bien plus qu&#039;un logiciel, c&#039;est une Solution business compl\u00e8te con\u00e7ue sp\u00e9cifiquement pour les utilisateurs d&#039;Office 365.\n\nB\u00e2ti sur Microsoft SharePoint Online, Digitence offre une structure modulaire unique qui simplifie la gestion de la cha\u00eene d&#039;approvisionnement, des achats, des services, des ventes et des centres d&#039;appui.\n\nCette solution tout-en-un assure une efficacit\u00e9 maximale, avec une assistance personnalis\u00e9e et des composants int\u00e9gr\u00e9s pour r\u00e9pondre aux besoins sp\u00e9cifiques de votre entreprise.                             <\/p>\n                            <ul>\n                                                            <li>\n                                    <h5><\/h5>\n                                    <p>\n                                         \n                                    <\/p>\n                                <\/li>                            <\/ul>\n                        <\/div>\n                    <\/div>\n                    \n                <\/div>\n            <\/div>\n        <\/div>\n    <\/div>\n    <!-- End About -->\n\n    \t\t\t\t<\/div>\n\t\t\t\t<\/div>\n\t\t\t\t\t<\/div>\n\t\t<\/div>\n\t\t\t\t\t<\/div>\n\t\t<\/section>\n\t\t\t\t<section class=\"elementor-section elementor-top-section elementor-element elementor-element-406a3a5 elementor-section-full_width elementor-section-height-default elementor-section-height-default\" data-id=\"406a3a5\" data-element_type=\"section\">\n\t\t\t\t\t\t<div class=\"elementor-container elementor-column-gap-default\">\n\t\t\t\t\t<div class=\"elementor-column elementor-col-50 elementor-top-column elementor-element elementor-element-971fd60 elementor-hidden-tablet elementor-hidden-mobile\" data-id=\"971fd60\" data-element_type=\"column\">\n\t\t\t<div class=\"elementor-widget-wrap\">\n\t\t\t\t\t\t\t<\/div>\n\t\t<\/div>\n\t\t\t\t<div class=\"elementor-column elementor-col-50 elementor-top-column elementor-element elementor-element-3ce99dd b-button d-flex align-items-center\" data-id=\"3ce99dd\" data-element_type=\"column\">\n\t\t\t<div class=\"elementor-widget-wrap elementor-element-populated\">\n\t\t\t\t\t\t<div class=\"elementor-element elementor-element-1abb496 fit-content mb-0 demo-blc elementor-widget elementor-widget-shortcode\" data-id=\"1abb496\" data-element_type=\"widget\" data-widget_type=\"shortcode.default\">\n\t\t\t\t<div class=\"elementor-widget-container\">\n\t\t\t\t\t\t\t<div class=\"elementor-shortcode\"><button data-id=\"12751\" data-post_id=\"3130\" data-form_style=\"on\" data-allow_outside_click=\"\" data-width=\"700px\" class=\"wpb-pcf-form-fire wpb-pcf-btn-large wpb-pcf-btn wpb-pcf-btn-default\">Ask for a Demo<\/button>\n<\/div>\n\t\t\t\t\t\t<\/div>\n\t\t\t\t<\/div>\n\t\t\t\t<div class=\"elementor-element elementor-element-9dbbc57 download fit-content  m-1 elementor-widget elementor-widget-shortcode\" data-id=\"9dbbc57\" data-element_type=\"widget\" data-widget_type=\"shortcode.default\">\n\t\t\t\t<div class=\"elementor-widget-container\">\n\t\t\t\t\t\t\t<div class=\"elementor-shortcode\">\n<button data-id=\"19004\" data-post_id=\"3130\" data-form_style=\"on\" data-allow_outside_click=\"\" data-width=\"700px\" class=\"wpb-pcf-form-fire wpb-pcf-btn-large wpb-pcf-btn wpb-pcf-btn-default\">Download Flyer<\/button>\n\n<\/div>\n\t\t\t\t\t\t<\/div>\n\t\t\t\t<\/div>\n\t\t\t\t\t<\/div>\n\t\t<\/div>\n\t\t\t\t\t<\/div>\n\t\t<\/section>\n\t\t\t\t<section class=\"elementor-section elementor-top-section elementor-element elementor-element-14f5c9d elementor-section-full_width elementor-section-height-default elementor-section-height-default\" data-id=\"14f5c9d\" data-element_type=\"section\">\n\t\t\t\t\t\t<div class=\"elementor-container elementor-column-gap-default\">\n\t\t\t\t\t<div class=\"elementor-column elementor-col-100 elementor-top-column elementor-element elementor-element-d36ad32\" data-id=\"d36ad32\" data-element_type=\"column\">\n\t\t\t<div class=\"elementor-widget-wrap elementor-element-populated\">\n\t\t\t\t\t\t<div class=\"elementor-element elementor-element-25995a2 fix-h2 p-60 elementor-widget elementor-widget-slh5slslider\" data-id=\"25995a2\" data-element_type=\"widget\" id=\"overview\" data-widget_type=\"slh5slslider.default\">\n\t\t\t\t<div class=\"elementor-widget-container\">\n\t\t\t\t\t\n        <!-- Start Overview Area\n    ============================================= -->\n    <div class=\"overview-area bg-gray default-padding\">\n        <div class=\"container\">\n            <div class=\"row\">\n                <div class=\"col-lg-6 offset-lg-3\">\n                    <div class=\"heading-center text-center\">\n                        <h5>Get started with Digitence<\/h5>\n                        <h2>Streamline your business processes<\/h2>\n                    <\/div>\n                <\/div>\n            <\/div>\n        <\/div>\n        <div class=\"container\">\n            <div class=\"software-overview-carousel owl-carousel owl-theme\">\n                                <!-- Single Item -->\n                <div class=\"single-item\">\n                    <div class=\"row align-center\">\n                        <div class=\"col-lg-4\">\n                            <div class=\"left-info text-light\">\n                                <span>01<\/span>\n                                <h4>Optimization of Financial Decisions \u200b<\/h4>\n                                <p>\n                                    You can view purchase prices, material costs and other relevant financial information. With this increased visibility of the economic aspects of your business, you can make more informed decisions and optimize your finance and procurement management.\u200b                                <\/p>\n                                                        <\/div>\n                        <\/div>\n                        <div class=\"col-lg-8\">\n                            <div class=\"right-info\">\n                                <img data-recalc-dims=\"1\" decoding=\"async\" src=\"https:\/\/i0.wp.com\/alightmea.com\/wp-content\/uploads\/2024\/04\/Digitence_1.jpg?ssl=1\" alt=\"Dashbaord\">\n                            <\/div>\n                        <\/div>\n                    <\/div>\n                <\/div>\n                <!-- End Single Item -->                <!-- Single Item -->\n                <div class=\"single-item\">\n                    <div class=\"row align-center\">\n                        <div class=\"col-lg-4\">\n                            <div class=\"left-info text-light\">\n                                <span>02<\/span>\n                                <h4>Tender management<\/h4>\n                                <p>\n                                    Tender management gives you a detailed and comprehensive view of the essential expenditure for each project. This feature enables you to monitor the process in real time, make rapid, informed decisions, and manage each stage seamlessly. It provides greater visibility of costs and progress, ensuring efficient and optimized project management.                                <\/p>\n                                                        <\/div>\n                        <\/div>\n                        <div class=\"col-lg-8\">\n                            <div class=\"right-info\">\n                                <img data-recalc-dims=\"1\" decoding=\"async\" src=\"https:\/\/i0.wp.com\/alightmea.com\/wp-content\/uploads\/2024\/04\/Digitence_2.jpg?ssl=1\" alt=\"Dashbaord\">\n                            <\/div>\n                        <\/div>\n                    <\/div>\n                <\/div>\n                <!-- End Single Item -->                <!-- Single Item -->\n                <div class=\"single-item\">\n                    <div class=\"row align-center\">\n                        <div class=\"col-lg-4\">\n                            <div class=\"left-info text-light\">\n                                <span>03<\/span>\n                                <h4>Efficient Documentation Management \u200b<\/h4>\n                                <p>\n                                    Function Center provides a detailed overview of documents that are essential for your business. With this feature, you can manage your document resources efficiently, simplifying collaboration and monitoring of crucial information. \u200b                                <\/p>\n                                                        <\/div>\n                        <\/div>\n                        <div class=\"col-lg-8\">\n                            <div class=\"right-info\">\n                                <img data-recalc-dims=\"1\" decoding=\"async\" src=\"https:\/\/i0.wp.com\/alightmea.com\/wp-content\/uploads\/2024\/04\/Digitence_3.jpg?ssl=1\" alt=\"Dashbaord\">\n                            <\/div>\n                        <\/div>\n                    <\/div>\n                <\/div>\n                <!-- End Single Item -->            <\/div>\n        <\/div>\n    <\/div>\n    <!-- End Overview Area -->\n\n    \t\t\t\t<\/div>\n\t\t\t\t<\/div>\n\t\t\t\t\t<\/div>\n\t\t<\/div>\n\t\t\t\t\t<\/div>\n\t\t<\/section>\n\t\t\t\t<section class=\"elementor-section elementor-top-section elementor-element elementor-element-1e2497d call-action my-0 elementor-section-full_width elementor-section-height-default elementor-section-height-default\" data-id=\"1e2497d\" data-element_type=\"section\" data-settings=\"{&quot;background_background&quot;:&quot;classic&quot;}\">\n\t\t\t\t\t\t<div class=\"elementor-container elementor-column-gap-default\">\n\t\t\t\t\t<div class=\"elementor-column elementor-col-100 elementor-top-column elementor-element elementor-element-868800d container my-0\" data-id=\"868800d\" data-element_type=\"column\" data-settings=\"{&quot;background_background&quot;:&quot;classic&quot;}\">\n\t\t\t<div class=\"elementor-widget-wrap elementor-element-populated\">\n\t\t\t\t\t\t<div class=\"elementor-element elementor-element-bd72f6f elementor-cta--skin-classic elementor-animated-content elementor-bg-transform elementor-bg-transform-zoom-in elementor-widget elementor-widget-call-to-action\" data-id=\"bd72f6f\" data-element_type=\"widget\" data-widget_type=\"call-to-action.default\">\n\t\t\t\t<div class=\"elementor-widget-container\">\n\t\t\t\t\t\t\t<div class=\"elementor-cta\">\n\t\t\t\t\t\t\t<div class=\"elementor-cta__content\">\n\t\t\t\t\n\t\t\t\t<h2 class=\"elementor-cta__title elementor-cta__content-item elementor-content-item\">Digitence - Your Comprehensive Business Solution <\/h2>\n\t\t\t\t\t\t\t\t\t<div class=\"elementor-cta__description elementor-cta__content-item elementor-content-item\">\n\t\t\t\t\t\tDigitence is a complete solution for Office 365 users, simplifying supply chain management and more thanks to its modular structure on SharePoint Online. \t\t\t\t\t<\/div>\n\t\t\t\t\n\t\t\t\t\t\t\t\t\t<div class=\"elementor-cta__button-wrapper elementor-cta__content-item elementor-content-item\">\n\t\t\t\t\t<a class=\"elementor-cta__button elementor-button elementor-size-sm\" href=\"https:\/\/digitence.org\/\" target=\"_blank\">\n\t\t\t\t\t\tRead More\t\t\t\t\t<\/a>\n\t\t\t\t\t<\/div>\n\t\t\t\t\t\t\t<\/div>\n\t\t\t\t\t\t<\/div>\n\t\t\t\t\t\t<\/div>\n\t\t\t\t<\/div>\n\t\t\t\t\t<\/div>\n\t\t<\/div>\n\t\t\t\t\t<\/div>\n\t\t<\/section>\n\t\t\t\t<\/div>","protected":false},"excerpt":{"rendered":"<p>+20 Fonctionnlit\u00e9s Digitence Digitence est bien plus qu&#039;un logiciel, c&#039;est une Solution business compl\u00e8te con\u00e7ue sp\u00e9cifiquement pour les utilisateurs d&#039;Office 365. B\u00e2ti sur Microsoft SharePoint Online, Digitence offre une structure modulaire unique qui simplifie la gestion de la cha\u00eene d&#039;approvisionnement, des achats, des services, des ventes et des centres d&#039;appui. Cette solution tout-en-un assure une [&hellip;]<\/p>","protected":false},"author":1,"featured_media":14335,"parent":14672,"menu_order":0,"comment_status":"closed","ping_status":"closed","template":"page-templates\/pages.php","meta":{"om_disable_all_campaigns":false,"_monsterinsights_skip_tracking":false,"_monsterinsights_sitenote_active":false,"_monsterinsights_sitenote_note":"","_monsterinsights_sitenote_category":0,"footnotes":""},"class_list":["post-3130","page","type-page","status-publish","has-post-thumbnail","hentry"],"yoast_head":"<!-- This site is optimized with the Yoast SEO plugin v26.6 - https:\/\/yoast.com\/wordpress\/plugins\/seo\/ -->\n<title>Service Management: Digitence - Alight MEA<\/title>\n<meta name=\"description\" content=\"Digitence is much more than software, it&#039;s a complete business solution designed specifically for current and future Office 365 users.\" \/>\n<meta name=\"robots\" content=\"index, follow, max-snippet:-1, max-image-preview:large, max-video-preview:-1\" \/>\n<link rel=\"canonical\" href=\"https:\/\/alightmea.com\/en\/produits\/service-management-digitence\/\" \/>\n<meta property=\"og:locale\" content=\"en_US\" \/>\n<meta property=\"og:type\" content=\"article\" \/>\n<meta property=\"og:title\" content=\"Service Management: Digitence - Alight MEA\" \/>\n<meta property=\"og:description\" content=\"Digitence is much more than software, it&#039;s a complete business solution designed specifically for current and future Office 365 users.\" \/>\n<meta property=\"og:url\" content=\"https:\/\/alightmea.com\/en\/produits\/service-management-digitence\/\" \/>\n<meta property=\"og:site_name\" content=\"Alight MEA\" \/>\n<meta property=\"article:modified_time\" content=\"2025-04-30T16:11:27+00:00\" \/>\n<meta property=\"og:image\" content=\"https:\/\/i0.wp.com\/alightmea.com\/wp-content\/uploads\/2024\/09\/Digitence.jpg?fit=1423%2C950&ssl=1\" \/>\n\t<meta property=\"og:image:width\" content=\"1423\" \/>\n\t<meta property=\"og:image:height\" content=\"950\" \/>\n\t<meta property=\"og:image:type\" content=\"image\/jpeg\" \/>\n<meta name=\"twitter:card\" content=\"summary_large_image\" \/>\n<meta name=\"twitter:label1\" content=\"Est. reading time\" \/>\n\t<meta name=\"twitter:data1\" content=\"3 minutes\" \/>\n<script type=\"application\/ld+json\" class=\"yoast-schema-graph\">{\"@context\":\"https:\/\/schema.org\",\"@graph\":[{\"@type\":\"WebPage\",\"@id\":\"https:\/\/alightmea.com\/produits\/service-management-digitence\/\",\"url\":\"https:\/\/alightmea.com\/produits\/service-management-digitence\/\",\"name\":\"Service Management: Digitence - Alight MEA\",\"isPartOf\":{\"@id\":\"https:\/\/alightmea.com\/#website\"},\"primaryImageOfPage\":{\"@id\":\"https:\/\/alightmea.com\/produits\/service-management-digitence\/#primaryimage\"},\"image\":{\"@id\":\"https:\/\/alightmea.com\/produits\/service-management-digitence\/#primaryimage\"},\"thumbnailUrl\":\"https:\/\/i0.wp.com\/alightmea.com\/wp-content\/uploads\/2024\/09\/Digitence.jpg?fit=1423%2C950&ssl=1\",\"datePublished\":\"2023-07-14T09:41:59+00:00\",\"dateModified\":\"2025-04-30T16:11:27+00:00\",\"description\":\"Digitence is much more than software, it's a complete business solution designed specifically for current and future Office 365 users.\",\"breadcrumb\":{\"@id\":\"https:\/\/alightmea.com\/produits\/service-management-digitence\/#breadcrumb\"},\"inLanguage\":\"en-US\",\"potentialAction\":[{\"@type\":\"ReadAction\",\"target\":[\"https:\/\/alightmea.com\/produits\/service-management-digitence\/\"]}]},{\"@type\":\"ImageObject\",\"inLanguage\":\"en-US\",\"@id\":\"https:\/\/alightmea.com\/produits\/service-management-digitence\/#primaryimage\",\"url\":\"https:\/\/i0.wp.com\/alightmea.com\/wp-content\/uploads\/2024\/09\/Digitence.jpg?fit=1423%2C950&ssl=1\",\"contentUrl\":\"https:\/\/i0.wp.com\/alightmea.com\/wp-content\/uploads\/2024\/09\/Digitence.jpg?fit=1423%2C950&ssl=1\",\"width\":1423,\"height\":950,\"caption\":\"Accountant calculating profit with financial analysis graphs. Notebook, glasses and calculator lying on desk. Accountancy concept. Cropped view.\"},{\"@type\":\"BreadcrumbList\",\"@id\":\"https:\/\/alightmea.com\/produits\/service-management-digitence\/#breadcrumb\",\"itemListElement\":[{\"@type\":\"ListItem\",\"position\":1,\"name\":\"ACCUEIL\",\"item\":\"https:\/\/alightmea.com\/\"},{\"@type\":\"ListItem\",\"position\":2,\"name\":\"produits\",\"item\":\"https:\/\/alightmea.com\/produits\/\"},{\"@type\":\"ListItem\",\"position\":3,\"name\":\"Service Management: Digitence\"}]},{\"@type\":\"WebSite\",\"@id\":\"https:\/\/alightmea.com\/#website\",\"url\":\"https:\/\/alightmea.com\/\",\"name\":\"Alight MEA\",\"description\":\"D\u00e9veloppement logiciels et conseil en technologie de l\u2019information des solutions bas\u00e9es sur les produits Microsoft\",\"publisher\":{\"@id\":\"https:\/\/alightmea.com\/#organization\"},\"potentialAction\":[{\"@type\":\"SearchAction\",\"target\":{\"@type\":\"EntryPoint\",\"urlTemplate\":\"https:\/\/alightmea.com\/?s={search_term_string}\"},\"query-input\":{\"@type\":\"PropertyValueSpecification\",\"valueRequired\":true,\"valueName\":\"search_term_string\"}}],\"inLanguage\":\"en-US\"},{\"@type\":\"Organization\",\"@id\":\"https:\/\/alightmea.com\/#organization\",\"name\":\"Alight MEA\",\"url\":\"https:\/\/alightmea.com\/\",\"logo\":{\"@type\":\"ImageObject\",\"inLanguage\":\"en-US\",\"@id\":\"https:\/\/alightmea.com\/#\/schema\/logo\/image\/\",\"url\":\"https:\/\/i0.wp.com\/alightmea.com\/wp-content\/uploads\/2024\/03\/header-logo-1.png?fit=229%2C77&ssl=1\",\"contentUrl\":\"https:\/\/i0.wp.com\/alightmea.com\/wp-content\/uploads\/2024\/03\/header-logo-1.png?fit=229%2C77&ssl=1\",\"width\":229,\"height\":77,\"caption\":\"Alight MEA\"},\"image\":{\"@id\":\"https:\/\/alightmea.com\/#\/schema\/logo\/image\/\"}}]}<\/script>\n<!-- \/ Yoast SEO plugin. -->","yoast_head_json":{"title":"Service Management: Digitence - Alight MEA","description":"Digitence is much more than software, it's a complete business solution designed specifically for current and future Office 365 users.","robots":{"index":"index","follow":"follow","max-snippet":"max-snippet:-1","max-image-preview":"max-image-preview:large","max-video-preview":"max-video-preview:-1"},"canonical":"https:\/\/alightmea.com\/en\/produits\/service-management-digitence\/","og_locale":"en_US","og_type":"article","og_title":"Service Management: Digitence - Alight MEA","og_description":"Digitence is much more than software, it's a complete business solution designed specifically for current and future Office 365 users.","og_url":"https:\/\/alightmea.com\/en\/produits\/service-management-digitence\/","og_site_name":"Alight MEA","article_modified_time":"2025-04-30T16:11:27+00:00","og_image":[{"width":1423,"height":950,"url":"https:\/\/i0.wp.com\/alightmea.com\/wp-content\/uploads\/2024\/09\/Digitence.jpg?fit=1423%2C950&ssl=1","type":"image\/jpeg"}],"twitter_card":"summary_large_image","twitter_misc":{"Est. reading time":"3 minutes"},"schema":{"@context":"https:\/\/schema.org","@graph":[{"@type":"WebPage","@id":"https:\/\/alightmea.com\/produits\/service-management-digitence\/","url":"https:\/\/alightmea.com\/produits\/service-management-digitence\/","name":"Service Management: Digitence - Alight MEA","isPartOf":{"@id":"https:\/\/alightmea.com\/#website"},"primaryImageOfPage":{"@id":"https:\/\/alightmea.com\/produits\/service-management-digitence\/#primaryimage"},"image":{"@id":"https:\/\/alightmea.com\/produits\/service-management-digitence\/#primaryimage"},"thumbnailUrl":"https:\/\/i0.wp.com\/alightmea.com\/wp-content\/uploads\/2024\/09\/Digitence.jpg?fit=1423%2C950&ssl=1","datePublished":"2023-07-14T09:41:59+00:00","dateModified":"2025-04-30T16:11:27+00:00","description":"Digitence is much more than software, it's a complete business solution designed specifically for current and future Office 365 users.","breadcrumb":{"@id":"https:\/\/alightmea.com\/produits\/service-management-digitence\/#breadcrumb"},"inLanguage":"en-US","potentialAction":[{"@type":"ReadAction","target":["https:\/\/alightmea.com\/produits\/service-management-digitence\/"]}]},{"@type":"ImageObject","inLanguage":"en-US","@id":"https:\/\/alightmea.com\/produits\/service-management-digitence\/#primaryimage","url":"https:\/\/i0.wp.com\/alightmea.com\/wp-content\/uploads\/2024\/09\/Digitence.jpg?fit=1423%2C950&ssl=1","contentUrl":"https:\/\/i0.wp.com\/alightmea.com\/wp-content\/uploads\/2024\/09\/Digitence.jpg?fit=1423%2C950&ssl=1","width":1423,"height":950,"caption":"Accountant calculating profit with financial analysis graphs. Notebook, glasses and calculator lying on desk. Accountancy concept. Cropped view."},{"@type":"BreadcrumbList","@id":"https:\/\/alightmea.com\/produits\/service-management-digitence\/#breadcrumb","itemListElement":[{"@type":"ListItem","position":1,"name":"ACCUEIL","item":"https:\/\/alightmea.com\/"},{"@type":"ListItem","position":2,"name":"produits","item":"https:\/\/alightmea.com\/produits\/"},{"@type":"ListItem","position":3,"name":"Service Management: Digitence"}]},{"@type":"WebSite","@id":"https:\/\/alightmea.com\/#website","url":"https:\/\/alightmea.com\/","name":"Alight MEA","description":"D\u00e9veloppement logiciels et conseil en technologie de l\u2019information des solutions bas\u00e9es sur les produits Microsoft","publisher":{"@id":"https:\/\/alightmea.com\/#organization"},"potentialAction":[{"@type":"SearchAction","target":{"@type":"EntryPoint","urlTemplate":"https:\/\/alightmea.com\/?s={search_term_string}"},"query-input":{"@type":"PropertyValueSpecification","valueRequired":true,"valueName":"search_term_string"}}],"inLanguage":"en-US"},{"@type":"Organization","@id":"https:\/\/alightmea.com\/#organization","name":"Alight MEA","url":"https:\/\/alightmea.com\/","logo":{"@type":"ImageObject","inLanguage":"en-US","@id":"https:\/\/alightmea.com\/#\/schema\/logo\/image\/","url":"https:\/\/i0.wp.com\/alightmea.com\/wp-content\/uploads\/2024\/03\/header-logo-1.png?fit=229%2C77&ssl=1","contentUrl":"https:\/\/i0.wp.com\/alightmea.com\/wp-content\/uploads\/2024\/03\/header-logo-1.png?fit=229%2C77&ssl=1","width":229,"height":77,"caption":"Alight MEA"},"image":{"@id":"https:\/\/alightmea.com\/#\/schema\/logo\/image\/"}}]}},"jetpack_sharing_enabled":true,"_links":{"self":[{"href":"https:\/\/alightmea.com\/en\/wp-json\/wp\/v2\/pages\/3130","targetHints":{"allow":["GET"]}}],"collection":[{"href":"https:\/\/alightmea.com\/en\/wp-json\/wp\/v2\/pages"}],"about":[{"href":"https:\/\/alightmea.com\/en\/wp-json\/wp\/v2\/types\/page"}],"author":[{"embeddable":true,"href":"https:\/\/alightmea.com\/en\/wp-json\/wp\/v2\/users\/1"}],"replies":[{"embeddable":true,"href":"https:\/\/alightmea.com\/en\/wp-json\/wp\/v2\/comments?post=3130"}],"version-history":[{"count":252,"href":"https:\/\/alightmea.com\/en\/wp-json\/wp\/v2\/pages\/3130\/revisions"}],"predecessor-version":[{"id":19491,"href":"https:\/\/alightmea.com\/en\/wp-json\/wp\/v2\/pages\/3130\/revisions\/19491"}],"up":[{"embeddable":true,"href":"https:\/\/alightmea.com\/en\/wp-json\/wp\/v2\/pages\/14672"}],"wp:featuredmedia":[{"embeddable":true,"href":"https:\/\/alightmea.com\/en\/wp-json\/wp\/v2\/media\/14335"}],"wp:attachment":[{"href":"https:\/\/alightmea.com\/en\/wp-json\/wp\/v2\/media?parent=3130"}],"curies":[{"name":"wp","href":"https:\/\/api.w.org\/{rel}","templated":true}]}}