{"id":3117,"date":"2023-07-14T11:25:05","date_gmt":"2023-07-14T09:25:05","guid":{"rendered":"http:\/\/localhost:8888\/wordpress\/?page_id=3117"},"modified":"2024-11-06T16:09:27","modified_gmt":"2024-11-06T15:09:27","slug":"design-thinking","status":"publish","type":"page","link":"https:\/\/alightmea.com\/en\/services\/formations\/design-thinking\/","title":{"rendered":"Design Thinking"},"content":{"rendered":"<div data-elementor-type=\"wp-page\" data-elementor-id=\"3117\" class=\"elementor elementor-3117\">\n\t\t\t\t\t\t<section class=\"elementor-section elementor-top-section elementor-element elementor-element-77c4974 elementor-section-content-middle elementor-section-boxed elementor-section-height-default elementor-section-height-default\" data-id=\"77c4974\" data-element_type=\"section\">\n\t\t\t\t\t\t<div class=\"elementor-container elementor-column-gap-default\">\n\t\t\t\t\t<div class=\"elementor-column elementor-col-50 elementor-top-column elementor-element elementor-element-b03140d\" data-id=\"b03140d\" data-element_type=\"column\">\n\t\t\t<div class=\"elementor-widget-wrap elementor-element-populated\">\n\t\t\t\t\t\t<div class=\"elementor-element elementor-element-e7d81c4 elementor-widget elementor-widget-image\" data-id=\"e7d81c4\" data-element_type=\"widget\" data-widget_type=\"image.default\">\n\t\t\t\t<div class=\"elementor-widget-container\">\n\t\t\t\t\t\t\t\t\t\t\t\t\t\t\t<img fetchpriority=\"high\" decoding=\"async\" width=\"1024\" height=\"682\" src=\"https:\/\/i0.wp.com\/alightmea.com\/wp-content\/uploads\/2024\/04\/design-thinking1.jpg?fit=1024%2C682&amp;ssl=1\" class=\"attachment-large size-large wp-image-5728\" alt=\"\" srcset=\"https:\/\/i0.wp.com\/alightmea.com\/wp-content\/uploads\/2024\/04\/design-thinking1.jpg?w=1337&amp;ssl=1 1337w, https:\/\/i0.wp.com\/alightmea.com\/wp-content\/uploads\/2024\/04\/design-thinking1.jpg?resize=300%2C200&amp;ssl=1 300w, https:\/\/i0.wp.com\/alightmea.com\/wp-content\/uploads\/2024\/04\/design-thinking1.jpg?resize=1024%2C682&amp;ssl=1 1024w, https:\/\/i0.wp.com\/alightmea.com\/wp-content\/uploads\/2024\/04\/design-thinking1.jpg?resize=768%2C512&amp;ssl=1 768w, https:\/\/i0.wp.com\/alightmea.com\/wp-content\/uploads\/2024\/04\/design-thinking1.jpg?resize=18%2C12&amp;ssl=1 18w, https:\/\/i0.wp.com\/alightmea.com\/wp-content\/uploads\/2024\/04\/design-thinking1.jpg?resize=1000%2C666&amp;ssl=1 1000w, https:\/\/i0.wp.com\/alightmea.com\/wp-content\/uploads\/2024\/04\/design-thinking1.jpg?resize=350%2C233&amp;ssl=1 350w, https:\/\/i0.wp.com\/alightmea.com\/wp-content\/uploads\/2024\/04\/design-thinking1.jpg?resize=1050%2C700&amp;ssl=1 1050w, https:\/\/i0.wp.com\/alightmea.com\/wp-content\/uploads\/2024\/04\/design-thinking1.jpg?resize=600%2C400&amp;ssl=1 600w\" sizes=\"(max-width: 1000px) 100vw, 1000px\" \/>\t\t\t\t\t\t\t\t\t\t\t\t\t\t\t<\/div>\n\t\t\t\t<\/div>\n\t\t\t\t\t<\/div>\n\t\t<\/div>\n\t\t\t\t<div class=\"elementor-column elementor-col-50 elementor-top-column elementor-element elementor-element-f6fbb34\" data-id=\"f6fbb34\" data-element_type=\"column\">\n\t\t\t<div class=\"elementor-widget-wrap elementor-element-populated\">\n\t\t\t\t\t\t<div class=\"elementor-element elementor-element-39fd565 elementor-widget elementor-widget-heading\" data-id=\"39fd565\" data-element_type=\"widget\" data-widget_type=\"heading.default\">\n\t\t\t\t<div class=\"elementor-widget-container\">\n\t\t\t\t\t<h4 class=\"elementor-heading-title elementor-size-default\">Design thinking<\/h4>\t\t\t\t<\/div>\n\t\t\t\t<\/div>\n\t\t\t\t<div class=\"elementor-element elementor-element-bb38c72 elementor-widget elementor-widget-text-editor\" data-id=\"bb38c72\" data-element_type=\"widget\" data-widget_type=\"text-editor.default\">\n\t\t\t\t<div class=\"elementor-widget-container\">\n\t\t\t\t\t\t\t\t\t<p class=\"p1\">Foster innovation and sustainable success in your organization with our Design Thinking training, an approach that stimulates creativity and solves problems in innovative ways. This training enables your teams to develop practical, impactful solutions, based on real user needs. Using collaborative methods and structured thinking, your employees will learn to explore new perspectives, generate innovative ideas, and prototype viable solutions to complex problems.\n<\/p>\t\t\t\t\t\t\t\t<\/div>\n\t\t\t\t<\/div>\n\t\t\t\t\t<\/div>\n\t\t<\/div>\n\t\t\t\t\t<\/div>\n\t\t<\/section>\n\t\t\t\t<section class=\"elementor-section elementor-top-section elementor-element elementor-element-724fc79 elementor-section-full_width elementor-section-height-default elementor-section-height-default\" data-id=\"724fc79\" data-element_type=\"section\" data-settings=\"{&quot;background_background&quot;:&quot;classic&quot;}\">\n\t\t\t\t\t\t<div class=\"elementor-container elementor-column-gap-default\">\n\t\t\t\t\t<div class=\"elementor-column elementor-col-100 elementor-top-column elementor-element elementor-element-49bf123\" data-id=\"49bf123\" data-element_type=\"column\">\n\t\t\t<div class=\"elementor-widget-wrap elementor-element-populated\">\n\t\t\t\t\t\t<div class=\"elementor-element elementor-element-c3399ff heading-center text-center mb-0 h-title elementor-widget elementor-widget-heading\" data-id=\"c3399ff\" data-element_type=\"widget\" data-widget_type=\"heading.default\">\n\t\t\t\t<div class=\"elementor-widget-container\">\n\t\t\t\t\t<h2 class=\"elementor-heading-title elementor-size-default\">Training Offerings<\/h2>\t\t\t\t<\/div>\n\t\t\t\t<\/div>\n\t\t\t\t\t<\/div>\n\t\t<\/div>\n\t\t\t\t\t<\/div>\n\t\t<\/section>\n\t\t\t\t<section class=\"elementor-section elementor-top-section elementor-element elementor-element-a838919 mb-0 elementor-section-full_width elementor-section-height-default elementor-section-height-default\" data-id=\"a838919\" data-element_type=\"section\" data-settings=\"{&quot;background_background&quot;:&quot;classic&quot;}\">\n\t\t\t\t\t\t<div class=\"elementor-container elementor-column-gap-default\">\n\t\t\t\t\t<div class=\"elementor-column elementor-col-100 elementor-top-column elementor-element elementor-element-e158a0b Val-bloc-2 val-bloc container\" data-id=\"e158a0b\" data-element_type=\"column\">\n\t\t\t<div class=\"elementor-widget-wrap elementor-element-populated\">\n\t\t\t\t\t\t<div class=\"elementor-element elementor-element-f7800d7 elementor-widget__width-initial elementor-widget elementor-widget-text-editor\" data-id=\"f7800d7\" data-element_type=\"widget\" data-widget_type=\"text-editor.default\">\n\t\t\t\t<div class=\"elementor-widget-container\">\n\t\t\t\t\t\t\t\t\t<h5><strong>Intro to Design Thinking\n<\/strong><\/h5>\n<span class=\"text-500\">Duration :<\/span> 2 Days <br><span class=\"text-500\">Audience : <\/span> Your team <br>\n<span class=\"text-500\">Overview :<\/span> Comprehensive training on Design Thinking fundamentals and hands-on application to real-world challenges.\t\t\t\t\t\t\t\t<\/div>\n\t\t\t\t<\/div>\n\t\t\t\t\t<\/div>\n\t\t<\/div>\n\t\t\t\t\t<\/div>\n\t\t<\/section>\n\t\t\t\t<section class=\"elementor-section elementor-top-section elementor-element elementor-element-6caf18e elementor-section-full_width elementor-section-height-default elementor-section-height-default\" data-id=\"6caf18e\" data-element_type=\"section\" data-settings=\"{&quot;background_background&quot;:&quot;classic&quot;}\">\n\t\t\t\t\t\t<div class=\"elementor-container elementor-column-gap-default\">\n\t\t\t\t\t<div class=\"elementor-column elementor-col-100 elementor-top-column elementor-element elementor-element-ff5652f val-bloc Val-bloc-3 mb-0 container\" data-id=\"ff5652f\" data-element_type=\"column\">\n\t\t\t<div class=\"elementor-widget-wrap elementor-element-populated\">\n\t\t\t\t\t\t<div class=\"elementor-element elementor-element-9e3d941 elementor-widget__width-initial elementor-widget elementor-widget-text-editor\" data-id=\"9e3d941\" data-element_type=\"widget\" data-widget_type=\"text-editor.default\">\n\t\t\t\t<div class=\"elementor-widget-container\">\n\t\t\t\t\t\t\t\t\t<h5><strong>Advanced Workshops<\/strong><\/h5>\n<span class=\"text-500\">Duration :<\/span> 5 Days\n<br>\n<span class=\"text-500\">Audience : <\/span>Your team<br>\n\n<span class=\"text-500\">Overview :<\/span> Dive deep into advanced Design Thinking techniques, case studies, and complex problem-solving scenarios.\t\t\t\t\t\t\t\t<\/div>\n\t\t\t\t<\/div>\n\t\t\t\t\t<\/div>\n\t\t<\/div>\n\t\t\t\t\t<\/div>\n\t\t<\/section>\n\t\t\t\t<section class=\"elementor-section elementor-top-section elementor-element elementor-element-2edfea4 elementor-section-full_width elementor-section-height-default elementor-section-height-default\" data-id=\"2edfea4\" data-element_type=\"section\" data-settings=\"{&quot;background_background&quot;:&quot;classic&quot;}\">\n\t\t\t\t\t\t<div class=\"elementor-container elementor-column-gap-default\">\n\t\t\t\t\t<div class=\"elementor-column elementor-col-100 elementor-top-column elementor-element elementor-element-b9e6899 Val-bloc-2 val-bloc container\" data-id=\"b9e6899\" data-element_type=\"column\">\n\t\t\t<div class=\"elementor-widget-wrap elementor-element-populated\">\n\t\t\t\t\t\t<div class=\"elementor-element elementor-element-2fbb6d7 elementor-widget__width-initial elementor-widget elementor-widget-text-editor\" data-id=\"2fbb6d7\" data-element_type=\"widget\" data-widget_type=\"text-editor.default\">\n\t\t\t\t<div class=\"elementor-widget-container\">\n\t\t\t\t\t\t\t\t\t<h5><strong>Tailored Excellence<\/strong><\/h5>\nCustomized in-house training programs, flexibly designed to meet your organization's unique needs. Collaborate with us to create a tailored training plan aligned with your team's roles and challenges.\t\t\t\t\t\t\t\t<\/div>\n\t\t\t\t<\/div>\n\t\t\t\t\t<\/div>\n\t\t<\/div>\n\t\t\t\t\t<\/div>\n\t\t<\/section>\n\t\t\t\t<section class=\"elementor-section elementor-top-section elementor-element elementor-element-77be572 container no-margin elementor-section-boxed elementor-section-height-default elementor-section-height-default\" data-id=\"77be572\" data-element_type=\"section\" data-settings=\"{&quot;background_background&quot;:&quot;classic&quot;}\">\n\t\t\t\t\t\t<div class=\"elementor-container elementor-column-gap-default\">\n\t\t\t\t\t<div class=\"elementor-column elementor-col-100 elementor-top-column elementor-element elementor-element-9028642 container my-0\" data-id=\"9028642\" data-element_type=\"column\">\n\t\t\t<div class=\"elementor-widget-wrap elementor-element-populated\">\n\t\t\t\t\t\t<div class=\"elementor-element elementor-element-fabf5a3 adv  elementor-widget elementor-widget-text-editor\" data-id=\"fabf5a3\" data-element_type=\"widget\" data-widget_type=\"text-editor.default\">\n\t\t\t\t<div class=\"elementor-widget-container\">\n\t\t\t\t\t\t\t\t\t<h2><strong style=\"color: #0e2258;\">Benefits<\/strong><\/h2><div class=\"free-trial-area\"><ul><li>Unlock innovation potential.<\/li><li>Improve problem-solving skills.<\/li><li>Enhance team collaboration.<\/li><li>Create customer-centric solutions.<\/li><\/ul><\/div>\t\t\t\t\t\t\t\t<\/div>\n\t\t\t\t<\/div>\n\t\t\t\t\t<\/div>\n\t\t<\/div>\n\t\t\t\t\t<\/div>\n\t\t<\/section>\n\t\t\t\t<section class=\"elementor-section elementor-top-section elementor-element elementor-element-e58198c call-action my-0 elementor-section-full_width elementor-section-height-default elementor-section-height-default\" data-id=\"e58198c\" data-element_type=\"section\" data-settings=\"{&quot;background_background&quot;:&quot;classic&quot;}\">\n\t\t\t\t\t\t<div class=\"elementor-container elementor-column-gap-default\">\n\t\t\t\t\t<div class=\"elementor-column elementor-col-100 elementor-top-column elementor-element elementor-element-92e5ad6  container mb-0\" data-id=\"92e5ad6\" data-element_type=\"column\" data-settings=\"{&quot;background_background&quot;:&quot;classic&quot;}\">\n\t\t\t<div class=\"elementor-widget-wrap elementor-element-populated\">\n\t\t\t\t\t\t<div class=\"elementor-element elementor-element-da67595 mb-0 elementor-cta--skin-classic elementor-animated-content elementor-bg-transform elementor-bg-transform-zoom-in elementor-widget elementor-widget-call-to-action\" data-id=\"da67595\" data-element_type=\"widget\" data-widget_type=\"call-to-action.default\">\n\t\t\t\t<div class=\"elementor-widget-container\">\n\t\t\t\t\t\t\t<div class=\"elementor-cta\">\n\t\t\t\t\t\t\t<div class=\"elementor-cta__content\">\n\t\t\t\t\n\t\t\t\t<h2 class=\"elementor-cta__title elementor-cta__content-item elementor-content-item\">Ready to elevate your organization with Design Thinking?<\/h2>\n\t\t\t\t\t\t\t\t\t<div class=\"elementor-cta__description elementor-cta__content-item elementor-content-item\">\n\t\t\t\t\t\tBook your workshop\t\t\t\t\t<\/div>\n\t\t\t\t\n\t\t\t\t\t\t\t<\/div>\n\t\t\t\t\t\t<\/div>\n\t\t\t\t\t\t<\/div>\n\t\t\t\t<\/div>\n\t\t\t\t<div class=\"elementor-element elementor-element-5c91430 service-btn d-flex justify-content-center elementor-widget elementor-widget-shortcode\" data-id=\"5c91430\" data-element_type=\"widget\" data-widget_type=\"shortcode.default\">\n\t\t\t\t<div class=\"elementor-widget-container\">\n\t\t\t\t\t\t\t<div class=\"elementor-shortcode\"><button data-id=\"17263\" data-post_id=\"3117\" data-form_style=\"on\" data-allow_outside_click=\"\" data-width=\"700px\" class=\"wpb-pcf-form-fire wpb-pcf-btn-large wpb-pcf-btn wpb-pcf-btn-default\">Contact us !<\/button>\n<\/div>\n\t\t\t\t\t\t<\/div>\n\t\t\t\t<\/div>\n\t\t\t\t\t<\/div>\n\t\t<\/div>\n\t\t\t\t\t<\/div>\n\t\t<\/section>\n\t\t\t\t<\/div>","protected":false},"excerpt":{"rendered":"<p>Design thinking Favorisez l&#8217;innovation et la r\u00e9ussite durable de votre organisation avec notre formation en Design Thinking, une approche qui stimule la cr\u00e9ativit\u00e9 et r\u00e9sout les probl\u00e8mes de mani\u00e8re innovante. Cette formation permet \u00e0 vos \u00e9quipes de d\u00e9velopper des solutions pratiques et impactantes, en partant des besoins r\u00e9els des utilisateurs. Gr\u00e2ce \u00e0 des m\u00e9thodes collaboratives [&hellip;]<\/p>","protected":false},"author":1,"featured_media":4320,"parent":3474,"menu_order":0,"comment_status":"closed","ping_status":"closed","template":"page-templates\/pages.php","meta":{"om_disable_all_campaigns":false,"_monsterinsights_skip_tracking":false,"_monsterinsights_sitenote_active":false,"_monsterinsights_sitenote_note":"","_monsterinsights_sitenote_category":0,"footnotes":""},"class_list":["post-3117","page","type-page","status-publish","has-post-thumbnail","hentry"],"yoast_head":"<!-- This site is optimized with the Yoast SEO plugin v26.6 - https:\/\/yoast.com\/wordpress\/plugins\/seo\/ -->\n<title>Design Thinking - Alight MEA<\/title>\n<meta name=\"robots\" content=\"index, follow, max-snippet:-1, max-image-preview:large, max-video-preview:-1\" \/>\n<link rel=\"canonical\" href=\"https:\/\/alightmea.com\/en\/services\/formations\/design-thinking\/\" \/>\n<meta property=\"og:locale\" content=\"en_US\" \/>\n<meta property=\"og:type\" content=\"article\" \/>\n<meta property=\"og:title\" content=\"Design Thinking - Alight MEA\" \/>\n<meta property=\"og:description\" content=\"Design thinking Favorisez l&#8217;innovation et la r\u00e9ussite durable de votre organisation avec notre formation en Design Thinking, une approche qui stimule la cr\u00e9ativit\u00e9 et r\u00e9sout les probl\u00e8mes de mani\u00e8re innovante. Cette formation permet \u00e0 vos \u00e9quipes de d\u00e9velopper des solutions pratiques et impactantes, en partant des besoins r\u00e9els des utilisateurs. Gr\u00e2ce \u00e0 des m\u00e9thodes collaboratives [&hellip;]\" \/>\n<meta property=\"og:url\" content=\"https:\/\/alightmea.com\/en\/services\/formations\/design-thinking\/\" \/>\n<meta property=\"og:site_name\" content=\"Alight MEA\" \/>\n<meta property=\"article:modified_time\" content=\"2024-11-06T15:09:27+00:00\" \/>\n<meta property=\"og:image\" content=\"https:\/\/i0.wp.com\/alightmea.com\/wp-content\/uploads\/2024\/04\/training_1.jpg?fit=2370%2C1577&ssl=1\" \/>\n\t<meta property=\"og:image:width\" content=\"2370\" \/>\n\t<meta property=\"og:image:height\" content=\"1577\" \/>\n\t<meta property=\"og:image:type\" content=\"image\/jpeg\" \/>\n<meta name=\"twitter:card\" content=\"summary_large_image\" \/>\n<meta name=\"twitter:label1\" content=\"Est. reading time\" \/>\n\t<meta name=\"twitter:data1\" content=\"2 minutes\" \/>\n<script type=\"application\/ld+json\" class=\"yoast-schema-graph\">{\"@context\":\"https:\/\/schema.org\",\"@graph\":[{\"@type\":\"WebPage\",\"@id\":\"https:\/\/alightmea.com\/services\/formations\/design-thinking\/\",\"url\":\"https:\/\/alightmea.com\/services\/formations\/design-thinking\/\",\"name\":\"Design Thinking - Alight MEA\",\"isPartOf\":{\"@id\":\"https:\/\/alightmea.com\/#website\"},\"primaryImageOfPage\":{\"@id\":\"https:\/\/alightmea.com\/services\/formations\/design-thinking\/#primaryimage\"},\"image\":{\"@id\":\"https:\/\/alightmea.com\/services\/formations\/design-thinking\/#primaryimage\"},\"thumbnailUrl\":\"https:\/\/i0.wp.com\/alightmea.com\/wp-content\/uploads\/2024\/04\/training_1.jpg?fit=2370%2C1577&ssl=1\",\"datePublished\":\"2023-07-14T09:25:05+00:00\",\"dateModified\":\"2024-11-06T15:09:27+00:00\",\"breadcrumb\":{\"@id\":\"https:\/\/alightmea.com\/services\/formations\/design-thinking\/#breadcrumb\"},\"inLanguage\":\"en-US\",\"potentialAction\":[{\"@type\":\"ReadAction\",\"target\":[\"https:\/\/alightmea.com\/services\/formations\/design-thinking\/\"]}]},{\"@type\":\"ImageObject\",\"inLanguage\":\"en-US\",\"@id\":\"https:\/\/alightmea.com\/services\/formations\/design-thinking\/#primaryimage\",\"url\":\"https:\/\/i0.wp.com\/alightmea.com\/wp-content\/uploads\/2024\/04\/training_1.jpg?fit=2370%2C1577&ssl=1\",\"contentUrl\":\"https:\/\/i0.wp.com\/alightmea.com\/wp-content\/uploads\/2024\/04\/training_1.jpg?fit=2370%2C1577&ssl=1\",\"width\":2370,\"height\":1577,\"caption\":\"Alight Power Kit\"},{\"@type\":\"BreadcrumbList\",\"@id\":\"https:\/\/alightmea.com\/services\/formations\/design-thinking\/#breadcrumb\",\"itemListElement\":[{\"@type\":\"ListItem\",\"position\":1,\"name\":\"ACCUEIL\",\"item\":\"https:\/\/alightmea.com\/\"},{\"@type\":\"ListItem\",\"position\":2,\"name\":\"Services\",\"item\":\"https:\/\/alightmea.com\/services\/\"},{\"@type\":\"ListItem\",\"position\":3,\"name\":\"Formations\",\"item\":\"https:\/\/alightmea.com\/services\/formations\/\"},{\"@type\":\"ListItem\",\"position\":4,\"name\":\"Design Thinking\"}]},{\"@type\":\"WebSite\",\"@id\":\"https:\/\/alightmea.com\/#website\",\"url\":\"https:\/\/alightmea.com\/\",\"name\":\"Alight MEA\",\"description\":\"D\u00e9veloppement logiciels et conseil en technologie de l\u2019information des solutions bas\u00e9es sur les produits Microsoft\",\"publisher\":{\"@id\":\"https:\/\/alightmea.com\/#organization\"},\"potentialAction\":[{\"@type\":\"SearchAction\",\"target\":{\"@type\":\"EntryPoint\",\"urlTemplate\":\"https:\/\/alightmea.com\/?s={search_term_string}\"},\"query-input\":{\"@type\":\"PropertyValueSpecification\",\"valueRequired\":true,\"valueName\":\"search_term_string\"}}],\"inLanguage\":\"en-US\"},{\"@type\":\"Organization\",\"@id\":\"https:\/\/alightmea.com\/#organization\",\"name\":\"Alight MEA\",\"url\":\"https:\/\/alightmea.com\/\",\"logo\":{\"@type\":\"ImageObject\",\"inLanguage\":\"en-US\",\"@id\":\"https:\/\/alightmea.com\/#\/schema\/logo\/image\/\",\"url\":\"https:\/\/i0.wp.com\/alightmea.com\/wp-content\/uploads\/2024\/03\/header-logo-1.png?fit=229%2C77&ssl=1\",\"contentUrl\":\"https:\/\/i0.wp.com\/alightmea.com\/wp-content\/uploads\/2024\/03\/header-logo-1.png?fit=229%2C77&ssl=1\",\"width\":229,\"height\":77,\"caption\":\"Alight MEA\"},\"image\":{\"@id\":\"https:\/\/alightmea.com\/#\/schema\/logo\/image\/\"}}]}<\/script>\n<!-- \/ Yoast SEO plugin. -->","yoast_head_json":{"title":"Design Thinking - Alight MEA","robots":{"index":"index","follow":"follow","max-snippet":"max-snippet:-1","max-image-preview":"max-image-preview:large","max-video-preview":"max-video-preview:-1"},"canonical":"https:\/\/alightmea.com\/en\/services\/formations\/design-thinking\/","og_locale":"en_US","og_type":"article","og_title":"Design Thinking - Alight MEA","og_description":"Design thinking Favorisez l&#8217;innovation et la r\u00e9ussite durable de votre organisation avec notre formation en Design Thinking, une approche qui stimule la cr\u00e9ativit\u00e9 et r\u00e9sout les probl\u00e8mes de mani\u00e8re innovante. Cette formation permet \u00e0 vos \u00e9quipes de d\u00e9velopper des solutions pratiques et impactantes, en partant des besoins r\u00e9els des utilisateurs. Gr\u00e2ce \u00e0 des m\u00e9thodes collaboratives [&hellip;]","og_url":"https:\/\/alightmea.com\/en\/services\/formations\/design-thinking\/","og_site_name":"Alight MEA","article_modified_time":"2024-11-06T15:09:27+00:00","og_image":[{"width":2370,"height":1577,"url":"https:\/\/i0.wp.com\/alightmea.com\/wp-content\/uploads\/2024\/04\/training_1.jpg?fit=2370%2C1577&ssl=1","type":"image\/jpeg"}],"twitter_card":"summary_large_image","twitter_misc":{"Est. reading time":"2 minutes"},"schema":{"@context":"https:\/\/schema.org","@graph":[{"@type":"WebPage","@id":"https:\/\/alightmea.com\/services\/formations\/design-thinking\/","url":"https:\/\/alightmea.com\/services\/formations\/design-thinking\/","name":"Design Thinking - Alight MEA","isPartOf":{"@id":"https:\/\/alightmea.com\/#website"},"primaryImageOfPage":{"@id":"https:\/\/alightmea.com\/services\/formations\/design-thinking\/#primaryimage"},"image":{"@id":"https:\/\/alightmea.com\/services\/formations\/design-thinking\/#primaryimage"},"thumbnailUrl":"https:\/\/i0.wp.com\/alightmea.com\/wp-content\/uploads\/2024\/04\/training_1.jpg?fit=2370%2C1577&ssl=1","datePublished":"2023-07-14T09:25:05+00:00","dateModified":"2024-11-06T15:09:27+00:00","breadcrumb":{"@id":"https:\/\/alightmea.com\/services\/formations\/design-thinking\/#breadcrumb"},"inLanguage":"en-US","potentialAction":[{"@type":"ReadAction","target":["https:\/\/alightmea.com\/services\/formations\/design-thinking\/"]}]},{"@type":"ImageObject","inLanguage":"en-US","@id":"https:\/\/alightmea.com\/services\/formations\/design-thinking\/#primaryimage","url":"https:\/\/i0.wp.com\/alightmea.com\/wp-content\/uploads\/2024\/04\/training_1.jpg?fit=2370%2C1577&ssl=1","contentUrl":"https:\/\/i0.wp.com\/alightmea.com\/wp-content\/uploads\/2024\/04\/training_1.jpg?fit=2370%2C1577&ssl=1","width":2370,"height":1577,"caption":"Alight Power Kit"},{"@type":"BreadcrumbList","@id":"https:\/\/alightmea.com\/services\/formations\/design-thinking\/#breadcrumb","itemListElement":[{"@type":"ListItem","position":1,"name":"ACCUEIL","item":"https:\/\/alightmea.com\/"},{"@type":"ListItem","position":2,"name":"Services","item":"https:\/\/alightmea.com\/services\/"},{"@type":"ListItem","position":3,"name":"Formations","item":"https:\/\/alightmea.com\/services\/formations\/"},{"@type":"ListItem","position":4,"name":"Design Thinking"}]},{"@type":"WebSite","@id":"https:\/\/alightmea.com\/#website","url":"https:\/\/alightmea.com\/","name":"Alight MEA","description":"D\u00e9veloppement logiciels et conseil en technologie de l\u2019information des solutions bas\u00e9es sur les produits Microsoft","publisher":{"@id":"https:\/\/alightmea.com\/#organization"},"potentialAction":[{"@type":"SearchAction","target":{"@type":"EntryPoint","urlTemplate":"https:\/\/alightmea.com\/?s={search_term_string}"},"query-input":{"@type":"PropertyValueSpecification","valueRequired":true,"valueName":"search_term_string"}}],"inLanguage":"en-US"},{"@type":"Organization","@id":"https:\/\/alightmea.com\/#organization","name":"Alight MEA","url":"https:\/\/alightmea.com\/","logo":{"@type":"ImageObject","inLanguage":"en-US","@id":"https:\/\/alightmea.com\/#\/schema\/logo\/image\/","url":"https:\/\/i0.wp.com\/alightmea.com\/wp-content\/uploads\/2024\/03\/header-logo-1.png?fit=229%2C77&ssl=1","contentUrl":"https:\/\/i0.wp.com\/alightmea.com\/wp-content\/uploads\/2024\/03\/header-logo-1.png?fit=229%2C77&ssl=1","width":229,"height":77,"caption":"Alight MEA"},"image":{"@id":"https:\/\/alightmea.com\/#\/schema\/logo\/image\/"}}]}},"jetpack_sharing_enabled":true,"_links":{"self":[{"href":"https:\/\/alightmea.com\/en\/wp-json\/wp\/v2\/pages\/3117","targetHints":{"allow":["GET"]}}],"collection":[{"href":"https:\/\/alightmea.com\/en\/wp-json\/wp\/v2\/pages"}],"about":[{"href":"https:\/\/alightmea.com\/en\/wp-json\/wp\/v2\/types\/page"}],"author":[{"embeddable":true,"href":"https:\/\/alightmea.com\/en\/wp-json\/wp\/v2\/users\/1"}],"replies":[{"embeddable":true,"href":"https:\/\/alightmea.com\/en\/wp-json\/wp\/v2\/comments?post=3117"}],"version-history":[{"count":214,"href":"https:\/\/alightmea.com\/en\/wp-json\/wp\/v2\/pages\/3117\/revisions"}],"predecessor-version":[{"id":17517,"href":"https:\/\/alightmea.com\/en\/wp-json\/wp\/v2\/pages\/3117\/revisions\/17517"}],"up":[{"embeddable":true,"href":"https:\/\/alightmea.com\/en\/wp-json\/wp\/v2\/pages\/3474"}],"wp:featuredmedia":[{"embeddable":true,"href":"https:\/\/alightmea.com\/en\/wp-json\/wp\/v2\/media\/4320"}],"wp:attachment":[{"href":"https:\/\/alightmea.com\/en\/wp-json\/wp\/v2\/media?parent=3117"}],"curies":[{"name":"wp","href":"https:\/\/api.w.org\/{rel}","templated":true}]}}