{"id":3113,"date":"2023-07-14T11:24:21","date_gmt":"2023-07-14T09:24:21","guid":{"rendered":"http:\/\/localhost:8888\/wordpress\/?page_id=3113"},"modified":"2024-11-06T16:03:58","modified_gmt":"2024-11-06T15:03:58","slug":"sharepoint-administration","status":"publish","type":"page","link":"https:\/\/alightmea.com\/en\/services\/formations\/sharepoint-administration\/","title":{"rendered":"SharePoint Administration"},"content":{"rendered":"<div data-elementor-type=\"wp-page\" data-elementor-id=\"3113\" class=\"elementor elementor-3113\">\n\t\t\t\t\t\t<section class=\"elementor-section elementor-top-section elementor-element elementor-element-5800e9c elementor-section-content-middle elementor-section-boxed elementor-section-height-default elementor-section-height-default\" data-id=\"5800e9c\" data-element_type=\"section\">\n\t\t\t\t\t\t<div class=\"elementor-container elementor-column-gap-default\">\n\t\t\t\t\t<div class=\"elementor-column elementor-col-50 elementor-top-column elementor-element elementor-element-37ff10c\" data-id=\"37ff10c\" data-element_type=\"column\">\n\t\t\t<div class=\"elementor-widget-wrap elementor-element-populated\">\n\t\t\t\t\t\t<div class=\"elementor-element elementor-element-d3ae8af elementor-widget elementor-widget-image\" data-id=\"d3ae8af\" data-element_type=\"widget\" data-widget_type=\"image.default\">\n\t\t\t\t<div class=\"elementor-widget-container\">\n\t\t\t\t\t\t\t\t\t\t\t\t\t\t\t<img fetchpriority=\"high\" decoding=\"async\" width=\"1024\" height=\"683\" src=\"https:\/\/i0.wp.com\/alightmea.com\/wp-content\/uploads\/2024\/06\/TopBlock_Integration_MS_Sharepoint.jpg?fit=1024%2C683&amp;ssl=1\" class=\"attachment-large size-large wp-image-7971\" alt=\"\" srcset=\"https:\/\/i0.wp.com\/alightmea.com\/wp-content\/uploads\/2024\/06\/TopBlock_Integration_MS_Sharepoint.jpg?w=1620&amp;ssl=1 1620w, https:\/\/i0.wp.com\/alightmea.com\/wp-content\/uploads\/2024\/06\/TopBlock_Integration_MS_Sharepoint.jpg?resize=300%2C200&amp;ssl=1 300w, https:\/\/i0.wp.com\/alightmea.com\/wp-content\/uploads\/2024\/06\/TopBlock_Integration_MS_Sharepoint.jpg?resize=1024%2C683&amp;ssl=1 1024w, https:\/\/i0.wp.com\/alightmea.com\/wp-content\/uploads\/2024\/06\/TopBlock_Integration_MS_Sharepoint.jpg?resize=768%2C512&amp;ssl=1 768w, https:\/\/i0.wp.com\/alightmea.com\/wp-content\/uploads\/2024\/06\/TopBlock_Integration_MS_Sharepoint.jpg?resize=1536%2C1024&amp;ssl=1 1536w, https:\/\/i0.wp.com\/alightmea.com\/wp-content\/uploads\/2024\/06\/TopBlock_Integration_MS_Sharepoint.jpg?resize=18%2C12&amp;ssl=1 18w, https:\/\/i0.wp.com\/alightmea.com\/wp-content\/uploads\/2024\/06\/TopBlock_Integration_MS_Sharepoint.jpg?resize=1000%2C667&amp;ssl=1 1000w, https:\/\/i0.wp.com\/alightmea.com\/wp-content\/uploads\/2024\/06\/TopBlock_Integration_MS_Sharepoint.jpg?resize=350%2C233&amp;ssl=1 350w, https:\/\/i0.wp.com\/alightmea.com\/wp-content\/uploads\/2024\/06\/TopBlock_Integration_MS_Sharepoint.jpg?resize=1050%2C700&amp;ssl=1 1050w, https:\/\/i0.wp.com\/alightmea.com\/wp-content\/uploads\/2024\/06\/TopBlock_Integration_MS_Sharepoint.jpg?resize=600%2C400&amp;ssl=1 600w\" sizes=\"(max-width: 1000px) 100vw, 1000px\" \/>\t\t\t\t\t\t\t\t\t\t\t\t\t\t\t<\/div>\n\t\t\t\t<\/div>\n\t\t\t\t\t<\/div>\n\t\t<\/div>\n\t\t\t\t<div class=\"elementor-column elementor-col-50 elementor-top-column elementor-element elementor-element-7d00b5a\" data-id=\"7d00b5a\" data-element_type=\"column\">\n\t\t\t<div class=\"elementor-widget-wrap elementor-element-populated\">\n\t\t\t\t\t\t<div class=\"elementor-element elementor-element-ef01dc8 elementor-widget elementor-widget-heading\" data-id=\"ef01dc8\" data-element_type=\"widget\" data-widget_type=\"heading.default\">\n\t\t\t\t<div class=\"elementor-widget-container\">\n\t\t\t\t\t<h4 class=\"elementor-heading-title elementor-size-default\">SharePoint Administration<\/h4>\t\t\t\t<\/div>\n\t\t\t\t<\/div>\n\t\t\t\t<div class=\"elementor-element elementor-element-d36915c elementor-widget elementor-widget-text-editor\" data-id=\"d36915c\" data-element_type=\"widget\" data-widget_type=\"text-editor.default\">\n\t\t\t\t<div class=\"elementor-widget-container\">\n\t\t\t\t\t\t\t\t\t<p class=\"p1\">Discover the power of SharePoint with Alight's specialized training, designed to maximize the skills of your IT teams and optimize the management of your digital environment. Through hands-on sessions and real-life case studies, your teams will be prepared to harness the full potential of SharePoint, ensuring efficient document management, seamless integration with Microsoft 365, and increased productivity across the enterprise.<\/p>\t\t\t\t\t\t\t\t<\/div>\n\t\t\t\t<\/div>\n\t\t\t\t\t<\/div>\n\t\t<\/div>\n\t\t\t\t\t<\/div>\n\t\t<\/section>\n\t\t\t\t<section class=\"elementor-section elementor-top-section elementor-element elementor-element-ff02272 elementor-section-full_width elementor-section-height-default elementor-section-height-default\" data-id=\"ff02272\" data-element_type=\"section\" data-settings=\"{&quot;background_background&quot;:&quot;classic&quot;}\">\n\t\t\t\t\t\t<div class=\"elementor-container elementor-column-gap-default\">\n\t\t\t\t\t<div class=\"elementor-column elementor-col-100 elementor-top-column elementor-element elementor-element-922f698 container  my-0\" data-id=\"922f698\" data-element_type=\"column\">\n\t\t\t<div class=\"elementor-widget-wrap elementor-element-populated\">\n\t\t\t\t\t\t<div class=\"elementor-element elementor-element-3fe728a heading-center text-center mb-0 h-title elementor-widget elementor-widget-heading\" data-id=\"3fe728a\" data-element_type=\"widget\" data-widget_type=\"heading.default\">\n\t\t\t\t<div class=\"elementor-widget-container\">\n\t\t\t\t\t<h2 class=\"elementor-heading-title elementor-size-default\">Training Offerings<\/h2>\t\t\t\t<\/div>\n\t\t\t\t<\/div>\n\t\t\t\t\t<\/div>\n\t\t<\/div>\n\t\t\t\t\t<\/div>\n\t\t<\/section>\n\t\t\t\t<section class=\"elementor-section elementor-top-section elementor-element elementor-element-53c72ee mb-0 elementor-section-full_width elementor-section-height-default elementor-section-height-default\" data-id=\"53c72ee\" data-element_type=\"section\" data-settings=\"{&quot;background_background&quot;:&quot;classic&quot;}\">\n\t\t\t\t\t\t<div class=\"elementor-container elementor-column-gap-default\">\n\t\t\t\t\t<div class=\"elementor-column elementor-col-100 elementor-top-column elementor-element elementor-element-a44726d Val-bloc-2 val-bloc container\" data-id=\"a44726d\" data-element_type=\"column\">\n\t\t\t<div class=\"elementor-widget-wrap elementor-element-populated\">\n\t\t\t\t\t\t<div class=\"elementor-element elementor-element-ef03ad3 elementor-widget__width-initial elementor-widget elementor-widget-text-editor\" data-id=\"ef03ad3\" data-element_type=\"widget\" data-widget_type=\"text-editor.default\">\n\t\t\t\t<div class=\"elementor-widget-container\">\n\t\t\t\t\t\t\t\t\t<h5><strong>SharePoint fundamentals<\/strong><\/h5>\n<span class=\"text-500\">Duration :<\/span> Tailored\n<br>\n<span class=\"text-500\">Audience : <\/span>IT professionals, administrators, IT support staff.<br>\n<span class=\"text-500\">Overview :<\/span> Build a solid foundation in SharePoint administration, covering installation, configuration and management.\t\t\t\t\t\t\t\t<\/div>\n\t\t\t\t<\/div>\n\t\t\t\t\t<\/div>\n\t\t<\/div>\n\t\t\t\t\t<\/div>\n\t\t<\/section>\n\t\t\t\t<section class=\"elementor-section elementor-top-section elementor-element elementor-element-6748ce7 elementor-section-full_width elementor-section-height-default elementor-section-height-default\" data-id=\"6748ce7\" data-element_type=\"section\" data-settings=\"{&quot;background_background&quot;:&quot;classic&quot;}\">\n\t\t\t\t\t\t<div class=\"elementor-container elementor-column-gap-default\">\n\t\t\t\t\t<div class=\"elementor-column elementor-col-100 elementor-top-column elementor-element elementor-element-4ea8d2e val-bloc Val-bloc-3 mb-0 container\" data-id=\"4ea8d2e\" data-element_type=\"column\">\n\t\t\t<div class=\"elementor-widget-wrap elementor-element-populated\">\n\t\t\t\t\t\t<div class=\"elementor-element elementor-element-9ac0466 elementor-widget__width-initial elementor-widget elementor-widget-text-editor\" data-id=\"9ac0466\" data-element_type=\"widget\" data-widget_type=\"text-editor.default\">\n\t\t\t\t<div class=\"elementor-widget-container\">\n\t\t\t\t\t\t\t\t\t<h5><strong>Advanced SharePoint administration<\/strong><\/h5>\n<span class=\"text-500\">Duration :<\/span> Tailored\n<br>\n<span class=\"text-500\">Audience : <\/span>Experienced SharePoint administrators, IT teams.\n<br>\n<span class=\"text-500\">Overview :<\/span> Dive deeper into advanced topics, including configuration, performance tuning, governance, and managing complex SharePoint environments.\t\t\t\t\t\t\t\t<\/div>\n\t\t\t\t<\/div>\n\t\t\t\t\t<\/div>\n\t\t<\/div>\n\t\t\t\t\t<\/div>\n\t\t<\/section>\n\t\t\t\t<section class=\"elementor-section elementor-top-section elementor-element elementor-element-4b2804f elementor-section-full_width elementor-section-height-default elementor-section-height-default\" data-id=\"4b2804f\" data-element_type=\"section\" data-settings=\"{&quot;background_background&quot;:&quot;classic&quot;}\">\n\t\t\t\t\t\t<div class=\"elementor-container elementor-column-gap-default\">\n\t\t\t\t\t<div class=\"elementor-column elementor-col-100 elementor-top-column elementor-element elementor-element-1b215a5 Val-bloc-2 val-bloc container\" data-id=\"1b215a5\" data-element_type=\"column\">\n\t\t\t<div class=\"elementor-widget-wrap elementor-element-populated\">\n\t\t\t\t\t\t<div class=\"elementor-element elementor-element-7688bd5 elementor-widget__width-initial elementor-widget elementor-widget-text-editor\" data-id=\"7688bd5\" data-element_type=\"widget\" data-widget_type=\"text-editor.default\">\n\t\t\t\t<div class=\"elementor-widget-container\">\n\t\t\t\t\t\t\t\t\t<h5><strong>Tailored Excellence<\/strong><\/h5>\nExplore tailored, in-house programs for your IT team's unique needs. Adaptable durations align precisely with your organization's requirements, focusing on directly addressing roles and responsibilities.\t\t\t\t\t\t\t\t<\/div>\n\t\t\t\t<\/div>\n\t\t\t\t\t<\/div>\n\t\t<\/div>\n\t\t\t\t\t<\/div>\n\t\t<\/section>\n\t\t\t\t<section class=\"elementor-section elementor-top-section elementor-element elementor-element-367cbe2 elementor-section-full_width mb-0 elementor-section-height-default elementor-section-height-default\" data-id=\"367cbe2\" data-element_type=\"section\" data-settings=\"{&quot;background_background&quot;:&quot;classic&quot;}\">\n\t\t\t\t\t\t<div class=\"elementor-container elementor-column-gap-default\">\n\t\t\t\t\t<div class=\"elementor-column elementor-col-100 elementor-top-column elementor-element elementor-element-2b27356 container my-0\" data-id=\"2b27356\" data-element_type=\"column\">\n\t\t\t<div class=\"elementor-widget-wrap elementor-element-populated\">\n\t\t\t\t\t\t<div class=\"elementor-element elementor-element-4518eeb adv  elementor-widget elementor-widget-text-editor\" data-id=\"4518eeb\" data-element_type=\"widget\" data-widget_type=\"text-editor.default\">\n\t\t\t\t<div class=\"elementor-widget-container\">\n\t\t\t\t\t\t\t\t\t<h2><strong style=\"color: #0e2258;\">Benefits<\/strong><\/h2>\n\n<div class=\"free-trial-area\">\n<ul>\n\n \t<li>Empower IT teams for effective SharePoint management.\n\n<\/li>\n \t<li>Enhance security and compliance.\n<\/li>\n \t<li>Streamline document management and collaboration.\n<\/li>\n<li>Stay informed on the latest SharePoint updates and best practices.\n<\/li>\n<li>Optimize productivity with tailored SharePoint features.\n<\/li>\n<\/ul>\n<\/div>\t\t\t\t\t\t\t\t<\/div>\n\t\t\t\t<\/div>\n\t\t\t\t\t<\/div>\n\t\t<\/div>\n\t\t\t\t\t<\/div>\n\t\t<\/section>\n\t\t\t\t<section class=\"elementor-section elementor-top-section elementor-element elementor-element-d39a3ba call-action my-0 elementor-section-full_width elementor-section-height-default elementor-section-height-default\" data-id=\"d39a3ba\" data-element_type=\"section\" data-settings=\"{&quot;background_background&quot;:&quot;classic&quot;}\">\n\t\t\t\t\t\t<div class=\"elementor-container elementor-column-gap-default\">\n\t\t\t\t\t<div class=\"elementor-column elementor-col-100 elementor-top-column elementor-element elementor-element-609fd02  container mb-0\" data-id=\"609fd02\" data-element_type=\"column\" data-settings=\"{&quot;background_background&quot;:&quot;classic&quot;}\">\n\t\t\t<div class=\"elementor-widget-wrap elementor-element-populated\">\n\t\t\t\t\t\t<div class=\"elementor-element elementor-element-51d05dc mb-0 elementor-cta--skin-classic elementor-animated-content elementor-bg-transform elementor-bg-transform-zoom-in elementor-widget elementor-widget-call-to-action\" data-id=\"51d05dc\" data-element_type=\"widget\" data-widget_type=\"call-to-action.default\">\n\t\t\t\t<div class=\"elementor-widget-container\">\n\t\t\t\t\t\t\t<div class=\"elementor-cta\">\n\t\t\t\t\t\t\t<div class=\"elementor-cta__content\">\n\t\t\t\t\n\t\t\t\t<h2 class=\"elementor-cta__title elementor-cta__content-item elementor-content-item\">Ready to equip your IT team with SharePoint administration skills ?<\/h2>\n\t\t\t\t\t\t\t\t\t<div class=\"elementor-cta__description elementor-cta__content-item elementor-content-item\">\n\t\t\t\t\t\tBook your SharePoint administration training.\t\t\t\t\t<\/div>\n\t\t\t\t\n\t\t\t\t\t\t\t<\/div>\n\t\t\t\t\t\t<\/div>\n\t\t\t\t\t\t<\/div>\n\t\t\t\t<\/div>\n\t\t\t\t<div class=\"elementor-element elementor-element-99ac8cc service-btn d-flex justify-content-center elementor-widget elementor-widget-shortcode\" data-id=\"99ac8cc\" data-element_type=\"widget\" data-widget_type=\"shortcode.default\">\n\t\t\t\t<div class=\"elementor-widget-container\">\n\t\t\t\t\t\t\t<div class=\"elementor-shortcode\"><button data-id=\"17263\" data-post_id=\"3113\" data-form_style=\"on\" data-allow_outside_click=\"\" data-width=\"700px\" class=\"wpb-pcf-form-fire wpb-pcf-btn-large wpb-pcf-btn wpb-pcf-btn-default\">Contact us !<\/button>\n<\/div>\n\t\t\t\t\t\t<\/div>\n\t\t\t\t<\/div>\n\t\t\t\t\t<\/div>\n\t\t<\/div>\n\t\t\t\t\t<\/div>\n\t\t<\/section>\n\t\t\t\t<\/div>","protected":false},"excerpt":{"rendered":"<p>Administration SharePoint D\u00e9couvrez la puissance de SharePoint avec la formation sp\u00e9cialis\u00e9e d\u2019Alight, con\u00e7ue pour maximiser les comp\u00e9tences de vos \u00e9quipes informatiques et optimiser la gestion de votre environnement digital. Gr\u00e2ce \u00e0 des sessions pratiques et \u00e0 des \u00e9tudes de cas r\u00e9els, vos \u00e9quipes seront pr\u00e9par\u00e9es pour exploiter pleinement le potentiel de SharePoint, en assurant une [&hellip;]<\/p>","protected":false},"author":1,"featured_media":4320,"parent":3474,"menu_order":0,"comment_status":"closed","ping_status":"closed","template":"page-templates\/pages.php","meta":{"om_disable_all_campaigns":false,"_monsterinsights_skip_tracking":false,"_monsterinsights_sitenote_active":false,"_monsterinsights_sitenote_note":"","_monsterinsights_sitenote_category":0,"footnotes":""},"class_list":["post-3113","page","type-page","status-publish","has-post-thumbnail","hentry"],"yoast_head":"<!-- This site is optimized with the Yoast SEO plugin v26.6 - https:\/\/yoast.com\/wordpress\/plugins\/seo\/ -->\n<title>Administration SharePoint - Alight MEA<\/title>\n<meta name=\"description\" content=\"Discover the power of SharePoint with Alight&#039;s specialized training designed to empower your IT professionals.\" \/>\n<meta name=\"robots\" content=\"index, follow, max-snippet:-1, max-image-preview:large, max-video-preview:-1\" \/>\n<link rel=\"canonical\" href=\"https:\/\/alightmea.com\/en\/services\/formations\/sharepoint-administration\/\" \/>\n<meta property=\"og:locale\" content=\"en_US\" \/>\n<meta property=\"og:type\" content=\"article\" \/>\n<meta property=\"og:title\" content=\"Administration SharePoint - Alight MEA\" \/>\n<meta property=\"og:description\" content=\"Discover the power of SharePoint with Alight&#039;s specialized training designed to empower your IT professionals.\" \/>\n<meta property=\"og:url\" content=\"https:\/\/alightmea.com\/en\/services\/formations\/sharepoint-administration\/\" \/>\n<meta property=\"og:site_name\" content=\"Alight MEA\" \/>\n<meta property=\"article:modified_time\" content=\"2024-11-06T15:03:58+00:00\" \/>\n<meta property=\"og:image\" content=\"https:\/\/i0.wp.com\/alightmea.com\/wp-content\/uploads\/2024\/04\/training_1.jpg?fit=2370%2C1577&ssl=1\" \/>\n\t<meta property=\"og:image:width\" content=\"2370\" \/>\n\t<meta property=\"og:image:height\" content=\"1577\" \/>\n\t<meta property=\"og:image:type\" content=\"image\/jpeg\" \/>\n<meta name=\"twitter:card\" content=\"summary_large_image\" \/>\n<meta name=\"twitter:label1\" content=\"Est. reading time\" \/>\n\t<meta name=\"twitter:data1\" content=\"2 minutes\" \/>\n<script type=\"application\/ld+json\" class=\"yoast-schema-graph\">{\"@context\":\"https:\/\/schema.org\",\"@graph\":[{\"@type\":\"WebPage\",\"@id\":\"https:\/\/alightmea.com\/services\/formations\/sharepoint-administration\/\",\"url\":\"https:\/\/alightmea.com\/services\/formations\/sharepoint-administration\/\",\"name\":\"Administration SharePoint - Alight MEA\",\"isPartOf\":{\"@id\":\"https:\/\/alightmea.com\/#website\"},\"primaryImageOfPage\":{\"@id\":\"https:\/\/alightmea.com\/services\/formations\/sharepoint-administration\/#primaryimage\"},\"image\":{\"@id\":\"https:\/\/alightmea.com\/services\/formations\/sharepoint-administration\/#primaryimage\"},\"thumbnailUrl\":\"https:\/\/i0.wp.com\/alightmea.com\/wp-content\/uploads\/2024\/04\/training_1.jpg?fit=2370%2C1577&ssl=1\",\"datePublished\":\"2023-07-14T09:24:21+00:00\",\"dateModified\":\"2024-11-06T15:03:58+00:00\",\"description\":\"Discover the power of SharePoint with Alight's specialized training designed to empower your IT professionals.\",\"breadcrumb\":{\"@id\":\"https:\/\/alightmea.com\/services\/formations\/sharepoint-administration\/#breadcrumb\"},\"inLanguage\":\"en-US\",\"potentialAction\":[{\"@type\":\"ReadAction\",\"target\":[\"https:\/\/alightmea.com\/services\/formations\/sharepoint-administration\/\"]}]},{\"@type\":\"ImageObject\",\"inLanguage\":\"en-US\",\"@id\":\"https:\/\/alightmea.com\/services\/formations\/sharepoint-administration\/#primaryimage\",\"url\":\"https:\/\/i0.wp.com\/alightmea.com\/wp-content\/uploads\/2024\/04\/training_1.jpg?fit=2370%2C1577&ssl=1\",\"contentUrl\":\"https:\/\/i0.wp.com\/alightmea.com\/wp-content\/uploads\/2024\/04\/training_1.jpg?fit=2370%2C1577&ssl=1\",\"width\":2370,\"height\":1577,\"caption\":\"Alight Power Kit\"},{\"@type\":\"BreadcrumbList\",\"@id\":\"https:\/\/alightmea.com\/services\/formations\/sharepoint-administration\/#breadcrumb\",\"itemListElement\":[{\"@type\":\"ListItem\",\"position\":1,\"name\":\"ACCUEIL\",\"item\":\"https:\/\/alightmea.com\/\"},{\"@type\":\"ListItem\",\"position\":2,\"name\":\"Services\",\"item\":\"https:\/\/alightmea.com\/services\/\"},{\"@type\":\"ListItem\",\"position\":3,\"name\":\"Formations\",\"item\":\"https:\/\/alightmea.com\/services\/formations\/\"},{\"@type\":\"ListItem\",\"position\":4,\"name\":\"Administration SharePoint\"}]},{\"@type\":\"WebSite\",\"@id\":\"https:\/\/alightmea.com\/#website\",\"url\":\"https:\/\/alightmea.com\/\",\"name\":\"Alight MEA\",\"description\":\"D\u00e9veloppement logiciels et conseil en technologie de l\u2019information des solutions bas\u00e9es sur les produits Microsoft\",\"publisher\":{\"@id\":\"https:\/\/alightmea.com\/#organization\"},\"potentialAction\":[{\"@type\":\"SearchAction\",\"target\":{\"@type\":\"EntryPoint\",\"urlTemplate\":\"https:\/\/alightmea.com\/?s={search_term_string}\"},\"query-input\":{\"@type\":\"PropertyValueSpecification\",\"valueRequired\":true,\"valueName\":\"search_term_string\"}}],\"inLanguage\":\"en-US\"},{\"@type\":\"Organization\",\"@id\":\"https:\/\/alightmea.com\/#organization\",\"name\":\"Alight MEA\",\"url\":\"https:\/\/alightmea.com\/\",\"logo\":{\"@type\":\"ImageObject\",\"inLanguage\":\"en-US\",\"@id\":\"https:\/\/alightmea.com\/#\/schema\/logo\/image\/\",\"url\":\"https:\/\/i0.wp.com\/alightmea.com\/wp-content\/uploads\/2024\/03\/header-logo-1.png?fit=229%2C77&ssl=1\",\"contentUrl\":\"https:\/\/i0.wp.com\/alightmea.com\/wp-content\/uploads\/2024\/03\/header-logo-1.png?fit=229%2C77&ssl=1\",\"width\":229,\"height\":77,\"caption\":\"Alight MEA\"},\"image\":{\"@id\":\"https:\/\/alightmea.com\/#\/schema\/logo\/image\/\"}}]}<\/script>\n<!-- \/ Yoast SEO plugin. -->","yoast_head_json":{"title":"Administration SharePoint - Alight MEA","description":"Discover the power of SharePoint with Alight's specialized training designed to empower your IT professionals.","robots":{"index":"index","follow":"follow","max-snippet":"max-snippet:-1","max-image-preview":"max-image-preview:large","max-video-preview":"max-video-preview:-1"},"canonical":"https:\/\/alightmea.com\/en\/services\/formations\/sharepoint-administration\/","og_locale":"en_US","og_type":"article","og_title":"Administration SharePoint - Alight MEA","og_description":"Discover the power of SharePoint with Alight's specialized training designed to empower your IT professionals.","og_url":"https:\/\/alightmea.com\/en\/services\/formations\/sharepoint-administration\/","og_site_name":"Alight MEA","article_modified_time":"2024-11-06T15:03:58+00:00","og_image":[{"width":2370,"height":1577,"url":"https:\/\/i0.wp.com\/alightmea.com\/wp-content\/uploads\/2024\/04\/training_1.jpg?fit=2370%2C1577&ssl=1","type":"image\/jpeg"}],"twitter_card":"summary_large_image","twitter_misc":{"Est. reading time":"2 minutes"},"schema":{"@context":"https:\/\/schema.org","@graph":[{"@type":"WebPage","@id":"https:\/\/alightmea.com\/services\/formations\/sharepoint-administration\/","url":"https:\/\/alightmea.com\/services\/formations\/sharepoint-administration\/","name":"Administration SharePoint - Alight MEA","isPartOf":{"@id":"https:\/\/alightmea.com\/#website"},"primaryImageOfPage":{"@id":"https:\/\/alightmea.com\/services\/formations\/sharepoint-administration\/#primaryimage"},"image":{"@id":"https:\/\/alightmea.com\/services\/formations\/sharepoint-administration\/#primaryimage"},"thumbnailUrl":"https:\/\/i0.wp.com\/alightmea.com\/wp-content\/uploads\/2024\/04\/training_1.jpg?fit=2370%2C1577&ssl=1","datePublished":"2023-07-14T09:24:21+00:00","dateModified":"2024-11-06T15:03:58+00:00","description":"Discover the power of SharePoint with Alight's specialized training designed to empower your IT professionals.","breadcrumb":{"@id":"https:\/\/alightmea.com\/services\/formations\/sharepoint-administration\/#breadcrumb"},"inLanguage":"en-US","potentialAction":[{"@type":"ReadAction","target":["https:\/\/alightmea.com\/services\/formations\/sharepoint-administration\/"]}]},{"@type":"ImageObject","inLanguage":"en-US","@id":"https:\/\/alightmea.com\/services\/formations\/sharepoint-administration\/#primaryimage","url":"https:\/\/i0.wp.com\/alightmea.com\/wp-content\/uploads\/2024\/04\/training_1.jpg?fit=2370%2C1577&ssl=1","contentUrl":"https:\/\/i0.wp.com\/alightmea.com\/wp-content\/uploads\/2024\/04\/training_1.jpg?fit=2370%2C1577&ssl=1","width":2370,"height":1577,"caption":"Alight Power Kit"},{"@type":"BreadcrumbList","@id":"https:\/\/alightmea.com\/services\/formations\/sharepoint-administration\/#breadcrumb","itemListElement":[{"@type":"ListItem","position":1,"name":"ACCUEIL","item":"https:\/\/alightmea.com\/"},{"@type":"ListItem","position":2,"name":"Services","item":"https:\/\/alightmea.com\/services\/"},{"@type":"ListItem","position":3,"name":"Formations","item":"https:\/\/alightmea.com\/services\/formations\/"},{"@type":"ListItem","position":4,"name":"Administration SharePoint"}]},{"@type":"WebSite","@id":"https:\/\/alightmea.com\/#website","url":"https:\/\/alightmea.com\/","name":"Alight MEA","description":"D\u00e9veloppement logiciels et conseil en technologie de l\u2019information des solutions bas\u00e9es sur les produits Microsoft","publisher":{"@id":"https:\/\/alightmea.com\/#organization"},"potentialAction":[{"@type":"SearchAction","target":{"@type":"EntryPoint","urlTemplate":"https:\/\/alightmea.com\/?s={search_term_string}"},"query-input":{"@type":"PropertyValueSpecification","valueRequired":true,"valueName":"search_term_string"}}],"inLanguage":"en-US"},{"@type":"Organization","@id":"https:\/\/alightmea.com\/#organization","name":"Alight MEA","url":"https:\/\/alightmea.com\/","logo":{"@type":"ImageObject","inLanguage":"en-US","@id":"https:\/\/alightmea.com\/#\/schema\/logo\/image\/","url":"https:\/\/i0.wp.com\/alightmea.com\/wp-content\/uploads\/2024\/03\/header-logo-1.png?fit=229%2C77&ssl=1","contentUrl":"https:\/\/i0.wp.com\/alightmea.com\/wp-content\/uploads\/2024\/03\/header-logo-1.png?fit=229%2C77&ssl=1","width":229,"height":77,"caption":"Alight MEA"},"image":{"@id":"https:\/\/alightmea.com\/#\/schema\/logo\/image\/"}}]}},"jetpack_sharing_enabled":true,"_links":{"self":[{"href":"https:\/\/alightmea.com\/en\/wp-json\/wp\/v2\/pages\/3113","targetHints":{"allow":["GET"]}}],"collection":[{"href":"https:\/\/alightmea.com\/en\/wp-json\/wp\/v2\/pages"}],"about":[{"href":"https:\/\/alightmea.com\/en\/wp-json\/wp\/v2\/types\/page"}],"author":[{"embeddable":true,"href":"https:\/\/alightmea.com\/en\/wp-json\/wp\/v2\/users\/1"}],"replies":[{"embeddable":true,"href":"https:\/\/alightmea.com\/en\/wp-json\/wp\/v2\/comments?post=3113"}],"version-history":[{"count":401,"href":"https:\/\/alightmea.com\/en\/wp-json\/wp\/v2\/pages\/3113\/revisions"}],"predecessor-version":[{"id":17572,"href":"https:\/\/alightmea.com\/en\/wp-json\/wp\/v2\/pages\/3113\/revisions\/17572"}],"up":[{"embeddable":true,"href":"https:\/\/alightmea.com\/en\/wp-json\/wp\/v2\/pages\/3474"}],"wp:featuredmedia":[{"embeddable":true,"href":"https:\/\/alightmea.com\/en\/wp-json\/wp\/v2\/media\/4320"}],"wp:attachment":[{"href":"https:\/\/alightmea.com\/en\/wp-json\/wp\/v2\/media?parent=3113"}],"curies":[{"name":"wp","href":"https:\/\/api.w.org\/{rel}","templated":true}]}}