{"id":3106,"date":"2023-07-14T11:20:38","date_gmt":"2023-07-14T09:20:38","guid":{"rendered":"http:\/\/localhost:8888\/wordpress\/?page_id=3106"},"modified":"2024-11-06T16:15:42","modified_gmt":"2024-11-06T15:15:42","slug":"modern-workplace","status":"publish","type":"page","link":"https:\/\/alightmea.com\/en\/services\/microsoft_365\/modern-workplace\/","title":{"rendered":"Modern workplace"},"content":{"rendered":"<div data-elementor-type=\"wp-page\" data-elementor-id=\"3106\" class=\"elementor elementor-3106\">\n\t\t\t\t\t\t<section class=\"elementor-section elementor-top-section elementor-element elementor-element-2cd35e6 elementor-section-content-middle elementor-section-boxed elementor-section-height-default elementor-section-height-default\" data-id=\"2cd35e6\" data-element_type=\"section\">\n\t\t\t\t\t\t<div class=\"elementor-container elementor-column-gap-default\">\n\t\t\t\t\t<div class=\"elementor-column elementor-col-50 elementor-top-column elementor-element elementor-element-555939c\" data-id=\"555939c\" data-element_type=\"column\">\n\t\t\t<div class=\"elementor-widget-wrap elementor-element-populated\">\n\t\t\t\t\t\t<div class=\"elementor-element elementor-element-a60e1b7 elementor-widget elementor-widget-image\" data-id=\"a60e1b7\" data-element_type=\"widget\" data-widget_type=\"image.default\">\n\t\t\t\t<div class=\"elementor-widget-container\">\n\t\t\t\t\t\t\t\t\t\t\t\t\t\t\t<img fetchpriority=\"high\" decoding=\"async\" width=\"1024\" height=\"536\" src=\"https:\/\/i0.wp.com\/alightmea.com\/wp-content\/uploads\/2024\/03\/modernworkplace.jpeg?fit=1024%2C536&amp;ssl=1\" class=\"attachment-large size-large wp-image-4172\" alt=\"\" srcset=\"https:\/\/i0.wp.com\/alightmea.com\/wp-content\/uploads\/2024\/03\/modernworkplace.jpeg?w=1200&amp;ssl=1 1200w, https:\/\/i0.wp.com\/alightmea.com\/wp-content\/uploads\/2024\/03\/modernworkplace.jpeg?resize=300%2C157&amp;ssl=1 300w, https:\/\/i0.wp.com\/alightmea.com\/wp-content\/uploads\/2024\/03\/modernworkplace.jpeg?resize=1024%2C536&amp;ssl=1 1024w, https:\/\/i0.wp.com\/alightmea.com\/wp-content\/uploads\/2024\/03\/modernworkplace.jpeg?resize=768%2C402&amp;ssl=1 768w, https:\/\/i0.wp.com\/alightmea.com\/wp-content\/uploads\/2024\/03\/modernworkplace.jpeg?resize=18%2C9&amp;ssl=1 18w, https:\/\/i0.wp.com\/alightmea.com\/wp-content\/uploads\/2024\/03\/modernworkplace.jpeg?resize=1000%2C523&amp;ssl=1 1000w, https:\/\/i0.wp.com\/alightmea.com\/wp-content\/uploads\/2024\/03\/modernworkplace.jpeg?resize=350%2C183&amp;ssl=1 350w, https:\/\/i0.wp.com\/alightmea.com\/wp-content\/uploads\/2024\/03\/modernworkplace.jpeg?resize=764%2C400&amp;ssl=1 764w\" sizes=\"(max-width: 1000px) 100vw, 1000px\" \/>\t\t\t\t\t\t\t\t\t\t\t\t\t\t\t<\/div>\n\t\t\t\t<\/div>\n\t\t\t\t\t<\/div>\n\t\t<\/div>\n\t\t\t\t<div class=\"elementor-column elementor-col-50 elementor-top-column elementor-element elementor-element-543d814\" data-id=\"543d814\" data-element_type=\"column\">\n\t\t\t<div class=\"elementor-widget-wrap elementor-element-populated\">\n\t\t\t\t\t\t<div class=\"elementor-element elementor-element-61ee560 elementor-widget elementor-widget-heading\" data-id=\"61ee560\" data-element_type=\"widget\" data-widget_type=\"heading.default\">\n\t\t\t\t<div class=\"elementor-widget-container\">\n\t\t\t\t\t<h4 class=\"elementor-heading-title elementor-size-default\">Modern Workplace<\/h4>\t\t\t\t<\/div>\n\t\t\t\t<\/div>\n\t\t\t\t<div class=\"elementor-element elementor-element-d36915c elementor-widget elementor-widget-text-editor\" data-id=\"d36915c\" data-element_type=\"widget\" data-widget_type=\"text-editor.default\">\n\t\t\t\t<div class=\"elementor-widget-container\">\n\t\t\t\t\t\t\t\t\t<p style=\"text-align:justify\">Transform your workplace with the power of modern technology. By leveraging the capabilities of M365, including MS Teams, MS Viva, SharePoint Online and AI-driven tools such as M365 Copilot, you can open up a world of collaboration, productivity and efficiency. Embrace fluid communication, enhanced knowledge sharing and intelligent automation to support your organization's growth in the digital age.<\/p>\t\t\t\t\t\t\t\t<\/div>\n\t\t\t\t<\/div>\n\t\t\t\t\t<\/div>\n\t\t<\/div>\n\t\t\t\t\t<\/div>\n\t\t<\/section>\n\t\t\t\t<section class=\"elementor-section elementor-top-section elementor-element elementor-element-5ecd51d nearshoring no-margin caract-bloc  mb-0 elementor-section-boxed elementor-section-height-default elementor-section-height-default\" data-id=\"5ecd51d\" data-element_type=\"section\" data-settings=\"{&quot;background_background&quot;:&quot;classic&quot;}\">\n\t\t\t\t\t\t<div class=\"elementor-container elementor-column-gap-default\">\n\t\t\t\t\t<div class=\"elementor-column elementor-col-100 elementor-top-column elementor-element elementor-element-02bb177  my-0\" data-id=\"02bb177\" data-element_type=\"column\" data-settings=\"{&quot;background_background&quot;:&quot;classic&quot;}\">\n\t\t\t<div class=\"elementor-widget-wrap elementor-element-populated\">\n\t\t\t\t\t\t<div class=\"elementor-element elementor-element-8e3559a elementor-widget elementor-widget-text-editor\" data-id=\"8e3559a\" data-element_type=\"widget\" data-widget_type=\"text-editor.default\">\n\t\t\t\t<div class=\"elementor-widget-container\">\n\t\t\t\t\t\t\t\t\t<h3 class=\"T-h3\" style=\"text-align: left;\"><strong style=\"color: #0e2258;\">Transform Your Work Environment with M365<\/strong><\/h3>\t\t\t\t\t\t\t\t<\/div>\n\t\t\t\t<\/div>\n\t\t\t\t<div class=\"elementor-element elementor-element-cab596c eval bloc-env elementor-widget elementor-widget-html\" data-id=\"cab596c\" data-element_type=\"widget\" data-widget_type=\"html.default\">\n\t\t\t\t<div class=\"elementor-widget-container\">\n\t\t\t\t\t<div class=\"free-trial-area\"><p>By integrating M365, you can streamline your tasks and boost your productivity. Benefit from optimized workflows that simplify complex processes, while enhancing the functionality of your applications.<\/p>\r\n<ul>\r\n \t<li><b>Smooth integration<\/b>\r\n\t<br>\r\n \t<span>\r\nCombine e-mail, calendar, employee information and organization charts.<\/span><\/li>\r\n \t<li><b>Collaboration without borders <\/b> \r\n \t<br>\r\n \t<span>\r\nMake teamwork easy, wherever you are.<\/span><\/li>\r\n \t<li><b>Clear vision <\/b>\r\n\t<br>\r\n \t<span>\r\nEasily access your company's structure and resources for informed decision-making.<\/span><\/li>\r\n<\/ul>\r\n<\/div>\t\t\t\t<\/div>\n\t\t\t\t<\/div>\n\t\t\t\t\t<\/div>\n\t\t<\/div>\n\t\t\t\t\t<\/div>\n\t\t<\/section>\n\t\t\t\t<section class=\"elementor-section elementor-top-section elementor-element elementor-element-ff3b365 call-action my-0 elementor-section-full_width elementor-section-height-default elementor-section-height-default\" data-id=\"ff3b365\" data-element_type=\"section\" data-settings=\"{&quot;background_background&quot;:&quot;classic&quot;}\">\n\t\t\t\t\t\t<div class=\"elementor-container elementor-column-gap-default\">\n\t\t\t\t\t<div class=\"elementor-column elementor-col-100 elementor-top-column elementor-element elementor-element-6cb484f container my-0\" data-id=\"6cb484f\" data-element_type=\"column\" data-settings=\"{&quot;background_background&quot;:&quot;classic&quot;}\">\n\t\t\t<div class=\"elementor-widget-wrap elementor-element-populated\">\n\t\t\t\t\t\t<div class=\"elementor-element elementor-element-5634458 elementor-cta--skin-classic elementor-animated-content elementor-bg-transform elementor-bg-transform-zoom-in elementor-widget elementor-widget-call-to-action\" data-id=\"5634458\" data-element_type=\"widget\" data-widget_type=\"call-to-action.default\">\n\t\t\t\t<div class=\"elementor-widget-container\">\n\t\t\t\t\t\t\t<div class=\"elementor-cta\">\n\t\t\t\t\t\t\t<div class=\"elementor-cta__content\">\n\t\t\t\t\n\t\t\t\t<h2 class=\"elementor-cta__title elementor-cta__content-item elementor-content-item\">Adopt a modern work environment that takes your organization to new heights!<\/h2>\n\t\t\t\t\t\t\t\t\t<div class=\"elementor-cta__description elementor-cta__content-item elementor-content-item\">\n\t\t\t\t\t\tContact us today to discuss how we can boost your success.\t\t\t\t\t<\/div>\n\t\t\t\t\n\t\t\t\t\t\t\t<\/div>\n\t\t\t\t\t\t<\/div>\n\t\t\t\t\t\t<\/div>\n\t\t\t\t<\/div>\n\t\t\t\t<div class=\"elementor-element elementor-element-b5e9e9f service-btn d-flex justify-content-center elementor-widget elementor-widget-shortcode\" data-id=\"b5e9e9f\" data-element_type=\"widget\" data-widget_type=\"shortcode.default\">\n\t\t\t\t<div class=\"elementor-widget-container\">\n\t\t\t\t\t\t\t<div class=\"elementor-shortcode\"><button data-id=\"17263\" data-post_id=\"3106\" data-form_style=\"on\" data-allow_outside_click=\"\" data-width=\"700px\" class=\"wpb-pcf-form-fire wpb-pcf-btn-large wpb-pcf-btn wpb-pcf-btn-default\">Contact us !<\/button>\n<\/div>\n\t\t\t\t\t\t<\/div>\n\t\t\t\t<\/div>\n\t\t\t\t\t<\/div>\n\t\t<\/div>\n\t\t\t\t\t<\/div>\n\t\t<\/section>\n\t\t\t\t<\/div>","protected":false},"excerpt":{"rendered":"<p>Modern Workplace Transformez votre lieu de travail gr\u00e2ce \u00e0 la puissance des technologies modernes. En exploitant les capacit\u00e9s de M365, notamment MS Teams, MS Viva, SharePoint Online et des outils pilot\u00e9s par l&#8217;IA tels que M365 Copilot, vous pouvez ouvrir un monde de collaboration, de productivit\u00e9 et d&#8217;efficacit\u00e9. Adoptez une communication fluide, un meilleur partage [&hellip;]<\/p>","protected":false},"author":1,"featured_media":4170,"parent":3471,"menu_order":0,"comment_status":"closed","ping_status":"closed","template":"page-templates\/pages.php","meta":{"om_disable_all_campaigns":false,"_monsterinsights_skip_tracking":false,"_monsterinsights_sitenote_active":false,"_monsterinsights_sitenote_note":"","_monsterinsights_sitenote_category":0,"footnotes":""},"class_list":["post-3106","page","type-page","status-publish","has-post-thumbnail","hentry"],"yoast_head":"<!-- This site is optimized with the Yoast SEO plugin v26.6 - https:\/\/yoast.com\/wordpress\/plugins\/seo\/ -->\n<title>Modern workplace - Alight MEA<\/title>\n<meta name=\"description\" content=\"Transform your workplace with the power of modern technology. By leveraging the capabilities of M365, including MS Teams, MS Viva....\" \/>\n<meta name=\"robots\" content=\"index, follow, max-snippet:-1, max-image-preview:large, max-video-preview:-1\" \/>\n<link rel=\"canonical\" href=\"https:\/\/alightmea.com\/en\/services\/microsoft_365\/modern-workplace\/\" \/>\n<meta property=\"og:locale\" content=\"en_US\" \/>\n<meta property=\"og:type\" content=\"article\" \/>\n<meta property=\"og:title\" content=\"Modern workplace - Alight MEA\" \/>\n<meta property=\"og:description\" content=\"Transform your workplace with the power of modern technology. By leveraging the capabilities of M365, including MS Teams, MS Viva....\" \/>\n<meta property=\"og:url\" content=\"https:\/\/alightmea.com\/en\/services\/microsoft_365\/modern-workplace\/\" \/>\n<meta property=\"og:site_name\" content=\"Alight MEA\" \/>\n<meta property=\"article:modified_time\" content=\"2024-11-06T15:15:42+00:00\" \/>\n<meta property=\"og:image\" content=\"https:\/\/i0.wp.com\/alightmea.com\/wp-content\/uploads\/2024\/03\/microsoft-365.jpg?fit=2108%2C1006&ssl=1\" \/>\n\t<meta property=\"og:image:width\" content=\"2108\" \/>\n\t<meta property=\"og:image:height\" content=\"1006\" \/>\n\t<meta property=\"og:image:type\" content=\"image\/jpeg\" \/>\n<meta name=\"twitter:card\" content=\"summary_large_image\" \/>\n<meta name=\"twitter:label1\" content=\"Est. reading time\" \/>\n\t<meta name=\"twitter:data1\" content=\"2 minutes\" \/>\n<script type=\"application\/ld+json\" class=\"yoast-schema-graph\">{\"@context\":\"https:\/\/schema.org\",\"@graph\":[{\"@type\":\"WebPage\",\"@id\":\"https:\/\/alightmea.com\/services\/microsoft_365\/modern-workplace\/\",\"url\":\"https:\/\/alightmea.com\/services\/microsoft_365\/modern-workplace\/\",\"name\":\"Modern workplace - Alight MEA\",\"isPartOf\":{\"@id\":\"https:\/\/alightmea.com\/#website\"},\"primaryImageOfPage\":{\"@id\":\"https:\/\/alightmea.com\/services\/microsoft_365\/modern-workplace\/#primaryimage\"},\"image\":{\"@id\":\"https:\/\/alightmea.com\/services\/microsoft_365\/modern-workplace\/#primaryimage\"},\"thumbnailUrl\":\"https:\/\/i0.wp.com\/alightmea.com\/wp-content\/uploads\/2024\/03\/microsoft-365.jpg?fit=2108%2C1006&ssl=1\",\"datePublished\":\"2023-07-14T09:20:38+00:00\",\"dateModified\":\"2024-11-06T15:15:42+00:00\",\"description\":\"Transform your workplace with the power of modern technology. By leveraging the capabilities of M365, including MS Teams, MS Viva....\",\"breadcrumb\":{\"@id\":\"https:\/\/alightmea.com\/services\/microsoft_365\/modern-workplace\/#breadcrumb\"},\"inLanguage\":\"en-US\",\"potentialAction\":[{\"@type\":\"ReadAction\",\"target\":[\"https:\/\/alightmea.com\/services\/microsoft_365\/modern-workplace\/\"]}]},{\"@type\":\"ImageObject\",\"inLanguage\":\"en-US\",\"@id\":\"https:\/\/alightmea.com\/services\/microsoft_365\/modern-workplace\/#primaryimage\",\"url\":\"https:\/\/i0.wp.com\/alightmea.com\/wp-content\/uploads\/2024\/03\/microsoft-365.jpg?fit=2108%2C1006&ssl=1\",\"contentUrl\":\"https:\/\/i0.wp.com\/alightmea.com\/wp-content\/uploads\/2024\/03\/microsoft-365.jpg?fit=2108%2C1006&ssl=1\",\"width\":2108,\"height\":1006,\"caption\":\"Businessman holding of global data network and social network of databases. Social media technology online Connect\"},{\"@type\":\"BreadcrumbList\",\"@id\":\"https:\/\/alightmea.com\/services\/microsoft_365\/modern-workplace\/#breadcrumb\",\"itemListElement\":[{\"@type\":\"ListItem\",\"position\":1,\"name\":\"ACCUEIL\",\"item\":\"https:\/\/alightmea.com\/\"},{\"@type\":\"ListItem\",\"position\":2,\"name\":\"Services\",\"item\":\"https:\/\/alightmea.com\/services\/\"},{\"@type\":\"ListItem\",\"position\":3,\"name\":\"Microsoft 365\",\"item\":\"https:\/\/alightmea.com\/services\/microsoft_365\/\"},{\"@type\":\"ListItem\",\"position\":4,\"name\":\"Modern workplace\"}]},{\"@type\":\"WebSite\",\"@id\":\"https:\/\/alightmea.com\/#website\",\"url\":\"https:\/\/alightmea.com\/\",\"name\":\"Alight MEA\",\"description\":\"D\u00e9veloppement logiciels et conseil en technologie de l\u2019information des solutions bas\u00e9es sur les produits Microsoft\",\"publisher\":{\"@id\":\"https:\/\/alightmea.com\/#organization\"},\"potentialAction\":[{\"@type\":\"SearchAction\",\"target\":{\"@type\":\"EntryPoint\",\"urlTemplate\":\"https:\/\/alightmea.com\/?s={search_term_string}\"},\"query-input\":{\"@type\":\"PropertyValueSpecification\",\"valueRequired\":true,\"valueName\":\"search_term_string\"}}],\"inLanguage\":\"en-US\"},{\"@type\":\"Organization\",\"@id\":\"https:\/\/alightmea.com\/#organization\",\"name\":\"Alight MEA\",\"url\":\"https:\/\/alightmea.com\/\",\"logo\":{\"@type\":\"ImageObject\",\"inLanguage\":\"en-US\",\"@id\":\"https:\/\/alightmea.com\/#\/schema\/logo\/image\/\",\"url\":\"https:\/\/i0.wp.com\/alightmea.com\/wp-content\/uploads\/2024\/03\/header-logo-1.png?fit=229%2C77&ssl=1\",\"contentUrl\":\"https:\/\/i0.wp.com\/alightmea.com\/wp-content\/uploads\/2024\/03\/header-logo-1.png?fit=229%2C77&ssl=1\",\"width\":229,\"height\":77,\"caption\":\"Alight MEA\"},\"image\":{\"@id\":\"https:\/\/alightmea.com\/#\/schema\/logo\/image\/\"}}]}<\/script>\n<!-- \/ Yoast SEO plugin. -->","yoast_head_json":{"title":"Modern workplace - Alight MEA","description":"Transform your workplace with the power of modern technology. By leveraging the capabilities of M365, including MS Teams, MS Viva....","robots":{"index":"index","follow":"follow","max-snippet":"max-snippet:-1","max-image-preview":"max-image-preview:large","max-video-preview":"max-video-preview:-1"},"canonical":"https:\/\/alightmea.com\/en\/services\/microsoft_365\/modern-workplace\/","og_locale":"en_US","og_type":"article","og_title":"Modern workplace - Alight MEA","og_description":"Transform your workplace with the power of modern technology. By leveraging the capabilities of M365, including MS Teams, MS Viva....","og_url":"https:\/\/alightmea.com\/en\/services\/microsoft_365\/modern-workplace\/","og_site_name":"Alight MEA","article_modified_time":"2024-11-06T15:15:42+00:00","og_image":[{"width":2108,"height":1006,"url":"https:\/\/i0.wp.com\/alightmea.com\/wp-content\/uploads\/2024\/03\/microsoft-365.jpg?fit=2108%2C1006&ssl=1","type":"image\/jpeg"}],"twitter_card":"summary_large_image","twitter_misc":{"Est. reading time":"2 minutes"},"schema":{"@context":"https:\/\/schema.org","@graph":[{"@type":"WebPage","@id":"https:\/\/alightmea.com\/services\/microsoft_365\/modern-workplace\/","url":"https:\/\/alightmea.com\/services\/microsoft_365\/modern-workplace\/","name":"Modern workplace - Alight MEA","isPartOf":{"@id":"https:\/\/alightmea.com\/#website"},"primaryImageOfPage":{"@id":"https:\/\/alightmea.com\/services\/microsoft_365\/modern-workplace\/#primaryimage"},"image":{"@id":"https:\/\/alightmea.com\/services\/microsoft_365\/modern-workplace\/#primaryimage"},"thumbnailUrl":"https:\/\/i0.wp.com\/alightmea.com\/wp-content\/uploads\/2024\/03\/microsoft-365.jpg?fit=2108%2C1006&ssl=1","datePublished":"2023-07-14T09:20:38+00:00","dateModified":"2024-11-06T15:15:42+00:00","description":"Transform your workplace with the power of modern technology. By leveraging the capabilities of M365, including MS Teams, MS Viva....","breadcrumb":{"@id":"https:\/\/alightmea.com\/services\/microsoft_365\/modern-workplace\/#breadcrumb"},"inLanguage":"en-US","potentialAction":[{"@type":"ReadAction","target":["https:\/\/alightmea.com\/services\/microsoft_365\/modern-workplace\/"]}]},{"@type":"ImageObject","inLanguage":"en-US","@id":"https:\/\/alightmea.com\/services\/microsoft_365\/modern-workplace\/#primaryimage","url":"https:\/\/i0.wp.com\/alightmea.com\/wp-content\/uploads\/2024\/03\/microsoft-365.jpg?fit=2108%2C1006&ssl=1","contentUrl":"https:\/\/i0.wp.com\/alightmea.com\/wp-content\/uploads\/2024\/03\/microsoft-365.jpg?fit=2108%2C1006&ssl=1","width":2108,"height":1006,"caption":"Businessman holding of global data network and social network of databases. Social media technology online Connect"},{"@type":"BreadcrumbList","@id":"https:\/\/alightmea.com\/services\/microsoft_365\/modern-workplace\/#breadcrumb","itemListElement":[{"@type":"ListItem","position":1,"name":"ACCUEIL","item":"https:\/\/alightmea.com\/"},{"@type":"ListItem","position":2,"name":"Services","item":"https:\/\/alightmea.com\/services\/"},{"@type":"ListItem","position":3,"name":"Microsoft 365","item":"https:\/\/alightmea.com\/services\/microsoft_365\/"},{"@type":"ListItem","position":4,"name":"Modern workplace"}]},{"@type":"WebSite","@id":"https:\/\/alightmea.com\/#website","url":"https:\/\/alightmea.com\/","name":"Alight MEA","description":"D\u00e9veloppement logiciels et conseil en technologie de l\u2019information des solutions bas\u00e9es sur les produits Microsoft","publisher":{"@id":"https:\/\/alightmea.com\/#organization"},"potentialAction":[{"@type":"SearchAction","target":{"@type":"EntryPoint","urlTemplate":"https:\/\/alightmea.com\/?s={search_term_string}"},"query-input":{"@type":"PropertyValueSpecification","valueRequired":true,"valueName":"search_term_string"}}],"inLanguage":"en-US"},{"@type":"Organization","@id":"https:\/\/alightmea.com\/#organization","name":"Alight MEA","url":"https:\/\/alightmea.com\/","logo":{"@type":"ImageObject","inLanguage":"en-US","@id":"https:\/\/alightmea.com\/#\/schema\/logo\/image\/","url":"https:\/\/i0.wp.com\/alightmea.com\/wp-content\/uploads\/2024\/03\/header-logo-1.png?fit=229%2C77&ssl=1","contentUrl":"https:\/\/i0.wp.com\/alightmea.com\/wp-content\/uploads\/2024\/03\/header-logo-1.png?fit=229%2C77&ssl=1","width":229,"height":77,"caption":"Alight MEA"},"image":{"@id":"https:\/\/alightmea.com\/#\/schema\/logo\/image\/"}}]}},"jetpack_sharing_enabled":true,"_links":{"self":[{"href":"https:\/\/alightmea.com\/en\/wp-json\/wp\/v2\/pages\/3106","targetHints":{"allow":["GET"]}}],"collection":[{"href":"https:\/\/alightmea.com\/en\/wp-json\/wp\/v2\/pages"}],"about":[{"href":"https:\/\/alightmea.com\/en\/wp-json\/wp\/v2\/types\/page"}],"author":[{"embeddable":true,"href":"https:\/\/alightmea.com\/en\/wp-json\/wp\/v2\/users\/1"}],"replies":[{"embeddable":true,"href":"https:\/\/alightmea.com\/en\/wp-json\/wp\/v2\/comments?post=3106"}],"version-history":[{"count":306,"href":"https:\/\/alightmea.com\/en\/wp-json\/wp\/v2\/pages\/3106\/revisions"}],"predecessor-version":[{"id":17526,"href":"https:\/\/alightmea.com\/en\/wp-json\/wp\/v2\/pages\/3106\/revisions\/17526"}],"up":[{"embeddable":true,"href":"https:\/\/alightmea.com\/en\/wp-json\/wp\/v2\/pages\/3471"}],"wp:featuredmedia":[{"embeddable":true,"href":"https:\/\/alightmea.com\/en\/wp-json\/wp\/v2\/media\/4170"}],"wp:attachment":[{"href":"https:\/\/alightmea.com\/en\/wp-json\/wp\/v2\/media?parent=3106"}],"curies":[{"name":"wp","href":"https:\/\/api.w.org\/{rel}","templated":true}]}}