{"id":3105,"date":"2023-07-14T11:20:36","date_gmt":"2023-07-14T09:20:36","guid":{"rendered":"http:\/\/localhost:8888\/wordpress\/?page_id=3105"},"modified":"2024-11-06T16:13:11","modified_gmt":"2024-11-06T15:13:11","slug":"business-application-development","status":"publish","type":"page","link":"https:\/\/alightmea.com\/en\/services\/microsoft_365\/business-application-development\/","title":{"rendered":"Business Application Development"},"content":{"rendered":"<div data-elementor-type=\"wp-page\" data-elementor-id=\"3105\" class=\"elementor elementor-3105\">\n\t\t\t\t\t\t<section class=\"elementor-section elementor-top-section elementor-element elementor-element-7226efc elementor-section-boxed elementor-section-height-default elementor-section-height-default\" data-id=\"7226efc\" data-element_type=\"section\">\n\t\t\t\t\t\t<div class=\"elementor-container elementor-column-gap-default\">\n\t\t\t\t\t<div class=\"elementor-column elementor-col-50 elementor-top-column elementor-element elementor-element-f5fcdb4\" data-id=\"f5fcdb4\" data-element_type=\"column\">\n\t\t\t<div class=\"elementor-widget-wrap elementor-element-populated\">\n\t\t\t\t\t\t<div class=\"elementor-element elementor-element-dda1c0b elementor-widget elementor-widget-image\" data-id=\"dda1c0b\" data-element_type=\"widget\" data-widget_type=\"image.default\">\n\t\t\t\t<div class=\"elementor-widget-container\">\n\t\t\t\t\t\t\t\t\t\t\t\t\t\t\t<img fetchpriority=\"high\" decoding=\"async\" width=\"1024\" height=\"509\" src=\"https:\/\/i0.wp.com\/alightmea.com\/wp-content\/uploads\/2024\/03\/Developpement-dApplications-Metier%E2%80%8B.jpg?fit=1024%2C509&amp;ssl=1\" class=\"attachment-large size-large wp-image-4168\" alt=\"\" \/>\t\t\t\t\t\t\t\t\t\t\t\t\t\t\t<\/div>\n\t\t\t\t<\/div>\n\t\t\t\t\t<\/div>\n\t\t<\/div>\n\t\t\t\t<div class=\"elementor-column elementor-col-50 elementor-top-column elementor-element elementor-element-5c0a7ee\" data-id=\"5c0a7ee\" data-element_type=\"column\">\n\t\t\t<div class=\"elementor-widget-wrap elementor-element-populated\">\n\t\t\t\t\t\t<div class=\"elementor-element elementor-element-8601100 elementor-widget elementor-widget-heading\" data-id=\"8601100\" data-element_type=\"widget\" data-widget_type=\"heading.default\">\n\t\t\t\t<div class=\"elementor-widget-container\">\n\t\t\t\t\t<h2 class=\"elementor-heading-title elementor-size-default\">Business Application Development<\/h2>\t\t\t\t<\/div>\n\t\t\t\t<\/div>\n\t\t\t\t<div class=\"elementor-element elementor-element-88ff4ea elementor-widget elementor-widget-text-editor\" data-id=\"88ff4ea\" data-element_type=\"widget\" data-widget_type=\"text-editor.default\">\n\t\t\t\t<div class=\"elementor-widget-container\">\n\t\t\t\t\t\t\t\t\t<p style=\"text-align: justify;\">Explore the potential of the Microsoft Power Platform to simplify your day-to-day operations, eliminate piles of documents and integrate cutting-edge technologies such as chatbots.<\/p>\n<p style=\"text-align: justify;\">Through our cheat sheet and diversified case studies, we guide you through the successful adoption of the Power Platform. We're committed to providing you, our customers, with solutions that leverage Microsoft Power Platform technology.<\/p>\n<p style=\"text-align: justify;\">Alight MEA's team of experts is ready to assess your business plan and create comprehensive solutions to digitize and automate your processes, in order to improve the efficiency of your organization.<\/p>\t\t\t\t\t\t\t\t<\/div>\n\t\t\t\t<\/div>\n\t\t\t\t\t<\/div>\n\t\t<\/div>\n\t\t\t\t\t<\/div>\n\t\t<\/section>\n\t\t\t\t<section class=\"elementor-section elementor-top-section elementor-element elementor-element-32dde5a elementor-section-full_width mb-0 prev-next-bloc elementor-section-height-default elementor-section-height-default\" data-id=\"32dde5a\" data-element_type=\"section\" data-settings=\"{&quot;background_background&quot;:&quot;classic&quot;}\">\n\t\t\t\t\t\t<div class=\"elementor-container elementor-column-gap-default\">\n\t\t\t\t\t<div class=\"elementor-column elementor-col-100 elementor-top-column elementor-element elementor-element-bb84453 container my-0\" data-id=\"bb84453\" data-element_type=\"column\">\n\t\t\t<div class=\"elementor-widget-wrap elementor-element-populated\">\n\t\t\t\t\t\t<div class=\"elementor-element elementor-element-01f689b card-serv p-60  serv text-center elementor-widget elementor-widget-ITH4Services\" data-id=\"01f689b\" data-element_type=\"widget\" data-widget_type=\"ITH4Services.default\">\n\t\t\t\t<div class=\"elementor-widget-container\">\n\t\t\t\t\t\n        <!-- Star Services\n    ============================================= -->\n    <div class=\"services-list-area it-services carousel-shadow overflow-hidden default-padding-bottom bottom-less\">\n        <div class=\"container\">\n            <div class=\"row\">\n                <div class=\"col-lg-6 offset-lg-3\">\n                    <div class=\"heading-center text-center\">\n                        <h5>The Power Platform features are already included in your existing Microsoft licenses, including <\/h5>\n                        <h2><\/h2>\n                    <\/div>\n                <\/div>\n            <\/div>\n        <\/div>\n        <div class=\"container\">\n            <div class=\"services-list-items services-default-carousel owl-carousel owl-theme\">\n              \n                <!-- Single Item -->\n                <div class=\"item\">\n                    <div class=\"top\">\n                        <i class=\"fa-apps\"><\/i>\n                        <h4>Power Apps<\/h4>\n                    <\/div>\n                    <p>\n                        Create highly personalized applications, whether role-based or based on your data and business processes, accessible via the web, mobile or any other device.                    <\/p>\n                                    <\/div>\n                <!-- End Single Item -->  \n                <!-- Single Item -->\n                <div class=\"item\">\n                    <div class=\"top\">\n                        <i class=\"fa-bi\"><\/i>\n                        <h4>Power BI<\/h4>\n                    <\/div>\n                    <p>\n                        Analyze your data to gain crucial insights into your business processes by creating rich dashboards and visualizations.                    <\/p>\n                                    <\/div>\n                <!-- End Single Item -->  \n                <!-- Single Item -->\n                <div class=\"item\">\n                    <div class=\"top\">\n                        <i class=\"fa-powAu\"><\/i>\n                        <h4>Power Automate<\/h4>\n                    <\/div>\n                    <p>\n                        Automate and optimize your business processes across all your applications. Create complex workflows and automations for notifications, approvals and triggers, and take advantage of Azure Cognitive Services for advanced functionality.                    <\/p>\n                                    <\/div>\n                <!-- End Single Item -->  \n                <!-- Single Item -->\n                <div class=\"item\">\n                    <div class=\"top\">\n                        <i class=\"fa-pva\"><\/i>\n                        <h4>Power Virtual Agents<\/h4>\n                    <\/div>\n                    <p>\n                        Create intelligent chatbots without programming, offering exceptional customer service thanks to artificial intelligence. Respond quickly and accurately to your customers' needs with these virtual agents.                    <\/p>\n                                    <\/div>\n                <!-- End Single Item -->  \n                <!-- Single Item -->\n                <div class=\"item\">\n                    <div class=\"top\">\n                        <i class=\"fa-pp\"><\/i>\n                        <h4>Power pages<\/h4>\n                    <\/div>\n                    <p>\n                        Make the Power Platform the driving force behind your company's transformation, and discover a new world of efficiency and innovation.                    <\/p>\n                                    <\/div>\n                <!-- End Single Item -->                \n            <\/div>\n        <\/div>\n    <\/div>\n    <!-- End Services -->\n\n    \t\t\t\t<\/div>\n\t\t\t\t<\/div>\n\t\t\t\t\t<\/div>\n\t\t<\/div>\n\t\t\t\t\t<\/div>\n\t\t<\/section>\n\t\t\t\t<section class=\"elementor-section elementor-top-section elementor-element elementor-element-4676fd8 call-action my-0 elementor-section-full_width elementor-section-height-default elementor-section-height-default\" data-id=\"4676fd8\" data-element_type=\"section\" data-settings=\"{&quot;background_background&quot;:&quot;classic&quot;}\">\n\t\t\t\t\t\t<div class=\"elementor-container elementor-column-gap-default\">\n\t\t\t\t\t<div class=\"elementor-column elementor-col-100 elementor-top-column elementor-element elementor-element-fed2397 container my-0\" data-id=\"fed2397\" data-element_type=\"column\" data-settings=\"{&quot;background_background&quot;:&quot;classic&quot;}\">\n\t\t\t<div class=\"elementor-widget-wrap elementor-element-populated\">\n\t\t\t\t\t\t<div class=\"elementor-element elementor-element-e64ffcb call mb-0 elementor-cta--skin-classic elementor-animated-content elementor-bg-transform elementor-bg-transform-zoom-in elementor-widget elementor-widget-call-to-action\" data-id=\"e64ffcb\" data-element_type=\"widget\" data-widget_type=\"call-to-action.default\">\n\t\t\t\t<div class=\"elementor-widget-container\">\n\t\t\t\t\t\t\t<div class=\"elementor-cta\">\n\t\t\t\t\t\t\t<div class=\"elementor-cta__content\">\n\t\t\t\t\n\t\t\t\t<h2 class=\"elementor-cta__title elementor-cta__content-item elementor-content-item\">Ready to maximize your performance and give a new boost to your projects?<\/h2>\n\t\t\t\t\t\t\t\t\t<div class=\"elementor-cta__description elementor-cta__content-item elementor-content-item\">\n\t\t\t\t\t\tContact us today to discuss how we can boost your success.\t\t\t\t\t<\/div>\n\t\t\t\t\n\t\t\t\t\t\t\t<\/div>\n\t\t\t\t\t\t<\/div>\n\t\t\t\t\t\t<\/div>\n\t\t\t\t<\/div>\n\t\t\t\t<div class=\"elementor-element elementor-element-ba2a9c3 service-btn d-flex justify-content-center elementor-widget elementor-widget-shortcode\" data-id=\"ba2a9c3\" data-element_type=\"widget\" data-widget_type=\"shortcode.default\">\n\t\t\t\t<div class=\"elementor-widget-container\">\n\t\t\t\t\t\t\t<div class=\"elementor-shortcode\"><button data-id=\"17263\" data-post_id=\"3105\" data-form_style=\"on\" data-allow_outside_click=\"\" data-width=\"700px\" class=\"wpb-pcf-form-fire wpb-pcf-btn-large wpb-pcf-btn wpb-pcf-btn-default\">Contact us !<\/button>\n<\/div>\n\t\t\t\t\t\t<\/div>\n\t\t\t\t<\/div>\n\t\t\t\t\t<\/div>\n\t\t<\/div>\n\t\t\t\t\t<\/div>\n\t\t<\/section>\n\t\t\t\t<\/div>","protected":false},"excerpt":{"rendered":"<p>D\u00e9veloppement d\u2019Applications M\u00e9tier\u200b\u200b Explorez le potentiel de la Microsoft Power Platform pour simplifier vos op\u00e9rations quotidiennes, \u00e9liminer les piles de documents et int\u00e9grer des technologies de pointe telles que les chatbots. \u00c0 travers notre &#8220;cheat sheet&#8221; et des \u00e9tudes de cas diversifi\u00e9es, nous vous guidons dans l&#8217;adoption r\u00e9ussie de la Power Platform. Notre engagement est [&hellip;]<\/p>","protected":false},"author":1,"featured_media":4170,"parent":3471,"menu_order":0,"comment_status":"closed","ping_status":"closed","template":"page-templates\/pages.php","meta":{"om_disable_all_campaigns":false,"_monsterinsights_skip_tracking":false,"_monsterinsights_sitenote_active":false,"_monsterinsights_sitenote_note":"","_monsterinsights_sitenote_category":0,"footnotes":""},"class_list":["post-3105","page","type-page","status-publish","has-post-thumbnail","hentry"],"yoast_head":"<!-- This site is optimized with the Yoast SEO plugin v26.6 - https:\/\/yoast.com\/wordpress\/plugins\/seo\/ -->\n<title>D\u00e9veloppement d\u2019Applications M\u00e9tier - Alight MEA<\/title>\n<meta name=\"description\" content=\"Explore the potential of the Microsoft Power Platform to simplify your day-to-day operations, eliminate piles of documents and integrate...\" \/>\n<meta name=\"robots\" content=\"index, follow, max-snippet:-1, max-image-preview:large, max-video-preview:-1\" \/>\n<link rel=\"canonical\" href=\"https:\/\/alightmea.com\/en\/services\/microsoft_365\/business-application-development\/\" \/>\n<meta property=\"og:locale\" content=\"en_US\" \/>\n<meta property=\"og:type\" content=\"article\" \/>\n<meta property=\"og:title\" content=\"D\u00e9veloppement d\u2019Applications M\u00e9tier - Alight MEA\" \/>\n<meta property=\"og:description\" content=\"Explore the potential of the Microsoft Power Platform to simplify your day-to-day operations, eliminate piles of documents and integrate...\" \/>\n<meta property=\"og:url\" content=\"https:\/\/alightmea.com\/en\/services\/microsoft_365\/business-application-development\/\" \/>\n<meta property=\"og:site_name\" content=\"Alight MEA\" \/>\n<meta property=\"article:modified_time\" content=\"2024-11-06T15:13:11+00:00\" \/>\n<meta property=\"og:image\" content=\"https:\/\/i0.wp.com\/alightmea.com\/wp-content\/uploads\/2024\/03\/microsoft-365.jpg?fit=2108%2C1006&ssl=1\" \/>\n\t<meta property=\"og:image:width\" content=\"2108\" \/>\n\t<meta property=\"og:image:height\" content=\"1006\" \/>\n\t<meta property=\"og:image:type\" content=\"image\/jpeg\" \/>\n<meta name=\"twitter:card\" content=\"summary_large_image\" \/>\n<meta name=\"twitter:label1\" content=\"Est. reading time\" \/>\n\t<meta name=\"twitter:data1\" content=\"2 minutes\" \/>\n<script type=\"application\/ld+json\" class=\"yoast-schema-graph\">{\"@context\":\"https:\/\/schema.org\",\"@graph\":[{\"@type\":\"WebPage\",\"@id\":\"https:\/\/alightmea.com\/services\/microsoft_365\/business-application-development\/\",\"url\":\"https:\/\/alightmea.com\/services\/microsoft_365\/business-application-development\/\",\"name\":\"D\u00e9veloppement d\u2019Applications M\u00e9tier - Alight MEA\",\"isPartOf\":{\"@id\":\"https:\/\/alightmea.com\/#website\"},\"primaryImageOfPage\":{\"@id\":\"https:\/\/alightmea.com\/services\/microsoft_365\/business-application-development\/#primaryimage\"},\"image\":{\"@id\":\"https:\/\/alightmea.com\/services\/microsoft_365\/business-application-development\/#primaryimage\"},\"thumbnailUrl\":\"https:\/\/i0.wp.com\/alightmea.com\/wp-content\/uploads\/2024\/03\/microsoft-365.jpg?fit=2108%2C1006&ssl=1\",\"datePublished\":\"2023-07-14T09:20:36+00:00\",\"dateModified\":\"2024-11-06T15:13:11+00:00\",\"description\":\"Explore the potential of the Microsoft Power Platform to simplify your day-to-day operations, eliminate piles of documents and integrate...\",\"breadcrumb\":{\"@id\":\"https:\/\/alightmea.com\/services\/microsoft_365\/business-application-development\/#breadcrumb\"},\"inLanguage\":\"en-US\",\"potentialAction\":[{\"@type\":\"ReadAction\",\"target\":[\"https:\/\/alightmea.com\/services\/microsoft_365\/business-application-development\/\"]}]},{\"@type\":\"ImageObject\",\"inLanguage\":\"en-US\",\"@id\":\"https:\/\/alightmea.com\/services\/microsoft_365\/business-application-development\/#primaryimage\",\"url\":\"https:\/\/i0.wp.com\/alightmea.com\/wp-content\/uploads\/2024\/03\/microsoft-365.jpg?fit=2108%2C1006&ssl=1\",\"contentUrl\":\"https:\/\/i0.wp.com\/alightmea.com\/wp-content\/uploads\/2024\/03\/microsoft-365.jpg?fit=2108%2C1006&ssl=1\",\"width\":2108,\"height\":1006,\"caption\":\"Businessman holding of global data network and social network of databases. Social media technology online Connect\"},{\"@type\":\"BreadcrumbList\",\"@id\":\"https:\/\/alightmea.com\/services\/microsoft_365\/business-application-development\/#breadcrumb\",\"itemListElement\":[{\"@type\":\"ListItem\",\"position\":1,\"name\":\"ACCUEIL\",\"item\":\"https:\/\/alightmea.com\/\"},{\"@type\":\"ListItem\",\"position\":2,\"name\":\"Services\",\"item\":\"https:\/\/alightmea.com\/services\/\"},{\"@type\":\"ListItem\",\"position\":3,\"name\":\"Microsoft 365\",\"item\":\"https:\/\/alightmea.com\/services\/microsoft_365\/\"},{\"@type\":\"ListItem\",\"position\":4,\"name\":\"D\u00e9veloppement d\u2019Applications M\u00e9tier\"}]},{\"@type\":\"WebSite\",\"@id\":\"https:\/\/alightmea.com\/#website\",\"url\":\"https:\/\/alightmea.com\/\",\"name\":\"Alight MEA\",\"description\":\"D\u00e9veloppement logiciels et conseil en technologie de l\u2019information des solutions bas\u00e9es sur les produits Microsoft\",\"publisher\":{\"@id\":\"https:\/\/alightmea.com\/#organization\"},\"potentialAction\":[{\"@type\":\"SearchAction\",\"target\":{\"@type\":\"EntryPoint\",\"urlTemplate\":\"https:\/\/alightmea.com\/?s={search_term_string}\"},\"query-input\":{\"@type\":\"PropertyValueSpecification\",\"valueRequired\":true,\"valueName\":\"search_term_string\"}}],\"inLanguage\":\"en-US\"},{\"@type\":\"Organization\",\"@id\":\"https:\/\/alightmea.com\/#organization\",\"name\":\"Alight MEA\",\"url\":\"https:\/\/alightmea.com\/\",\"logo\":{\"@type\":\"ImageObject\",\"inLanguage\":\"en-US\",\"@id\":\"https:\/\/alightmea.com\/#\/schema\/logo\/image\/\",\"url\":\"https:\/\/i0.wp.com\/alightmea.com\/wp-content\/uploads\/2024\/03\/header-logo-1.png?fit=229%2C77&ssl=1\",\"contentUrl\":\"https:\/\/i0.wp.com\/alightmea.com\/wp-content\/uploads\/2024\/03\/header-logo-1.png?fit=229%2C77&ssl=1\",\"width\":229,\"height\":77,\"caption\":\"Alight MEA\"},\"image\":{\"@id\":\"https:\/\/alightmea.com\/#\/schema\/logo\/image\/\"}}]}<\/script>\n<!-- \/ Yoast SEO plugin. -->","yoast_head_json":{"title":"D\u00e9veloppement d\u2019Applications M\u00e9tier - Alight MEA","description":"Explore the potential of the Microsoft Power Platform to simplify your day-to-day operations, eliminate piles of documents and integrate...","robots":{"index":"index","follow":"follow","max-snippet":"max-snippet:-1","max-image-preview":"max-image-preview:large","max-video-preview":"max-video-preview:-1"},"canonical":"https:\/\/alightmea.com\/en\/services\/microsoft_365\/business-application-development\/","og_locale":"en_US","og_type":"article","og_title":"D\u00e9veloppement d\u2019Applications M\u00e9tier - Alight MEA","og_description":"Explore the potential of the Microsoft Power Platform to simplify your day-to-day operations, eliminate piles of documents and integrate...","og_url":"https:\/\/alightmea.com\/en\/services\/microsoft_365\/business-application-development\/","og_site_name":"Alight MEA","article_modified_time":"2024-11-06T15:13:11+00:00","og_image":[{"width":2108,"height":1006,"url":"https:\/\/i0.wp.com\/alightmea.com\/wp-content\/uploads\/2024\/03\/microsoft-365.jpg?fit=2108%2C1006&ssl=1","type":"image\/jpeg"}],"twitter_card":"summary_large_image","twitter_misc":{"Est. reading time":"2 minutes"},"schema":{"@context":"https:\/\/schema.org","@graph":[{"@type":"WebPage","@id":"https:\/\/alightmea.com\/services\/microsoft_365\/business-application-development\/","url":"https:\/\/alightmea.com\/services\/microsoft_365\/business-application-development\/","name":"D\u00e9veloppement d\u2019Applications M\u00e9tier - Alight MEA","isPartOf":{"@id":"https:\/\/alightmea.com\/#website"},"primaryImageOfPage":{"@id":"https:\/\/alightmea.com\/services\/microsoft_365\/business-application-development\/#primaryimage"},"image":{"@id":"https:\/\/alightmea.com\/services\/microsoft_365\/business-application-development\/#primaryimage"},"thumbnailUrl":"https:\/\/i0.wp.com\/alightmea.com\/wp-content\/uploads\/2024\/03\/microsoft-365.jpg?fit=2108%2C1006&ssl=1","datePublished":"2023-07-14T09:20:36+00:00","dateModified":"2024-11-06T15:13:11+00:00","description":"Explore the potential of the Microsoft Power Platform to simplify your day-to-day operations, eliminate piles of documents and integrate...","breadcrumb":{"@id":"https:\/\/alightmea.com\/services\/microsoft_365\/business-application-development\/#breadcrumb"},"inLanguage":"en-US","potentialAction":[{"@type":"ReadAction","target":["https:\/\/alightmea.com\/services\/microsoft_365\/business-application-development\/"]}]},{"@type":"ImageObject","inLanguage":"en-US","@id":"https:\/\/alightmea.com\/services\/microsoft_365\/business-application-development\/#primaryimage","url":"https:\/\/i0.wp.com\/alightmea.com\/wp-content\/uploads\/2024\/03\/microsoft-365.jpg?fit=2108%2C1006&ssl=1","contentUrl":"https:\/\/i0.wp.com\/alightmea.com\/wp-content\/uploads\/2024\/03\/microsoft-365.jpg?fit=2108%2C1006&ssl=1","width":2108,"height":1006,"caption":"Businessman holding of global data network and social network of databases. Social media technology online Connect"},{"@type":"BreadcrumbList","@id":"https:\/\/alightmea.com\/services\/microsoft_365\/business-application-development\/#breadcrumb","itemListElement":[{"@type":"ListItem","position":1,"name":"ACCUEIL","item":"https:\/\/alightmea.com\/"},{"@type":"ListItem","position":2,"name":"Services","item":"https:\/\/alightmea.com\/services\/"},{"@type":"ListItem","position":3,"name":"Microsoft 365","item":"https:\/\/alightmea.com\/services\/microsoft_365\/"},{"@type":"ListItem","position":4,"name":"D\u00e9veloppement d\u2019Applications M\u00e9tier"}]},{"@type":"WebSite","@id":"https:\/\/alightmea.com\/#website","url":"https:\/\/alightmea.com\/","name":"Alight MEA","description":"D\u00e9veloppement logiciels et conseil en technologie de l\u2019information des solutions bas\u00e9es sur les produits Microsoft","publisher":{"@id":"https:\/\/alightmea.com\/#organization"},"potentialAction":[{"@type":"SearchAction","target":{"@type":"EntryPoint","urlTemplate":"https:\/\/alightmea.com\/?s={search_term_string}"},"query-input":{"@type":"PropertyValueSpecification","valueRequired":true,"valueName":"search_term_string"}}],"inLanguage":"en-US"},{"@type":"Organization","@id":"https:\/\/alightmea.com\/#organization","name":"Alight MEA","url":"https:\/\/alightmea.com\/","logo":{"@type":"ImageObject","inLanguage":"en-US","@id":"https:\/\/alightmea.com\/#\/schema\/logo\/image\/","url":"https:\/\/i0.wp.com\/alightmea.com\/wp-content\/uploads\/2024\/03\/header-logo-1.png?fit=229%2C77&ssl=1","contentUrl":"https:\/\/i0.wp.com\/alightmea.com\/wp-content\/uploads\/2024\/03\/header-logo-1.png?fit=229%2C77&ssl=1","width":229,"height":77,"caption":"Alight MEA"},"image":{"@id":"https:\/\/alightmea.com\/#\/schema\/logo\/image\/"}}]}},"jetpack_sharing_enabled":true,"_links":{"self":[{"href":"https:\/\/alightmea.com\/en\/wp-json\/wp\/v2\/pages\/3105","targetHints":{"allow":["GET"]}}],"collection":[{"href":"https:\/\/alightmea.com\/en\/wp-json\/wp\/v2\/pages"}],"about":[{"href":"https:\/\/alightmea.com\/en\/wp-json\/wp\/v2\/types\/page"}],"author":[{"embeddable":true,"href":"https:\/\/alightmea.com\/en\/wp-json\/wp\/v2\/users\/1"}],"replies":[{"embeddable":true,"href":"https:\/\/alightmea.com\/en\/wp-json\/wp\/v2\/comments?post=3105"}],"version-history":[{"count":722,"href":"https:\/\/alightmea.com\/en\/wp-json\/wp\/v2\/pages\/3105\/revisions"}],"predecessor-version":[{"id":17523,"href":"https:\/\/alightmea.com\/en\/wp-json\/wp\/v2\/pages\/3105\/revisions\/17523"}],"up":[{"embeddable":true,"href":"https:\/\/alightmea.com\/en\/wp-json\/wp\/v2\/pages\/3471"}],"wp:featuredmedia":[{"embeddable":true,"href":"https:\/\/alightmea.com\/en\/wp-json\/wp\/v2\/media\/4170"}],"wp:attachment":[{"href":"https:\/\/alightmea.com\/en\/wp-json\/wp\/v2\/media?parent=3105"}],"curies":[{"name":"wp","href":"https:\/\/api.w.org\/{rel}","templated":true}]}}