{"id":3104,"date":"2023-07-14T11:20:34","date_gmt":"2023-07-14T09:20:34","guid":{"rendered":"http:\/\/localhost:8888\/wordpress\/?page_id=3104"},"modified":"2024-11-06T16:12:24","modified_gmt":"2024-11-06T15:12:24","slug":"sharepoint-infrastructure","status":"publish","type":"page","link":"https:\/\/alightmea.com\/en\/services\/microsoft_365\/sharepoint-infrastructure\/","title":{"rendered":"SharePoint Infrastructure"},"content":{"rendered":"<div data-elementor-type=\"wp-page\" data-elementor-id=\"3104\" class=\"elementor elementor-3104\">\n\t\t\t\t\t\t<section class=\"elementor-section elementor-top-section elementor-element elementor-element-408fb24 elementor-section-content-middle elementor-section-boxed elementor-section-height-default elementor-section-height-default\" data-id=\"408fb24\" data-element_type=\"section\">\n\t\t\t\t\t\t<div class=\"elementor-container elementor-column-gap-default\">\n\t\t\t\t\t<div class=\"elementor-column elementor-col-50 elementor-top-column elementor-element elementor-element-e9223b3\" data-id=\"e9223b3\" data-element_type=\"column\">\n\t\t\t<div class=\"elementor-widget-wrap elementor-element-populated\">\n\t\t\t\t\t\t<div class=\"elementor-element elementor-element-2bfd4ff elementor-widget elementor-widget-image\" data-id=\"2bfd4ff\" data-element_type=\"widget\" data-widget_type=\"image.default\">\n\t\t\t\t<div class=\"elementor-widget-container\">\n\t\t\t\t\t\t\t\t\t\t\t\t\t\t\t<img fetchpriority=\"high\" decoding=\"async\" width=\"1024\" height=\"681\" src=\"https:\/\/i0.wp.com\/alightmea.com\/wp-content\/uploads\/2024\/03\/infrastructure-sharepoint.jpg?fit=1024%2C681&amp;ssl=1\" class=\"attachment-large size-large wp-image-4169\" alt=\"\" srcset=\"https:\/\/i0.wp.com\/alightmea.com\/wp-content\/uploads\/2024\/03\/infrastructure-sharepoint.jpg?w=1452&amp;ssl=1 1452w, https:\/\/i0.wp.com\/alightmea.com\/wp-content\/uploads\/2024\/03\/infrastructure-sharepoint.jpg?resize=300%2C200&amp;ssl=1 300w, https:\/\/i0.wp.com\/alightmea.com\/wp-content\/uploads\/2024\/03\/infrastructure-sharepoint.jpg?resize=1024%2C681&amp;ssl=1 1024w, https:\/\/i0.wp.com\/alightmea.com\/wp-content\/uploads\/2024\/03\/infrastructure-sharepoint.jpg?resize=768%2C511&amp;ssl=1 768w, https:\/\/i0.wp.com\/alightmea.com\/wp-content\/uploads\/2024\/03\/infrastructure-sharepoint.jpg?resize=18%2C12&amp;ssl=1 18w, https:\/\/i0.wp.com\/alightmea.com\/wp-content\/uploads\/2024\/03\/infrastructure-sharepoint.jpg?resize=1000%2C665&amp;ssl=1 1000w, https:\/\/i0.wp.com\/alightmea.com\/wp-content\/uploads\/2024\/03\/infrastructure-sharepoint.jpg?resize=350%2C233&amp;ssl=1 350w, https:\/\/i0.wp.com\/alightmea.com\/wp-content\/uploads\/2024\/03\/infrastructure-sharepoint.jpg?resize=1052%2C700&amp;ssl=1 1052w, https:\/\/i0.wp.com\/alightmea.com\/wp-content\/uploads\/2024\/03\/infrastructure-sharepoint.jpg?resize=601%2C400&amp;ssl=1 601w\" sizes=\"(max-width: 1000px) 100vw, 1000px\" \/>\t\t\t\t\t\t\t\t\t\t\t\t\t\t\t<\/div>\n\t\t\t\t<\/div>\n\t\t\t\t\t<\/div>\n\t\t<\/div>\n\t\t\t\t<div class=\"elementor-column elementor-col-50 elementor-top-column elementor-element elementor-element-c121a9d\" data-id=\"c121a9d\" data-element_type=\"column\">\n\t\t\t<div class=\"elementor-widget-wrap elementor-element-populated\">\n\t\t\t\t\t\t<div class=\"elementor-element elementor-element-09d6baa elementor-widget elementor-widget-heading\" data-id=\"09d6baa\" data-element_type=\"widget\" data-widget_type=\"heading.default\">\n\t\t\t\t<div class=\"elementor-widget-container\">\n\t\t\t\t\t<h2 class=\"elementor-heading-title elementor-size-default\">SharePoint Infrastructure<\/h2>\t\t\t\t<\/div>\n\t\t\t\t<\/div>\n\t\t\t\t<div class=\"elementor-element elementor-element-559d231 elementor-widget elementor-widget-text-editor\" data-id=\"559d231\" data-element_type=\"widget\" data-widget_type=\"text-editor.default\">\n\t\t\t\t<div class=\"elementor-widget-container\">\n\t\t\t\t\t\t\t\t\t<p style=\"text-align: justify;\">We support you in managing your Microsoft 365 and SharePoint infrastructure, whether on-premise, cloud or hybrid. An aging SharePoint platform can affect connectivity, productivity, and the security of your data. With regular updates and targeted patches, we guarantee optimal performance and enhanced security.<\/p>\n<p style=\"text-align: justify;\">Qu&#8217;il s&#8217;agisse de migrer vers une version plus r\u00e9cente, de passer au cloud ou de choisir une solution hybride, nous vous guidons \u00e0 chaque \u00e9tape. Nos experts veillent \u00e0 une administration efficace, une gouvernance rigoureuse et une s\u00e9curit\u00e9 renforc\u00e9e pour maximiser la valeur de votre infrastructure SharePoint.<\/p>\t\t\t\t\t\t\t\t<\/div>\n\t\t\t\t<\/div>\n\t\t\t\t\t<\/div>\n\t\t<\/div>\n\t\t\t\t\t<\/div>\n\t\t<\/section>\n\t\t\t\t<section class=\"elementor-section elementor-top-section elementor-element elementor-element-5d3ba4b nearshoring no-margin caract-bloc  mb-0 elementor-section-boxed elementor-section-height-default elementor-section-height-default\" data-id=\"5d3ba4b\" data-element_type=\"section\" data-settings=\"{&quot;background_background&quot;:&quot;classic&quot;}\">\n\t\t\t\t\t\t<div class=\"elementor-container elementor-column-gap-default\">\n\t\t\t\t\t<div class=\"elementor-column elementor-col-100 elementor-top-column elementor-element elementor-element-c6e74c2  my-0\" data-id=\"c6e74c2\" data-element_type=\"column\" data-settings=\"{&quot;background_background&quot;:&quot;classic&quot;}\">\n\t\t\t<div class=\"elementor-widget-wrap elementor-element-populated\">\n\t\t\t\t\t\t<div class=\"elementor-element elementor-element-c3c90ef eval elementor-widget elementor-widget-text-editor\" data-id=\"c3c90ef\" data-element_type=\"widget\" data-widget_type=\"text-editor.default\">\n\t\t\t\t<div class=\"elementor-widget-container\">\n\t\t\t\t\t\t\t\t\t<h3 style=\"text-align: left;\"><strong style=\"color: #0e2258;\">Our consultants can help you with the following consulting services<\/strong><\/h3>\n<div class=\"free-trial-area\">\n<ul>\n \t<li>Audit and assessment of your existing SharePoint infrastructure<\/li>\n \t<li>Governance and administration of SharePoint servers<\/li>\n \t<li>Monitoring and reporting.<\/li>\n<\/ul>\n<\/div>\t\t\t\t\t\t\t\t<\/div>\n\t\t\t\t<\/div>\n\t\t\t\t\t<\/div>\n\t\t<\/div>\n\t\t\t\t\t<\/div>\n\t\t<\/section>\n\t\t\t\t<section class=\"elementor-section elementor-top-section elementor-element elementor-element-3d35f42 call-action my-0 elementor-section-full_width elementor-section-height-default elementor-section-height-default\" data-id=\"3d35f42\" data-element_type=\"section\" data-settings=\"{&quot;background_background&quot;:&quot;classic&quot;}\">\n\t\t\t\t\t\t<div class=\"elementor-container elementor-column-gap-default\">\n\t\t\t\t\t<div class=\"elementor-column elementor-col-100 elementor-top-column elementor-element elementor-element-c50930d container my-0\" data-id=\"c50930d\" data-element_type=\"column\" data-settings=\"{&quot;background_background&quot;:&quot;classic&quot;}\">\n\t\t\t<div class=\"elementor-widget-wrap elementor-element-populated\">\n\t\t\t\t\t\t<div class=\"elementor-element elementor-element-05d203f mb-0 elementor-cta--skin-classic elementor-animated-content elementor-bg-transform elementor-bg-transform-zoom-in elementor-widget elementor-widget-call-to-action\" data-id=\"05d203f\" data-element_type=\"widget\" data-widget_type=\"call-to-action.default\">\n\t\t\t\t<div class=\"elementor-widget-container\">\n\t\t\t\t\t\t\t<div class=\"elementor-cta\">\n\t\t\t\t\t\t\t<div class=\"elementor-cta__content\">\n\t\t\t\t\n\t\t\t\t<h2 class=\"elementor-cta__title elementor-cta__content-item elementor-content-item\">Ready to maximize your performance and give a new boost to your projects?<\/h2>\n\t\t\t\t\t\t\t\t\t<div class=\"elementor-cta__description elementor-cta__content-item elementor-content-item\">\n\t\t\t\t\t\tContact us today to discuss how we can boost your success.\t\t\t\t\t<\/div>\n\t\t\t\t\n\t\t\t\t\t\t\t<\/div>\n\t\t\t\t\t\t<\/div>\n\t\t\t\t\t\t<\/div>\n\t\t\t\t<\/div>\n\t\t\t\t<div class=\"elementor-element elementor-element-9d01e44 service-btn d-flex justify-content-center elementor-widget elementor-widget-shortcode\" data-id=\"9d01e44\" data-element_type=\"widget\" data-widget_type=\"shortcode.default\">\n\t\t\t\t<div class=\"elementor-widget-container\">\n\t\t\t\t\t\t\t<div class=\"elementor-shortcode\"><button data-id=\"17263\" data-post_id=\"3104\" data-form_style=\"on\" data-allow_outside_click=\"\" data-width=\"700px\" class=\"wpb-pcf-form-fire wpb-pcf-btn-large wpb-pcf-btn wpb-pcf-btn-default\">Contact us !<\/button>\n<\/div>\n\t\t\t\t\t\t<\/div>\n\t\t\t\t<\/div>\n\t\t\t\t\t<\/div>\n\t\t<\/div>\n\t\t\t\t\t<\/div>\n\t\t<\/section>\n\t\t\t\t<\/div>","protected":false},"excerpt":{"rendered":"<p>Infrastructure SharePoint\u200b\u200b Nous vous accompagnons dans la gestion de votre infrastructure Microsoft 365 et SharePoint, qu&#8217;elle soit on-premise, cloud ou hybride. Une plateforme SharePoint vieillissante peut affecter la connectivit\u00e9, la productivit\u00e9, et la s\u00e9curit\u00e9 de vos donn\u00e9es. Gr\u00e2ce \u00e0 des mises \u00e0 jour r\u00e9guli\u00e8res et des correctifs cibl\u00e9s, nous garantissons des performances optimales et une [&hellip;]<\/p>","protected":false},"author":1,"featured_media":4170,"parent":3471,"menu_order":0,"comment_status":"closed","ping_status":"closed","template":"page-templates\/pages.php","meta":{"om_disable_all_campaigns":false,"_monsterinsights_skip_tracking":false,"_monsterinsights_sitenote_active":false,"_monsterinsights_sitenote_note":"","_monsterinsights_sitenote_category":0,"footnotes":""},"class_list":["post-3104","page","type-page","status-publish","has-post-thumbnail","hentry"],"yoast_head":"<!-- This site is optimized with the Yoast SEO plugin v26.6 - https:\/\/yoast.com\/wordpress\/plugins\/seo\/ -->\n<title>Infrastructure SharePoint - Alight MEA<\/title>\n<meta name=\"description\" content=\"Alight MEA supports you in managing your Microsoft 365 infrastructure, including SharePoint. Our services cover on-premise....\" \/>\n<meta name=\"robots\" content=\"index, follow, max-snippet:-1, max-image-preview:large, max-video-preview:-1\" \/>\n<link rel=\"canonical\" href=\"https:\/\/alightmea.com\/en\/services\/microsoft_365\/sharepoint-infrastructure\/\" \/>\n<meta property=\"og:locale\" content=\"en_US\" \/>\n<meta property=\"og:type\" content=\"article\" \/>\n<meta property=\"og:title\" content=\"Infrastructure SharePoint - Alight MEA\" \/>\n<meta property=\"og:description\" content=\"Alight MEA supports you in managing your Microsoft 365 infrastructure, including SharePoint. Our services cover on-premise....\" \/>\n<meta property=\"og:url\" content=\"https:\/\/alightmea.com\/en\/services\/microsoft_365\/sharepoint-infrastructure\/\" \/>\n<meta property=\"og:site_name\" content=\"Alight MEA\" \/>\n<meta property=\"article:modified_time\" content=\"2024-11-06T15:12:24+00:00\" \/>\n<meta property=\"og:image\" content=\"https:\/\/i0.wp.com\/alightmea.com\/wp-content\/uploads\/2024\/03\/microsoft-365.jpg?fit=2108%2C1006&ssl=1\" \/>\n\t<meta property=\"og:image:width\" content=\"2108\" \/>\n\t<meta property=\"og:image:height\" content=\"1006\" \/>\n\t<meta property=\"og:image:type\" content=\"image\/jpeg\" \/>\n<meta name=\"twitter:card\" content=\"summary_large_image\" \/>\n<meta name=\"twitter:label1\" content=\"Est. reading time\" \/>\n\t<meta name=\"twitter:data1\" content=\"2 minutes\" \/>\n<script type=\"application\/ld+json\" class=\"yoast-schema-graph\">{\"@context\":\"https:\/\/schema.org\",\"@graph\":[{\"@type\":\"WebPage\",\"@id\":\"https:\/\/alightmea.com\/services\/microsoft_365\/sharepoint-infrastructure\/\",\"url\":\"https:\/\/alightmea.com\/services\/microsoft_365\/sharepoint-infrastructure\/\",\"name\":\"Infrastructure SharePoint - Alight MEA\",\"isPartOf\":{\"@id\":\"https:\/\/alightmea.com\/#website\"},\"primaryImageOfPage\":{\"@id\":\"https:\/\/alightmea.com\/services\/microsoft_365\/sharepoint-infrastructure\/#primaryimage\"},\"image\":{\"@id\":\"https:\/\/alightmea.com\/services\/microsoft_365\/sharepoint-infrastructure\/#primaryimage\"},\"thumbnailUrl\":\"https:\/\/i0.wp.com\/alightmea.com\/wp-content\/uploads\/2024\/03\/microsoft-365.jpg?fit=2108%2C1006&ssl=1\",\"datePublished\":\"2023-07-14T09:20:34+00:00\",\"dateModified\":\"2024-11-06T15:12:24+00:00\",\"description\":\"Alight MEA supports you in managing your Microsoft 365 infrastructure, including SharePoint. Our services cover on-premise....\",\"breadcrumb\":{\"@id\":\"https:\/\/alightmea.com\/services\/microsoft_365\/sharepoint-infrastructure\/#breadcrumb\"},\"inLanguage\":\"en-US\",\"potentialAction\":[{\"@type\":\"ReadAction\",\"target\":[\"https:\/\/alightmea.com\/services\/microsoft_365\/sharepoint-infrastructure\/\"]}]},{\"@type\":\"ImageObject\",\"inLanguage\":\"en-US\",\"@id\":\"https:\/\/alightmea.com\/services\/microsoft_365\/sharepoint-infrastructure\/#primaryimage\",\"url\":\"https:\/\/i0.wp.com\/alightmea.com\/wp-content\/uploads\/2024\/03\/microsoft-365.jpg?fit=2108%2C1006&ssl=1\",\"contentUrl\":\"https:\/\/i0.wp.com\/alightmea.com\/wp-content\/uploads\/2024\/03\/microsoft-365.jpg?fit=2108%2C1006&ssl=1\",\"width\":2108,\"height\":1006,\"caption\":\"Businessman holding of global data network and social network of databases. Social media technology online Connect\"},{\"@type\":\"BreadcrumbList\",\"@id\":\"https:\/\/alightmea.com\/services\/microsoft_365\/sharepoint-infrastructure\/#breadcrumb\",\"itemListElement\":[{\"@type\":\"ListItem\",\"position\":1,\"name\":\"ACCUEIL\",\"item\":\"https:\/\/alightmea.com\/\"},{\"@type\":\"ListItem\",\"position\":2,\"name\":\"Services\",\"item\":\"https:\/\/alightmea.com\/services\/\"},{\"@type\":\"ListItem\",\"position\":3,\"name\":\"Microsoft 365\",\"item\":\"https:\/\/alightmea.com\/services\/microsoft_365\/\"},{\"@type\":\"ListItem\",\"position\":4,\"name\":\"Infrastructure SharePoint\"}]},{\"@type\":\"WebSite\",\"@id\":\"https:\/\/alightmea.com\/#website\",\"url\":\"https:\/\/alightmea.com\/\",\"name\":\"Alight MEA\",\"description\":\"D\u00e9veloppement logiciels et conseil en technologie de l\u2019information des solutions bas\u00e9es sur les produits Microsoft\",\"publisher\":{\"@id\":\"https:\/\/alightmea.com\/#organization\"},\"potentialAction\":[{\"@type\":\"SearchAction\",\"target\":{\"@type\":\"EntryPoint\",\"urlTemplate\":\"https:\/\/alightmea.com\/?s={search_term_string}\"},\"query-input\":{\"@type\":\"PropertyValueSpecification\",\"valueRequired\":true,\"valueName\":\"search_term_string\"}}],\"inLanguage\":\"en-US\"},{\"@type\":\"Organization\",\"@id\":\"https:\/\/alightmea.com\/#organization\",\"name\":\"Alight MEA\",\"url\":\"https:\/\/alightmea.com\/\",\"logo\":{\"@type\":\"ImageObject\",\"inLanguage\":\"en-US\",\"@id\":\"https:\/\/alightmea.com\/#\/schema\/logo\/image\/\",\"url\":\"https:\/\/i0.wp.com\/alightmea.com\/wp-content\/uploads\/2024\/03\/header-logo-1.png?fit=229%2C77&ssl=1\",\"contentUrl\":\"https:\/\/i0.wp.com\/alightmea.com\/wp-content\/uploads\/2024\/03\/header-logo-1.png?fit=229%2C77&ssl=1\",\"width\":229,\"height\":77,\"caption\":\"Alight MEA\"},\"image\":{\"@id\":\"https:\/\/alightmea.com\/#\/schema\/logo\/image\/\"}}]}<\/script>\n<!-- \/ Yoast SEO plugin. -->","yoast_head_json":{"title":"Infrastructure SharePoint - Alight MEA","description":"Alight MEA supports you in managing your Microsoft 365 infrastructure, including SharePoint. Our services cover on-premise....","robots":{"index":"index","follow":"follow","max-snippet":"max-snippet:-1","max-image-preview":"max-image-preview:large","max-video-preview":"max-video-preview:-1"},"canonical":"https:\/\/alightmea.com\/en\/services\/microsoft_365\/sharepoint-infrastructure\/","og_locale":"en_US","og_type":"article","og_title":"Infrastructure SharePoint - Alight MEA","og_description":"Alight MEA supports you in managing your Microsoft 365 infrastructure, including SharePoint. Our services cover on-premise....","og_url":"https:\/\/alightmea.com\/en\/services\/microsoft_365\/sharepoint-infrastructure\/","og_site_name":"Alight MEA","article_modified_time":"2024-11-06T15:12:24+00:00","og_image":[{"width":2108,"height":1006,"url":"https:\/\/i0.wp.com\/alightmea.com\/wp-content\/uploads\/2024\/03\/microsoft-365.jpg?fit=2108%2C1006&ssl=1","type":"image\/jpeg"}],"twitter_card":"summary_large_image","twitter_misc":{"Est. reading time":"2 minutes"},"schema":{"@context":"https:\/\/schema.org","@graph":[{"@type":"WebPage","@id":"https:\/\/alightmea.com\/services\/microsoft_365\/sharepoint-infrastructure\/","url":"https:\/\/alightmea.com\/services\/microsoft_365\/sharepoint-infrastructure\/","name":"Infrastructure SharePoint - Alight MEA","isPartOf":{"@id":"https:\/\/alightmea.com\/#website"},"primaryImageOfPage":{"@id":"https:\/\/alightmea.com\/services\/microsoft_365\/sharepoint-infrastructure\/#primaryimage"},"image":{"@id":"https:\/\/alightmea.com\/services\/microsoft_365\/sharepoint-infrastructure\/#primaryimage"},"thumbnailUrl":"https:\/\/i0.wp.com\/alightmea.com\/wp-content\/uploads\/2024\/03\/microsoft-365.jpg?fit=2108%2C1006&ssl=1","datePublished":"2023-07-14T09:20:34+00:00","dateModified":"2024-11-06T15:12:24+00:00","description":"Alight MEA supports you in managing your Microsoft 365 infrastructure, including SharePoint. Our services cover on-premise....","breadcrumb":{"@id":"https:\/\/alightmea.com\/services\/microsoft_365\/sharepoint-infrastructure\/#breadcrumb"},"inLanguage":"en-US","potentialAction":[{"@type":"ReadAction","target":["https:\/\/alightmea.com\/services\/microsoft_365\/sharepoint-infrastructure\/"]}]},{"@type":"ImageObject","inLanguage":"en-US","@id":"https:\/\/alightmea.com\/services\/microsoft_365\/sharepoint-infrastructure\/#primaryimage","url":"https:\/\/i0.wp.com\/alightmea.com\/wp-content\/uploads\/2024\/03\/microsoft-365.jpg?fit=2108%2C1006&ssl=1","contentUrl":"https:\/\/i0.wp.com\/alightmea.com\/wp-content\/uploads\/2024\/03\/microsoft-365.jpg?fit=2108%2C1006&ssl=1","width":2108,"height":1006,"caption":"Businessman holding of global data network and social network of databases. Social media technology online Connect"},{"@type":"BreadcrumbList","@id":"https:\/\/alightmea.com\/services\/microsoft_365\/sharepoint-infrastructure\/#breadcrumb","itemListElement":[{"@type":"ListItem","position":1,"name":"ACCUEIL","item":"https:\/\/alightmea.com\/"},{"@type":"ListItem","position":2,"name":"Services","item":"https:\/\/alightmea.com\/services\/"},{"@type":"ListItem","position":3,"name":"Microsoft 365","item":"https:\/\/alightmea.com\/services\/microsoft_365\/"},{"@type":"ListItem","position":4,"name":"Infrastructure SharePoint"}]},{"@type":"WebSite","@id":"https:\/\/alightmea.com\/#website","url":"https:\/\/alightmea.com\/","name":"Alight MEA","description":"D\u00e9veloppement logiciels et conseil en technologie de l\u2019information des solutions bas\u00e9es sur les produits Microsoft","publisher":{"@id":"https:\/\/alightmea.com\/#organization"},"potentialAction":[{"@type":"SearchAction","target":{"@type":"EntryPoint","urlTemplate":"https:\/\/alightmea.com\/?s={search_term_string}"},"query-input":{"@type":"PropertyValueSpecification","valueRequired":true,"valueName":"search_term_string"}}],"inLanguage":"en-US"},{"@type":"Organization","@id":"https:\/\/alightmea.com\/#organization","name":"Alight MEA","url":"https:\/\/alightmea.com\/","logo":{"@type":"ImageObject","inLanguage":"en-US","@id":"https:\/\/alightmea.com\/#\/schema\/logo\/image\/","url":"https:\/\/i0.wp.com\/alightmea.com\/wp-content\/uploads\/2024\/03\/header-logo-1.png?fit=229%2C77&ssl=1","contentUrl":"https:\/\/i0.wp.com\/alightmea.com\/wp-content\/uploads\/2024\/03\/header-logo-1.png?fit=229%2C77&ssl=1","width":229,"height":77,"caption":"Alight MEA"},"image":{"@id":"https:\/\/alightmea.com\/#\/schema\/logo\/image\/"}}]}},"jetpack_sharing_enabled":true,"_links":{"self":[{"href":"https:\/\/alightmea.com\/en\/wp-json\/wp\/v2\/pages\/3104","targetHints":{"allow":["GET"]}}],"collection":[{"href":"https:\/\/alightmea.com\/en\/wp-json\/wp\/v2\/pages"}],"about":[{"href":"https:\/\/alightmea.com\/en\/wp-json\/wp\/v2\/types\/page"}],"author":[{"embeddable":true,"href":"https:\/\/alightmea.com\/en\/wp-json\/wp\/v2\/users\/1"}],"replies":[{"embeddable":true,"href":"https:\/\/alightmea.com\/en\/wp-json\/wp\/v2\/comments?post=3104"}],"version-history":[{"count":308,"href":"https:\/\/alightmea.com\/en\/wp-json\/wp\/v2\/pages\/3104\/revisions"}],"predecessor-version":[{"id":17520,"href":"https:\/\/alightmea.com\/en\/wp-json\/wp\/v2\/pages\/3104\/revisions\/17520"}],"up":[{"embeddable":true,"href":"https:\/\/alightmea.com\/en\/wp-json\/wp\/v2\/pages\/3471"}],"wp:featuredmedia":[{"embeddable":true,"href":"https:\/\/alightmea.com\/en\/wp-json\/wp\/v2\/media\/4170"}],"wp:attachment":[{"href":"https:\/\/alightmea.com\/en\/wp-json\/wp\/v2\/media?parent=3104"}],"curies":[{"name":"wp","href":"https:\/\/api.w.org\/{rel}","templated":true}]}}