{"id":3103,"date":"2023-07-14T11:20:23","date_gmt":"2023-07-14T09:20:23","guid":{"rendered":"http:\/\/localhost:8888\/wordpress\/?page_id=3103"},"modified":"2024-10-31T16:24:33","modified_gmt":"2024-10-31T15:24:33","slug":"sharepoint-migration","status":"publish","type":"page","link":"https:\/\/alightmea.com\/en\/services\/microsoft_365\/sharepoint-migration\/","title":{"rendered":"SharePoint Migration"},"content":{"rendered":"<div data-elementor-type=\"wp-page\" data-elementor-id=\"3103\" class=\"elementor elementor-3103\">\n\t\t\t\t\t\t<section class=\"elementor-section elementor-top-section elementor-element elementor-element-47cb849 elementor-section-full_width after-before elementor-section-height-default elementor-section-height-default\" data-id=\"47cb849\" data-element_type=\"section\">\n\t\t\t\t\t\t<div class=\"elementor-container elementor-column-gap-default\">\n\t\t\t\t\t<div class=\"elementor-column elementor-col-100 elementor-top-column elementor-element elementor-element-46ca598\" data-id=\"46ca598\" data-element_type=\"column\">\n\t\t\t<div class=\"elementor-widget-wrap elementor-element-populated\">\n\t\t\t\t\t\t<div class=\"elementor-element elementor-element-53fa9ea p-60 product-bloc text-justify elementor-widget elementor-widget-ITH4about\" data-id=\"53fa9ea\" data-element_type=\"widget\" data-widget_type=\"ITH4about.default\">\n\t\t\t\t<div class=\"elementor-widget-container\">\n\t\t\t\t\t\n        <!-- Start About\n    ============================================= -->\n    <div class=\"about-us-content-area overflow-hidden default-padding\">\n        <div class=\"container\">\n            <div class=\"about-items\">\n                <div class=\"row align-center\">\n\n                    <!-- Thumb -->\n                    <div class=\"col-lg-6\">\n                        <div class=\"thumb\">\n                            <img data-recalc-dims=\"1\" decoding=\"async\" src=\"https:\/\/i0.wp.com\/alightmea.com\/wp-content\/uploads\/2024\/03\/migration-sharepoint.jpg?ssl=1\" alt=\"Thumb\">\n                            <div class=\"overlay\">\n                                <h2><strong><span><\/span><\/strong> <\/h2>\n                            <\/div>\n                        <\/div>\n                    <\/div>\n                    <!-- End Thumb -->\n\n                    <div class=\"col-lg-6\">\n                        <div class=\"content\">\n                            <h5><\/h5>\n                            <h2>SharePoint Migration<\/h2>\n                            <p>\n                                SharePoint migration refers to the process of moving content, configurations and functionality from an existing environment to a new SharePoint environment. This can include migrating from a previous version of SharePoint to a newer version (On-premise or Cloud) or even migrating from other collaboration platforms to SharePoint.                            <\/p>\n                            <ul>\n                                                            <li>\n                                    <h5><\/h5>\n                                    <p>\n                                         \n                                    <\/p>\n                                <\/li>                            <\/ul>\n                        <\/div>\n                    <\/div>\n                    \n                <\/div>\n            <\/div>\n        <\/div>\n    <\/div>\n    <!-- End About -->\n\n    \t\t\t\t<\/div>\n\t\t\t\t<\/div>\n\t\t\t\t\t<\/div>\n\t\t<\/div>\n\t\t\t\t\t<\/div>\n\t\t<\/section>\n\t\t\t\t<section class=\"elementor-section elementor-top-section elementor-element elementor-element-ace9ebb caract-bloc  mb-0 elementor-section-full_width elementor-section-height-default elementor-section-height-default\" data-id=\"ace9ebb\" data-element_type=\"section\" data-settings=\"{&quot;background_background&quot;:&quot;classic&quot;}\">\n\t\t\t\t\t\t<div class=\"elementor-container elementor-column-gap-default\">\n\t\t\t\t\t<div class=\"elementor-column elementor-col-100 elementor-top-column elementor-element elementor-element-a0d47d0 container  my-0\" data-id=\"a0d47d0\" data-element_type=\"column\" data-settings=\"{&quot;background_background&quot;:&quot;classic&quot;}\">\n\t\t\t<div class=\"elementor-widget-wrap elementor-element-populated\">\n\t\t\t\t\t\t<div class=\"elementor-element elementor-element-88da0f9 test  elementor-widget elementor-widget-Services\" data-id=\"88da0f9\" data-element_type=\"widget\" data-widget_type=\"Services.default\">\n\t\t\t\t<div class=\"elementor-widget-container\">\n\t\t\t\t\t\n        <!-- Star Services\n    ============================================= -->\n    <div class=\"services-area default-padding\">\n        <div class=\"container\">\n            <div class=\"services-box\">\n                <div class=\"row align-center\">\n\n                    <div class=\"col-lg-5\">\n                        <div class=\"heading-side\">\n                            <!-- Shape Fixed Rotation -->\n                            <div class=\"shape-fixed animation-rotation\">\n                                <img decoding=\"async\" src=\"\" alt=\"Thumb\">\n                            <\/div>\n                            <!-- Shape Fixed Rotation -->\n                            <h5><\/h5>\n                            <h2><\/h2>\n                            <p>\n                                 \n                            <\/p>\n                            <a class=\"btn circle btn-dark border btn-md\" href=\"\"><\/a>\n                        <\/div>\n                    <\/div>\n                    \n                    <div class=\"col-lg-7\">\n                        <div class=\"services-items\">\n                            <div class=\"row\">\n                                <div class=\"item-grid col-lg-6 col-md-6\">\n                                                                    <!-- Single Item -->\n                                    <div class=\"single-item\">\n                                        <div class=\"item\">\n                                            <div class=\"icon\">\n                                                <i class=\"\"><\/i>\n                                            <\/div>\n                                            <div class=\"info\">\n                                                <h5><a href=\"\">SharePoint Migration: Modernizing Your Systems Made Easy<\/a><\/h5>\n                                                <p>\n                                                    Our specialized team offers you a complete migration solution, enabling you to upgrade your systems to modern, high-performance environments.                                                <\/p>\n                                            <\/div>\n                                        <\/div>\n                                    <\/div>\n                                    <!-- End Single Item -->                                <!-- Single Item -->\n                                    <div class=\"single-item\">\n                                        <div class=\"item\">\n                                            <div class=\"icon\">\n                                                <i class=\"\"><\/i>\n                                            <\/div>\n                                            <div class=\"info\">\n                                                <h5><a href=\"\">IBM Notes integration with Office 365, Exchange and Teams<\/a><\/h5>\n                                                <p>\n                                                    We're experts at seamlessly integrating IBM Notes messaging into the Office 365 ecosystem, including Exchange and Teams. This transition facilitates communication and collaboration within your company.                                                <\/p>\n                                            <\/div>\n                                        <\/div>\n                                    <\/div>\n                                    <!-- End Single Item -->                                <\/div>\n                                \n                                <div class=\"item-grid col-lg-6 col-md-6\">\n                                                                        <!-- Single Item -->\n                                    <div class=\"single-item\">\n                                        <div class=\"item\">\n                                            <div class=\"icon\">\n                                                <i class=\"\"><\/i>\n                                            <\/div>\n                                            <div class=\"info\">\n                                                <h5><a href=\"\">Application migration via the Cloud<\/a><\/h5>\n                                                <p>\n                                                    Our consultants work closely with you to seamlessly integrate your existing applications via the cloud. This ensures continuity in your business processes while taking advantage of modern platforms.                                                <\/p>\n                                            <\/div>\n                                        <\/div>\n                                    <\/div>\n                                    <!-- End Single Item -->\n                                <\/div>\n                                \n                            <\/div>\n                        <\/div>\n                    <\/div>\n\n                <\/div>\n            <\/div>\n        <\/div>\n    <\/div>\n    <!-- End Services -->\n\n    \t\t\t\t<\/div>\n\t\t\t\t<\/div>\n\t\t\t\t\t<\/div>\n\t\t<\/div>\n\t\t\t\t\t<\/div>\n\t\t<\/section>\n\t\t\t\t<section class=\"elementor-section elementor-top-section elementor-element elementor-element-dd6d8d6 call-action my-0 elementor-section-full_width elementor-section-height-default elementor-section-height-default\" data-id=\"dd6d8d6\" data-element_type=\"section\" data-settings=\"{&quot;background_background&quot;:&quot;classic&quot;}\">\n\t\t\t\t\t\t<div class=\"elementor-container elementor-column-gap-default\">\n\t\t\t\t\t<div class=\"elementor-column elementor-col-100 elementor-top-column elementor-element elementor-element-52c362f container my-0\" data-id=\"52c362f\" data-element_type=\"column\" data-settings=\"{&quot;background_background&quot;:&quot;classic&quot;}\">\n\t\t\t<div class=\"elementor-widget-wrap elementor-element-populated\">\n\t\t\t\t\t\t<div class=\"elementor-element elementor-element-3c63736 mb-0 elementor-cta--skin-classic elementor-animated-content elementor-bg-transform elementor-bg-transform-zoom-in elementor-widget elementor-widget-call-to-action\" data-id=\"3c63736\" data-element_type=\"widget\" data-widget_type=\"call-to-action.default\">\n\t\t\t\t<div class=\"elementor-widget-container\">\n\t\t\t\t\t\t\t<div class=\"elementor-cta\">\n\t\t\t\t\t\t\t<div class=\"elementor-cta__content\">\n\t\t\t\t\n\t\t\t\t<h2 class=\"elementor-cta__title elementor-cta__content-item elementor-content-item\">Ready to maximize your performance and give a new boost to your projects?<\/h2>\n\t\t\t\t\t\t\t\t\t<div class=\"elementor-cta__description elementor-cta__content-item elementor-content-item\">\n\t\t\t\t\t\tContact us today to discuss how we can boost your success.\t\t\t\t\t<\/div>\n\t\t\t\t\n\t\t\t\t\t\t\t<\/div>\n\t\t\t\t\t\t<\/div>\n\t\t\t\t\t\t<\/div>\n\t\t\t\t<\/div>\n\t\t\t\t<div class=\"elementor-element elementor-element-3d58f33 service-btn d-flex justify-content-center elementor-widget elementor-widget-shortcode\" data-id=\"3d58f33\" data-element_type=\"widget\" data-widget_type=\"shortcode.default\">\n\t\t\t\t<div class=\"elementor-widget-container\">\n\t\t\t\t\t\t\t<div class=\"elementor-shortcode\"><button data-id=\"17263\" data-post_id=\"3103\" data-form_style=\"on\" data-allow_outside_click=\"\" data-width=\"700px\" class=\"wpb-pcf-form-fire wpb-pcf-btn-large wpb-pcf-btn wpb-pcf-btn-default\">Contact us !<\/button>\n<\/div>\n\t\t\t\t\t\t<\/div>\n\t\t\t\t<\/div>\n\t\t\t\t\t<\/div>\n\t\t<\/div>\n\t\t\t\t\t<\/div>\n\t\t<\/section>\n\t\t\t\t<\/div>","protected":false},"excerpt":{"rendered":"<p>Migration SharePoint\u200b La migration SharePoint fait r\u00e9f\u00e9rence au processus de d\u00e9placement de contenus, de configurations et de fonctionnalit\u00e9s d&#039;un environnement existant vers un nouvel environnement SharePoint. Cela peut inclure la migration d&#039;une version pr\u00e9c\u00e9dente de SharePoint vers une version plus r\u00e9cente (On-premise ou Cloud) ou m\u00eame la migration d&#039;autres plates-formes de collaboration vers SharePoint. Migration [&hellip;]<\/p>","protected":false},"author":1,"featured_media":4170,"parent":3471,"menu_order":0,"comment_status":"closed","ping_status":"closed","template":"page-templates\/pages.php","meta":{"om_disable_all_campaigns":false,"_monsterinsights_skip_tracking":false,"_monsterinsights_sitenote_active":false,"_monsterinsights_sitenote_note":"","_monsterinsights_sitenote_category":0,"footnotes":""},"class_list":["post-3103","page","type-page","status-publish","has-post-thumbnail","hentry"],"yoast_head":"<!-- This site is optimized with the Yoast SEO plugin v26.6 - https:\/\/yoast.com\/wordpress\/plugins\/seo\/ -->\n<title>Migration SharePoint - Alight MEA<\/title>\n<meta name=\"description\" content=\"SharePoint migration refers to the process of moving content, configurations and functionality from an existing environment ....\" \/>\n<meta name=\"robots\" content=\"index, follow, max-snippet:-1, max-image-preview:large, max-video-preview:-1\" \/>\n<link rel=\"canonical\" href=\"https:\/\/alightmea.com\/en\/services\/microsoft_365\/sharepoint-migration\/\" \/>\n<meta property=\"og:locale\" content=\"en_US\" \/>\n<meta property=\"og:type\" content=\"article\" \/>\n<meta property=\"og:title\" content=\"Migration SharePoint - Alight MEA\" \/>\n<meta property=\"og:description\" content=\"SharePoint migration refers to the process of moving content, configurations and functionality from an existing environment ....\" \/>\n<meta property=\"og:url\" content=\"https:\/\/alightmea.com\/en\/services\/microsoft_365\/sharepoint-migration\/\" \/>\n<meta property=\"og:site_name\" content=\"Alight MEA\" \/>\n<meta property=\"article:modified_time\" content=\"2024-10-31T15:24:33+00:00\" \/>\n<meta property=\"og:image\" content=\"https:\/\/i0.wp.com\/alightmea.com\/wp-content\/uploads\/2024\/03\/microsoft-365.jpg?fit=2108%2C1006&ssl=1\" \/>\n\t<meta property=\"og:image:width\" content=\"2108\" \/>\n\t<meta property=\"og:image:height\" content=\"1006\" \/>\n\t<meta property=\"og:image:type\" content=\"image\/jpeg\" \/>\n<meta name=\"twitter:card\" content=\"summary_large_image\" \/>\n<meta name=\"twitter:label1\" content=\"Est. reading time\" \/>\n\t<meta name=\"twitter:data1\" content=\"2 minutes\" \/>\n<script type=\"application\/ld+json\" class=\"yoast-schema-graph\">{\"@context\":\"https:\/\/schema.org\",\"@graph\":[{\"@type\":\"WebPage\",\"@id\":\"https:\/\/alightmea.com\/services\/microsoft_365\/sharepoint-migration\/\",\"url\":\"https:\/\/alightmea.com\/services\/microsoft_365\/sharepoint-migration\/\",\"name\":\"Migration SharePoint - Alight MEA\",\"isPartOf\":{\"@id\":\"https:\/\/alightmea.com\/#website\"},\"primaryImageOfPage\":{\"@id\":\"https:\/\/alightmea.com\/services\/microsoft_365\/sharepoint-migration\/#primaryimage\"},\"image\":{\"@id\":\"https:\/\/alightmea.com\/services\/microsoft_365\/sharepoint-migration\/#primaryimage\"},\"thumbnailUrl\":\"https:\/\/i0.wp.com\/alightmea.com\/wp-content\/uploads\/2024\/03\/microsoft-365.jpg?fit=2108%2C1006&ssl=1\",\"datePublished\":\"2023-07-14T09:20:23+00:00\",\"dateModified\":\"2024-10-31T15:24:33+00:00\",\"description\":\"SharePoint migration refers to the process of moving content, configurations and functionality from an existing environment ....\",\"breadcrumb\":{\"@id\":\"https:\/\/alightmea.com\/services\/microsoft_365\/sharepoint-migration\/#breadcrumb\"},\"inLanguage\":\"en-US\",\"potentialAction\":[{\"@type\":\"ReadAction\",\"target\":[\"https:\/\/alightmea.com\/services\/microsoft_365\/sharepoint-migration\/\"]}]},{\"@type\":\"ImageObject\",\"inLanguage\":\"en-US\",\"@id\":\"https:\/\/alightmea.com\/services\/microsoft_365\/sharepoint-migration\/#primaryimage\",\"url\":\"https:\/\/i0.wp.com\/alightmea.com\/wp-content\/uploads\/2024\/03\/microsoft-365.jpg?fit=2108%2C1006&ssl=1\",\"contentUrl\":\"https:\/\/i0.wp.com\/alightmea.com\/wp-content\/uploads\/2024\/03\/microsoft-365.jpg?fit=2108%2C1006&ssl=1\",\"width\":2108,\"height\":1006,\"caption\":\"Businessman holding of global data network and social network of databases. Social media technology online Connect\"},{\"@type\":\"BreadcrumbList\",\"@id\":\"https:\/\/alightmea.com\/services\/microsoft_365\/sharepoint-migration\/#breadcrumb\",\"itemListElement\":[{\"@type\":\"ListItem\",\"position\":1,\"name\":\"ACCUEIL\",\"item\":\"https:\/\/alightmea.com\/\"},{\"@type\":\"ListItem\",\"position\":2,\"name\":\"Services\",\"item\":\"https:\/\/alightmea.com\/services\/\"},{\"@type\":\"ListItem\",\"position\":3,\"name\":\"Microsoft 365\",\"item\":\"https:\/\/alightmea.com\/services\/microsoft_365\/\"},{\"@type\":\"ListItem\",\"position\":4,\"name\":\"Migration SharePoint\"}]},{\"@type\":\"WebSite\",\"@id\":\"https:\/\/alightmea.com\/#website\",\"url\":\"https:\/\/alightmea.com\/\",\"name\":\"Alight MEA\",\"description\":\"D\u00e9veloppement logiciels et conseil en technologie de l\u2019information des solutions bas\u00e9es sur les produits Microsoft\",\"publisher\":{\"@id\":\"https:\/\/alightmea.com\/#organization\"},\"potentialAction\":[{\"@type\":\"SearchAction\",\"target\":{\"@type\":\"EntryPoint\",\"urlTemplate\":\"https:\/\/alightmea.com\/?s={search_term_string}\"},\"query-input\":{\"@type\":\"PropertyValueSpecification\",\"valueRequired\":true,\"valueName\":\"search_term_string\"}}],\"inLanguage\":\"en-US\"},{\"@type\":\"Organization\",\"@id\":\"https:\/\/alightmea.com\/#organization\",\"name\":\"Alight MEA\",\"url\":\"https:\/\/alightmea.com\/\",\"logo\":{\"@type\":\"ImageObject\",\"inLanguage\":\"en-US\",\"@id\":\"https:\/\/alightmea.com\/#\/schema\/logo\/image\/\",\"url\":\"https:\/\/i0.wp.com\/alightmea.com\/wp-content\/uploads\/2024\/03\/header-logo-1.png?fit=229%2C77&ssl=1\",\"contentUrl\":\"https:\/\/i0.wp.com\/alightmea.com\/wp-content\/uploads\/2024\/03\/header-logo-1.png?fit=229%2C77&ssl=1\",\"width\":229,\"height\":77,\"caption\":\"Alight MEA\"},\"image\":{\"@id\":\"https:\/\/alightmea.com\/#\/schema\/logo\/image\/\"}}]}<\/script>\n<!-- \/ Yoast SEO plugin. -->","yoast_head_json":{"title":"Migration SharePoint - Alight MEA","description":"SharePoint migration refers to the process of moving content, configurations and functionality from an existing environment ....","robots":{"index":"index","follow":"follow","max-snippet":"max-snippet:-1","max-image-preview":"max-image-preview:large","max-video-preview":"max-video-preview:-1"},"canonical":"https:\/\/alightmea.com\/en\/services\/microsoft_365\/sharepoint-migration\/","og_locale":"en_US","og_type":"article","og_title":"Migration SharePoint - Alight MEA","og_description":"SharePoint migration refers to the process of moving content, configurations and functionality from an existing environment ....","og_url":"https:\/\/alightmea.com\/en\/services\/microsoft_365\/sharepoint-migration\/","og_site_name":"Alight MEA","article_modified_time":"2024-10-31T15:24:33+00:00","og_image":[{"width":2108,"height":1006,"url":"https:\/\/i0.wp.com\/alightmea.com\/wp-content\/uploads\/2024\/03\/microsoft-365.jpg?fit=2108%2C1006&ssl=1","type":"image\/jpeg"}],"twitter_card":"summary_large_image","twitter_misc":{"Est. reading time":"2 minutes"},"schema":{"@context":"https:\/\/schema.org","@graph":[{"@type":"WebPage","@id":"https:\/\/alightmea.com\/services\/microsoft_365\/sharepoint-migration\/","url":"https:\/\/alightmea.com\/services\/microsoft_365\/sharepoint-migration\/","name":"Migration SharePoint - Alight MEA","isPartOf":{"@id":"https:\/\/alightmea.com\/#website"},"primaryImageOfPage":{"@id":"https:\/\/alightmea.com\/services\/microsoft_365\/sharepoint-migration\/#primaryimage"},"image":{"@id":"https:\/\/alightmea.com\/services\/microsoft_365\/sharepoint-migration\/#primaryimage"},"thumbnailUrl":"https:\/\/i0.wp.com\/alightmea.com\/wp-content\/uploads\/2024\/03\/microsoft-365.jpg?fit=2108%2C1006&ssl=1","datePublished":"2023-07-14T09:20:23+00:00","dateModified":"2024-10-31T15:24:33+00:00","description":"SharePoint migration refers to the process of moving content, configurations and functionality from an existing environment ....","breadcrumb":{"@id":"https:\/\/alightmea.com\/services\/microsoft_365\/sharepoint-migration\/#breadcrumb"},"inLanguage":"en-US","potentialAction":[{"@type":"ReadAction","target":["https:\/\/alightmea.com\/services\/microsoft_365\/sharepoint-migration\/"]}]},{"@type":"ImageObject","inLanguage":"en-US","@id":"https:\/\/alightmea.com\/services\/microsoft_365\/sharepoint-migration\/#primaryimage","url":"https:\/\/i0.wp.com\/alightmea.com\/wp-content\/uploads\/2024\/03\/microsoft-365.jpg?fit=2108%2C1006&ssl=1","contentUrl":"https:\/\/i0.wp.com\/alightmea.com\/wp-content\/uploads\/2024\/03\/microsoft-365.jpg?fit=2108%2C1006&ssl=1","width":2108,"height":1006,"caption":"Businessman holding of global data network and social network of databases. Social media technology online Connect"},{"@type":"BreadcrumbList","@id":"https:\/\/alightmea.com\/services\/microsoft_365\/sharepoint-migration\/#breadcrumb","itemListElement":[{"@type":"ListItem","position":1,"name":"ACCUEIL","item":"https:\/\/alightmea.com\/"},{"@type":"ListItem","position":2,"name":"Services","item":"https:\/\/alightmea.com\/services\/"},{"@type":"ListItem","position":3,"name":"Microsoft 365","item":"https:\/\/alightmea.com\/services\/microsoft_365\/"},{"@type":"ListItem","position":4,"name":"Migration SharePoint"}]},{"@type":"WebSite","@id":"https:\/\/alightmea.com\/#website","url":"https:\/\/alightmea.com\/","name":"Alight MEA","description":"D\u00e9veloppement logiciels et conseil en technologie de l\u2019information des solutions bas\u00e9es sur les produits Microsoft","publisher":{"@id":"https:\/\/alightmea.com\/#organization"},"potentialAction":[{"@type":"SearchAction","target":{"@type":"EntryPoint","urlTemplate":"https:\/\/alightmea.com\/?s={search_term_string}"},"query-input":{"@type":"PropertyValueSpecification","valueRequired":true,"valueName":"search_term_string"}}],"inLanguage":"en-US"},{"@type":"Organization","@id":"https:\/\/alightmea.com\/#organization","name":"Alight MEA","url":"https:\/\/alightmea.com\/","logo":{"@type":"ImageObject","inLanguage":"en-US","@id":"https:\/\/alightmea.com\/#\/schema\/logo\/image\/","url":"https:\/\/i0.wp.com\/alightmea.com\/wp-content\/uploads\/2024\/03\/header-logo-1.png?fit=229%2C77&ssl=1","contentUrl":"https:\/\/i0.wp.com\/alightmea.com\/wp-content\/uploads\/2024\/03\/header-logo-1.png?fit=229%2C77&ssl=1","width":229,"height":77,"caption":"Alight MEA"},"image":{"@id":"https:\/\/alightmea.com\/#\/schema\/logo\/image\/"}}]}},"jetpack_sharing_enabled":true,"_links":{"self":[{"href":"https:\/\/alightmea.com\/en\/wp-json\/wp\/v2\/pages\/3103","targetHints":{"allow":["GET"]}}],"collection":[{"href":"https:\/\/alightmea.com\/en\/wp-json\/wp\/v2\/pages"}],"about":[{"href":"https:\/\/alightmea.com\/en\/wp-json\/wp\/v2\/types\/page"}],"author":[{"embeddable":true,"href":"https:\/\/alightmea.com\/en\/wp-json\/wp\/v2\/users\/1"}],"replies":[{"embeddable":true,"href":"https:\/\/alightmea.com\/en\/wp-json\/wp\/v2\/comments?post=3103"}],"version-history":[{"count":288,"href":"https:\/\/alightmea.com\/en\/wp-json\/wp\/v2\/pages\/3103\/revisions"}],"predecessor-version":[{"id":17377,"href":"https:\/\/alightmea.com\/en\/wp-json\/wp\/v2\/pages\/3103\/revisions\/17377"}],"up":[{"embeddable":true,"href":"https:\/\/alightmea.com\/en\/wp-json\/wp\/v2\/pages\/3471"}],"wp:featuredmedia":[{"embeddable":true,"href":"https:\/\/alightmea.com\/en\/wp-json\/wp\/v2\/media\/4170"}],"wp:attachment":[{"href":"https:\/\/alightmea.com\/en\/wp-json\/wp\/v2\/media?parent=3103"}],"curies":[{"name":"wp","href":"https:\/\/api.w.org\/{rel}","templated":true}]}}