{"id":12911,"date":"2024-08-26T12:17:24","date_gmt":"2024-08-26T10:17:24","guid":{"rendered":"https:\/\/alightmea.com\/?page_id=12911"},"modified":"2025-12-15T11:29:57","modified_gmt":"2025-12-15T10:29:57","slug":"stage-et-alternance","status":"publish","type":"page","link":"https:\/\/alightmea.com\/en\/career\/stage-et-alternance\/","title":{"rendered":"Internships and work\/study programs"},"content":{"rendered":"<div data-elementor-type=\"wp-page\" data-elementor-id=\"12911\" class=\"elementor elementor-12911\">\n\t\t\t\t\t\t<section class=\"elementor-section elementor-top-section elementor-element elementor-element-0859fde elementor-section-content-middle elementor-reverse-tablet elementor-reverse-mobile elementor-section-boxed elementor-section-height-default elementor-section-height-default\" data-id=\"0859fde\" data-element_type=\"section\">\n\t\t\t\t\t\t<div class=\"elementor-container elementor-column-gap-default\">\n\t\t\t\t\t<div class=\"elementor-column elementor-col-50 elementor-top-column elementor-element elementor-element-f80f090\" data-id=\"f80f090\" data-element_type=\"column\">\n\t\t\t<div class=\"elementor-widget-wrap elementor-element-populated\">\n\t\t\t\t\t\t<div class=\"elementor-element elementor-element-f49e0fa elementor-widget elementor-widget-image\" data-id=\"f49e0fa\" data-element_type=\"widget\" data-widget_type=\"image.default\">\n\t\t\t\t<div class=\"elementor-widget-container\">\n\t\t\t\t\t\t\t\t\t\t\t\t\t\t\t<img fetchpriority=\"high\" decoding=\"async\" width=\"1024\" height=\"898\" src=\"https:\/\/i0.wp.com\/alightmea.com\/wp-content\/uploads\/2024\/08\/Alternance.jpg?fit=1024%2C898&amp;ssl=1\" class=\"attachment-large size-large wp-image-13135\" alt=\"\" srcset=\"https:\/\/i0.wp.com\/alightmea.com\/wp-content\/uploads\/2024\/08\/Alternance.jpg?w=1200&amp;ssl=1 1200w, https:\/\/i0.wp.com\/alightmea.com\/wp-content\/uploads\/2024\/08\/Alternance.jpg?resize=300%2C263&amp;ssl=1 300w, https:\/\/i0.wp.com\/alightmea.com\/wp-content\/uploads\/2024\/08\/Alternance.jpg?resize=1024%2C898&amp;ssl=1 1024w, https:\/\/i0.wp.com\/alightmea.com\/wp-content\/uploads\/2024\/08\/Alternance.jpg?resize=768%2C673&amp;ssl=1 768w, https:\/\/i0.wp.com\/alightmea.com\/wp-content\/uploads\/2024\/08\/Alternance.jpg?resize=14%2C12&amp;ssl=1 14w, https:\/\/i0.wp.com\/alightmea.com\/wp-content\/uploads\/2024\/08\/Alternance.jpg?resize=1000%2C877&amp;ssl=1 1000w, https:\/\/i0.wp.com\/alightmea.com\/wp-content\/uploads\/2024\/08\/Alternance.jpg?resize=299%2C262&amp;ssl=1 299w, https:\/\/i0.wp.com\/alightmea.com\/wp-content\/uploads\/2024\/08\/Alternance.jpg?resize=798%2C700&amp;ssl=1 798w, https:\/\/i0.wp.com\/alightmea.com\/wp-content\/uploads\/2024\/08\/Alternance.jpg?resize=456%2C400&amp;ssl=1 456w\" sizes=\"(max-width: 1000px) 100vw, 1000px\" \/>\t\t\t\t\t\t\t\t\t\t\t\t\t\t\t<\/div>\n\t\t\t\t<\/div>\n\t\t\t\t\t<\/div>\n\t\t<\/div>\n\t\t\t\t<div class=\"elementor-column elementor-col-50 elementor-top-column elementor-element elementor-element-c26efb1\" data-id=\"c26efb1\" data-element_type=\"column\">\n\t\t\t<div class=\"elementor-widget-wrap elementor-element-populated\">\n\t\t\t\t\t\t<div class=\"elementor-element elementor-element-6771aba mb-0 elementor-widget elementor-widget-heading\" data-id=\"6771aba\" data-element_type=\"widget\" data-widget_type=\"heading.default\">\n\t\t\t\t<div class=\"elementor-widget-container\">\n\t\t\t\t\t<h2 class=\"elementor-heading-title elementor-size-default\">IT work-study programme <\/h2>\t\t\t\t<\/div>\n\t\t\t\t<\/div>\n\t\t\t\t<div class=\"elementor-element elementor-element-f56d3ea elementor-widget elementor-widget-text-editor\" data-id=\"f56d3ea\" data-element_type=\"widget\" data-widget_type=\"text-editor.default\">\n\t\t\t\t<div class=\"elementor-widget-container\">\n\t\t\t\t\t\t\t\t\t<p>We are convinced that work-study programs are an excellent way to train tomorrow's talent. We offer work-study opportunities specifically designed for students specializing in IT, enabling them to put their technical skills into practice in a dynamic professional environment.<\/p><p>To guarantee a quality experience for our work-study students, we have forged partnerships with some of Tunisia's most renowned faculties.<\/p><p>Thanks to these collaborations, we have access to a pool of promising young talent, ready to take on the challenges of the digital world. By joining Alight MEA, you'll benefit not only from practical training but also from the opportunity to be part of a team shaping the future of IT.<\/p>\t\t\t\t\t\t\t\t<\/div>\n\t\t\t\t<\/div>\n\t\t\t\t<div class=\"elementor-element elementor-element-ede9925 slide for-alt elementor-arrows-position-outside elementor-widget elementor-widget-image-carousel\" data-id=\"ede9925\" data-element_type=\"widget\" data-settings=\"{&quot;slides_to_show&quot;:&quot;3&quot;,&quot;navigation&quot;:&quot;arrows&quot;,&quot;image_spacing_custom&quot;:{&quot;unit&quot;:&quot;px&quot;,&quot;size&quot;:3,&quot;sizes&quot;:[]},&quot;slides_to_show_tablet&quot;:&quot;3&quot;,&quot;slides_to_show_mobile&quot;:&quot;2&quot;,&quot;autoplay&quot;:&quot;yes&quot;,&quot;pause_on_hover&quot;:&quot;yes&quot;,&quot;pause_on_interaction&quot;:&quot;yes&quot;,&quot;autoplay_speed&quot;:5000,&quot;infinite&quot;:&quot;yes&quot;,&quot;speed&quot;:500,&quot;image_spacing_custom_tablet&quot;:{&quot;unit&quot;:&quot;px&quot;,&quot;size&quot;:&quot;&quot;,&quot;sizes&quot;:[]},&quot;image_spacing_custom_mobile&quot;:{&quot;unit&quot;:&quot;px&quot;,&quot;size&quot;:&quot;&quot;,&quot;sizes&quot;:[]}}\" data-widget_type=\"image-carousel.default\">\n\t\t\t\t<div class=\"elementor-widget-container\">\n\t\t\t\t\t\t\t<div class=\"elementor-image-carousel-wrapper swiper\" role=\"region\" aria-roledescription=\"carousel\" aria-label=\"Carrousel d\u2019images\" dir=\"ltr\">\n\t\t\t<div class=\"elementor-image-carousel swiper-wrapper\" aria-live=\"off\">\n\t\t\t\t\t\t\t\t<div class=\"swiper-slide\" role=\"group\" aria-roledescription=\"slide\" aria-label=\"1 of 5\"><figure class=\"swiper-slide-inner\"><img decoding=\"async\" class=\"swiper-slide-image\" src=\"https:\/\/i0.wp.com\/alightmea.com\/wp-content\/uploads\/2024\/08\/Logo-SESAME-png.png?fit=350%2C154&amp;ssl=1\" alt=\"Logo-SESAME-png\" \/><\/figure><\/div><div class=\"swiper-slide\" role=\"group\" aria-roledescription=\"slide\" aria-label=\"2 of 5\"><figure class=\"swiper-slide-inner\"><img decoding=\"async\" class=\"swiper-slide-image\" src=\"https:\/\/i0.wp.com\/alightmea.com\/wp-content\/uploads\/2024\/08\/Logo_ESPRIT_Ariana.jpg?fit=350%2C130&amp;ssl=1\" alt=\"Logo_ESPRIT_Ariana\" \/><\/figure><\/div><div class=\"swiper-slide\" role=\"group\" aria-roledescription=\"slide\" aria-label=\"3 of 5\"><figure class=\"swiper-slide-inner\"><img decoding=\"async\" class=\"swiper-slide-image\" src=\"https:\/\/i0.wp.com\/alightmea.com\/wp-content\/uploads\/2024\/08\/117613791_4756251997734395_3858200849332418808_n.png?fit=350%2C130&amp;ssl=1\" alt=\"117613791_4756251997734395_3858200849332418808_n\" \/><\/figure><\/div><div class=\"swiper-slide\" role=\"group\" aria-roledescription=\"slide\" aria-label=\"4 of 5\"><figure class=\"swiper-slide-inner\"><img decoding=\"async\" class=\"swiper-slide-image\" src=\"https:\/\/i0.wp.com\/alightmea.com\/wp-content\/uploads\/2024\/08\/tek_up_logo.jpg?fit=370%2C154&amp;ssl=1\" alt=\"tek_up_logo\" \/><\/figure><\/div><div class=\"swiper-slide\" role=\"group\" aria-roledescription=\"slide\" aria-label=\"5 of 5\"><figure class=\"swiper-slide-inner\"><img decoding=\"async\" class=\"swiper-slide-image\" src=\"https:\/\/i0.wp.com\/alightmea.com\/wp-content\/uploads\/2024\/08\/Logo-Pi.png?fit=330%2C69&amp;ssl=1\" alt=\"Logo-Pi\" \/><\/figure><\/div>\t\t\t<\/div>\n\t\t\t\t\t\t\t\t\t\t\t\t<div class=\"elementor-swiper-button elementor-swiper-button-prev\" role=\"button\" tabindex=\"0\">\n\t\t\t\t\t\t<i aria-hidden=\"true\" class=\"eicon-chevron-left\"><\/i>\t\t\t\t\t<\/div>\n\t\t\t\t\t<div class=\"elementor-swiper-button elementor-swiper-button-next\" role=\"button\" tabindex=\"0\">\n\t\t\t\t\t\t<i aria-hidden=\"true\" class=\"eicon-chevron-right\"><\/i>\t\t\t\t\t<\/div>\n\t\t\t\t\n\t\t\t\t\t\t\t\t\t<\/div>\n\t\t\t\t\t\t<\/div>\n\t\t\t\t<\/div>\n\t\t\t\t\t<\/div>\n\t\t<\/div>\n\t\t\t\t\t<\/div>\n\t\t<\/section>\n\t\t\t\t<section class=\"elementor-section elementor-top-section elementor-element elementor-element-9360d0c elementor-section-content-middle elementor-section-boxed elementor-section-height-default elementor-section-height-default\" data-id=\"9360d0c\" data-element_type=\"section\" data-settings=\"{&quot;background_background&quot;:&quot;classic&quot;}\">\n\t\t\t\t\t\t<div class=\"elementor-container elementor-column-gap-default\">\n\t\t\t\t\t<div class=\"elementor-column elementor-col-50 elementor-top-column elementor-element elementor-element-f494479\" data-id=\"f494479\" data-element_type=\"column\">\n\t\t\t<div class=\"elementor-widget-wrap elementor-element-populated\">\n\t\t\t\t\t\t<div class=\"elementor-element elementor-element-2a5d846 mb-0 elementor-widget elementor-widget-heading\" data-id=\"2a5d846\" data-element_type=\"widget\" data-widget_type=\"heading.default\">\n\t\t\t\t<div class=\"elementor-widget-container\">\n\t\t\t\t\t<h2 class=\"elementor-heading-title elementor-size-default\">Internship opportunities<\/h2>\t\t\t\t<\/div>\n\t\t\t\t<\/div>\n\t\t\t\t<div class=\"elementor-element elementor-element-3951149 elementor-widget elementor-widget-text-editor\" data-id=\"3951149\" data-element_type=\"widget\" data-widget_type=\"text-editor.default\">\n\t\t\t\t<div class=\"elementor-widget-container\">\n\t\t\t\t\t\t\t\t\t<p>We firmly believe in the importance of internships for the training and development of future professionals. We offer a variety of internship opportunities for students wishing to immerse themselves in a stimulating work environment and gain valuable experience. We have opportunities in many areas of IT expertise:<\/p><div class=\"free-trial-area mt-0 pt-0\"><ul class=\"mt-2\"><li><span data-teams=\"true\"><span class=\"ui-provider a b c d e f g h i j k l m n o p q r s t u v w x y z ab ac ae af ag ah ai aj ak\" dir=\"ltr\">BI \/ Data\u00a0<\/span><\/span><\/li><li><span data-teams=\"true\"><span class=\"ui-provider a b c d e f g h i j k l m n o p q r s t u v w x y z ab ac ae af ag ah ai aj ak\" dir=\"ltr\">Consulting, Business Analysis (PO, Scrum Master)<\/span><\/span><\/li><li><span data-teams=\"true\"><span class=\"ui-provider a b c d e f g h i j k l m n o p q r s t u v w x y z ab ac ae af ag ah ai aj ak\" dir=\"ltr\">Design and Development (.NET, SPFx, Power Platform, ...)<\/span><\/span><\/li><li><span data-teams=\"true\"><span class=\"ui-provider a b c d e f g h i j k l m n o p q r s t u v w x y z ab ac ae af ag ah ai aj ak\" dir=\"ltr\">Systems (Infras, Cloud, DevOps, etc.)<\/span><\/span><\/li><li><span data-teams=\"true\"><span class=\"ui-provider a b c d e f g h i j k l m n o p q r s t u v w x y z ab ac ae af ag ah ai aj ak\" dir=\"ltr\">Qualification &amp; Acceptance \/ Test Automation<\/span><\/span><\/li><li><span data-teams=\"true\"><span class=\"ui-provider a b c d e f g h i j k l m n o p q r s t u v w x y z ab ac ae af ag ah ai aj ak\" dir=\"ltr\">New technologies (Mobile, Digital, AI, etc.)<\/span><\/span><\/li><\/ul><\/div>\t\t\t\t\t\t\t\t<\/div>\n\t\t\t\t<\/div>\n\t\t\t\t\t<\/div>\n\t\t<\/div>\n\t\t\t\t<div class=\"elementor-column elementor-col-50 elementor-top-column elementor-element elementor-element-f6ef9e9\" data-id=\"f6ef9e9\" data-element_type=\"column\">\n\t\t\t<div class=\"elementor-widget-wrap elementor-element-populated\">\n\t\t\t\t\t\t<div class=\"elementor-element elementor-element-13451da elementor-widget elementor-widget-image\" data-id=\"13451da\" data-element_type=\"widget\" data-widget_type=\"image.default\">\n\t\t\t\t<div class=\"elementor-widget-container\">\n\t\t\t\t\t\t\t\t\t\t\t\t\t\t\t<img decoding=\"async\" width=\"1024\" height=\"682\" src=\"https:\/\/i0.wp.com\/alightmea.com\/wp-content\/uploads\/2024\/08\/PFE.jpg?fit=1024%2C682&amp;ssl=1\" class=\"attachment-large size-large wp-image-13145\" alt=\"\" srcset=\"https:\/\/i0.wp.com\/alightmea.com\/wp-content\/uploads\/2024\/08\/PFE.jpg?w=1175&amp;ssl=1 1175w, https:\/\/i0.wp.com\/alightmea.com\/wp-content\/uploads\/2024\/08\/PFE.jpg?resize=300%2C200&amp;ssl=1 300w, https:\/\/i0.wp.com\/alightmea.com\/wp-content\/uploads\/2024\/08\/PFE.jpg?resize=1024%2C682&amp;ssl=1 1024w, https:\/\/i0.wp.com\/alightmea.com\/wp-content\/uploads\/2024\/08\/PFE.jpg?resize=768%2C512&amp;ssl=1 768w, https:\/\/i0.wp.com\/alightmea.com\/wp-content\/uploads\/2024\/08\/PFE.jpg?resize=18%2C12&amp;ssl=1 18w, https:\/\/i0.wp.com\/alightmea.com\/wp-content\/uploads\/2024\/08\/PFE.jpg?resize=1000%2C666&amp;ssl=1 1000w, https:\/\/i0.wp.com\/alightmea.com\/wp-content\/uploads\/2024\/08\/PFE.jpg?resize=350%2C233&amp;ssl=1 350w, https:\/\/i0.wp.com\/alightmea.com\/wp-content\/uploads\/2024\/08\/PFE.jpg?resize=1050%2C700&amp;ssl=1 1050w, https:\/\/i0.wp.com\/alightmea.com\/wp-content\/uploads\/2024\/08\/PFE.jpg?resize=600%2C400&amp;ssl=1 600w\" sizes=\"(max-width: 1000px) 100vw, 1000px\" \/>\t\t\t\t\t\t\t\t\t\t\t\t\t\t\t<\/div>\n\t\t\t\t<\/div>\n\t\t\t\t\t<\/div>\n\t\t<\/div>\n\t\t\t\t\t<\/div>\n\t\t<\/section>\n\t\t\t\t<section class=\"elementor-section elementor-top-section elementor-element elementor-element-95f2c91 call-action my-0 elementor-section-full_width elementor-section-height-default elementor-section-height-default\" data-id=\"95f2c91\" data-element_type=\"section\" data-settings=\"{&quot;background_background&quot;:&quot;classic&quot;}\">\n\t\t\t\t\t\t<div class=\"elementor-container elementor-column-gap-default\">\n\t\t\t\t\t<div class=\"elementor-column elementor-col-100 elementor-top-column elementor-element elementor-element-a51c96f  container mb-0 p-0\" data-id=\"a51c96f\" data-element_type=\"column\" data-settings=\"{&quot;background_background&quot;:&quot;classic&quot;}\">\n\t\t\t<div class=\"elementor-widget-wrap elementor-element-populated\">\n\t\t\t\t\t\t<div class=\"elementor-element elementor-element-48fc30f elementor-cta--skin-classic elementor-animated-content elementor-bg-transform elementor-bg-transform-zoom-in elementor-widget elementor-widget-call-to-action\" data-id=\"48fc30f\" data-element_type=\"widget\" data-widget_type=\"call-to-action.default\">\n\t\t\t\t<div class=\"elementor-widget-container\">\n\t\t\t\t\t\t\t<div class=\"elementor-cta\">\n\t\t\t\t\t\t\t<div class=\"elementor-cta__content\">\n\t\t\t\t\n\t\t\t\t<h2 class=\"elementor-cta__title elementor-cta__content-item elementor-content-item\">Join us for a final year project internship and contribute to exciting projects that will advance your career  <\/h2>\n\t\t\t\t\n\t\t\t\t\t\t\t<\/div>\n\t\t\t\t\t\t<\/div>\n\t\t\t\t\t\t<\/div>\n\t\t\t\t<\/div>\n\t\t\t\t<div class=\"elementor-element elementor-element-f4f2f43 d-flex justify-content-center align-items-center btn-alt elementor-widget elementor-widget-shortcode\" data-id=\"f4f2f43\" data-element_type=\"widget\" data-widget_type=\"shortcode.default\">\n\t\t\t\t<div class=\"elementor-widget-container\">\n\t\t\t\t\t\t\t<div class=\"elementor-shortcode\"><button data-id=\"13130\" data-post_id=\"12911\" data-form_style=\"on\" data-allow_outside_click=\"\" data-width=\"700px\" class=\"wpb-pcf-form-fire wpb-pcf-btn-large wpb-pcf-btn wpb-pcf-btn-default\">Join Us <\/button>\n\n<\/div>\n\t\t\t\t\t\t<\/div>\n\t\t\t\t<\/div>\n\t\t\t\t\t<\/div>\n\t\t<\/div>\n\t\t\t\t\t<\/div>\n\t\t<\/section>\n\t\t\t\t<\/div>","protected":false},"excerpt":{"rendered":"<p>Alternance en IT Nous sommes convaincus que l&#8217;alternance est une voie d&#8217;excellence pour former les talents de demain. Nous offrons des opportunit\u00e9s d&#8217;alternance sp\u00e9cifiquement destin\u00e9es aux \u00e9tudiants sp\u00e9cialis\u00e9s en IT, leur permettant de mettre en pratique leurs comp\u00e9tences techniques dans un environnement professionnel dynamique. Afin de garantir une exp\u00e9rience de qualit\u00e9 \u00e0 nos alternants, nous [&hellip;]<\/p>","protected":false},"author":1,"featured_media":13134,"parent":3141,"menu_order":0,"comment_status":"closed","ping_status":"closed","template":"page-templates\/pages.php","meta":{"om_disable_all_campaigns":false,"_monsterinsights_skip_tracking":false,"_monsterinsights_sitenote_active":false,"_monsterinsights_sitenote_note":"","_monsterinsights_sitenote_category":0,"footnotes":""},"class_list":["post-12911","page","type-page","status-publish","has-post-thumbnail","hentry"],"yoast_head":"<!-- This site is optimized with the Yoast SEO plugin v26.6 - https:\/\/yoast.com\/wordpress\/plugins\/seo\/ -->\n<title>Stages et Alternance - Alight MEA<\/title>\n<meta name=\"description\" content=\"We offer work-study opportunities specifically designed for students specializing in IT,enabling them to put their technical skills ....\" \/>\n<meta name=\"robots\" content=\"index, follow, max-snippet:-1, max-image-preview:large, max-video-preview:-1\" \/>\n<link rel=\"canonical\" href=\"https:\/\/alightmea.com\/en\/career\/stage-et-alternance\/\" \/>\n<meta property=\"og:locale\" content=\"en_US\" \/>\n<meta property=\"og:type\" content=\"article\" \/>\n<meta property=\"og:title\" content=\"Stages et Alternance - Alight MEA\" \/>\n<meta property=\"og:description\" content=\"We offer work-study opportunities specifically designed for students specializing in IT,enabling them to put their technical skills ....\" \/>\n<meta property=\"og:url\" content=\"https:\/\/alightmea.com\/en\/career\/stage-et-alternance\/\" \/>\n<meta property=\"og:site_name\" content=\"Alight MEA\" \/>\n<meta property=\"article:modified_time\" content=\"2025-12-15T10:29:57+00:00\" \/>\n<meta property=\"og:image\" content=\"https:\/\/alightmea.com\/wp-content\/uploads\/2024\/08\/Cover.jpg\" \/>\n\t<meta property=\"og:image:width\" content=\"1920\" \/>\n\t<meta property=\"og:image:height\" content=\"1080\" \/>\n\t<meta property=\"og:image:type\" content=\"image\/jpeg\" \/>\n<meta name=\"twitter:card\" content=\"summary_large_image\" \/>\n<meta name=\"twitter:label1\" content=\"Est. reading time\" \/>\n\t<meta name=\"twitter:data1\" content=\"4 minutes\" \/>\n<script type=\"application\/ld+json\" class=\"yoast-schema-graph\">{\"@context\":\"https:\/\/schema.org\",\"@graph\":[{\"@type\":\"WebPage\",\"@id\":\"https:\/\/alightmea.com\/career\/stage-et-alternance\/\",\"url\":\"https:\/\/alightmea.com\/career\/stage-et-alternance\/\",\"name\":\"Stages et Alternance - Alight MEA\",\"isPartOf\":{\"@id\":\"https:\/\/alightmea.com\/#website\"},\"primaryImageOfPage\":{\"@id\":\"https:\/\/alightmea.com\/career\/stage-et-alternance\/#primaryimage\"},\"image\":{\"@id\":\"https:\/\/alightmea.com\/career\/stage-et-alternance\/#primaryimage\"},\"thumbnailUrl\":\"https:\/\/i0.wp.com\/alightmea.com\/wp-content\/uploads\/2024\/08\/Cover.jpg?fit=1920%2C1080&ssl=1\",\"datePublished\":\"2024-08-26T10:17:24+00:00\",\"dateModified\":\"2025-12-15T10:29:57+00:00\",\"description\":\"We offer work-study opportunities specifically designed for students specializing in IT,enabling them to put their technical skills ....\",\"breadcrumb\":{\"@id\":\"https:\/\/alightmea.com\/career\/stage-et-alternance\/#breadcrumb\"},\"inLanguage\":\"en-US\",\"potentialAction\":[{\"@type\":\"ReadAction\",\"target\":[\"https:\/\/alightmea.com\/career\/stage-et-alternance\/\"]}]},{\"@type\":\"ImageObject\",\"inLanguage\":\"en-US\",\"@id\":\"https:\/\/alightmea.com\/career\/stage-et-alternance\/#primaryimage\",\"url\":\"https:\/\/i0.wp.com\/alightmea.com\/wp-content\/uploads\/2024\/08\/Cover.jpg?fit=1920%2C1080&ssl=1\",\"contentUrl\":\"https:\/\/i0.wp.com\/alightmea.com\/wp-content\/uploads\/2024\/08\/Cover.jpg?fit=1920%2C1080&ssl=1\",\"width\":1920,\"height\":1080},{\"@type\":\"BreadcrumbList\",\"@id\":\"https:\/\/alightmea.com\/career\/stage-et-alternance\/#breadcrumb\",\"itemListElement\":[{\"@type\":\"ListItem\",\"position\":1,\"name\":\"ACCUEIL\",\"item\":\"https:\/\/alightmea.com\/\"},{\"@type\":\"ListItem\",\"position\":2,\"name\":\"Carri\u00e8re\",\"item\":\"https:\/\/alightmea.com\/career\/\"},{\"@type\":\"ListItem\",\"position\":3,\"name\":\"Stages et Alternance\"}]},{\"@type\":\"WebSite\",\"@id\":\"https:\/\/alightmea.com\/#website\",\"url\":\"https:\/\/alightmea.com\/\",\"name\":\"Alight MEA\",\"description\":\"D\u00e9veloppement logiciels et conseil en technologie de l\u2019information des solutions bas\u00e9es sur les produits Microsoft\",\"publisher\":{\"@id\":\"https:\/\/alightmea.com\/#organization\"},\"potentialAction\":[{\"@type\":\"SearchAction\",\"target\":{\"@type\":\"EntryPoint\",\"urlTemplate\":\"https:\/\/alightmea.com\/?s={search_term_string}\"},\"query-input\":{\"@type\":\"PropertyValueSpecification\",\"valueRequired\":true,\"valueName\":\"search_term_string\"}}],\"inLanguage\":\"en-US\"},{\"@type\":\"Organization\",\"@id\":\"https:\/\/alightmea.com\/#organization\",\"name\":\"Alight MEA\",\"url\":\"https:\/\/alightmea.com\/\",\"logo\":{\"@type\":\"ImageObject\",\"inLanguage\":\"en-US\",\"@id\":\"https:\/\/alightmea.com\/#\/schema\/logo\/image\/\",\"url\":\"https:\/\/i0.wp.com\/alightmea.com\/wp-content\/uploads\/2024\/03\/header-logo-1.png?fit=229%2C77&ssl=1\",\"contentUrl\":\"https:\/\/i0.wp.com\/alightmea.com\/wp-content\/uploads\/2024\/03\/header-logo-1.png?fit=229%2C77&ssl=1\",\"width\":229,\"height\":77,\"caption\":\"Alight MEA\"},\"image\":{\"@id\":\"https:\/\/alightmea.com\/#\/schema\/logo\/image\/\"}}]}<\/script>\n<!-- \/ Yoast SEO plugin. -->","yoast_head_json":{"title":"Stages et Alternance - Alight MEA","description":"We offer work-study opportunities specifically designed for students specializing in IT,enabling them to put their technical skills ....","robots":{"index":"index","follow":"follow","max-snippet":"max-snippet:-1","max-image-preview":"max-image-preview:large","max-video-preview":"max-video-preview:-1"},"canonical":"https:\/\/alightmea.com\/en\/career\/stage-et-alternance\/","og_locale":"en_US","og_type":"article","og_title":"Stages et Alternance - Alight MEA","og_description":"We offer work-study opportunities specifically designed for students specializing in IT,enabling them to put their technical skills ....","og_url":"https:\/\/alightmea.com\/en\/career\/stage-et-alternance\/","og_site_name":"Alight MEA","article_modified_time":"2025-12-15T10:29:57+00:00","og_image":[{"width":1920,"height":1080,"url":"https:\/\/alightmea.com\/wp-content\/uploads\/2024\/08\/Cover.jpg","type":"image\/jpeg"}],"twitter_card":"summary_large_image","twitter_misc":{"Est. reading time":"4 minutes"},"schema":{"@context":"https:\/\/schema.org","@graph":[{"@type":"WebPage","@id":"https:\/\/alightmea.com\/career\/stage-et-alternance\/","url":"https:\/\/alightmea.com\/career\/stage-et-alternance\/","name":"Stages et Alternance - Alight MEA","isPartOf":{"@id":"https:\/\/alightmea.com\/#website"},"primaryImageOfPage":{"@id":"https:\/\/alightmea.com\/career\/stage-et-alternance\/#primaryimage"},"image":{"@id":"https:\/\/alightmea.com\/career\/stage-et-alternance\/#primaryimage"},"thumbnailUrl":"https:\/\/i0.wp.com\/alightmea.com\/wp-content\/uploads\/2024\/08\/Cover.jpg?fit=1920%2C1080&ssl=1","datePublished":"2024-08-26T10:17:24+00:00","dateModified":"2025-12-15T10:29:57+00:00","description":"We offer work-study opportunities specifically designed for students specializing in IT,enabling them to put their technical skills ....","breadcrumb":{"@id":"https:\/\/alightmea.com\/career\/stage-et-alternance\/#breadcrumb"},"inLanguage":"en-US","potentialAction":[{"@type":"ReadAction","target":["https:\/\/alightmea.com\/career\/stage-et-alternance\/"]}]},{"@type":"ImageObject","inLanguage":"en-US","@id":"https:\/\/alightmea.com\/career\/stage-et-alternance\/#primaryimage","url":"https:\/\/i0.wp.com\/alightmea.com\/wp-content\/uploads\/2024\/08\/Cover.jpg?fit=1920%2C1080&ssl=1","contentUrl":"https:\/\/i0.wp.com\/alightmea.com\/wp-content\/uploads\/2024\/08\/Cover.jpg?fit=1920%2C1080&ssl=1","width":1920,"height":1080},{"@type":"BreadcrumbList","@id":"https:\/\/alightmea.com\/career\/stage-et-alternance\/#breadcrumb","itemListElement":[{"@type":"ListItem","position":1,"name":"ACCUEIL","item":"https:\/\/alightmea.com\/"},{"@type":"ListItem","position":2,"name":"Carri\u00e8re","item":"https:\/\/alightmea.com\/career\/"},{"@type":"ListItem","position":3,"name":"Stages et Alternance"}]},{"@type":"WebSite","@id":"https:\/\/alightmea.com\/#website","url":"https:\/\/alightmea.com\/","name":"Alight MEA","description":"D\u00e9veloppement logiciels et conseil en technologie de l\u2019information des solutions bas\u00e9es sur les produits Microsoft","publisher":{"@id":"https:\/\/alightmea.com\/#organization"},"potentialAction":[{"@type":"SearchAction","target":{"@type":"EntryPoint","urlTemplate":"https:\/\/alightmea.com\/?s={search_term_string}"},"query-input":{"@type":"PropertyValueSpecification","valueRequired":true,"valueName":"search_term_string"}}],"inLanguage":"en-US"},{"@type":"Organization","@id":"https:\/\/alightmea.com\/#organization","name":"Alight MEA","url":"https:\/\/alightmea.com\/","logo":{"@type":"ImageObject","inLanguage":"en-US","@id":"https:\/\/alightmea.com\/#\/schema\/logo\/image\/","url":"https:\/\/i0.wp.com\/alightmea.com\/wp-content\/uploads\/2024\/03\/header-logo-1.png?fit=229%2C77&ssl=1","contentUrl":"https:\/\/i0.wp.com\/alightmea.com\/wp-content\/uploads\/2024\/03\/header-logo-1.png?fit=229%2C77&ssl=1","width":229,"height":77,"caption":"Alight MEA"},"image":{"@id":"https:\/\/alightmea.com\/#\/schema\/logo\/image\/"}}]}},"jetpack_sharing_enabled":true,"_links":{"self":[{"href":"https:\/\/alightmea.com\/en\/wp-json\/wp\/v2\/pages\/12911","targetHints":{"allow":["GET"]}}],"collection":[{"href":"https:\/\/alightmea.com\/en\/wp-json\/wp\/v2\/pages"}],"about":[{"href":"https:\/\/alightmea.com\/en\/wp-json\/wp\/v2\/types\/page"}],"author":[{"embeddable":true,"href":"https:\/\/alightmea.com\/en\/wp-json\/wp\/v2\/users\/1"}],"replies":[{"embeddable":true,"href":"https:\/\/alightmea.com\/en\/wp-json\/wp\/v2\/comments?post=12911"}],"version-history":[{"count":405,"href":"https:\/\/alightmea.com\/en\/wp-json\/wp\/v2\/pages\/12911\/revisions"}],"predecessor-version":[{"id":21171,"href":"https:\/\/alightmea.com\/en\/wp-json\/wp\/v2\/pages\/12911\/revisions\/21171"}],"up":[{"embeddable":true,"href":"https:\/\/alightmea.com\/en\/wp-json\/wp\/v2\/pages\/3141"}],"wp:featuredmedia":[{"embeddable":true,"href":"https:\/\/alightmea.com\/en\/wp-json\/wp\/v2\/media\/13134"}],"wp:attachment":[{"href":"https:\/\/alightmea.com\/en\/wp-json\/wp\/v2\/media?parent=12911"}],"curies":[{"name":"wp","href":"https:\/\/api.w.org\/{rel}","templated":true}]}}