{"id":1058,"date":"2022-03-31T06:16:29","date_gmt":"2022-03-31T06:16:29","guid":{"rendered":"https:\/\/wpriverthemes.com\/aveit\/?page_id=1058"},"modified":"2026-04-19T22:25:20","modified_gmt":"2026-04-19T20:25:20","slug":"contact-us","status":"publish","type":"page","link":"https:\/\/alightmea.com\/en\/contact-us\/","title":{"rendered":"Contact Us"},"content":{"rendered":"<div data-elementor-type=\"wp-page\" data-elementor-id=\"1058\" class=\"elementor elementor-1058\">\n\t\t\t\t\t\t<section class=\"elementor-section elementor-top-section elementor-element elementor-element-a224189 elementor-section-full_width elementor-section-height-default elementor-section-height-default\" data-id=\"a224189\" data-element_type=\"section\">\n\t\t\t\t\t\t<div class=\"elementor-container elementor-column-gap-default\">\n\t\t\t\t\t<div class=\"elementor-column elementor-col-100 elementor-top-column elementor-element elementor-element-c8c2534\" data-id=\"c8c2534\" data-element_type=\"column\">\n\t\t\t<div class=\"elementor-widget-wrap elementor-element-populated\">\n\t\t\t\t\t\t<div class=\"elementor-element elementor-element-6146081 forContact p-60 addresse elementor-widget elementor-widget-sth6contact\" data-id=\"6146081\" data-element_type=\"widget\" data-widget_type=\"sth6contact.default\">\n\t\t\t\t<div class=\"elementor-widget-container\">\n\t\t\t\t\t\n         <!-- Star Contact Area\n    ============================================= -->\n    <div class=\"contact-area default-padding\">\n        <!-- Fixed BG -->\n        <div class=\"fixed-bg left\">\n            <img data-recalc-dims=\"1\" decoding=\"async\" src=\"https:\/\/i0.wp.com\/wpriverthemes.com\/aveit\/wp-content\/uploads\/2022\/03\/Rectangle-1.png?ssl=1\" alt=\"Shape\">\n        <\/div>\n        <!-- Fixed BG -->\n    \n        <div class=\"container\">\n            <div class=\"contact-items\">\n                <div class=\"row\">\n                    \n                \n                    <div class=\"col-lg-7 contact-box\">\n                        <div class=\"form-items\">\n                            <h5>Contact Us<\/h5>\n                            <h2>Need more information? Contact us to find out more.<\/h2>\n                            \n                                \n<div class=\"wpcf7 no-js\" id=\"wpcf7-f2900-o1\" lang=\"en-US\" dir=\"ltr\" data-wpcf7-id=\"2900\">\n<div class=\"screen-reader-response\"><p role=\"status\" aria-live=\"polite\" aria-atomic=\"true\"><\/p> <ul><\/ul><\/div>\n<form action=\"\/en\/wp-json\/wp\/v2\/pages\/1058#wpcf7-f2900-o1\" method=\"post\" class=\"wpcf7-form init\" aria-label=\"Contact form\" novalidate=\"novalidate\" data-status=\"init\" data-trp-original-action=\"\/en\/wp-json\/wp\/v2\/pages\/1058#wpcf7-f2900-o1\">\n<div style=\"display: none;\">\n<input type=\"hidden\" name=\"_wpcf7\" value=\"2900\" \/>\n<input type=\"hidden\" name=\"_wpcf7_version\" value=\"6.0.6\" \/>\n<input type=\"hidden\" name=\"_wpcf7_locale\" value=\"en_US\" \/>\n<input type=\"hidden\" name=\"_wpcf7_unit_tag\" value=\"wpcf7-f2900-o1\" \/>\n<input type=\"hidden\" name=\"_wpcf7_container_post\" value=\"0\" \/>\n<input type=\"hidden\" name=\"_wpcf7_posted_data_hash\" value=\"\" \/>\n<\/div>\n<div class=\"row\">\n\t<div class=\"col-lg-12\">\n\t\t<div class=\"form-group\">\n\t\t\t<p><span class=\"wpcf7-form-control-wrap\" data-name=\"your-name\"><input size=\"40\" maxlength=\"400\" class=\"wpcf7-form-control wpcf7-text wpcf7-validates-as-required form-control\" id=\"name\" aria-required=\"true\" aria-invalid=\"false\" placeholder=\"Last name*\" value=\"\" type=\"text\" name=\"your-name\" \/><\/span><br \/>\n<span class=\"alert-error\"><\/span>\n\t\t\t<\/p>\n\t\t<\/div>\n\t<\/div>\n<\/div>\n<div class=\"row\">\n\t<div class=\"col-lg-6\">\n\t\t<div class=\"form-group\">\n\t\t\t<p><span class=\"wpcf7-form-control-wrap\" data-name=\"email\"><input size=\"40\" maxlength=\"400\" class=\"wpcf7-form-control wpcf7-email wpcf7-validates-as-required wpcf7-text wpcf7-validates-as-email form-control\" id=\"email\" aria-required=\"true\" aria-invalid=\"false\" placeholder=\"Email*\" value=\"\" type=\"email\" name=\"email\" \/><\/span><br \/>\n<span class=\"alert-error\"><\/span>\n\t\t\t<\/p>\n\t\t<\/div>\n\t<\/div>\n\t<div class=\"col-lg-6\">\n\t\t<div class=\"form-group\">\n\t\t\t<p><span class=\"wpcf7-form-control-wrap\" data-name=\"phone\"><input size=\"40\" maxlength=\"400\" class=\"wpcf7-form-control wpcf7-tel wpcf7-text wpcf7-validates-as-tel form-control\" id=\"phone\" aria-invalid=\"false\" placeholder=\"Phone\" value=\"\" type=\"tel\" name=\"phone\" \/><\/span><br \/>\n<span class=\"alert-error\"><\/span>\n\t\t\t<\/p>\n\t\t<\/div>\n\t<\/div>\n<\/div>\n<div class=\"row\">\n\t<div class=\"col-lg-12\">\n\t\t<div class=\"form-group comments\">\n\t\t\t<p><span class=\"wpcf7-form-control-wrap\" data-name=\"comments\"><textarea cols=\"40\" rows=\"2\" maxlength=\"2000\" class=\"wpcf7-form-control wpcf7-textarea wpcf7-validates-as-required form-control\" id=\"comments\" aria-required=\"true\" aria-invalid=\"false\" placeholder=\"Message*\" name=\"comments\"><\/textarea><\/span>\n\t\t\t<\/p>\n\t\t<\/div>\n\t<\/div>\n<\/div>\n<div class=\"row\">\n\t<div class=\"col-lg-12 d-flex align-items-center\">\n\t\t<p><button type=\"submit\" name=\"submit\" id=\"submit\">Submit<\/button>\n\t\t<\/p>\n\t\t<div class=\"wpcf7-spinner mt-3\">\n\t\t<\/div>\n\t<\/div>\n<\/div>\n<!-- Alert Message -->\n<div class=\"col-lg-12 alert-notification\">\n\t<div id=\"message\" class=\"alert-msg\">\n\t<\/div>\n<\/div><div class=\"wpcf7-response-output\" aria-hidden=\"true\"><\/div>\n<input type=\"hidden\" name=\"trp-form-language\" value=\"en\"\/><\/form>\n<\/div>\n                            \n                        <\/div>\n                    <\/div>\n\n                    <div class=\"col-lg-5 left-info\">\n                        <div class=\"info-items\">\n                                                    <!-- Single Item -->\n                            <div class=\"item\">\n                                <div class=\"icon\">\n                                    <i class=\"flaticon-location\"><\/i>\n                                <\/div>\n                                <div class=\"info\">\n                                    <h5>Adress<\/h5>\n                                    <p>\n                                        <a href=\"https:\/\/maps.app.goo.gl\/CBiWhkc23dJC3TKQ6\"> 65 Tahar Sfar Avenue, Manar 2 - Tunis \n <\/a>                                    <\/p>\n                                <\/div>\n                            <\/div>\n                            <!-- End Single Item -->                            <!-- Single Item -->\n                            <div class=\"item\">\n                                <div class=\"icon\">\n                                    <i class=\"flaticon-telephone\"><\/i>\n                                <\/div>\n                                <div class=\"info\">\n                                    <h5>Phone<\/h5>\n                                    <p>\n                                        <a class=\"number\"   href=\"tel:0021671948549\">(+216) 71 948 549<\/a>\n\n <br> <a class=\"number\"  \n href=\"tel:0021695352953\"> (+216) 95 352 953<\/a>                                    <\/p>\n                                <\/div>\n                            <\/div>\n                            <!-- End Single Item -->                            <!-- Single Item -->\n                            <div class=\"item\">\n                                <div class=\"icon\">\n                                    <i class=\"flaticon-email\"><\/i>\n                                <\/div>\n                                <div class=\"info\">\n                                    <h5>E-mail<\/h5>\n                                    <p>\n                                        <a href=\"mailto:info@alight.eu\">info@alight.eu <\/a>\n\n                                    <\/p>\n                                <\/div>\n                            <\/div>\n                            <!-- End Single Item -->                        <\/div>\n                    <\/div>\n                    \n\n                <\/div>\n            <\/div>\n        <\/div>\n    <\/div>\n    <!-- End Contact Area -->\n\n    \t\t\t\t<\/div>\n\t\t\t\t<\/div>\n\t\t\t\t\t<\/div>\n\t\t<\/div>\n\t\t\t\t\t<\/div>\n\t\t<\/section>\n\t\t\t\t<section class=\"elementor-section elementor-top-section elementor-element elementor-element-628680c elementor-section-full_width elementor-section-height-default elementor-section-height-default\" data-id=\"628680c\" data-element_type=\"section\">\n\t\t\t\t\t\t<div class=\"elementor-container elementor-column-gap-default\">\n\t\t\t\t\t<div class=\"elementor-column elementor-col-100 elementor-top-column elementor-element elementor-element-6c56f97\" data-id=\"6c56f97\" data-element_type=\"column\">\n\t\t\t<div class=\"elementor-widget-wrap elementor-element-populated\">\n\t\t\t\t\t\t<div class=\"elementor-element elementor-element-0fba76d elementor-widget elementor-widget-google_maps\" data-id=\"0fba76d\" data-element_type=\"widget\" data-widget_type=\"google_maps.default\">\n\t\t\t\t<div class=\"elementor-widget-container\">\n\t\t\t\t\t\t\t<div class=\"elementor-custom-embed\">\n\t\t\t<iframe loading=\"lazy\"\n\t\t\t\t\tsrc=\"https:\/\/maps.google.com\/maps?q=alightmea&#038;t=m&#038;z=10&#038;output=embed&#038;iwloc=near\"\n\t\t\t\t\ttitle=\"alightmea\"\n\t\t\t\t\taria-label=\"alightmea\"\n\t\t\t><\/iframe>\n\t\t<\/div>\n\t\t\t\t\t\t<\/div>\n\t\t\t\t<\/div>\n\t\t\t\t\t<\/div>\n\t\t<\/div>\n\t\t\t\t\t<\/div>\n\t\t<\/section>\n\t\t\t\t<\/div>","protected":false},"excerpt":{"rendered":"<p>Contactez Nous Besoin d&#039;informations suppl\u00e9mentaires ? Contactez-nous pour en savoir plus. Envoyer Adresse 65 Avenue Tahar Sfar El Manar 2 &#8211; Tunis T\u00e9l\u00e9phone (+216) 71 948 549 (+216) 95 352 953 E-mail info@alight.eu<\/p>","protected":false},"author":1,"featured_media":4272,"parent":0,"menu_order":0,"comment_status":"closed","ping_status":"closed","template":"page-templates\/pages.php","meta":{"om_disable_all_campaigns":false,"_monsterinsights_skip_tracking":false,"_monsterinsights_sitenote_active":false,"_monsterinsights_sitenote_note":"","_monsterinsights_sitenote_category":0,"footnotes":""},"class_list":["post-1058","page","type-page","status-publish","has-post-thumbnail","hentry"],"yoast_head":"<!-- This site is optimized with the Yoast SEO plugin v26.6 - https:\/\/yoast.com\/wordpress\/plugins\/seo\/ -->\n<title>Contact Us - Alight MEA<\/title>\n<meta name=\"description\" content=\"Ready to maximize your performance and give a new boost to your projects? Contact Us today to discuss how we can boost your success.\" \/>\n<meta name=\"robots\" content=\"index, follow, max-snippet:-1, max-image-preview:large, max-video-preview:-1\" \/>\n<link rel=\"canonical\" href=\"https:\/\/alightmea.com\/en\/contact-us\/\" \/>\n<meta property=\"og:locale\" content=\"en_US\" \/>\n<meta property=\"og:type\" content=\"article\" \/>\n<meta property=\"og:title\" content=\"Contact Us - Alight MEA\" \/>\n<meta property=\"og:description\" content=\"Ready to maximize your performance and give a new boost to your projects? Contact Us today to discuss how we can boost your success.\" \/>\n<meta property=\"og:url\" content=\"https:\/\/alightmea.com\/en\/contact-us\/\" \/>\n<meta property=\"og:site_name\" content=\"Alight MEA\" \/>\n<meta property=\"article:modified_time\" content=\"2026-04-19T20:25:20+00:00\" \/>\n<meta property=\"og:image\" content=\"https:\/\/alightmea.com\/wp-content\/uploads\/2024\/03\/contact.jpg\" \/>\n\t<meta property=\"og:image:width\" content=\"1850\" \/>\n\t<meta property=\"og:image:height\" content=\"1388\" \/>\n\t<meta property=\"og:image:type\" content=\"image\/jpeg\" \/>\n<meta name=\"twitter:card\" content=\"summary_large_image\" \/>\n<meta name=\"twitter:label1\" content=\"Est. reading time\" \/>\n\t<meta name=\"twitter:data1\" content=\"1 minute\" \/>\n<script type=\"application\/ld+json\" class=\"yoast-schema-graph\">{\"@context\":\"https:\/\/schema.org\",\"@graph\":[{\"@type\":\"WebPage\",\"@id\":\"https:\/\/alightmea.com\/contact-us\/\",\"url\":\"https:\/\/alightmea.com\/contact-us\/\",\"name\":\"Contact Us - Alight MEA\",\"isPartOf\":{\"@id\":\"https:\/\/alightmea.com\/#website\"},\"primaryImageOfPage\":{\"@id\":\"https:\/\/alightmea.com\/contact-us\/#primaryimage\"},\"image\":{\"@id\":\"https:\/\/alightmea.com\/contact-us\/#primaryimage\"},\"thumbnailUrl\":\"https:\/\/i0.wp.com\/alightmea.com\/wp-content\/uploads\/2024\/03\/contact.jpg?fit=1850%2C1388&ssl=1\",\"datePublished\":\"2022-03-31T06:16:29+00:00\",\"dateModified\":\"2026-04-19T20:25:20+00:00\",\"description\":\"Ready to maximize your performance and give a new boost to your projects? Contact Us today to discuss how we can boost your success.\",\"breadcrumb\":{\"@id\":\"https:\/\/alightmea.com\/contact-us\/#breadcrumb\"},\"inLanguage\":\"en-US\",\"potentialAction\":[{\"@type\":\"ReadAction\",\"target\":[\"https:\/\/alightmea.com\/contact-us\/\"]}]},{\"@type\":\"ImageObject\",\"inLanguage\":\"en-US\",\"@id\":\"https:\/\/alightmea.com\/contact-us\/#primaryimage\",\"url\":\"https:\/\/i0.wp.com\/alightmea.com\/wp-content\/uploads\/2024\/03\/contact.jpg?fit=1850%2C1388&ssl=1\",\"contentUrl\":\"https:\/\/i0.wp.com\/alightmea.com\/wp-content\/uploads\/2024\/03\/contact.jpg?fit=1850%2C1388&ssl=1\",\"width\":1850,\"height\":1388,\"caption\":\"Photo du bureau\"},{\"@type\":\"BreadcrumbList\",\"@id\":\"https:\/\/alightmea.com\/contact-us\/#breadcrumb\",\"itemListElement\":[{\"@type\":\"ListItem\",\"position\":1,\"name\":\"ACCUEIL\",\"item\":\"https:\/\/alightmea.com\/\"},{\"@type\":\"ListItem\",\"position\":2,\"name\":\"Contact Us\"}]},{\"@type\":\"WebSite\",\"@id\":\"https:\/\/alightmea.com\/#website\",\"url\":\"https:\/\/alightmea.com\/\",\"name\":\"Alight MEA\",\"description\":\"D\u00e9veloppement logiciels et conseil en technologie de l\u2019information des solutions bas\u00e9es sur les produits Microsoft\",\"publisher\":{\"@id\":\"https:\/\/alightmea.com\/#organization\"},\"potentialAction\":[{\"@type\":\"SearchAction\",\"target\":{\"@type\":\"EntryPoint\",\"urlTemplate\":\"https:\/\/alightmea.com\/?s={search_term_string}\"},\"query-input\":{\"@type\":\"PropertyValueSpecification\",\"valueRequired\":true,\"valueName\":\"search_term_string\"}}],\"inLanguage\":\"en-US\"},{\"@type\":\"Organization\",\"@id\":\"https:\/\/alightmea.com\/#organization\",\"name\":\"Alight MEA\",\"url\":\"https:\/\/alightmea.com\/\",\"logo\":{\"@type\":\"ImageObject\",\"inLanguage\":\"en-US\",\"@id\":\"https:\/\/alightmea.com\/#\/schema\/logo\/image\/\",\"url\":\"https:\/\/i0.wp.com\/alightmea.com\/wp-content\/uploads\/2024\/03\/header-logo-1.png?fit=229%2C77&ssl=1\",\"contentUrl\":\"https:\/\/i0.wp.com\/alightmea.com\/wp-content\/uploads\/2024\/03\/header-logo-1.png?fit=229%2C77&ssl=1\",\"width\":229,\"height\":77,\"caption\":\"Alight MEA\"},\"image\":{\"@id\":\"https:\/\/alightmea.com\/#\/schema\/logo\/image\/\"}}]}<\/script>\n<!-- \/ Yoast SEO plugin. -->","yoast_head_json":{"title":"Contact Us - Alight MEA","description":"Ready to maximize your performance and give a new boost to your projects? Contact Us today to discuss how we can boost your success.","robots":{"index":"index","follow":"follow","max-snippet":"max-snippet:-1","max-image-preview":"max-image-preview:large","max-video-preview":"max-video-preview:-1"},"canonical":"https:\/\/alightmea.com\/en\/contact-us\/","og_locale":"en_US","og_type":"article","og_title":"Contact Us - Alight MEA","og_description":"Ready to maximize your performance and give a new boost to your projects? Contact Us today to discuss how we can boost your success.","og_url":"https:\/\/alightmea.com\/en\/contact-us\/","og_site_name":"Alight MEA","article_modified_time":"2026-04-19T20:25:20+00:00","og_image":[{"width":1850,"height":1388,"url":"https:\/\/alightmea.com\/wp-content\/uploads\/2024\/03\/contact.jpg","type":"image\/jpeg"}],"twitter_card":"summary_large_image","twitter_misc":{"Est. reading time":"1 minute"},"schema":{"@context":"https:\/\/schema.org","@graph":[{"@type":"WebPage","@id":"https:\/\/alightmea.com\/contact-us\/","url":"https:\/\/alightmea.com\/contact-us\/","name":"Contact Us - Alight MEA","isPartOf":{"@id":"https:\/\/alightmea.com\/#website"},"primaryImageOfPage":{"@id":"https:\/\/alightmea.com\/contact-us\/#primaryimage"},"image":{"@id":"https:\/\/alightmea.com\/contact-us\/#primaryimage"},"thumbnailUrl":"https:\/\/i0.wp.com\/alightmea.com\/wp-content\/uploads\/2024\/03\/contact.jpg?fit=1850%2C1388&ssl=1","datePublished":"2022-03-31T06:16:29+00:00","dateModified":"2026-04-19T20:25:20+00:00","description":"Ready to maximize your performance and give a new boost to your projects? Contact Us today to discuss how we can boost your success.","breadcrumb":{"@id":"https:\/\/alightmea.com\/contact-us\/#breadcrumb"},"inLanguage":"en-US","potentialAction":[{"@type":"ReadAction","target":["https:\/\/alightmea.com\/contact-us\/"]}]},{"@type":"ImageObject","inLanguage":"en-US","@id":"https:\/\/alightmea.com\/contact-us\/#primaryimage","url":"https:\/\/i0.wp.com\/alightmea.com\/wp-content\/uploads\/2024\/03\/contact.jpg?fit=1850%2C1388&ssl=1","contentUrl":"https:\/\/i0.wp.com\/alightmea.com\/wp-content\/uploads\/2024\/03\/contact.jpg?fit=1850%2C1388&ssl=1","width":1850,"height":1388,"caption":"Photo du bureau"},{"@type":"BreadcrumbList","@id":"https:\/\/alightmea.com\/contact-us\/#breadcrumb","itemListElement":[{"@type":"ListItem","position":1,"name":"ACCUEIL","item":"https:\/\/alightmea.com\/"},{"@type":"ListItem","position":2,"name":"Contact Us"}]},{"@type":"WebSite","@id":"https:\/\/alightmea.com\/#website","url":"https:\/\/alightmea.com\/","name":"Alight MEA","description":"D\u00e9veloppement logiciels et conseil en technologie de l\u2019information des solutions bas\u00e9es sur les produits Microsoft","publisher":{"@id":"https:\/\/alightmea.com\/#organization"},"potentialAction":[{"@type":"SearchAction","target":{"@type":"EntryPoint","urlTemplate":"https:\/\/alightmea.com\/?s={search_term_string}"},"query-input":{"@type":"PropertyValueSpecification","valueRequired":true,"valueName":"search_term_string"}}],"inLanguage":"en-US"},{"@type":"Organization","@id":"https:\/\/alightmea.com\/#organization","name":"Alight MEA","url":"https:\/\/alightmea.com\/","logo":{"@type":"ImageObject","inLanguage":"en-US","@id":"https:\/\/alightmea.com\/#\/schema\/logo\/image\/","url":"https:\/\/i0.wp.com\/alightmea.com\/wp-content\/uploads\/2024\/03\/header-logo-1.png?fit=229%2C77&ssl=1","contentUrl":"https:\/\/i0.wp.com\/alightmea.com\/wp-content\/uploads\/2024\/03\/header-logo-1.png?fit=229%2C77&ssl=1","width":229,"height":77,"caption":"Alight MEA"},"image":{"@id":"https:\/\/alightmea.com\/#\/schema\/logo\/image\/"}}]}},"jetpack_sharing_enabled":true,"_links":{"self":[{"href":"https:\/\/alightmea.com\/en\/wp-json\/wp\/v2\/pages\/1058","targetHints":{"allow":["GET"]}}],"collection":[{"href":"https:\/\/alightmea.com\/en\/wp-json\/wp\/v2\/pages"}],"about":[{"href":"https:\/\/alightmea.com\/en\/wp-json\/wp\/v2\/types\/page"}],"author":[{"embeddable":true,"href":"https:\/\/alightmea.com\/en\/wp-json\/wp\/v2\/users\/1"}],"replies":[{"embeddable":true,"href":"https:\/\/alightmea.com\/en\/wp-json\/wp\/v2\/comments?post=1058"}],"version-history":[{"count":97,"href":"https:\/\/alightmea.com\/en\/wp-json\/wp\/v2\/pages\/1058\/revisions"}],"predecessor-version":[{"id":21242,"href":"https:\/\/alightmea.com\/en\/wp-json\/wp\/v2\/pages\/1058\/revisions\/21242"}],"wp:featuredmedia":[{"embeddable":true,"href":"https:\/\/alightmea.com\/en\/wp-json\/wp\/v2\/media\/4272"}],"wp:attachment":[{"href":"https:\/\/alightmea.com\/en\/wp-json\/wp\/v2\/media?parent=1058"}],"curies":[{"name":"wp","href":"https:\/\/api.w.org\/{rel}","templated":true}]}}