{"id":1052,"date":"2022-03-31T06:13:25","date_gmt":"2022-03-31T06:13:25","guid":{"rendered":"https:\/\/wpriverthemes.com\/aveit\/?page_id=1052"},"modified":"2025-01-07T13:58:42","modified_gmt":"2025-01-07T12:58:42","slug":"about-us","status":"publish","type":"page","link":"https:\/\/alightmea.com\/en\/about-us\/","title":{"rendered":"About Us"},"content":{"rendered":"<div data-elementor-type=\"wp-page\" data-elementor-id=\"1052\" class=\"elementor elementor-1052\">\n\t\t\t\t\t\t<section class=\"elementor-section elementor-top-section elementor-element elementor-element-6ded1d5 elementor-section-full_width elementor-section-height-default elementor-section-height-default\" data-id=\"6ded1d5\" data-element_type=\"section\">\n\t\t\t\t\t\t<div class=\"elementor-container elementor-column-gap-no\">\n\t\t\t\t\t<div class=\"elementor-column elementor-col-100 elementor-top-column elementor-element elementor-element-04f47b6\" data-id=\"04f47b6\" data-element_type=\"column\">\n\t\t\t<div class=\"elementor-widget-wrap elementor-element-populated\">\n\t\t\t\t\t\t<div class=\"elementor-element elementor-element-1eed513 p-60  img-border about-1 elementor-widget elementor-widget-about\" data-id=\"1eed513\" data-element_type=\"widget\" id=\"text-center\" data-widget_type=\"about.default\">\n\t\t\t\t<div class=\"elementor-widget-container\">\n\t\t\t\t\t\n        <!-- Start About\n    ============================================= -->\n    <div class=\"about-area overflow-hidden default-padding\">\n        <div class=\"container\">\n            <div class=\"about-items\">\n                <div class=\"row align-center\">\n\n                    <!-- Thumb -->\n                    <div class=\"col-lg-6\">\n                        <div class=\"thumb\">\n                            <img data-recalc-dims=\"1\" decoding=\"async\" src=\"https:\/\/i0.wp.com\/alightmea.com\/wp-content\/uploads\/2024\/06\/AboutUS.webp?ssl=1\" alt=\"Thumb\">\n                            <div class=\"fun-fact\">\n                                <div class=\"counter\">\n                                    <div class=\"timer\" data-to=\"12\" data-speed=\"2000\">12<\/div>\n                                    <div class=\"operator\">Years<\/div>\n                                <\/div>\n                                <span class=\"medium\">OF EXPERIENCE<\/span>\n                            <\/div>\n                        <\/div>\n                    <\/div>\n                    <!-- End Thumb -->\n\n                    <div class=\"col-lg-6\">\n                        <div class=\"content\">\n                            <h2>Your Partner for Innovative IT Solutions<\/h2>\n                            <p>\n                                Alight MEA is a subsidiary of German company Alight Consulting GmbH, founded in 2013 and specializing in software development, IT consulting around Microsoft solutions and products, in particular Power Platform, SharePoint, Office365 and Azure.                             <\/p>\n                            <ul>\n                                                                <li>\n                                    <h5>Sustainable Solutions for your digital transformation projects <\/h5>\n                                    <p>\n                                        Alight MEA realizes sustainable solutions through our consultants' expertise in projects for enterprises and SMEs \n                                    <\/p>\n                                <\/li>\n                                                            <li>\n                                    <h5>Collaborative Approach and Agile Methods<\/h5>\n                                    <p>\n                                        We adopt a collaborative approach based on agile methods. Thanks to this approach, we are able to quickly adapt to the changing needs of our clients.  \n                                    <\/p>\n                                <\/li>\n                                                        <\/ul>\n                        <\/div>\n                    <\/div>\n<!-- End About Area -->\n\n    \t\t\t\t<\/div>\n\t\t\t\t<\/div>\n\t\t\t\t<div class=\"elementor-element elementor-element-95bf27c elementor-widget elementor-widget-html\" data-id=\"95bf27c\" data-element_type=\"widget\" data-widget_type=\"html.default\">\n\t\t\t\t<div class=\"elementor-widget-container\">\n\t\t\t\t\t<script>\r\ndocument.addEventListener(\"DOMContentLoaded\", function() {\r\n    \/\/ S\u00e9lectionne tous les paragraphes\r\n    var paragraphs = document.getElementsByTagName('p');\r\n\r\n    \/\/ Parcourt chaque paragraphe pour trouver les textes sp\u00e9cifiques\r\n    for (var i = 0; i < paragraphs.length; i++) {\r\n        \/\/ Remplace \"Alight Consulting GmbH\" par la version avec le lien\r\n        paragraphs[i].innerHTML = paragraphs[i].innerHTML.replace(\r\n            'Alight Consulting GmbH',\r\n            '<a href=\"https:\/\/alight.eu\/\" target=\"_blank\">Alight Consulting GmbH<\/a>'\r\n        );\r\n\r\n        \/\/ Remplace la phrase \"Power Platform, SharePoint, Office365 et Azure\" par la version en gras\r\n        paragraphs[i].innerHTML = paragraphs[i].innerHTML.replace(\r\n            'Power Platform, SharePoint, Office365 et Azure',\r\n            '<strong>Power Platform, SharePoint, Office365 et Azure<\/strong>'\r\n        );\r\n         paragraphs[i].innerHTML = paragraphs[i].innerHTML.replace(\r\n            'Power Platform, SharePoint, Office365 and Azure',\r\n            '<strong>Power Platform, SharePoint, Office365 and Azure<\/strong>'\r\n        );\r\n    }\r\n});\r\n\r\n<\/script>\r\n\t\t\t\t<\/div>\n\t\t\t\t<\/div>\n\t\t\t\t\t<\/div>\n\t\t<\/div>\n\t\t\t\t\t<\/div>\n\t\t<\/section>\n\t\t\t\t<section class=\"elementor-section elementor-top-section elementor-element elementor-element-0661527 elementor-section-full_width bloc-full elementor-section-stretched elementor-section-height-default elementor-section-height-default\" data-id=\"0661527\" data-element_type=\"section\" data-settings=\"{&quot;stretch_section&quot;:&quot;section-stretched&quot;}\">\n\t\t\t\t\t\t<div class=\"elementor-container elementor-column-gap-no\">\n\t\t\t\t\t<div class=\"elementor-column elementor-col-100 elementor-top-column elementor-element elementor-element-810beb5\" data-id=\"810beb5\" data-element_type=\"column\">\n\t\t\t<div class=\"elementor-widget-wrap elementor-element-populated\">\n\t\t\t\t\t\t<div class=\"elementor-element elementor-element-a808aee elementor-widget__width-inherit bloc-full  portfolio elementor-widget elementor-widget-sth6stats\" data-id=\"a808aee\" data-element_type=\"widget\" id=\"text-center\" data-widget_type=\"sth6stats.default\">\n\t\t\t\t<div class=\"elementor-widget-container\">\n\t\t\t\t\t\n       <!-- Start Fun Factor \n    ============================================= -->\n    <div class=\"fun-factor-area shadow theme-hard bg-fixed text-light default-padding\" style=\"background-image: url(https:\/\/alightmea.com\/wp-content\/uploads\/2024\/03\/portefeuille-.jpg);\">\n        <div class=\"container\">\n            <div class=\"row\">\n                <div class=\"col-lg-8 fun-fact-items\">\n                    <div class=\"row\">\n                                            <div class=\"col-lg-4 col-md-4 item\">\n                            <div class=\"fun-fact\">\n                                <div class=\"timer\" data-to=\"+120\" data-speed=\"5000\"><\/div>\n                                <span class=\"medium\">Consultants\u00a0<\/span>\n                            <\/div>\n                        <\/div>                        <div class=\"col-lg-4 col-md-4 item\">\n                            <div class=\"fun-fact\">\n                                <div class=\"timer\" data-to=\"+212\" data-speed=\"5000\"><\/div>\n                                <span class=\"medium\">Successful Projects<\/span>\n                            <\/div>\n                        <\/div>                        <div class=\"col-lg-4 col-md-4 item\">\n                            <div class=\"fun-fact\">\n                                <div class=\"timer\" data-to=\"5\" data-speed=\"5000\"><\/div>\n                                <span class=\"medium\">Countries<\/span>\n                            <\/div>\n                        <\/div>                    <\/div>\n                <\/div>\n                <div class=\"col-lg-4 subscribe\">\n                    <h3>Our Portfolio of Excellence<\/h3>\n                    <p>\n                        Discover our portfolio of excellence, showcasing our expertise and success in software development and IT consulting.                    <\/p>\n                                        <\/div>\n            <\/div>\n        <\/div>\n    <\/div>\n    <!-- End Fun Factor -->\n\n    \t\t\t\t<\/div>\n\t\t\t\t<\/div>\n\t\t\t\t\t<\/div>\n\t\t<\/div>\n\t\t\t\t\t<\/div>\n\t\t<\/section>\n\t\t\t\t<section class=\"elementor-section elementor-top-section elementor-element elementor-element-9d2514f elementor-section-full_width elementor-section-height-default elementor-section-height-default\" data-id=\"9d2514f\" data-element_type=\"section\">\n\t\t\t\t\t\t<div class=\"elementor-container elementor-column-gap-default\">\n\t\t\t\t\t<div class=\"elementor-column elementor-col-100 elementor-top-column elementor-element elementor-element-8623396\" data-id=\"8623396\" data-element_type=\"column\">\n\t\t\t<div class=\"elementor-widget-wrap elementor-element-populated\">\n\t\t\t\t\t\t<div class=\"elementor-element elementor-element-d8dc86f after-before alight-grp about-1 elementor-widget elementor-widget-ITH4about\" data-id=\"d8dc86f\" data-element_type=\"widget\" data-widget_type=\"ITH4about.default\">\n\t\t\t\t<div class=\"elementor-widget-container\">\n\t\t\t\t\t\n        <!-- Start About\n    ============================================= -->\n    <div class=\"about-us-content-area overflow-hidden default-padding\">\n        <div class=\"container\">\n            <div class=\"about-items\">\n                <div class=\"row align-center\">\n\n                    <!-- Thumb -->\n                    <div class=\"col-lg-6\">\n                        <div class=\"thumb\">\n                            <img data-recalc-dims=\"1\" decoding=\"async\" src=\"https:\/\/i0.wp.com\/alightmea.com\/wp-content\/uploads\/2024\/05\/alight-group.jpg?ssl=1\" alt=\"Thumb\">\n                            <div class=\"overlay\">\n                                <h2><strong><span><\/span><\/strong> <\/h2>\n                            <\/div>\n                        <\/div>\n                    <\/div>\n                    <!-- End Thumb -->\n\n                    <div class=\"col-lg-6\">\n                        <div class=\"content\">\n                            <h5><\/h5>\n                            <h2>Alight Group<\/h2>\n                            <p>\n                                Alight Consulting GmbH, founded in September 2012 by Dr. Ralf Kuhn and Dr. Habib Lejmi, is an IT and process consulting firm. Headquartered in Ottobrunn, south of Munich, Germany, it specializes in designing, developing, and operating software applications based on Microsoft technologies, particularly Microsoft SharePoint and Office 365. Leveraging the expertise of its experienced consultants, the company delivers tailored solutions to meet the needs of its clients, primarily large and medium-sized enterprises.                            <\/p>\n                            <ul>\n                                                            <li>\n                                    <h5><\/h5>\n                                    <p>\n                                         \n                                    <\/p>\n                                <\/li>                            <\/ul>\n                        <\/div>\n                    <\/div>\n                    \n                <\/div>\n            <\/div>\n        <\/div>\n    <\/div>\n    <!-- End About -->\n\n    \t\t\t\t<\/div>\n\t\t\t\t<\/div>\n\t\t\t\t<div class=\"elementor-element elementor-element-96d2fb1 logoIcon bloc-part m-0 elementor-widget elementor-widget-clients\" data-id=\"96d2fb1\" data-element_type=\"widget\" data-widget_type=\"clients.default\">\n\t\t\t\t<div class=\"elementor-widget-container\">\n\t\t\t\t\t\n        <!-- Star Brand Area\n    ============================================= -->\n    <div class=\"brand-area clients-area bg-gray text-light\">\n        <div class=\"container\">\n            <div class=\"brand-items client-items\">\n                <div class=\"row align-center\">\n                    <div class=\"col-lg-6 info\">\n                        <h2>Our Partners<\/h2>\n                        <p>\n                            Alight has successfully partnered with companies providing complementary solutions to the Microsoft stack, enabling clients to shorten time-to-market and better control project costs.                         <\/p>\n                        <a class=\"btn circle btn-light effect btn-md\" href=\"\/en\/our-partrners\/\">Consult the Full List <i class=\"arrow_right\"><\/i><\/a>\n                    <\/div>\n                    <div class=\"col-lg-6 brand\">\n                        <div class=\"partner-box\">\n                                                    <div class=\"item\">\n                            <i class=\"fab fa-angular\"><\/i>\n                        <\/div>                        <div class=\"item\">\n                            <i class=\"fab fa-blackberry\"><\/i>\n                        <\/div>                        <div class=\"item\">\n                            <i class=\"fab fa-amazon-pay\"><\/i>\n                        <\/div>                        <div class=\"item\">\n                            <i class=\"fab fa-codepen\"><\/i>\n                        <\/div>                        <\/div>\n                        <div class=\"partner-box\">\n                                                            <div class=\"item\">\n                                <i class=\"fab fa-digital-ocean\"><\/i>\n                            <\/div>                                <div class=\"item\">\n                                <i class=\"fab fa-reddit\"><\/i>\n                            <\/div>                                <div class=\"item\">\n                                <i class=\"fab fa-dropbox\"><\/i>\n                            <\/div>                                <div class=\"item\">\n                                <i class=\"fab fa-ibm\"><\/i>\n                            <\/div>                        <\/div>\n                    <\/div>\n                <\/div>\n            <\/div>\n        <\/div>\n    <\/div>\n    <!-- End Brand Area -->\n\n    \t\t\t\t<\/div>\n\t\t\t\t<\/div>\n\t\t\t\t\t<\/div>\n\t\t<\/div>\n\t\t\t\t\t<\/div>\n\t\t<\/section>\n\t\t\t\t<section class=\"elementor-section elementor-top-section elementor-element elementor-element-369e7e4 call-action my-0 action-call elementor-section-full_width elementor-section-height-default elementor-section-height-default\" data-id=\"369e7e4\" data-element_type=\"section\" data-settings=\"{&quot;background_background&quot;:&quot;classic&quot;}\">\n\t\t\t\t\t\t<div class=\"elementor-container elementor-column-gap-default\">\n\t\t\t\t\t<div class=\"elementor-column elementor-col-100 elementor-top-column elementor-element elementor-element-a988840 container my-0\" data-id=\"a988840\" data-element_type=\"column\" data-settings=\"{&quot;background_background&quot;:&quot;classic&quot;}\">\n\t\t\t<div class=\"elementor-widget-wrap elementor-element-populated\">\n\t\t\t\t\t\t<div class=\"elementor-element elementor-element-342e015 for-client elementor-cta--skin-classic elementor-animated-content elementor-bg-transform elementor-bg-transform-zoom-in elementor-widget elementor-widget-call-to-action\" data-id=\"342e015\" data-element_type=\"widget\" data-widget_type=\"call-to-action.default\">\n\t\t\t\t<div class=\"elementor-widget-container\">\n\t\t\t\t\t\t\t<div class=\"elementor-cta\">\n\t\t\t\t\t\t\t<div class=\"elementor-cta__content\">\n\t\t\t\t\n\t\t\t\t<h2 class=\"elementor-cta__title elementor-cta__content-item elementor-content-item\">Our clients<\/h2>\n\t\t\t\t\t\t\t\t\t<div class=\"elementor-cta__description elementor-cta__content-item elementor-content-item\">\n\t\t\t\t\t\tOur customers who have worked with us and placed their trust in us. \t\t\t\t\t<\/div>\n\t\t\t\t\n\t\t\t\t\t\t\t\t\t<div class=\"elementor-cta__button-wrapper elementor-cta__content-item elementor-content-item\">\n\t\t\t\t\t<a class=\"elementor-cta__button elementor-button elementor-size-sm\" href=\"\/en\/nos-clients\/\">\n\t\t\t\t\t\tConsult the Full List\t\t\t\t\t<\/a>\n\t\t\t\t\t<\/div>\n\t\t\t\t\t\t\t<\/div>\n\t\t\t\t\t\t<\/div>\n\t\t\t\t\t\t<\/div>\n\t\t\t\t<\/div>\n\t\t\t\t\t<\/div>\n\t\t<\/div>\n\t\t\t\t\t<\/div>\n\t\t<\/section>\n\t\t\t\t<\/div>","protected":false},"excerpt":{"rendered":"<p>12 Ans D&#039;EXPERIENCE Votre Partenaire pour des Solutions Informatiques Innovantes Alight MEA est une filiale de la soci\u00e9t\u00e9 Allemande Alight Consulting GmbH, fond\u00e9e en 2013 et sp\u00e9cialis\u00e9e dans le d\u00e9veloppement logiciel, le conseil en technologie de l\u2019information autour des solutions et produits Microsoft, en particulier Power Platform, SharePoint, Office365 et Azure. Des solutions durables pour [&hellip;]<\/p>","protected":false},"author":1,"featured_media":5432,"parent":0,"menu_order":0,"comment_status":"closed","ping_status":"closed","template":"page-templates\/pages.php","meta":{"om_disable_all_campaigns":false,"_monsterinsights_skip_tracking":false,"_monsterinsights_sitenote_active":false,"_monsterinsights_sitenote_note":"","_monsterinsights_sitenote_category":0,"footnotes":""},"class_list":["post-1052","page","type-page","status-publish","has-post-thumbnail","hentry"],"yoast_head":"<!-- This site is optimized with the Yoast SEO plugin v26.6 - https:\/\/yoast.com\/wordpress\/plugins\/seo\/ -->\n<title>\u00c0 Propos - Alight MEA<\/title>\n<meta name=\"description\" content=\"Alight MEA is a subsidiary of German company Alight Consulting GmbH, founded in 2013 and specializing in software development...\" \/>\n<meta name=\"robots\" content=\"index, follow, max-snippet:-1, max-image-preview:large, max-video-preview:-1\" \/>\n<link rel=\"canonical\" href=\"https:\/\/alightmea.com\/en\/about-us\/\" \/>\n<meta property=\"og:locale\" content=\"en_US\" \/>\n<meta property=\"og:type\" content=\"article\" \/>\n<meta property=\"og:title\" content=\"\u00c0 Propos - Alight MEA\" \/>\n<meta property=\"og:description\" content=\"Alight MEA is a subsidiary of German company Alight Consulting GmbH, founded in 2013 and specializing in software development...\" \/>\n<meta property=\"og:url\" content=\"https:\/\/alightmea.com\/en\/about-us\/\" \/>\n<meta property=\"og:site_name\" content=\"Alight MEA\" \/>\n<meta property=\"article:modified_time\" content=\"2025-01-07T12:58:42+00:00\" \/>\n<meta property=\"og:image\" content=\"https:\/\/i0.wp.com\/alightmea.com\/wp-content\/uploads\/2024\/04\/alight-group.jpg?fit=1200%2C800&ssl=1\" \/>\n\t<meta property=\"og:image:width\" content=\"1200\" \/>\n\t<meta property=\"og:image:height\" content=\"800\" \/>\n\t<meta property=\"og:image:type\" content=\"image\/jpeg\" \/>\n<meta name=\"twitter:card\" content=\"summary_large_image\" \/>\n<meta name=\"twitter:label1\" content=\"Est. reading time\" \/>\n\t<meta name=\"twitter:data1\" content=\"2 minutes\" \/>\n<script type=\"application\/ld+json\" class=\"yoast-schema-graph\">{\"@context\":\"https:\/\/schema.org\",\"@graph\":[{\"@type\":\"WebPage\",\"@id\":\"https:\/\/alightmea.com\/about-us\/\",\"url\":\"https:\/\/alightmea.com\/about-us\/\",\"name\":\"\u00c0 Propos - Alight MEA\",\"isPartOf\":{\"@id\":\"https:\/\/alightmea.com\/#website\"},\"primaryImageOfPage\":{\"@id\":\"https:\/\/alightmea.com\/about-us\/#primaryimage\"},\"image\":{\"@id\":\"https:\/\/alightmea.com\/about-us\/#primaryimage\"},\"thumbnailUrl\":\"https:\/\/i0.wp.com\/alightmea.com\/wp-content\/uploads\/2024\/04\/alight-group.jpg?fit=1200%2C800&ssl=1\",\"datePublished\":\"2022-03-31T06:13:25+00:00\",\"dateModified\":\"2025-01-07T12:58:42+00:00\",\"description\":\"Alight MEA is a subsidiary of German company Alight Consulting GmbH, founded in 2013 and specializing in software development...\",\"breadcrumb\":{\"@id\":\"https:\/\/alightmea.com\/about-us\/#breadcrumb\"},\"inLanguage\":\"en-US\",\"potentialAction\":[{\"@type\":\"ReadAction\",\"target\":[\"https:\/\/alightmea.com\/about-us\/\"]}]},{\"@type\":\"ImageObject\",\"inLanguage\":\"en-US\",\"@id\":\"https:\/\/alightmea.com\/about-us\/#primaryimage\",\"url\":\"https:\/\/i0.wp.com\/alightmea.com\/wp-content\/uploads\/2024\/04\/alight-group.jpg?fit=1200%2C800&ssl=1\",\"contentUrl\":\"https:\/\/i0.wp.com\/alightmea.com\/wp-content\/uploads\/2024\/04\/alight-group.jpg?fit=1200%2C800&ssl=1\",\"width\":1200,\"height\":800},{\"@type\":\"BreadcrumbList\",\"@id\":\"https:\/\/alightmea.com\/about-us\/#breadcrumb\",\"itemListElement\":[{\"@type\":\"ListItem\",\"position\":1,\"name\":\"ACCUEIL\",\"item\":\"https:\/\/alightmea.com\/\"},{\"@type\":\"ListItem\",\"position\":2,\"name\":\"\u00c0 Propos\"}]},{\"@type\":\"WebSite\",\"@id\":\"https:\/\/alightmea.com\/#website\",\"url\":\"https:\/\/alightmea.com\/\",\"name\":\"Alight MEA\",\"description\":\"D\u00e9veloppement logiciels et conseil en technologie de l\u2019information des solutions bas\u00e9es sur les produits Microsoft\",\"publisher\":{\"@id\":\"https:\/\/alightmea.com\/#organization\"},\"potentialAction\":[{\"@type\":\"SearchAction\",\"target\":{\"@type\":\"EntryPoint\",\"urlTemplate\":\"https:\/\/alightmea.com\/?s={search_term_string}\"},\"query-input\":{\"@type\":\"PropertyValueSpecification\",\"valueRequired\":true,\"valueName\":\"search_term_string\"}}],\"inLanguage\":\"en-US\"},{\"@type\":\"Organization\",\"@id\":\"https:\/\/alightmea.com\/#organization\",\"name\":\"Alight MEA\",\"url\":\"https:\/\/alightmea.com\/\",\"logo\":{\"@type\":\"ImageObject\",\"inLanguage\":\"en-US\",\"@id\":\"https:\/\/alightmea.com\/#\/schema\/logo\/image\/\",\"url\":\"https:\/\/i0.wp.com\/alightmea.com\/wp-content\/uploads\/2024\/03\/header-logo-1.png?fit=229%2C77&ssl=1\",\"contentUrl\":\"https:\/\/i0.wp.com\/alightmea.com\/wp-content\/uploads\/2024\/03\/header-logo-1.png?fit=229%2C77&ssl=1\",\"width\":229,\"height\":77,\"caption\":\"Alight MEA\"},\"image\":{\"@id\":\"https:\/\/alightmea.com\/#\/schema\/logo\/image\/\"}}]}<\/script>\n<!-- \/ Yoast SEO plugin. -->","yoast_head_json":{"title":"\u00c0 Propos - Alight MEA","description":"Alight MEA is a subsidiary of German company Alight Consulting GmbH, founded in 2013 and specializing in software development...","robots":{"index":"index","follow":"follow","max-snippet":"max-snippet:-1","max-image-preview":"max-image-preview:large","max-video-preview":"max-video-preview:-1"},"canonical":"https:\/\/alightmea.com\/en\/about-us\/","og_locale":"en_US","og_type":"article","og_title":"\u00c0 Propos - Alight MEA","og_description":"Alight MEA is a subsidiary of German company Alight Consulting GmbH, founded in 2013 and specializing in software development...","og_url":"https:\/\/alightmea.com\/en\/about-us\/","og_site_name":"Alight MEA","article_modified_time":"2025-01-07T12:58:42+00:00","og_image":[{"width":1200,"height":800,"url":"https:\/\/i0.wp.com\/alightmea.com\/wp-content\/uploads\/2024\/04\/alight-group.jpg?fit=1200%2C800&ssl=1","type":"image\/jpeg"}],"twitter_card":"summary_large_image","twitter_misc":{"Est. reading time":"2 minutes"},"schema":{"@context":"https:\/\/schema.org","@graph":[{"@type":"WebPage","@id":"https:\/\/alightmea.com\/about-us\/","url":"https:\/\/alightmea.com\/about-us\/","name":"\u00c0 Propos - Alight MEA","isPartOf":{"@id":"https:\/\/alightmea.com\/#website"},"primaryImageOfPage":{"@id":"https:\/\/alightmea.com\/about-us\/#primaryimage"},"image":{"@id":"https:\/\/alightmea.com\/about-us\/#primaryimage"},"thumbnailUrl":"https:\/\/i0.wp.com\/alightmea.com\/wp-content\/uploads\/2024\/04\/alight-group.jpg?fit=1200%2C800&ssl=1","datePublished":"2022-03-31T06:13:25+00:00","dateModified":"2025-01-07T12:58:42+00:00","description":"Alight MEA is a subsidiary of German company Alight Consulting GmbH, founded in 2013 and specializing in software development...","breadcrumb":{"@id":"https:\/\/alightmea.com\/about-us\/#breadcrumb"},"inLanguage":"en-US","potentialAction":[{"@type":"ReadAction","target":["https:\/\/alightmea.com\/about-us\/"]}]},{"@type":"ImageObject","inLanguage":"en-US","@id":"https:\/\/alightmea.com\/about-us\/#primaryimage","url":"https:\/\/i0.wp.com\/alightmea.com\/wp-content\/uploads\/2024\/04\/alight-group.jpg?fit=1200%2C800&ssl=1","contentUrl":"https:\/\/i0.wp.com\/alightmea.com\/wp-content\/uploads\/2024\/04\/alight-group.jpg?fit=1200%2C800&ssl=1","width":1200,"height":800},{"@type":"BreadcrumbList","@id":"https:\/\/alightmea.com\/about-us\/#breadcrumb","itemListElement":[{"@type":"ListItem","position":1,"name":"ACCUEIL","item":"https:\/\/alightmea.com\/"},{"@type":"ListItem","position":2,"name":"\u00c0 Propos"}]},{"@type":"WebSite","@id":"https:\/\/alightmea.com\/#website","url":"https:\/\/alightmea.com\/","name":"Alight MEA","description":"D\u00e9veloppement logiciels et conseil en technologie de l\u2019information des solutions bas\u00e9es sur les produits Microsoft","publisher":{"@id":"https:\/\/alightmea.com\/#organization"},"potentialAction":[{"@type":"SearchAction","target":{"@type":"EntryPoint","urlTemplate":"https:\/\/alightmea.com\/?s={search_term_string}"},"query-input":{"@type":"PropertyValueSpecification","valueRequired":true,"valueName":"search_term_string"}}],"inLanguage":"en-US"},{"@type":"Organization","@id":"https:\/\/alightmea.com\/#organization","name":"Alight MEA","url":"https:\/\/alightmea.com\/","logo":{"@type":"ImageObject","inLanguage":"en-US","@id":"https:\/\/alightmea.com\/#\/schema\/logo\/image\/","url":"https:\/\/i0.wp.com\/alightmea.com\/wp-content\/uploads\/2024\/03\/header-logo-1.png?fit=229%2C77&ssl=1","contentUrl":"https:\/\/i0.wp.com\/alightmea.com\/wp-content\/uploads\/2024\/03\/header-logo-1.png?fit=229%2C77&ssl=1","width":229,"height":77,"caption":"Alight MEA"},"image":{"@id":"https:\/\/alightmea.com\/#\/schema\/logo\/image\/"}}]}},"jetpack_sharing_enabled":true,"_links":{"self":[{"href":"https:\/\/alightmea.com\/en\/wp-json\/wp\/v2\/pages\/1052","targetHints":{"allow":["GET"]}}],"collection":[{"href":"https:\/\/alightmea.com\/en\/wp-json\/wp\/v2\/pages"}],"about":[{"href":"https:\/\/alightmea.com\/en\/wp-json\/wp\/v2\/types\/page"}],"author":[{"embeddable":true,"href":"https:\/\/alightmea.com\/en\/wp-json\/wp\/v2\/users\/1"}],"replies":[{"embeddable":true,"href":"https:\/\/alightmea.com\/en\/wp-json\/wp\/v2\/comments?post=1052"}],"version-history":[{"count":335,"href":"https:\/\/alightmea.com\/en\/wp-json\/wp\/v2\/pages\/1052\/revisions"}],"predecessor-version":[{"id":19992,"href":"https:\/\/alightmea.com\/en\/wp-json\/wp\/v2\/pages\/1052\/revisions\/19992"}],"wp:featuredmedia":[{"embeddable":true,"href":"https:\/\/alightmea.com\/en\/wp-json\/wp\/v2\/media\/5432"}],"wp:attachment":[{"href":"https:\/\/alightmea.com\/en\/wp-json\/wp\/v2\/media?parent=1052"}],"curies":[{"name":"wp","href":"https:\/\/api.w.org\/{rel}","templated":true}]}}